{"id":17528,"date":"2025-04-09T17:33:30","date_gmt":"2025-04-09T15:33:30","guid":{"rendered":"https:\/\/grapil.pl\/produkt\/kamizelka-ostrzegawcza-siatkowa-zolta\/"},"modified":"2025-04-09T17:33:46","modified_gmt":"2025-04-09T15:33:46","slug":"yellow-mesh-warning-vest","status":"publish","type":"product","link":"https:\/\/grapil.pl\/en\/product\/yellow-mesh-warning-vest\/","title":{"rendered":"Mesh warning vest yellow"},"content":{"rendered":"<p><strong>Mesh warning vest with two fluorescent stripes:<\/strong><\/p>\n<ul>\n<li>Material of manufacture:\u00a0<strong>100% polyester<\/strong><\/li>\n<li>weight\u00a0<strong>120g\/m2<\/strong><\/li>\n<li>Velcro fastener<\/li>\n<li><strong>two horizontal reflective stripes<\/strong><\/li>\n<li>cat. I<\/li>\n<\/ul>\n<p>Possibility of embroidery or screen printing \u2013 please contact us!<\/p>","protected":false},"excerpt":{"rendered":"<p>Mesh warning vest with two fluorescent stripes: Material: 100% polyester weight 120g\/m2 Velcro fastening two horizontal reflective stripes cat. I<\/p>","protected":false},"featured_media":17530,"template":"","meta":[],"product_brand":[88],"product_cat":[86,113],"product_tag":[],"class_list":{"0":"post-17528","1":"product","2":"type-product","3":"status-publish","4":"has-post-thumbnail","6":"product_brand-urgent","7":"product_cat-sklepbhp","8":"product_cat-odziez-ostrzegawcza-i-ubrania-odblaskowe","10":"first","11":"instock","12":"product-type-simple"},"yoast_head":"<!-- This site is optimized with the Yoast SEO plugin v25.3 - https:\/\/yoast.com\/wordpress\/plugins\/seo\/ -->\n<title>Kamizelka ostrzegawcza siatkowa \u017c\u00f3\u0142ta - Grapil.pl \u2013 Profesjonalna Odzie\u017c S\u0142u\u017cbowa dla Bran\u017cy Kelnerskiej, HoReCa i Medycyny<\/title>\n<meta name=\"robots\" content=\"index, follow, max-snippet:-1, max-image-preview:large, max-video-preview:-1\" \/>\n<link rel=\"canonical\" href=\"https:\/\/grapil.pl\/en\/product\/yellow-mesh-warning-vest\/\" \/>\n<meta property=\"og:locale\" content=\"en_GB\" \/>\n<meta property=\"og:type\" content=\"article\" \/>\n<meta property=\"og:title\" content=\"Kamizelka ostrzegawcza siatkowa \u017c\u00f3\u0142ta - Grapil.pl \u2013 Profesjonalna Odzie\u017c S\u0142u\u017cbowa dla Bran\u017cy Kelnerskiej, HoReCa i Medycyny\" \/>\n<meta property=\"og:description\" content=\"Kamizelka ostrzegawcza siatka z dwoma pasami fluorescencyjnymi: Materia\u0142 wykonania:\u00a0100% poliester gramatura\u00a0120g\/m2 zapi\u0119cie na rzep dwa poziome pasy odblaskowe kat. I\" \/>\n<meta property=\"og:url\" content=\"https:\/\/grapil.pl\/en\/product\/yellow-mesh-warning-vest\/\" \/>\n<meta property=\"og:site_name\" content=\"Grapil.pl \u2013 Profesjonalna Odzie\u017c S\u0142u\u017cbowa dla Bran\u017cy Kelnerskiej, HoReCa i Medycyny\" \/>\n<meta property=\"article:modified_time\" content=\"2025-04-09T15:33:46+00:00\" \/>\n<meta property=\"og:image\" content=\"https:\/\/grapil.pl\/wp-content\/uploads\/2025\/04\/8eac5146c8da0795639a79a06abe8e33.jpg\" \/>\n\t<meta property=\"og:image:width\" content=\"861\" \/>\n\t<meta property=\"og:image:height\" content=\"1104\" \/>\n\t<meta property=\"og:image:type\" content=\"image\/jpeg\" \/>\n<meta name=\"twitter:card\" content=\"summary_large_image\" \/>\n<script type=\"application\/ld+json\" class=\"yoast-schema-graph\">{\"@context\":\"https:\/\/schema.org\",\"@graph\":[{\"@type\":\"WebPage\",\"@id\":\"https:\/\/grapil.pl\/produkt\/kamizelka-ostrzegawcza-siatkowa-zolta\/\",\"url\":\"https:\/\/grapil.pl\/produkt\/kamizelka-ostrzegawcza-siatkowa-zolta\/\",\"name\":\"Kamizelka ostrzegawcza siatkowa \u017c\u00f3\u0142ta - Grapil.pl \u2013 Profesjonalna Odzie\u017c S\u0142u\u017cbowa dla Bran\u017cy Kelnerskiej, HoReCa i Medycyny\",\"isPartOf\":{\"@id\":\"https:\/\/grapil.pl\/#website\"},\"primaryImageOfPage\":{\"@id\":\"https:\/\/grapil.pl\/produkt\/kamizelka-ostrzegawcza-siatkowa-zolta\/#primaryimage\"},\"image\":{\"@id\":\"https:\/\/grapil.pl\/produkt\/kamizelka-ostrzegawcza-siatkowa-zolta\/#primaryimage\"},\"thumbnailUrl\":\"https:\/\/grapil.pl\/wp-content\/uploads\/2025\/04\/8eac5146c8da0795639a79a06abe8e33.jpg\",\"datePublished\":\"2025-04-09T15:33:30+00:00\",\"dateModified\":\"2025-04-09T15:33:46+00:00\",\"breadcrumb\":{\"@id\":\"https:\/\/grapil.pl\/produkt\/kamizelka-ostrzegawcza-siatkowa-zolta\/#breadcrumb\"},\"inLanguage\":\"en-GB\",\"potentialAction\":[{\"@type\":\"ReadAction\",\"target\":[\"https:\/\/grapil.pl\/produkt\/kamizelka-ostrzegawcza-siatkowa-zolta\/\"]}]},{\"@type\":\"ImageObject\",\"inLanguage\":\"en-GB\",\"@id\":\"https:\/\/grapil.pl\/produkt\/kamizelka-ostrzegawcza-siatkowa-zolta\/#primaryimage\",\"url\":\"https:\/\/grapil.pl\/wp-content\/uploads\/2025\/04\/8eac5146c8da0795639a79a06abe8e33.jpg\",\"contentUrl\":\"https:\/\/grapil.pl\/wp-content\/uploads\/2025\/04\/8eac5146c8da0795639a79a06abe8e33.jpg\",\"width\":861,\"height\":1104},{\"@type\":\"BreadcrumbList\",\"@id\":\"https:\/\/grapil.pl\/produkt\/kamizelka-ostrzegawcza-siatkowa-zolta\/#breadcrumb\",\"itemListElement\":[{\"@type\":\"ListItem\",\"position\":1,\"name\":\"Strona g\u0142\u00f3wna\",\"item\":\"https:\/\/grapil.pl\/\"},{\"@type\":\"ListItem\",\"position\":2,\"name\":\"sklep\",\"item\":\"https:\/\/grapil.pl\/sklep\/\"},{\"@type\":\"ListItem\",\"position\":3,\"name\":\"Kamizelka ostrzegawcza siatkowa \u017c\u00f3\u0142ta\"}]},{\"@type\":\"WebSite\",\"@id\":\"https:\/\/grapil.pl\/#website\",\"url\":\"https:\/\/grapil.pl\/\",\"name\":\"Grapil.pl \u2013 Profesjonalna Odzie\u017c S\u0142u\u017cbowa dla Bran\u017cy Kelnerskiej, HoReCa i Medycyny\",\"description\":\"\",\"potentialAction\":[{\"@type\":\"SearchAction\",\"target\":{\"@type\":\"EntryPoint\",\"urlTemplate\":\"https:\/\/grapil.pl\/?s={search_term_string}\"},\"query-input\":{\"@type\":\"PropertyValueSpecification\",\"valueRequired\":true,\"valueName\":\"search_term_string\"}}],\"inLanguage\":\"en-GB\"}]}<\/script>\n<!-- \/ Yoast SEO plugin. -->","yoast_head_json":{"title":"Kamizelka ostrzegawcza siatkowa \u017c\u00f3\u0142ta - Grapil.pl \u2013 Profesjonalna Odzie\u017c S\u0142u\u017cbowa dla Bran\u017cy Kelnerskiej, HoReCa i Medycyny","robots":{"index":"index","follow":"follow","max-snippet":"max-snippet:-1","max-image-preview":"max-image-preview:large","max-video-preview":"max-video-preview:-1"},"canonical":"https:\/\/grapil.pl\/en\/product\/yellow-mesh-warning-vest\/","og_locale":"en_GB","og_type":"article","og_title":"Kamizelka ostrzegawcza siatkowa \u017c\u00f3\u0142ta - Grapil.pl \u2013 Profesjonalna Odzie\u017c S\u0142u\u017cbowa dla Bran\u017cy Kelnerskiej, HoReCa i Medycyny","og_description":"Kamizelka ostrzegawcza siatka z dwoma pasami fluorescencyjnymi: Materia\u0142 wykonania:\u00a0100% poliester gramatura\u00a0120g\/m2 zapi\u0119cie na rzep dwa poziome pasy odblaskowe kat. I","og_url":"https:\/\/grapil.pl\/en\/product\/yellow-mesh-warning-vest\/","og_site_name":"Grapil.pl \u2013 Profesjonalna Odzie\u017c S\u0142u\u017cbowa dla Bran\u017cy Kelnerskiej, HoReCa i Medycyny","article_modified_time":"2025-04-09T15:33:46+00:00","og_image":[{"width":861,"height":1104,"url":"https:\/\/grapil.pl\/wp-content\/uploads\/2025\/04\/8eac5146c8da0795639a79a06abe8e33.jpg","type":"image\/jpeg"}],"twitter_card":"summary_large_image","schema":{"@context":"https:\/\/schema.org","@graph":[{"@type":"WebPage","@id":"https:\/\/grapil.pl\/produkt\/kamizelka-ostrzegawcza-siatkowa-zolta\/","url":"https:\/\/grapil.pl\/produkt\/kamizelka-ostrzegawcza-siatkowa-zolta\/","name":"Kamizelka ostrzegawcza siatkowa \u017c\u00f3\u0142ta - Grapil.pl \u2013 Profesjonalna Odzie\u017c S\u0142u\u017cbowa dla Bran\u017cy Kelnerskiej, HoReCa i Medycyny","isPartOf":{"@id":"https:\/\/grapil.pl\/#website"},"primaryImageOfPage":{"@id":"https:\/\/grapil.pl\/produkt\/kamizelka-ostrzegawcza-siatkowa-zolta\/#primaryimage"},"image":{"@id":"https:\/\/grapil.pl\/produkt\/kamizelka-ostrzegawcza-siatkowa-zolta\/#primaryimage"},"thumbnailUrl":"https:\/\/grapil.pl\/wp-content\/uploads\/2025\/04\/8eac5146c8da0795639a79a06abe8e33.jpg","datePublished":"2025-04-09T15:33:30+00:00","dateModified":"2025-04-09T15:33:46+00:00","breadcrumb":{"@id":"https:\/\/grapil.pl\/produkt\/kamizelka-ostrzegawcza-siatkowa-zolta\/#breadcrumb"},"inLanguage":"en-GB","potentialAction":[{"@type":"ReadAction","target":["https:\/\/grapil.pl\/produkt\/kamizelka-ostrzegawcza-siatkowa-zolta\/"]}]},{"@type":"ImageObject","inLanguage":"en-GB","@id":"https:\/\/grapil.pl\/produkt\/kamizelka-ostrzegawcza-siatkowa-zolta\/#primaryimage","url":"https:\/\/grapil.pl\/wp-content\/uploads\/2025\/04\/8eac5146c8da0795639a79a06abe8e33.jpg","contentUrl":"https:\/\/grapil.pl\/wp-content\/uploads\/2025\/04\/8eac5146c8da0795639a79a06abe8e33.jpg","width":861,"height":1104},{"@type":"BreadcrumbList","@id":"https:\/\/grapil.pl\/produkt\/kamizelka-ostrzegawcza-siatkowa-zolta\/#breadcrumb","itemListElement":[{"@type":"ListItem","position":1,"name":"Strona g\u0142\u00f3wna","item":"https:\/\/grapil.pl\/"},{"@type":"ListItem","position":2,"name":"sklep","item":"https:\/\/grapil.pl\/sklep\/"},{"@type":"ListItem","position":3,"name":"Kamizelka ostrzegawcza siatkowa \u017c\u00f3\u0142ta"}]},{"@type":"WebSite","@id":"https:\/\/grapil.pl\/#website","url":"https:\/\/grapil.pl\/","name":"Grapil.pl \u2013 Profesjonalna Odzie\u017c S\u0142u\u017cbowa dla Bran\u017cy Kelnerskiej, HoReCa i Medycyny","description":"","potentialAction":[{"@type":"SearchAction","target":{"@type":"EntryPoint","urlTemplate":"https:\/\/grapil.pl\/?s={search_term_string}"},"query-input":{"@type":"PropertyValueSpecification","valueRequired":true,"valueName":"search_term_string"}}],"inLanguage":"en-GB"}]}},"_links":{"self":[{"href":"https:\/\/grapil.pl\/en\/wp-json\/wp\/v2\/product\/17528","targetHints":{"allow":["GET"]}}],"collection":[{"href":"https:\/\/grapil.pl\/en\/wp-json\/wp\/v2\/product"}],"about":[{"href":"https:\/\/grapil.pl\/en\/wp-json\/wp\/v2\/types\/product"}],"version-history":[{"count":1,"href":"https:\/\/grapil.pl\/en\/wp-json\/wp\/v2\/product\/17528\/revisions"}],"predecessor-version":[{"id":17529,"href":"https:\/\/grapil.pl\/en\/wp-json\/wp\/v2\/product\/17528\/revisions\/17529"}],"wp:featuredmedia":[{"embeddable":true,"href":"https:\/\/grapil.pl\/en\/wp-json\/wp\/v2\/media\/17530"}],"wp:attachment":[{"href":"https:\/\/grapil.pl\/en\/wp-json\/wp\/v2\/media?parent=17528"}],"wp:term":[{"taxonomy":"product_brand","embeddable":true,"href":"https:\/\/grapil.pl\/en\/wp-json\/wp\/v2\/product_brand?post=17528"},{"taxonomy":"product_cat","embeddable":true,"href":"https:\/\/grapil.pl\/en\/wp-json\/wp\/v2\/product_cat?post=17528"},{"taxonomy":"product_tag","embeddable":true,"href":"https:\/\/grapil.pl\/en\/wp-json\/wp\/v2\/product_tag?post=17528"}],"curies":[{"name":"wp","href":"https:\/\/api.w.org\/{rel}","templated":true}]}}