{"id":17534,"date":"2025-04-09T17:33:30","date_gmt":"2025-04-09T15:33:30","guid":{"rendered":"https:\/\/grapil.pl\/produkt\/ocieplana-kurtka-odblaskowa-flash-short-b-zoltawariant1\/"},"modified":"2025-04-09T17:33:47","modified_gmt":"2025-04-09T15:33:47","slug":"insulated-reflective-flash-short-b-jacket-zoltavariant1","status":"publish","type":"product","link":"https:\/\/grapil.pl\/en\/product\/insulated-reflective-flash-short-b-jacket-zoltavariant1\/","title":{"rendered":"Flash Short-B reflective insulated jacket yellow{variant1}"},"content":{"rendered":"<p><span style=\"font-size:14pt;\"><strong>Insulated protective jacket<\/strong><\/span><\/p>\n<p>Jacket made of waterproof material <strong>300D Polyester Oxford<\/strong> high visibility, PU impregnated, fluorescent yellow with black inserts, polyester insulation, inside finished with a polyester quilted lining.<\/p>\n<p>Comfortable, does not restrict movement, insulated and waterproof with high visibility.<\/p>\n<p>Perfect for drivers, transport workers, road workers and cyclists, as well as for work requiring high user visibility in winter and rainy conditions.<\/p>\n<p><strong>Characteristic:<\/strong><\/p>\n<ul>\n<li>short bomber style<\/li>\n<li>sewn-on reflective stripes on the torso and sleeves<\/li>\n<li>places particularly exposed to dirt: sleeves and bottom of the jacket finished with black 300D polyester Oxford material<\/li>\n<li>detachable sleeves, fastened with a zipper,<\/li>\n<li>the bottom of the jacket is fitted to the figure thanks to an elastic band,<\/li>\n<li>fastened with a zipper covered with a flap fastened with snaps,<\/li>\n<li>hood hidden in the collar, tightened with a string,<\/li>\n<li>stand-up collar finished with soft fleece on the inside,<\/li>\n<li>sleeves finished with cuffs fastened with snaps, finished with a drawstring inside,<\/li>\n<li>numerous bartacks reinforcing the ends of the seams,<\/li>\n<li>5 outer pockets: two closed with flaps on the chest, two side pockets, tool eyelets, 1 sleeve pocket closed with a zipper,<\/li>\n<li>1 inside pocket<\/li>\n<li>ID tag<\/li>\n<\/ul>\n<p><strong>Meets the requirements of the standard:<\/strong><\/p>\n<ul>\n<li><strong>EN ISO 20471:2013<\/strong> for high visibility clothing:<\/li>\n<li>class 2 material surface in accordance with the requirements of the standard\u00a0<strong>EN ISO 20471:2013<\/strong>.<\/li>\n<\/ul>","protected":false},"excerpt":{"rendered":"<p>Insulated protective jacket Jacket made of waterproof 300D polyester Oxford material with high visibility, PU impregnation, yellow<\/p>","protected":false},"featured_media":17536,"template":"","meta":[],"product_brand":[91],"product_cat":[86,113],"product_tag":[],"class_list":{"0":"post-17534","1":"product","2":"type-product","3":"status-publish","4":"has-post-thumbnail","6":"product_brand-artmas","7":"product_cat-sklepbhp","8":"product_cat-odziez-ostrzegawcza-i-ubrania-odblaskowe","10":"first","11":"instock","12":"product-type-simple"},"yoast_head":"<!-- This site is optimized with the Yoast SEO plugin v25.3 - https:\/\/yoast.com\/wordpress\/plugins\/seo\/ -->\n<title>Ocieplana kurtka odblaskowa Flash Short-B \u017c\u00f3\u0142ta{wariant1} - Grapil.pl \u2013 Profesjonalna Odzie\u017c S\u0142u\u017cbowa dla Bran\u017cy Kelnerskiej, HoReCa i Medycyny<\/title>\n<meta name=\"robots\" content=\"index, follow, max-snippet:-1, max-image-preview:large, max-video-preview:-1\" \/>\n<link rel=\"canonical\" href=\"https:\/\/grapil.pl\/en\/product\/insulated-reflective-flash-short-b-jacket-zoltavariant1\/\" \/>\n<meta property=\"og:locale\" content=\"en_GB\" \/>\n<meta property=\"og:type\" content=\"article\" \/>\n<meta property=\"og:title\" content=\"Ocieplana kurtka odblaskowa Flash Short-B \u017c\u00f3\u0142ta{wariant1} - Grapil.pl \u2013 Profesjonalna Odzie\u017c S\u0142u\u017cbowa dla Bran\u017cy Kelnerskiej, HoReCa i Medycyny\" \/>\n<meta property=\"og:description\" content=\"Ocieplana kurtka ochronna Kurtka wykonana z wodoodpornego materia\u0142u 300D poliester Oxford o wysokiej widoczno\u015bci , impregnowanego PU, w kolorze \u017c\u00f3\u0142tym\" \/>\n<meta property=\"og:url\" content=\"https:\/\/grapil.pl\/en\/product\/insulated-reflective-flash-short-b-jacket-zoltavariant1\/\" \/>\n<meta property=\"og:site_name\" content=\"Grapil.pl \u2013 Profesjonalna Odzie\u017c S\u0142u\u017cbowa dla Bran\u017cy Kelnerskiej, HoReCa i Medycyny\" \/>\n<meta property=\"article:modified_time\" content=\"2025-04-09T15:33:47+00:00\" \/>\n<meta property=\"og:image\" content=\"https:\/\/grapil.pl\/wp-content\/uploads\/2025\/04\/19738.jpg\" \/>\n\t<meta property=\"og:image:width\" content=\"700\" \/>\n\t<meta property=\"og:image:height\" content=\"700\" \/>\n\t<meta property=\"og:image:type\" content=\"image\/jpeg\" \/>\n<meta name=\"twitter:card\" content=\"summary_large_image\" \/>\n<meta name=\"twitter:label1\" content=\"Estimated reading time\" \/>\n\t<meta name=\"twitter:data1\" content=\"1 minute\" \/>\n<script type=\"application\/ld+json\" class=\"yoast-schema-graph\">{\"@context\":\"https:\/\/schema.org\",\"@graph\":[{\"@type\":\"WebPage\",\"@id\":\"https:\/\/grapil.pl\/produkt\/ocieplana-kurtka-odblaskowa-flash-short-b-zoltawariant1\/\",\"url\":\"https:\/\/grapil.pl\/produkt\/ocieplana-kurtka-odblaskowa-flash-short-b-zoltawariant1\/\",\"name\":\"Ocieplana kurtka odblaskowa Flash Short-B \u017c\u00f3\u0142ta{wariant1} - Grapil.pl \u2013 Profesjonalna Odzie\u017c S\u0142u\u017cbowa dla Bran\u017cy Kelnerskiej, HoReCa i Medycyny\",\"isPartOf\":{\"@id\":\"https:\/\/grapil.pl\/#website\"},\"primaryImageOfPage\":{\"@id\":\"https:\/\/grapil.pl\/produkt\/ocieplana-kurtka-odblaskowa-flash-short-b-zoltawariant1\/#primaryimage\"},\"image\":{\"@id\":\"https:\/\/grapil.pl\/produkt\/ocieplana-kurtka-odblaskowa-flash-short-b-zoltawariant1\/#primaryimage\"},\"thumbnailUrl\":\"https:\/\/grapil.pl\/wp-content\/uploads\/2025\/04\/19738.jpg\",\"datePublished\":\"2025-04-09T15:33:30+00:00\",\"dateModified\":\"2025-04-09T15:33:47+00:00\",\"breadcrumb\":{\"@id\":\"https:\/\/grapil.pl\/produkt\/ocieplana-kurtka-odblaskowa-flash-short-b-zoltawariant1\/#breadcrumb\"},\"inLanguage\":\"en-GB\",\"potentialAction\":[{\"@type\":\"ReadAction\",\"target\":[\"https:\/\/grapil.pl\/produkt\/ocieplana-kurtka-odblaskowa-flash-short-b-zoltawariant1\/\"]}]},{\"@type\":\"ImageObject\",\"inLanguage\":\"en-GB\",\"@id\":\"https:\/\/grapil.pl\/produkt\/ocieplana-kurtka-odblaskowa-flash-short-b-zoltawariant1\/#primaryimage\",\"url\":\"https:\/\/grapil.pl\/wp-content\/uploads\/2025\/04\/19738.jpg\",\"contentUrl\":\"https:\/\/grapil.pl\/wp-content\/uploads\/2025\/04\/19738.jpg\",\"width\":700,\"height\":700},{\"@type\":\"BreadcrumbList\",\"@id\":\"https:\/\/grapil.pl\/produkt\/ocieplana-kurtka-odblaskowa-flash-short-b-zoltawariant1\/#breadcrumb\",\"itemListElement\":[{\"@type\":\"ListItem\",\"position\":1,\"name\":\"Strona g\u0142\u00f3wna\",\"item\":\"https:\/\/grapil.pl\/\"},{\"@type\":\"ListItem\",\"position\":2,\"name\":\"sklep\",\"item\":\"https:\/\/grapil.pl\/sklep\/\"},{\"@type\":\"ListItem\",\"position\":3,\"name\":\"Ocieplana kurtka odblaskowa Flash Short-B \u017c\u00f3\u0142ta{wariant1}\"}]},{\"@type\":\"WebSite\",\"@id\":\"https:\/\/grapil.pl\/#website\",\"url\":\"https:\/\/grapil.pl\/\",\"name\":\"Grapil.pl \u2013 Profesjonalna Odzie\u017c S\u0142u\u017cbowa dla Bran\u017cy Kelnerskiej, HoReCa i Medycyny\",\"description\":\"\",\"potentialAction\":[{\"@type\":\"SearchAction\",\"target\":{\"@type\":\"EntryPoint\",\"urlTemplate\":\"https:\/\/grapil.pl\/?s={search_term_string}\"},\"query-input\":{\"@type\":\"PropertyValueSpecification\",\"valueRequired\":true,\"valueName\":\"search_term_string\"}}],\"inLanguage\":\"en-GB\"}]}<\/script>\n<!-- \/ Yoast SEO plugin. -->","yoast_head_json":{"title":"Ocieplana kurtka odblaskowa Flash Short-B \u017c\u00f3\u0142ta{wariant1} - Grapil.pl \u2013 Profesjonalna Odzie\u017c S\u0142u\u017cbowa dla Bran\u017cy Kelnerskiej, HoReCa i Medycyny","robots":{"index":"index","follow":"follow","max-snippet":"max-snippet:-1","max-image-preview":"max-image-preview:large","max-video-preview":"max-video-preview:-1"},"canonical":"https:\/\/grapil.pl\/en\/product\/insulated-reflective-flash-short-b-jacket-zoltavariant1\/","og_locale":"en_GB","og_type":"article","og_title":"Ocieplana kurtka odblaskowa Flash Short-B \u017c\u00f3\u0142ta{wariant1} - Grapil.pl \u2013 Profesjonalna Odzie\u017c S\u0142u\u017cbowa dla Bran\u017cy Kelnerskiej, HoReCa i Medycyny","og_description":"Ocieplana kurtka ochronna Kurtka wykonana z wodoodpornego materia\u0142u 300D poliester Oxford o wysokiej widoczno\u015bci , impregnowanego PU, w kolorze \u017c\u00f3\u0142tym","og_url":"https:\/\/grapil.pl\/en\/product\/insulated-reflective-flash-short-b-jacket-zoltavariant1\/","og_site_name":"Grapil.pl \u2013 Profesjonalna Odzie\u017c S\u0142u\u017cbowa dla Bran\u017cy Kelnerskiej, HoReCa i Medycyny","article_modified_time":"2025-04-09T15:33:47+00:00","og_image":[{"width":700,"height":700,"url":"https:\/\/grapil.pl\/wp-content\/uploads\/2025\/04\/19738.jpg","type":"image\/jpeg"}],"twitter_card":"summary_large_image","twitter_misc":{"Estimated reading time":"1 minute"},"schema":{"@context":"https:\/\/schema.org","@graph":[{"@type":"WebPage","@id":"https:\/\/grapil.pl\/produkt\/ocieplana-kurtka-odblaskowa-flash-short-b-zoltawariant1\/","url":"https:\/\/grapil.pl\/produkt\/ocieplana-kurtka-odblaskowa-flash-short-b-zoltawariant1\/","name":"Ocieplana kurtka odblaskowa Flash Short-B \u017c\u00f3\u0142ta{wariant1} - Grapil.pl \u2013 Profesjonalna Odzie\u017c S\u0142u\u017cbowa dla Bran\u017cy Kelnerskiej, HoReCa i Medycyny","isPartOf":{"@id":"https:\/\/grapil.pl\/#website"},"primaryImageOfPage":{"@id":"https:\/\/grapil.pl\/produkt\/ocieplana-kurtka-odblaskowa-flash-short-b-zoltawariant1\/#primaryimage"},"image":{"@id":"https:\/\/grapil.pl\/produkt\/ocieplana-kurtka-odblaskowa-flash-short-b-zoltawariant1\/#primaryimage"},"thumbnailUrl":"https:\/\/grapil.pl\/wp-content\/uploads\/2025\/04\/19738.jpg","datePublished":"2025-04-09T15:33:30+00:00","dateModified":"2025-04-09T15:33:47+00:00","breadcrumb":{"@id":"https:\/\/grapil.pl\/produkt\/ocieplana-kurtka-odblaskowa-flash-short-b-zoltawariant1\/#breadcrumb"},"inLanguage":"en-GB","potentialAction":[{"@type":"ReadAction","target":["https:\/\/grapil.pl\/produkt\/ocieplana-kurtka-odblaskowa-flash-short-b-zoltawariant1\/"]}]},{"@type":"ImageObject","inLanguage":"en-GB","@id":"https:\/\/grapil.pl\/produkt\/ocieplana-kurtka-odblaskowa-flash-short-b-zoltawariant1\/#primaryimage","url":"https:\/\/grapil.pl\/wp-content\/uploads\/2025\/04\/19738.jpg","contentUrl":"https:\/\/grapil.pl\/wp-content\/uploads\/2025\/04\/19738.jpg","width":700,"height":700},{"@type":"BreadcrumbList","@id":"https:\/\/grapil.pl\/produkt\/ocieplana-kurtka-odblaskowa-flash-short-b-zoltawariant1\/#breadcrumb","itemListElement":[{"@type":"ListItem","position":1,"name":"Strona g\u0142\u00f3wna","item":"https:\/\/grapil.pl\/"},{"@type":"ListItem","position":2,"name":"sklep","item":"https:\/\/grapil.pl\/sklep\/"},{"@type":"ListItem","position":3,"name":"Ocieplana kurtka odblaskowa Flash Short-B \u017c\u00f3\u0142ta{wariant1}"}]},{"@type":"WebSite","@id":"https:\/\/grapil.pl\/#website","url":"https:\/\/grapil.pl\/","name":"Grapil.pl \u2013 Profesjonalna Odzie\u017c S\u0142u\u017cbowa dla Bran\u017cy Kelnerskiej, HoReCa i Medycyny","description":"","potentialAction":[{"@type":"SearchAction","target":{"@type":"EntryPoint","urlTemplate":"https:\/\/grapil.pl\/?s={search_term_string}"},"query-input":{"@type":"PropertyValueSpecification","valueRequired":true,"valueName":"search_term_string"}}],"inLanguage":"en-GB"}]}},"_links":{"self":[{"href":"https:\/\/grapil.pl\/en\/wp-json\/wp\/v2\/product\/17534","targetHints":{"allow":["GET"]}}],"collection":[{"href":"https:\/\/grapil.pl\/en\/wp-json\/wp\/v2\/product"}],"about":[{"href":"https:\/\/grapil.pl\/en\/wp-json\/wp\/v2\/types\/product"}],"version-history":[{"count":1,"href":"https:\/\/grapil.pl\/en\/wp-json\/wp\/v2\/product\/17534\/revisions"}],"predecessor-version":[{"id":17535,"href":"https:\/\/grapil.pl\/en\/wp-json\/wp\/v2\/product\/17534\/revisions\/17535"}],"wp:featuredmedia":[{"embeddable":true,"href":"https:\/\/grapil.pl\/en\/wp-json\/wp\/v2\/media\/17536"}],"wp:attachment":[{"href":"https:\/\/grapil.pl\/en\/wp-json\/wp\/v2\/media?parent=17534"}],"wp:term":[{"taxonomy":"product_brand","embeddable":true,"href":"https:\/\/grapil.pl\/en\/wp-json\/wp\/v2\/product_brand?post=17534"},{"taxonomy":"product_cat","embeddable":true,"href":"https:\/\/grapil.pl\/en\/wp-json\/wp\/v2\/product_cat?post=17534"},{"taxonomy":"product_tag","embeddable":true,"href":"https:\/\/grapil.pl\/en\/wp-json\/wp\/v2\/product_tag?post=17534"}],"curies":[{"name":"wp","href":"https:\/\/api.w.org\/{rel}","templated":true}]}}