{"id":17546,"date":"2025-04-09T17:33:49","date_gmt":"2025-04-09T15:33:49","guid":{"rendered":"https:\/\/grapil.pl\/produkt\/krotkie-spodnie-robocze-classicwariant1\/"},"modified":"2025-06-26T11:26:06","modified_gmt":"2025-06-26T09:26:06","slug":"short-work-trousers-classicvariant1","status":"publish","type":"product","link":"https:\/\/grapil.pl\/en\/product\/short-work-trousers-classicvariant1\/","title":{"rendered":"Classic Work Shorts{variant1}"},"content":{"rendered":"<p>Classic work shorts are undoubtedly the perfect solution for those who are looking for\u00a0<strong>high quality workmanship<\/strong>\u00a0and\u00a0<strong>durability at an affordable price<\/strong>. Our trousers are made of\u00a0<strong>material that ensures the size and durability of the fabric for a long time<\/strong>. Thanks to the material used, the trousers maintain\u00a0<strong>elegant and aesthetic appearance<\/strong>.<\/p>\n<p>The pockets are additionally reinforced with 600d polyester fabric against punctures by sharp objects, and triple seams and bartacks additionally reinforce places particularly exposed to tearing.\u00a0<\/p>\n<p>Work trousers are certified\u00a0<strong>CE Cat.I PN-EN ISO 13688:2013<\/strong><\/p>\n<table style=\"height:254px;width:307px;\">\n<tbody>\n<tr>\n<td style=\"width:60px;text-align:center;\">Size<\/td>\n<td style=\"width:70px;text-align:center;\">Trouser length<\/td>\n<td style=\"width:75px;text-align:center;\">Circuit<br \/>in the hips<\/td>\n<td style=\"width:74px;text-align:center;\">Circuit<br \/>in the waist<\/td>\n<\/tr>\n<tr>\n<td style=\"width:60px;text-align:center;\">46<\/td>\n<td style=\"width:70px;text-align:center;\">107<\/td>\n<td style=\"width:75px;text-align:center;\">110<\/td>\n<td style=\"width:74px;text-align:center;\">88<\/td>\n<\/tr>\n<tr>\n<td style=\"width:60px;text-align:center;\">48<\/td>\n<td style=\"width:70px;text-align:center;\">107<\/td>\n<td style=\"width:75px;text-align:center;\">114<\/td>\n<td style=\"width:74px;text-align:center;\">92<\/td>\n<\/tr>\n<tr>\n<td style=\"width:60px;text-align:center;\">50<\/td>\n<td style=\"width:70px;text-align:center;\">109<\/td>\n<td style=\"width:75px;text-align:center;\">118<\/td>\n<td style=\"width:74px;text-align:center;\">96<\/td>\n<\/tr>\n<tr>\n<td style=\"width:60px;text-align:center;\">52<\/td>\n<td style=\"width:70px;text-align:center;\">111<\/td>\n<td style=\"width:75px;text-align:center;\">122<\/td>\n<td style=\"width:74px;text-align:center;\">100<\/td>\n<\/tr>\n<tr>\n<td style=\"width:60px;text-align:center;\">54<\/td>\n<td style=\"width:70px;text-align:center;\">111<\/td>\n<td style=\"width:75px;text-align:center;\">126<\/td>\n<td style=\"width:74px;text-align:center;\">104<\/td>\n<\/tr>\n<tr>\n<td style=\"width:60px;text-align:center;\">56<\/td>\n<td style=\"width:70px;text-align:center;\">112<\/td>\n<td style=\"width:75px;text-align:center;\">132<\/td>\n<td style=\"width:74px;text-align:center;\">108<\/td>\n<\/tr>\n<tr>\n<td style=\"width:60px;text-align:center;\">58<\/td>\n<td style=\"width:70px;text-align:center;\">115<\/td>\n<td style=\"width:75px;text-align:center;\">136<\/td>\n<td style=\"width:74px;text-align:center;\">116<\/td>\n<\/tr>\n<tr>\n<td style=\"width:60px;text-align:center;\">60<\/td>\n<td style=\"width:70px;text-align:center;\">115<\/td>\n<td style=\"width:75px;text-align:center;\">142<\/td>\n<td style=\"width:74px;text-align:center;\">120<\/td>\n<\/tr>\n<\/tbody>\n<\/table>\n<p>Thanks to the special cut, the trousers are characterized by a large size tolerance in waist and chest circumferences. The dimensions given in the table apply to the trousers.<\/p>","protected":false},"excerpt":{"rendered":"<p>Classic work shorts are undoubtedly the perfect solution for those looking for high quality workmanship and durability at an affordable price. Our trousers are made<\/p>","protected":false},"featured_media":17548,"template":"","meta":[],"product_brand":[91],"product_cat":[86,92,93],"product_tag":[],"class_list":{"0":"post-17546","1":"product","2":"type-product","3":"status-publish","4":"has-post-thumbnail","6":"product_brand-artmas","7":"product_cat-sklepbhp","8":"product_cat-odziez-robocza","9":"product_cat-spodnie-robocze","11":"first","12":"instock","13":"product-type-simple"},"yoast_head":"<!-- This site is optimized with the Yoast SEO plugin v25.3 - https:\/\/yoast.com\/wordpress\/plugins\/seo\/ -->\n<title>Kr\u00f3tkie spodnie robocze Classic{wariant1} - Grapil.pl \u2013 Profesjonalna Odzie\u017c S\u0142u\u017cbowa dla Bran\u017cy Kelnerskiej, HoReCa i Medycyny<\/title>\n<meta name=\"robots\" content=\"index, follow, max-snippet:-1, max-image-preview:large, max-video-preview:-1\" \/>\n<link rel=\"canonical\" href=\"https:\/\/grapil.pl\/en\/product\/short-work-trousers-classicvariant1\/\" \/>\n<meta property=\"og:locale\" content=\"en_GB\" \/>\n<meta property=\"og:type\" content=\"article\" \/>\n<meta property=\"og:title\" content=\"Kr\u00f3tkie spodnie robocze Classic{wariant1} - Grapil.pl \u2013 Profesjonalna Odzie\u017c S\u0142u\u017cbowa dla Bran\u017cy Kelnerskiej, HoReCa i Medycyny\" \/>\n<meta property=\"og:description\" content=\"Kr\u00f3tkie spodnie robocze Classic to\u00a0bez w\u0105tpienia idealne rozwi\u0105zanie dla tych kt\u00f3rzy szukaj\u0105\u00a0wysokiej jako\u015bci wykonania\u00a0oraz\u00a0trwa\u0142o\u015bci w przyst\u0119pnej cenie. Nasze spodnie wykonane\" \/>\n<meta property=\"og:url\" content=\"https:\/\/grapil.pl\/en\/product\/short-work-trousers-classicvariant1\/\" \/>\n<meta property=\"og:site_name\" content=\"Grapil.pl \u2013 Profesjonalna Odzie\u017c S\u0142u\u017cbowa dla Bran\u017cy Kelnerskiej, HoReCa i Medycyny\" \/>\n<meta property=\"article:modified_time\" content=\"2025-06-26T09:26:06+00:00\" \/>\n<meta property=\"og:image\" content=\"https:\/\/grapil.pl\/wp-content\/uploads\/2025\/04\/18399.jpg\" \/>\n\t<meta property=\"og:image:width\" content=\"788\" \/>\n\t<meta property=\"og:image:height\" content=\"956\" \/>\n\t<meta property=\"og:image:type\" content=\"image\/jpeg\" \/>\n<meta name=\"twitter:card\" content=\"summary_large_image\" \/>\n<meta name=\"twitter:label1\" content=\"Estimated reading time\" \/>\n\t<meta name=\"twitter:data1\" content=\"1 minute\" \/>\n<script type=\"application\/ld+json\" class=\"yoast-schema-graph\">{\"@context\":\"https:\/\/schema.org\",\"@graph\":[{\"@type\":\"WebPage\",\"@id\":\"https:\/\/grapil.pl\/produkt\/krotkie-spodnie-robocze-classicwariant1\/\",\"url\":\"https:\/\/grapil.pl\/produkt\/krotkie-spodnie-robocze-classicwariant1\/\",\"name\":\"Kr\u00f3tkie spodnie robocze Classic{wariant1} - Grapil.pl \u2013 Profesjonalna Odzie\u017c S\u0142u\u017cbowa dla Bran\u017cy Kelnerskiej, HoReCa i Medycyny\",\"isPartOf\":{\"@id\":\"https:\/\/grapil.pl\/#website\"},\"primaryImageOfPage\":{\"@id\":\"https:\/\/grapil.pl\/produkt\/krotkie-spodnie-robocze-classicwariant1\/#primaryimage\"},\"image\":{\"@id\":\"https:\/\/grapil.pl\/produkt\/krotkie-spodnie-robocze-classicwariant1\/#primaryimage\"},\"thumbnailUrl\":\"https:\/\/grapil.pl\/wp-content\/uploads\/2025\/04\/18399.jpg\",\"datePublished\":\"2025-04-09T15:33:49+00:00\",\"dateModified\":\"2025-06-26T09:26:06+00:00\",\"breadcrumb\":{\"@id\":\"https:\/\/grapil.pl\/produkt\/krotkie-spodnie-robocze-classicwariant1\/#breadcrumb\"},\"inLanguage\":\"en-GB\",\"potentialAction\":[{\"@type\":\"ReadAction\",\"target\":[\"https:\/\/grapil.pl\/produkt\/krotkie-spodnie-robocze-classicwariant1\/\"]}]},{\"@type\":\"ImageObject\",\"inLanguage\":\"en-GB\",\"@id\":\"https:\/\/grapil.pl\/produkt\/krotkie-spodnie-robocze-classicwariant1\/#primaryimage\",\"url\":\"https:\/\/grapil.pl\/wp-content\/uploads\/2025\/04\/18399.jpg\",\"contentUrl\":\"https:\/\/grapil.pl\/wp-content\/uploads\/2025\/04\/18399.jpg\",\"width\":788,\"height\":956},{\"@type\":\"BreadcrumbList\",\"@id\":\"https:\/\/grapil.pl\/produkt\/krotkie-spodnie-robocze-classicwariant1\/#breadcrumb\",\"itemListElement\":[{\"@type\":\"ListItem\",\"position\":1,\"name\":\"Strona g\u0142\u00f3wna\",\"item\":\"https:\/\/grapil.pl\/\"},{\"@type\":\"ListItem\",\"position\":2,\"name\":\"sklep\",\"item\":\"https:\/\/grapil.pl\/sklep\/\"},{\"@type\":\"ListItem\",\"position\":3,\"name\":\"Kr\u00f3tkie spodnie robocze Classic{wariant1}\"}]},{\"@type\":\"WebSite\",\"@id\":\"https:\/\/grapil.pl\/#website\",\"url\":\"https:\/\/grapil.pl\/\",\"name\":\"Grapil.pl \u2013 Profesjonalna Odzie\u017c S\u0142u\u017cbowa dla Bran\u017cy Kelnerskiej, HoReCa i Medycyny\",\"description\":\"\",\"potentialAction\":[{\"@type\":\"SearchAction\",\"target\":{\"@type\":\"EntryPoint\",\"urlTemplate\":\"https:\/\/grapil.pl\/?s={search_term_string}\"},\"query-input\":{\"@type\":\"PropertyValueSpecification\",\"valueRequired\":true,\"valueName\":\"search_term_string\"}}],\"inLanguage\":\"en-GB\"}]}<\/script>\n<!-- \/ Yoast SEO plugin. -->","yoast_head_json":{"title":"Kr\u00f3tkie spodnie robocze Classic{wariant1} - Grapil.pl \u2013 Profesjonalna Odzie\u017c S\u0142u\u017cbowa dla Bran\u017cy Kelnerskiej, HoReCa i Medycyny","robots":{"index":"index","follow":"follow","max-snippet":"max-snippet:-1","max-image-preview":"max-image-preview:large","max-video-preview":"max-video-preview:-1"},"canonical":"https:\/\/grapil.pl\/en\/product\/short-work-trousers-classicvariant1\/","og_locale":"en_GB","og_type":"article","og_title":"Kr\u00f3tkie spodnie robocze Classic{wariant1} - Grapil.pl \u2013 Profesjonalna Odzie\u017c S\u0142u\u017cbowa dla Bran\u017cy Kelnerskiej, HoReCa i Medycyny","og_description":"Kr\u00f3tkie spodnie robocze Classic to\u00a0bez w\u0105tpienia idealne rozwi\u0105zanie dla tych kt\u00f3rzy szukaj\u0105\u00a0wysokiej jako\u015bci wykonania\u00a0oraz\u00a0trwa\u0142o\u015bci w przyst\u0119pnej cenie. Nasze spodnie wykonane","og_url":"https:\/\/grapil.pl\/en\/product\/short-work-trousers-classicvariant1\/","og_site_name":"Grapil.pl \u2013 Profesjonalna Odzie\u017c S\u0142u\u017cbowa dla Bran\u017cy Kelnerskiej, HoReCa i Medycyny","article_modified_time":"2025-06-26T09:26:06+00:00","og_image":[{"width":788,"height":956,"url":"https:\/\/grapil.pl\/wp-content\/uploads\/2025\/04\/18399.jpg","type":"image\/jpeg"}],"twitter_card":"summary_large_image","twitter_misc":{"Estimated reading time":"1 minute"},"schema":{"@context":"https:\/\/schema.org","@graph":[{"@type":"WebPage","@id":"https:\/\/grapil.pl\/produkt\/krotkie-spodnie-robocze-classicwariant1\/","url":"https:\/\/grapil.pl\/produkt\/krotkie-spodnie-robocze-classicwariant1\/","name":"Kr\u00f3tkie spodnie robocze Classic{wariant1} - Grapil.pl \u2013 Profesjonalna Odzie\u017c S\u0142u\u017cbowa dla Bran\u017cy Kelnerskiej, HoReCa i Medycyny","isPartOf":{"@id":"https:\/\/grapil.pl\/#website"},"primaryImageOfPage":{"@id":"https:\/\/grapil.pl\/produkt\/krotkie-spodnie-robocze-classicwariant1\/#primaryimage"},"image":{"@id":"https:\/\/grapil.pl\/produkt\/krotkie-spodnie-robocze-classicwariant1\/#primaryimage"},"thumbnailUrl":"https:\/\/grapil.pl\/wp-content\/uploads\/2025\/04\/18399.jpg","datePublished":"2025-04-09T15:33:49+00:00","dateModified":"2025-06-26T09:26:06+00:00","breadcrumb":{"@id":"https:\/\/grapil.pl\/produkt\/krotkie-spodnie-robocze-classicwariant1\/#breadcrumb"},"inLanguage":"en-GB","potentialAction":[{"@type":"ReadAction","target":["https:\/\/grapil.pl\/produkt\/krotkie-spodnie-robocze-classicwariant1\/"]}]},{"@type":"ImageObject","inLanguage":"en-GB","@id":"https:\/\/grapil.pl\/produkt\/krotkie-spodnie-robocze-classicwariant1\/#primaryimage","url":"https:\/\/grapil.pl\/wp-content\/uploads\/2025\/04\/18399.jpg","contentUrl":"https:\/\/grapil.pl\/wp-content\/uploads\/2025\/04\/18399.jpg","width":788,"height":956},{"@type":"BreadcrumbList","@id":"https:\/\/grapil.pl\/produkt\/krotkie-spodnie-robocze-classicwariant1\/#breadcrumb","itemListElement":[{"@type":"ListItem","position":1,"name":"Strona g\u0142\u00f3wna","item":"https:\/\/grapil.pl\/"},{"@type":"ListItem","position":2,"name":"sklep","item":"https:\/\/grapil.pl\/sklep\/"},{"@type":"ListItem","position":3,"name":"Kr\u00f3tkie spodnie robocze Classic{wariant1}"}]},{"@type":"WebSite","@id":"https:\/\/grapil.pl\/#website","url":"https:\/\/grapil.pl\/","name":"Grapil.pl \u2013 Profesjonalna Odzie\u017c S\u0142u\u017cbowa dla Bran\u017cy Kelnerskiej, HoReCa i Medycyny","description":"","potentialAction":[{"@type":"SearchAction","target":{"@type":"EntryPoint","urlTemplate":"https:\/\/grapil.pl\/?s={search_term_string}"},"query-input":{"@type":"PropertyValueSpecification","valueRequired":true,"valueName":"search_term_string"}}],"inLanguage":"en-GB"}]}},"_links":{"self":[{"href":"https:\/\/grapil.pl\/en\/wp-json\/wp\/v2\/product\/17546","targetHints":{"allow":["GET"]}}],"collection":[{"href":"https:\/\/grapil.pl\/en\/wp-json\/wp\/v2\/product"}],"about":[{"href":"https:\/\/grapil.pl\/en\/wp-json\/wp\/v2\/types\/product"}],"version-history":[{"count":1,"href":"https:\/\/grapil.pl\/en\/wp-json\/wp\/v2\/product\/17546\/revisions"}],"predecessor-version":[{"id":17547,"href":"https:\/\/grapil.pl\/en\/wp-json\/wp\/v2\/product\/17546\/revisions\/17547"}],"wp:featuredmedia":[{"embeddable":true,"href":"https:\/\/grapil.pl\/en\/wp-json\/wp\/v2\/media\/17548"}],"wp:attachment":[{"href":"https:\/\/grapil.pl\/en\/wp-json\/wp\/v2\/media?parent=17546"}],"wp:term":[{"taxonomy":"product_brand","embeddable":true,"href":"https:\/\/grapil.pl\/en\/wp-json\/wp\/v2\/product_brand?post=17546"},{"taxonomy":"product_cat","embeddable":true,"href":"https:\/\/grapil.pl\/en\/wp-json\/wp\/v2\/product_cat?post=17546"},{"taxonomy":"product_tag","embeddable":true,"href":"https:\/\/grapil.pl\/en\/wp-json\/wp\/v2\/product_tag?post=17546"}],"curies":[{"name":"wp","href":"https:\/\/api.w.org\/{rel}","templated":true}]}}