{"id":17563,"date":"2025-04-09T17:33:49","date_gmt":"2025-04-09T15:33:49","guid":{"rendered":"https:\/\/grapil.pl\/produkt\/rekawice-wzmacniane-skora-rbz-rozmiar-10\/"},"modified":"2025-04-09T17:33:54","modified_gmt":"2025-04-09T15:33:54","slug":"reinforced-leather-gloves-rbz-size-10","status":"publish","type":"product","link":"https:\/\/grapil.pl\/en\/product\/reinforced-leather-gloves-rbz-size-10\/","title":{"rendered":"RB\u017b leather reinforced gloves size 10"},"content":{"rendered":"<h2 class=\"h3\">RB\u017b leather reinforced gloves<\/h2>\n<p>Reinforced protective gloves <strong>split cowhide leather<\/strong>, full-palm, yellow denim fabric.<\/p>\n<p><strong>Characteristic:<\/strong><\/p>\n<ul>\n<li>the grip part is made of very good quality split cowhide leather in a natural colour, ensures a good grip of held objects,<\/li>\n<li>the upper part is made of yellow denim fabric, with a tightening tape sewn above the cuff,<\/li>\n<li>the upper part is reinforced with the same leather along the line of the metacarpal bones and the fingertips,<\/li>\n<li>rubberized denim cuff with piping<\/li>\n<li>lining in the grip part,<\/li>\n<li>P<strong>protection parameters according to EN 388<\/strong>: abrasion resistance 4, cut resistance 2, tear resistance 2, puncture resistance 3, cut resistance according to ISO standard X (where the letter X means \u201cnot tested\u201d)<\/li>\n<\/ul>\n<p>\u00a0<\/p>","protected":false},"excerpt":{"rendered":"<p>Leather-reinforced gloves RB\u017b Protective gloves reinforced with split cowhide, full-palm, yellow denim fabric. Characteristics: gripping part made of very good quality split cowhide<\/p>","protected":false},"featured_media":17565,"template":"","meta":[],"product_brand":[91],"product_cat":[86,96,124],"product_tag":[],"class_list":{"0":"post-17563","1":"product","2":"type-product","3":"status-publish","4":"has-post-thumbnail","6":"product_brand-artmas","7":"product_cat-sklepbhp","8":"product_cat-rekawice-bhp","9":"product_cat-wzmacniane-skora","11":"first","12":"instock","13":"product-type-simple"},"yoast_head":"<!-- This site is optimized with the Yoast SEO plugin v25.3 - https:\/\/yoast.com\/wordpress\/plugins\/seo\/ -->\n<title>R\u0119kawice wzmacniane sk\u00f3r\u0105 RB\u017b rozmiar 10 - Grapil.pl \u2013 Profesjonalna Odzie\u017c S\u0142u\u017cbowa dla Bran\u017cy Kelnerskiej, HoReCa i Medycyny<\/title>\n<meta name=\"robots\" content=\"index, follow, max-snippet:-1, max-image-preview:large, max-video-preview:-1\" \/>\n<link rel=\"canonical\" href=\"https:\/\/grapil.pl\/en\/product\/reinforced-leather-gloves-rbz-size-10\/\" \/>\n<meta property=\"og:locale\" content=\"en_GB\" \/>\n<meta property=\"og:type\" content=\"article\" \/>\n<meta property=\"og:title\" content=\"R\u0119kawice wzmacniane sk\u00f3r\u0105 RB\u017b rozmiar 10 - Grapil.pl \u2013 Profesjonalna Odzie\u017c S\u0142u\u017cbowa dla Bran\u017cy Kelnerskiej, HoReCa i Medycyny\" \/>\n<meta property=\"og:description\" content=\"R\u0119kawice wzmacniane sk\u00f3r\u0105 RB\u017b R\u0119kawice ochronne\u00a0wzmocnione sk\u00f3r\u0105\u00a0dwoinow\u0105\u00a0bydl\u0119c\u0105, ca\u0142od\u0142onicowe, tkanina \u017c\u00f3\u0142ty drelich. Charakterystyka: cz\u0119\u015b\u0107 chwytna wykonana z bardzo dobrej jako\u015bci sk\u00f3ry\u00a0dwoinowej\u00a0bydl\u0119cej\" \/>\n<meta property=\"og:url\" content=\"https:\/\/grapil.pl\/en\/product\/reinforced-leather-gloves-rbz-size-10\/\" \/>\n<meta property=\"og:site_name\" content=\"Grapil.pl \u2013 Profesjonalna Odzie\u017c S\u0142u\u017cbowa dla Bran\u017cy Kelnerskiej, HoReCa i Medycyny\" \/>\n<meta property=\"article:modified_time\" content=\"2025-04-09T15:33:54+00:00\" \/>\n<meta property=\"og:image\" content=\"https:\/\/grapil.pl\/wp-content\/uploads\/2025\/04\/16273.jpg\" \/>\n\t<meta property=\"og:image:width\" content=\"678\" \/>\n\t<meta property=\"og:image:height\" content=\"602\" \/>\n\t<meta property=\"og:image:type\" content=\"image\/png\" \/>\n<meta name=\"twitter:card\" content=\"summary_large_image\" \/>\n<meta name=\"twitter:label1\" content=\"Estimated reading time\" \/>\n\t<meta name=\"twitter:data1\" content=\"1 minute\" \/>\n<script type=\"application\/ld+json\" class=\"yoast-schema-graph\">{\"@context\":\"https:\/\/schema.org\",\"@graph\":[{\"@type\":\"WebPage\",\"@id\":\"https:\/\/grapil.pl\/produkt\/rekawice-wzmacniane-skora-rbz-rozmiar-10\/\",\"url\":\"https:\/\/grapil.pl\/produkt\/rekawice-wzmacniane-skora-rbz-rozmiar-10\/\",\"name\":\"R\u0119kawice wzmacniane sk\u00f3r\u0105 RB\u017b rozmiar 10 - Grapil.pl \u2013 Profesjonalna Odzie\u017c S\u0142u\u017cbowa dla Bran\u017cy Kelnerskiej, HoReCa i Medycyny\",\"isPartOf\":{\"@id\":\"https:\/\/grapil.pl\/#website\"},\"primaryImageOfPage\":{\"@id\":\"https:\/\/grapil.pl\/produkt\/rekawice-wzmacniane-skora-rbz-rozmiar-10\/#primaryimage\"},\"image\":{\"@id\":\"https:\/\/grapil.pl\/produkt\/rekawice-wzmacniane-skora-rbz-rozmiar-10\/#primaryimage\"},\"thumbnailUrl\":\"https:\/\/grapil.pl\/wp-content\/uploads\/2025\/04\/16273.jpg\",\"datePublished\":\"2025-04-09T15:33:49+00:00\",\"dateModified\":\"2025-04-09T15:33:54+00:00\",\"breadcrumb\":{\"@id\":\"https:\/\/grapil.pl\/produkt\/rekawice-wzmacniane-skora-rbz-rozmiar-10\/#breadcrumb\"},\"inLanguage\":\"en-GB\",\"potentialAction\":[{\"@type\":\"ReadAction\",\"target\":[\"https:\/\/grapil.pl\/produkt\/rekawice-wzmacniane-skora-rbz-rozmiar-10\/\"]}]},{\"@type\":\"ImageObject\",\"inLanguage\":\"en-GB\",\"@id\":\"https:\/\/grapil.pl\/produkt\/rekawice-wzmacniane-skora-rbz-rozmiar-10\/#primaryimage\",\"url\":\"https:\/\/grapil.pl\/wp-content\/uploads\/2025\/04\/16273.jpg\",\"contentUrl\":\"https:\/\/grapil.pl\/wp-content\/uploads\/2025\/04\/16273.jpg\",\"width\":678,\"height\":602},{\"@type\":\"BreadcrumbList\",\"@id\":\"https:\/\/grapil.pl\/produkt\/rekawice-wzmacniane-skora-rbz-rozmiar-10\/#breadcrumb\",\"itemListElement\":[{\"@type\":\"ListItem\",\"position\":1,\"name\":\"Strona g\u0142\u00f3wna\",\"item\":\"https:\/\/grapil.pl\/\"},{\"@type\":\"ListItem\",\"position\":2,\"name\":\"sklep\",\"item\":\"https:\/\/grapil.pl\/sklep\/\"},{\"@type\":\"ListItem\",\"position\":3,\"name\":\"R\u0119kawice wzmacniane sk\u00f3r\u0105 RB\u017b rozmiar 10\"}]},{\"@type\":\"WebSite\",\"@id\":\"https:\/\/grapil.pl\/#website\",\"url\":\"https:\/\/grapil.pl\/\",\"name\":\"Grapil.pl \u2013 Profesjonalna Odzie\u017c S\u0142u\u017cbowa dla Bran\u017cy Kelnerskiej, HoReCa i Medycyny\",\"description\":\"\",\"potentialAction\":[{\"@type\":\"SearchAction\",\"target\":{\"@type\":\"EntryPoint\",\"urlTemplate\":\"https:\/\/grapil.pl\/?s={search_term_string}\"},\"query-input\":{\"@type\":\"PropertyValueSpecification\",\"valueRequired\":true,\"valueName\":\"search_term_string\"}}],\"inLanguage\":\"en-GB\"}]}<\/script>\n<!-- \/ Yoast SEO plugin. -->","yoast_head_json":{"title":"R\u0119kawice wzmacniane sk\u00f3r\u0105 RB\u017b rozmiar 10 - Grapil.pl \u2013 Profesjonalna Odzie\u017c S\u0142u\u017cbowa dla Bran\u017cy Kelnerskiej, HoReCa i Medycyny","robots":{"index":"index","follow":"follow","max-snippet":"max-snippet:-1","max-image-preview":"max-image-preview:large","max-video-preview":"max-video-preview:-1"},"canonical":"https:\/\/grapil.pl\/en\/product\/reinforced-leather-gloves-rbz-size-10\/","og_locale":"en_GB","og_type":"article","og_title":"R\u0119kawice wzmacniane sk\u00f3r\u0105 RB\u017b rozmiar 10 - Grapil.pl \u2013 Profesjonalna Odzie\u017c S\u0142u\u017cbowa dla Bran\u017cy Kelnerskiej, HoReCa i Medycyny","og_description":"R\u0119kawice wzmacniane sk\u00f3r\u0105 RB\u017b R\u0119kawice ochronne\u00a0wzmocnione sk\u00f3r\u0105\u00a0dwoinow\u0105\u00a0bydl\u0119c\u0105, ca\u0142od\u0142onicowe, tkanina \u017c\u00f3\u0142ty drelich. Charakterystyka: cz\u0119\u015b\u0107 chwytna wykonana z bardzo dobrej jako\u015bci sk\u00f3ry\u00a0dwoinowej\u00a0bydl\u0119cej","og_url":"https:\/\/grapil.pl\/en\/product\/reinforced-leather-gloves-rbz-size-10\/","og_site_name":"Grapil.pl \u2013 Profesjonalna Odzie\u017c S\u0142u\u017cbowa dla Bran\u017cy Kelnerskiej, HoReCa i Medycyny","article_modified_time":"2025-04-09T15:33:54+00:00","og_image":[{"width":678,"height":602,"url":"https:\/\/grapil.pl\/wp-content\/uploads\/2025\/04\/16273.jpg","type":"image\/png"}],"twitter_card":"summary_large_image","twitter_misc":{"Estimated reading time":"1 minute"},"schema":{"@context":"https:\/\/schema.org","@graph":[{"@type":"WebPage","@id":"https:\/\/grapil.pl\/produkt\/rekawice-wzmacniane-skora-rbz-rozmiar-10\/","url":"https:\/\/grapil.pl\/produkt\/rekawice-wzmacniane-skora-rbz-rozmiar-10\/","name":"R\u0119kawice wzmacniane sk\u00f3r\u0105 RB\u017b rozmiar 10 - Grapil.pl \u2013 Profesjonalna Odzie\u017c S\u0142u\u017cbowa dla Bran\u017cy Kelnerskiej, HoReCa i Medycyny","isPartOf":{"@id":"https:\/\/grapil.pl\/#website"},"primaryImageOfPage":{"@id":"https:\/\/grapil.pl\/produkt\/rekawice-wzmacniane-skora-rbz-rozmiar-10\/#primaryimage"},"image":{"@id":"https:\/\/grapil.pl\/produkt\/rekawice-wzmacniane-skora-rbz-rozmiar-10\/#primaryimage"},"thumbnailUrl":"https:\/\/grapil.pl\/wp-content\/uploads\/2025\/04\/16273.jpg","datePublished":"2025-04-09T15:33:49+00:00","dateModified":"2025-04-09T15:33:54+00:00","breadcrumb":{"@id":"https:\/\/grapil.pl\/produkt\/rekawice-wzmacniane-skora-rbz-rozmiar-10\/#breadcrumb"},"inLanguage":"en-GB","potentialAction":[{"@type":"ReadAction","target":["https:\/\/grapil.pl\/produkt\/rekawice-wzmacniane-skora-rbz-rozmiar-10\/"]}]},{"@type":"ImageObject","inLanguage":"en-GB","@id":"https:\/\/grapil.pl\/produkt\/rekawice-wzmacniane-skora-rbz-rozmiar-10\/#primaryimage","url":"https:\/\/grapil.pl\/wp-content\/uploads\/2025\/04\/16273.jpg","contentUrl":"https:\/\/grapil.pl\/wp-content\/uploads\/2025\/04\/16273.jpg","width":678,"height":602},{"@type":"BreadcrumbList","@id":"https:\/\/grapil.pl\/produkt\/rekawice-wzmacniane-skora-rbz-rozmiar-10\/#breadcrumb","itemListElement":[{"@type":"ListItem","position":1,"name":"Strona g\u0142\u00f3wna","item":"https:\/\/grapil.pl\/"},{"@type":"ListItem","position":2,"name":"sklep","item":"https:\/\/grapil.pl\/sklep\/"},{"@type":"ListItem","position":3,"name":"R\u0119kawice wzmacniane sk\u00f3r\u0105 RB\u017b rozmiar 10"}]},{"@type":"WebSite","@id":"https:\/\/grapil.pl\/#website","url":"https:\/\/grapil.pl\/","name":"Grapil.pl \u2013 Profesjonalna Odzie\u017c S\u0142u\u017cbowa dla Bran\u017cy Kelnerskiej, HoReCa i Medycyny","description":"","potentialAction":[{"@type":"SearchAction","target":{"@type":"EntryPoint","urlTemplate":"https:\/\/grapil.pl\/?s={search_term_string}"},"query-input":{"@type":"PropertyValueSpecification","valueRequired":true,"valueName":"search_term_string"}}],"inLanguage":"en-GB"}]}},"_links":{"self":[{"href":"https:\/\/grapil.pl\/en\/wp-json\/wp\/v2\/product\/17563","targetHints":{"allow":["GET"]}}],"collection":[{"href":"https:\/\/grapil.pl\/en\/wp-json\/wp\/v2\/product"}],"about":[{"href":"https:\/\/grapil.pl\/en\/wp-json\/wp\/v2\/types\/product"}],"version-history":[{"count":1,"href":"https:\/\/grapil.pl\/en\/wp-json\/wp\/v2\/product\/17563\/revisions"}],"predecessor-version":[{"id":17564,"href":"https:\/\/grapil.pl\/en\/wp-json\/wp\/v2\/product\/17563\/revisions\/17564"}],"wp:featuredmedia":[{"embeddable":true,"href":"https:\/\/grapil.pl\/en\/wp-json\/wp\/v2\/media\/17565"}],"wp:attachment":[{"href":"https:\/\/grapil.pl\/en\/wp-json\/wp\/v2\/media?parent=17563"}],"wp:term":[{"taxonomy":"product_brand","embeddable":true,"href":"https:\/\/grapil.pl\/en\/wp-json\/wp\/v2\/product_brand?post=17563"},{"taxonomy":"product_cat","embeddable":true,"href":"https:\/\/grapil.pl\/en\/wp-json\/wp\/v2\/product_cat?post=17563"},{"taxonomy":"product_tag","embeddable":true,"href":"https:\/\/grapil.pl\/en\/wp-json\/wp\/v2\/product_tag?post=17563"}],"curies":[{"name":"wp","href":"https:\/\/api.w.org\/{rel}","templated":true}]}}