{"id":17578,"date":"2025-04-09T17:33:49","date_gmt":"2025-04-09T15:33:49","guid":{"rendered":"https:\/\/grapil.pl\/produkt\/rekawice-ocieplane-rdboa-rozmiar-10\/"},"modified":"2025-04-09T17:33:55","modified_gmt":"2025-04-09T15:33:55","slug":"rdboa-insulated-gloves-size-10","status":"publish","type":"product","link":"https:\/\/grapil.pl\/en\/product\/rdboa-insulated-gloves-size-10\/","title":{"rendered":"Rdboa insulated gloves size 10"},"content":{"rendered":"<p><strong>RDBOA insulated protective gloves<\/strong><\/p>\n<p>Insulated with sheepskin, reinforced with bovine leather.<\/p>\n<p>\u2013 split cowhide leather<br \/>\u2013 cuff and top of the glove made of multi-coloured striped fabric lined with sheepskin<br \/>\u2013 popularly used for general mechanical work, construction, and heavy industry<\/p>\n<p><strong>Size:<\/strong>\u00a010\u00a0<\/p>\n<p><strong>Standard<\/strong>: EN420<\/p>","protected":false},"excerpt":{"rendered":"<p>R\u0119kawice ochronne ocieplane RDBOA Ocieplane ko\u017cuszkiem, wzmacniane sk\u00f3r\u0105 bydl\u0119c\u0105. &#8211; sk\u00f3ra bydl\u0119ca dwoinowa&#8211; mankiet i wierzch r\u0119kawicy z tkaniny w<\/p>","protected":false},"featured_media":17580,"template":"","meta":[],"product_brand":[91],"product_cat":[86,96,125],"product_tag":[],"class_list":{"0":"post-17578","1":"product","2":"type-product","3":"status-publish","4":"has-post-thumbnail","6":"product_brand-artmas","7":"product_cat-sklepbhp","8":"product_cat-rekawice-bhp","9":"product_cat-ocieplane","11":"first","12":"instock","13":"product-type-simple"},"yoast_head":"<!-- This site is optimized with the Yoast SEO plugin v25.3 - https:\/\/yoast.com\/wordpress\/plugins\/seo\/ -->\n<title>R\u0119kawice ocieplane Rdboa rozmiar 10 - Grapil.pl \u2013 Profesjonalna Odzie\u017c S\u0142u\u017cbowa dla Bran\u017cy Kelnerskiej, HoReCa i Medycyny<\/title>\n<meta name=\"robots\" content=\"index, follow, max-snippet:-1, max-image-preview:large, max-video-preview:-1\" \/>\n<link rel=\"canonical\" href=\"https:\/\/grapil.pl\/en\/product\/rdboa-insulated-gloves-size-10\/\" \/>\n<meta property=\"og:locale\" content=\"en_GB\" \/>\n<meta property=\"og:type\" content=\"article\" \/>\n<meta property=\"og:title\" content=\"R\u0119kawice ocieplane Rdboa rozmiar 10 - Grapil.pl \u2013 Profesjonalna Odzie\u017c S\u0142u\u017cbowa dla Bran\u017cy Kelnerskiej, HoReCa i Medycyny\" \/>\n<meta property=\"og:description\" content=\"R\u0119kawice ochronne ocieplane RDBOA Ocieplane ko\u017cuszkiem, wzmacniane sk\u00f3r\u0105 bydl\u0119c\u0105. &#8211; sk\u00f3ra bydl\u0119ca dwoinowa&#8211; mankiet i wierzch r\u0119kawicy z tkaniny w\" \/>\n<meta property=\"og:url\" content=\"https:\/\/grapil.pl\/en\/product\/rdboa-insulated-gloves-size-10\/\" \/>\n<meta property=\"og:site_name\" content=\"Grapil.pl \u2013 Profesjonalna Odzie\u017c S\u0142u\u017cbowa dla Bran\u017cy Kelnerskiej, HoReCa i Medycyny\" \/>\n<meta property=\"article:modified_time\" content=\"2025-04-09T15:33:55+00:00\" \/>\n<meta property=\"og:image\" content=\"https:\/\/grapil.pl\/wp-content\/uploads\/2025\/04\/6347.jpg\" \/>\n\t<meta property=\"og:image:width\" content=\"700\" \/>\n\t<meta property=\"og:image:height\" content=\"700\" \/>\n\t<meta property=\"og:image:type\" content=\"image\/jpeg\" \/>\n<meta name=\"twitter:card\" content=\"summary_large_image\" \/>\n<script type=\"application\/ld+json\" class=\"yoast-schema-graph\">{\"@context\":\"https:\/\/schema.org\",\"@graph\":[{\"@type\":\"WebPage\",\"@id\":\"https:\/\/grapil.pl\/produkt\/rekawice-ocieplane-rdboa-rozmiar-10\/\",\"url\":\"https:\/\/grapil.pl\/produkt\/rekawice-ocieplane-rdboa-rozmiar-10\/\",\"name\":\"R\u0119kawice ocieplane Rdboa rozmiar 10 - Grapil.pl \u2013 Profesjonalna Odzie\u017c S\u0142u\u017cbowa dla Bran\u017cy Kelnerskiej, HoReCa i Medycyny\",\"isPartOf\":{\"@id\":\"https:\/\/grapil.pl\/#website\"},\"primaryImageOfPage\":{\"@id\":\"https:\/\/grapil.pl\/produkt\/rekawice-ocieplane-rdboa-rozmiar-10\/#primaryimage\"},\"image\":{\"@id\":\"https:\/\/grapil.pl\/produkt\/rekawice-ocieplane-rdboa-rozmiar-10\/#primaryimage\"},\"thumbnailUrl\":\"https:\/\/grapil.pl\/wp-content\/uploads\/2025\/04\/6347.jpg\",\"datePublished\":\"2025-04-09T15:33:49+00:00\",\"dateModified\":\"2025-04-09T15:33:55+00:00\",\"breadcrumb\":{\"@id\":\"https:\/\/grapil.pl\/produkt\/rekawice-ocieplane-rdboa-rozmiar-10\/#breadcrumb\"},\"inLanguage\":\"en-GB\",\"potentialAction\":[{\"@type\":\"ReadAction\",\"target\":[\"https:\/\/grapil.pl\/produkt\/rekawice-ocieplane-rdboa-rozmiar-10\/\"]}]},{\"@type\":\"ImageObject\",\"inLanguage\":\"en-GB\",\"@id\":\"https:\/\/grapil.pl\/produkt\/rekawice-ocieplane-rdboa-rozmiar-10\/#primaryimage\",\"url\":\"https:\/\/grapil.pl\/wp-content\/uploads\/2025\/04\/6347.jpg\",\"contentUrl\":\"https:\/\/grapil.pl\/wp-content\/uploads\/2025\/04\/6347.jpg\",\"width\":700,\"height\":700},{\"@type\":\"BreadcrumbList\",\"@id\":\"https:\/\/grapil.pl\/produkt\/rekawice-ocieplane-rdboa-rozmiar-10\/#breadcrumb\",\"itemListElement\":[{\"@type\":\"ListItem\",\"position\":1,\"name\":\"Strona g\u0142\u00f3wna\",\"item\":\"https:\/\/grapil.pl\/\"},{\"@type\":\"ListItem\",\"position\":2,\"name\":\"sklep\",\"item\":\"https:\/\/grapil.pl\/sklep\/\"},{\"@type\":\"ListItem\",\"position\":3,\"name\":\"R\u0119kawice ocieplane Rdboa rozmiar 10\"}]},{\"@type\":\"WebSite\",\"@id\":\"https:\/\/grapil.pl\/#website\",\"url\":\"https:\/\/grapil.pl\/\",\"name\":\"Grapil.pl \u2013 Profesjonalna Odzie\u017c S\u0142u\u017cbowa dla Bran\u017cy Kelnerskiej, HoReCa i Medycyny\",\"description\":\"\",\"potentialAction\":[{\"@type\":\"SearchAction\",\"target\":{\"@type\":\"EntryPoint\",\"urlTemplate\":\"https:\/\/grapil.pl\/?s={search_term_string}\"},\"query-input\":{\"@type\":\"PropertyValueSpecification\",\"valueRequired\":true,\"valueName\":\"search_term_string\"}}],\"inLanguage\":\"en-GB\"}]}<\/script>\n<!-- \/ Yoast SEO plugin. -->","yoast_head_json":{"title":"R\u0119kawice ocieplane Rdboa rozmiar 10 - Grapil.pl \u2013 Profesjonalna Odzie\u017c S\u0142u\u017cbowa dla Bran\u017cy Kelnerskiej, HoReCa i Medycyny","robots":{"index":"index","follow":"follow","max-snippet":"max-snippet:-1","max-image-preview":"max-image-preview:large","max-video-preview":"max-video-preview:-1"},"canonical":"https:\/\/grapil.pl\/en\/product\/rdboa-insulated-gloves-size-10\/","og_locale":"en_GB","og_type":"article","og_title":"R\u0119kawice ocieplane Rdboa rozmiar 10 - Grapil.pl \u2013 Profesjonalna Odzie\u017c S\u0142u\u017cbowa dla Bran\u017cy Kelnerskiej, HoReCa i Medycyny","og_description":"R\u0119kawice ochronne ocieplane RDBOA Ocieplane ko\u017cuszkiem, wzmacniane sk\u00f3r\u0105 bydl\u0119c\u0105. &#8211; sk\u00f3ra bydl\u0119ca dwoinowa&#8211; mankiet i wierzch r\u0119kawicy z tkaniny w","og_url":"https:\/\/grapil.pl\/en\/product\/rdboa-insulated-gloves-size-10\/","og_site_name":"Grapil.pl \u2013 Profesjonalna Odzie\u017c S\u0142u\u017cbowa dla Bran\u017cy Kelnerskiej, HoReCa i Medycyny","article_modified_time":"2025-04-09T15:33:55+00:00","og_image":[{"width":700,"height":700,"url":"https:\/\/grapil.pl\/wp-content\/uploads\/2025\/04\/6347.jpg","type":"image\/jpeg"}],"twitter_card":"summary_large_image","schema":{"@context":"https:\/\/schema.org","@graph":[{"@type":"WebPage","@id":"https:\/\/grapil.pl\/produkt\/rekawice-ocieplane-rdboa-rozmiar-10\/","url":"https:\/\/grapil.pl\/produkt\/rekawice-ocieplane-rdboa-rozmiar-10\/","name":"R\u0119kawice ocieplane Rdboa rozmiar 10 - Grapil.pl \u2013 Profesjonalna Odzie\u017c S\u0142u\u017cbowa dla Bran\u017cy Kelnerskiej, HoReCa i Medycyny","isPartOf":{"@id":"https:\/\/grapil.pl\/#website"},"primaryImageOfPage":{"@id":"https:\/\/grapil.pl\/produkt\/rekawice-ocieplane-rdboa-rozmiar-10\/#primaryimage"},"image":{"@id":"https:\/\/grapil.pl\/produkt\/rekawice-ocieplane-rdboa-rozmiar-10\/#primaryimage"},"thumbnailUrl":"https:\/\/grapil.pl\/wp-content\/uploads\/2025\/04\/6347.jpg","datePublished":"2025-04-09T15:33:49+00:00","dateModified":"2025-04-09T15:33:55+00:00","breadcrumb":{"@id":"https:\/\/grapil.pl\/produkt\/rekawice-ocieplane-rdboa-rozmiar-10\/#breadcrumb"},"inLanguage":"en-GB","potentialAction":[{"@type":"ReadAction","target":["https:\/\/grapil.pl\/produkt\/rekawice-ocieplane-rdboa-rozmiar-10\/"]}]},{"@type":"ImageObject","inLanguage":"en-GB","@id":"https:\/\/grapil.pl\/produkt\/rekawice-ocieplane-rdboa-rozmiar-10\/#primaryimage","url":"https:\/\/grapil.pl\/wp-content\/uploads\/2025\/04\/6347.jpg","contentUrl":"https:\/\/grapil.pl\/wp-content\/uploads\/2025\/04\/6347.jpg","width":700,"height":700},{"@type":"BreadcrumbList","@id":"https:\/\/grapil.pl\/produkt\/rekawice-ocieplane-rdboa-rozmiar-10\/#breadcrumb","itemListElement":[{"@type":"ListItem","position":1,"name":"Strona g\u0142\u00f3wna","item":"https:\/\/grapil.pl\/"},{"@type":"ListItem","position":2,"name":"sklep","item":"https:\/\/grapil.pl\/sklep\/"},{"@type":"ListItem","position":3,"name":"R\u0119kawice ocieplane Rdboa rozmiar 10"}]},{"@type":"WebSite","@id":"https:\/\/grapil.pl\/#website","url":"https:\/\/grapil.pl\/","name":"Grapil.pl \u2013 Profesjonalna Odzie\u017c S\u0142u\u017cbowa dla Bran\u017cy Kelnerskiej, HoReCa i Medycyny","description":"","potentialAction":[{"@type":"SearchAction","target":{"@type":"EntryPoint","urlTemplate":"https:\/\/grapil.pl\/?s={search_term_string}"},"query-input":{"@type":"PropertyValueSpecification","valueRequired":true,"valueName":"search_term_string"}}],"inLanguage":"en-GB"}]}},"_links":{"self":[{"href":"https:\/\/grapil.pl\/en\/wp-json\/wp\/v2\/product\/17578","targetHints":{"allow":["GET"]}}],"collection":[{"href":"https:\/\/grapil.pl\/en\/wp-json\/wp\/v2\/product"}],"about":[{"href":"https:\/\/grapil.pl\/en\/wp-json\/wp\/v2\/types\/product"}],"version-history":[{"count":1,"href":"https:\/\/grapil.pl\/en\/wp-json\/wp\/v2\/product\/17578\/revisions"}],"predecessor-version":[{"id":17579,"href":"https:\/\/grapil.pl\/en\/wp-json\/wp\/v2\/product\/17578\/revisions\/17579"}],"wp:featuredmedia":[{"embeddable":true,"href":"https:\/\/grapil.pl\/en\/wp-json\/wp\/v2\/media\/17580"}],"wp:attachment":[{"href":"https:\/\/grapil.pl\/en\/wp-json\/wp\/v2\/media?parent=17578"}],"wp:term":[{"taxonomy":"product_brand","embeddable":true,"href":"https:\/\/grapil.pl\/en\/wp-json\/wp\/v2\/product_brand?post=17578"},{"taxonomy":"product_cat","embeddable":true,"href":"https:\/\/grapil.pl\/en\/wp-json\/wp\/v2\/product_cat?post=17578"},{"taxonomy":"product_tag","embeddable":true,"href":"https:\/\/grapil.pl\/en\/wp-json\/wp\/v2\/product_tag?post=17578"}],"curies":[{"name":"wp","href":"https:\/\/api.w.org\/{rel}","templated":true}]}}