{"id":17661,"date":"2025-04-09T17:34:13","date_gmt":"2025-04-09T15:34:13","guid":{"rendered":"https:\/\/grapil.pl\/produkt\/sukienka-na-stojce\/"},"modified":"2026-02-17T14:13:22","modified_gmt":"2026-02-17T13:13:22","slug":"dress-on-a-stand","status":"publish","type":"product","link":"https:\/\/grapil.pl\/en\/product\/dress-on-a-stand\/","title":{"rendered":"Stand-up apron"},"content":{"rendered":"<p>Apron with a stand-up collar and short sleeves. Asymmetrical fastening with covered springs. Darts that shape the silhouette.<\/p>\n<p>Contrasting piping at the pockets and sleeves and along the fastening, decorative collar finish<\/p>\n<p>Possibility of making belt loops on the sides of the waist.<\/p>\n<p>Fabric composition \u2013 65% polyester\/ 35% cotton<\/p>\n<p style=\"font-weight: 400;\"><span style=\"color: #d43b3b;\">Embroidery available \u2013 please contact us!<\/span><\/p>\n<p style=\"font-weight: 400;\"><span style=\"color: #d43b3b;\">The price is agreed individually with the client.<\/span><\/p>\n<p style=\"font-weight: 400;\">","protected":false},"excerpt":{"rendered":"<p>Apron with a stand-up collar and short sleeves. Asymmetrical fastening covered with springs. Darts that shape the silhouette. Contrasting piping at the pockets and sleeves<\/p>","protected":false},"featured_media":25934,"template":"","meta":[],"product_brand":[127],"product_cat":[119,135,106,132],"product_tag":[],"class_list":{"0":"post-17661","1":"product","2":"type-product","3":"status-publish","4":"has-post-thumbnail","6":"product_brand-produkt-na-zamowienie","7":"product_cat-housekeeping","8":"product_cat-bluzy","9":"product_cat-medycyna-i-kosmetyka","10":"product_cat-fartuchy","12":"first","13":"instock","14":"product-type-simple"},"yoast_head":"<!-- This site is optimized with the Yoast SEO plugin v25.3 - https:\/\/yoast.com\/wordpress\/plugins\/seo\/ -->\n<title>Fartuszek na st\u00f3jce - Grapil.pl \u2013 Profesjonalna Odzie\u017c S\u0142u\u017cbowa dla Bran\u017cy Kelnerskiej, HoReCa i Medycyny<\/title>\n<meta name=\"robots\" content=\"index, follow, max-snippet:-1, max-image-preview:large, max-video-preview:-1\" \/>\n<link rel=\"canonical\" href=\"https:\/\/grapil.pl\/en\/product\/dress-on-a-stand\/\" \/>\n<meta property=\"og:locale\" content=\"en_GB\" \/>\n<meta property=\"og:type\" content=\"article\" \/>\n<meta property=\"og:title\" content=\"Fartuszek na st\u00f3jce - Grapil.pl \u2013 Profesjonalna Odzie\u017c S\u0142u\u017cbowa dla Bran\u017cy Kelnerskiej, HoReCa i Medycyny\" \/>\n<meta property=\"og:description\" content=\"Fartuszek na st\u00f3jce z kr\u00f3tkim r\u0119kawem. Asymetryczne zapi\u0119cie kryte na springi. Zaszewki modeluj\u0105ce sylwetk\u0119. Wypustka kontrastowa przy kieszonkach oraz r\u0119kawach\" \/>\n<meta property=\"og:url\" content=\"https:\/\/grapil.pl\/en\/product\/dress-on-a-stand\/\" \/>\n<meta property=\"og:site_name\" content=\"Grapil.pl \u2013 Profesjonalna Odzie\u017c S\u0142u\u017cbowa dla Bran\u017cy Kelnerskiej, HoReCa i Medycyny\" \/>\n<meta property=\"article:modified_time\" content=\"2026-02-17T13:13:22+00:00\" \/>\n<meta property=\"og:image\" content=\"https:\/\/grapil.pl\/wp-content\/uploads\/2025\/04\/5-gotowe.jpg\" \/>\n\t<meta property=\"og:image:width\" content=\"600\" \/>\n\t<meta property=\"og:image:height\" content=\"801\" \/>\n\t<meta property=\"og:image:type\" content=\"image\/jpeg\" \/>\n<meta name=\"twitter:card\" content=\"summary_large_image\" \/>\n<meta name=\"twitter:label1\" content=\"Estimated reading time\" \/>\n\t<meta name=\"twitter:data1\" content=\"1 minute\" \/>\n<script type=\"application\/ld+json\" class=\"yoast-schema-graph\">{\"@context\":\"https:\/\/schema.org\",\"@graph\":[{\"@type\":\"WebPage\",\"@id\":\"https:\/\/grapil.pl\/produkt\/sukienka-na-stojce\/\",\"url\":\"https:\/\/grapil.pl\/produkt\/sukienka-na-stojce\/\",\"name\":\"Fartuszek na st\u00f3jce - Grapil.pl \u2013 Profesjonalna Odzie\u017c S\u0142u\u017cbowa dla Bran\u017cy Kelnerskiej, HoReCa i Medycyny\",\"isPartOf\":{\"@id\":\"https:\/\/grapil.pl\/#website\"},\"primaryImageOfPage\":{\"@id\":\"https:\/\/grapil.pl\/produkt\/sukienka-na-stojce\/#primaryimage\"},\"image\":{\"@id\":\"https:\/\/grapil.pl\/produkt\/sukienka-na-stojce\/#primaryimage\"},\"thumbnailUrl\":\"https:\/\/grapil.pl\/wp-content\/uploads\/2025\/04\/5-gotowe.jpg\",\"datePublished\":\"2025-04-09T15:34:13+00:00\",\"dateModified\":\"2026-02-17T13:13:22+00:00\",\"breadcrumb\":{\"@id\":\"https:\/\/grapil.pl\/produkt\/sukienka-na-stojce\/#breadcrumb\"},\"inLanguage\":\"en-GB\",\"potentialAction\":[{\"@type\":\"ReadAction\",\"target\":[\"https:\/\/grapil.pl\/produkt\/sukienka-na-stojce\/\"]}]},{\"@type\":\"ImageObject\",\"inLanguage\":\"en-GB\",\"@id\":\"https:\/\/grapil.pl\/produkt\/sukienka-na-stojce\/#primaryimage\",\"url\":\"https:\/\/grapil.pl\/wp-content\/uploads\/2025\/04\/5-gotowe.jpg\",\"contentUrl\":\"https:\/\/grapil.pl\/wp-content\/uploads\/2025\/04\/5-gotowe.jpg\",\"width\":600,\"height\":801},{\"@type\":\"BreadcrumbList\",\"@id\":\"https:\/\/grapil.pl\/produkt\/sukienka-na-stojce\/#breadcrumb\",\"itemListElement\":[{\"@type\":\"ListItem\",\"position\":1,\"name\":\"Strona g\u0142\u00f3wna\",\"item\":\"https:\/\/grapil.pl\/\"},{\"@type\":\"ListItem\",\"position\":2,\"name\":\"sklep\",\"item\":\"https:\/\/grapil.pl\/sklep\/\"},{\"@type\":\"ListItem\",\"position\":3,\"name\":\"Fartuszek na st\u00f3jce\"}]},{\"@type\":\"WebSite\",\"@id\":\"https:\/\/grapil.pl\/#website\",\"url\":\"https:\/\/grapil.pl\/\",\"name\":\"Grapil.pl \u2013 Profesjonalna Odzie\u017c S\u0142u\u017cbowa dla Bran\u017cy Kelnerskiej, HoReCa i Medycyny\",\"description\":\"\",\"potentialAction\":[{\"@type\":\"SearchAction\",\"target\":{\"@type\":\"EntryPoint\",\"urlTemplate\":\"https:\/\/grapil.pl\/?s={search_term_string}\"},\"query-input\":{\"@type\":\"PropertyValueSpecification\",\"valueRequired\":true,\"valueName\":\"search_term_string\"}}],\"inLanguage\":\"en-GB\"}]}<\/script>\n<!-- \/ Yoast SEO plugin. -->","yoast_head_json":{"title":"Fartuszek na st\u00f3jce - Grapil.pl \u2013 Profesjonalna Odzie\u017c S\u0142u\u017cbowa dla Bran\u017cy Kelnerskiej, HoReCa i Medycyny","robots":{"index":"index","follow":"follow","max-snippet":"max-snippet:-1","max-image-preview":"max-image-preview:large","max-video-preview":"max-video-preview:-1"},"canonical":"https:\/\/grapil.pl\/en\/product\/dress-on-a-stand\/","og_locale":"en_GB","og_type":"article","og_title":"Fartuszek na st\u00f3jce - Grapil.pl \u2013 Profesjonalna Odzie\u017c S\u0142u\u017cbowa dla Bran\u017cy Kelnerskiej, HoReCa i Medycyny","og_description":"Fartuszek na st\u00f3jce z kr\u00f3tkim r\u0119kawem. Asymetryczne zapi\u0119cie kryte na springi. Zaszewki modeluj\u0105ce sylwetk\u0119. Wypustka kontrastowa przy kieszonkach oraz r\u0119kawach","og_url":"https:\/\/grapil.pl\/en\/product\/dress-on-a-stand\/","og_site_name":"Grapil.pl \u2013 Profesjonalna Odzie\u017c S\u0142u\u017cbowa dla Bran\u017cy Kelnerskiej, HoReCa i Medycyny","article_modified_time":"2026-02-17T13:13:22+00:00","og_image":[{"width":600,"height":801,"url":"https:\/\/grapil.pl\/wp-content\/uploads\/2025\/04\/5-gotowe.jpg","type":"image\/jpeg"}],"twitter_card":"summary_large_image","twitter_misc":{"Estimated reading time":"1 minute"},"schema":{"@context":"https:\/\/schema.org","@graph":[{"@type":"WebPage","@id":"https:\/\/grapil.pl\/produkt\/sukienka-na-stojce\/","url":"https:\/\/grapil.pl\/produkt\/sukienka-na-stojce\/","name":"Fartuszek na st\u00f3jce - Grapil.pl \u2013 Profesjonalna Odzie\u017c S\u0142u\u017cbowa dla Bran\u017cy Kelnerskiej, HoReCa i Medycyny","isPartOf":{"@id":"https:\/\/grapil.pl\/#website"},"primaryImageOfPage":{"@id":"https:\/\/grapil.pl\/produkt\/sukienka-na-stojce\/#primaryimage"},"image":{"@id":"https:\/\/grapil.pl\/produkt\/sukienka-na-stojce\/#primaryimage"},"thumbnailUrl":"https:\/\/grapil.pl\/wp-content\/uploads\/2025\/04\/5-gotowe.jpg","datePublished":"2025-04-09T15:34:13+00:00","dateModified":"2026-02-17T13:13:22+00:00","breadcrumb":{"@id":"https:\/\/grapil.pl\/produkt\/sukienka-na-stojce\/#breadcrumb"},"inLanguage":"en-GB","potentialAction":[{"@type":"ReadAction","target":["https:\/\/grapil.pl\/produkt\/sukienka-na-stojce\/"]}]},{"@type":"ImageObject","inLanguage":"en-GB","@id":"https:\/\/grapil.pl\/produkt\/sukienka-na-stojce\/#primaryimage","url":"https:\/\/grapil.pl\/wp-content\/uploads\/2025\/04\/5-gotowe.jpg","contentUrl":"https:\/\/grapil.pl\/wp-content\/uploads\/2025\/04\/5-gotowe.jpg","width":600,"height":801},{"@type":"BreadcrumbList","@id":"https:\/\/grapil.pl\/produkt\/sukienka-na-stojce\/#breadcrumb","itemListElement":[{"@type":"ListItem","position":1,"name":"Strona g\u0142\u00f3wna","item":"https:\/\/grapil.pl\/"},{"@type":"ListItem","position":2,"name":"sklep","item":"https:\/\/grapil.pl\/sklep\/"},{"@type":"ListItem","position":3,"name":"Fartuszek na st\u00f3jce"}]},{"@type":"WebSite","@id":"https:\/\/grapil.pl\/#website","url":"https:\/\/grapil.pl\/","name":"Grapil.pl \u2013 Profesjonalna Odzie\u017c S\u0142u\u017cbowa dla Bran\u017cy Kelnerskiej, HoReCa i Medycyny","description":"","potentialAction":[{"@type":"SearchAction","target":{"@type":"EntryPoint","urlTemplate":"https:\/\/grapil.pl\/?s={search_term_string}"},"query-input":{"@type":"PropertyValueSpecification","valueRequired":true,"valueName":"search_term_string"}}],"inLanguage":"en-GB"}]}},"_links":{"self":[{"href":"https:\/\/grapil.pl\/en\/wp-json\/wp\/v2\/product\/17661","targetHints":{"allow":["GET"]}}],"collection":[{"href":"https:\/\/grapil.pl\/en\/wp-json\/wp\/v2\/product"}],"about":[{"href":"https:\/\/grapil.pl\/en\/wp-json\/wp\/v2\/types\/product"}],"version-history":[{"count":4,"href":"https:\/\/grapil.pl\/en\/wp-json\/wp\/v2\/product\/17661\/revisions"}],"predecessor-version":[{"id":21098,"href":"https:\/\/grapil.pl\/en\/wp-json\/wp\/v2\/product\/17661\/revisions\/21098"}],"wp:featuredmedia":[{"embeddable":true,"href":"https:\/\/grapil.pl\/en\/wp-json\/wp\/v2\/media\/25934"}],"wp:attachment":[{"href":"https:\/\/grapil.pl\/en\/wp-json\/wp\/v2\/media?parent=17661"}],"wp:term":[{"taxonomy":"product_brand","embeddable":true,"href":"https:\/\/grapil.pl\/en\/wp-json\/wp\/v2\/product_brand?post=17661"},{"taxonomy":"product_cat","embeddable":true,"href":"https:\/\/grapil.pl\/en\/wp-json\/wp\/v2\/product_cat?post=17661"},{"taxonomy":"product_tag","embeddable":true,"href":"https:\/\/grapil.pl\/en\/wp-json\/wp\/v2\/product_tag?post=17661"}],"curies":[{"name":"wp","href":"https:\/\/api.w.org\/{rel}","templated":true}]}}