{"id":17684,"date":"2025-04-09T17:34:13","date_gmt":"2025-04-09T15:34:13","guid":{"rendered":"https:\/\/grapil.pl\/produkt\/tunika-damska\/"},"modified":"2026-02-17T14:14:31","modified_gmt":"2026-02-17T13:14:31","slug":"womens-tunic","status":"publish","type":"product","link":"https:\/\/grapil.pl\/en\/product\/womens-tunic\/","title":{"rendered":"Women&#039;s tunic"},"content":{"rendered":"<p>Women&#039;s tunic put on over the head, fastened with a side zip. Short sleeves, V-neck. Side slits for easy movement. Two lower pockets.<\/p>\n<p>Contrasting neckline and collar trim.<\/p>\n<p>Fabric with elastomer.<\/p>\n<p style=\"font-weight: 400;\"><span style=\"color: #d43b3b;\">Embroidery available \u2013 please contact us!<\/span><\/p>\n<p style=\"font-weight: 400;\"><span style=\"color: #d43b3b;\">The price is agreed individually with the client.<\/span><\/p>","protected":false},"excerpt":{"rendered":"<p>Women&#039;s tunic put on over the head, fastened with a side zipper. Short sleeves, V-neck. Slits on the sides for easy movement.<\/p>","protected":false},"featured_media":17686,"template":"","meta":[],"product_brand":[127],"product_cat":[119,135,106,110],"product_tag":[],"class_list":{"0":"post-17684","1":"product","2":"type-product","3":"status-publish","4":"has-post-thumbnail","6":"product_brand-produkt-na-zamowienie","7":"product_cat-housekeeping","8":"product_cat-bluzy","9":"product_cat-medycyna-i-kosmetyka","10":"product_cat-bluzy-i-tuniki","12":"first","13":"instock","14":"product-type-simple"},"yoast_head":"<!-- This site is optimized with the Yoast SEO plugin v25.3 - https:\/\/yoast.com\/wordpress\/plugins\/seo\/ -->\n<title>Tunika damska - Grapil.pl \u2013 Profesjonalna Odzie\u017c S\u0142u\u017cbowa dla Bran\u017cy Kelnerskiej, HoReCa i Medycyny<\/title>\n<meta name=\"robots\" content=\"index, follow, max-snippet:-1, max-image-preview:large, max-video-preview:-1\" \/>\n<link rel=\"canonical\" href=\"https:\/\/grapil.pl\/en\/product\/womens-tunic\/\" \/>\n<meta property=\"og:locale\" content=\"en_GB\" \/>\n<meta property=\"og:type\" content=\"article\" \/>\n<meta property=\"og:title\" content=\"Tunika damska - Grapil.pl \u2013 Profesjonalna Odzie\u017c S\u0142u\u017cbowa dla Bran\u017cy Kelnerskiej, HoReCa i Medycyny\" \/>\n<meta property=\"og:description\" content=\"Tunika damska wk\u0142adana przez g\u0142ow\u0119, zapinana z boku na zamek. Kr\u00f3tki r\u0119kaw, dekolt w szpic. Po bokach rozporki u\u0142atwiaj\u0105ce swobodne\" \/>\n<meta property=\"og:url\" content=\"https:\/\/grapil.pl\/en\/product\/womens-tunic\/\" \/>\n<meta property=\"og:site_name\" content=\"Grapil.pl \u2013 Profesjonalna Odzie\u017c S\u0142u\u017cbowa dla Bran\u017cy Kelnerskiej, HoReCa i Medycyny\" \/>\n<meta property=\"article:modified_time\" content=\"2026-02-17T13:14:31+00:00\" \/>\n<meta property=\"og:image\" content=\"https:\/\/grapil.pl\/wp-content\/uploads\/2025\/04\/800c8333bda3ddf80f8824e7b8e4a42a.jpg\" \/>\n\t<meta property=\"og:image:width\" content=\"700\" \/>\n\t<meta property=\"og:image:height\" content=\"979\" \/>\n\t<meta property=\"og:image:type\" content=\"image\/jpeg\" \/>\n<meta name=\"twitter:card\" content=\"summary_large_image\" \/>\n<meta name=\"twitter:label1\" content=\"Estimated reading time\" \/>\n\t<meta name=\"twitter:data1\" content=\"1 minute\" \/>\n<script type=\"application\/ld+json\" class=\"yoast-schema-graph\">{\"@context\":\"https:\/\/schema.org\",\"@graph\":[{\"@type\":\"WebPage\",\"@id\":\"https:\/\/grapil.pl\/produkt\/tunika-damska\/\",\"url\":\"https:\/\/grapil.pl\/produkt\/tunika-damska\/\",\"name\":\"Tunika damska - Grapil.pl \u2013 Profesjonalna Odzie\u017c S\u0142u\u017cbowa dla Bran\u017cy Kelnerskiej, HoReCa i Medycyny\",\"isPartOf\":{\"@id\":\"https:\/\/grapil.pl\/#website\"},\"primaryImageOfPage\":{\"@id\":\"https:\/\/grapil.pl\/produkt\/tunika-damska\/#primaryimage\"},\"image\":{\"@id\":\"https:\/\/grapil.pl\/produkt\/tunika-damska\/#primaryimage\"},\"thumbnailUrl\":\"https:\/\/grapil.pl\/wp-content\/uploads\/2025\/04\/800c8333bda3ddf80f8824e7b8e4a42a.jpg\",\"datePublished\":\"2025-04-09T15:34:13+00:00\",\"dateModified\":\"2026-02-17T13:14:31+00:00\",\"breadcrumb\":{\"@id\":\"https:\/\/grapil.pl\/produkt\/tunika-damska\/#breadcrumb\"},\"inLanguage\":\"en-GB\",\"potentialAction\":[{\"@type\":\"ReadAction\",\"target\":[\"https:\/\/grapil.pl\/produkt\/tunika-damska\/\"]}]},{\"@type\":\"ImageObject\",\"inLanguage\":\"en-GB\",\"@id\":\"https:\/\/grapil.pl\/produkt\/tunika-damska\/#primaryimage\",\"url\":\"https:\/\/grapil.pl\/wp-content\/uploads\/2025\/04\/800c8333bda3ddf80f8824e7b8e4a42a.jpg\",\"contentUrl\":\"https:\/\/grapil.pl\/wp-content\/uploads\/2025\/04\/800c8333bda3ddf80f8824e7b8e4a42a.jpg\",\"width\":700,\"height\":979},{\"@type\":\"BreadcrumbList\",\"@id\":\"https:\/\/grapil.pl\/produkt\/tunika-damska\/#breadcrumb\",\"itemListElement\":[{\"@type\":\"ListItem\",\"position\":1,\"name\":\"Strona g\u0142\u00f3wna\",\"item\":\"https:\/\/grapil.pl\/\"},{\"@type\":\"ListItem\",\"position\":2,\"name\":\"sklep\",\"item\":\"https:\/\/grapil.pl\/sklep\/\"},{\"@type\":\"ListItem\",\"position\":3,\"name\":\"Tunika damska\"}]},{\"@type\":\"WebSite\",\"@id\":\"https:\/\/grapil.pl\/#website\",\"url\":\"https:\/\/grapil.pl\/\",\"name\":\"Grapil.pl \u2013 Profesjonalna Odzie\u017c S\u0142u\u017cbowa dla Bran\u017cy Kelnerskiej, HoReCa i Medycyny\",\"description\":\"\",\"potentialAction\":[{\"@type\":\"SearchAction\",\"target\":{\"@type\":\"EntryPoint\",\"urlTemplate\":\"https:\/\/grapil.pl\/?s={search_term_string}\"},\"query-input\":{\"@type\":\"PropertyValueSpecification\",\"valueRequired\":true,\"valueName\":\"search_term_string\"}}],\"inLanguage\":\"en-GB\"}]}<\/script>\n<!-- \/ Yoast SEO plugin. -->","yoast_head_json":{"title":"Tunika damska - Grapil.pl \u2013 Profesjonalna Odzie\u017c S\u0142u\u017cbowa dla Bran\u017cy Kelnerskiej, HoReCa i Medycyny","robots":{"index":"index","follow":"follow","max-snippet":"max-snippet:-1","max-image-preview":"max-image-preview:large","max-video-preview":"max-video-preview:-1"},"canonical":"https:\/\/grapil.pl\/en\/product\/womens-tunic\/","og_locale":"en_GB","og_type":"article","og_title":"Tunika damska - Grapil.pl \u2013 Profesjonalna Odzie\u017c S\u0142u\u017cbowa dla Bran\u017cy Kelnerskiej, HoReCa i Medycyny","og_description":"Tunika damska wk\u0142adana przez g\u0142ow\u0119, zapinana z boku na zamek. Kr\u00f3tki r\u0119kaw, dekolt w szpic. Po bokach rozporki u\u0142atwiaj\u0105ce swobodne","og_url":"https:\/\/grapil.pl\/en\/product\/womens-tunic\/","og_site_name":"Grapil.pl \u2013 Profesjonalna Odzie\u017c S\u0142u\u017cbowa dla Bran\u017cy Kelnerskiej, HoReCa i Medycyny","article_modified_time":"2026-02-17T13:14:31+00:00","og_image":[{"width":700,"height":979,"url":"https:\/\/grapil.pl\/wp-content\/uploads\/2025\/04\/800c8333bda3ddf80f8824e7b8e4a42a.jpg","type":"image\/jpeg"}],"twitter_card":"summary_large_image","twitter_misc":{"Estimated reading time":"1 minute"},"schema":{"@context":"https:\/\/schema.org","@graph":[{"@type":"WebPage","@id":"https:\/\/grapil.pl\/produkt\/tunika-damska\/","url":"https:\/\/grapil.pl\/produkt\/tunika-damska\/","name":"Tunika damska - Grapil.pl \u2013 Profesjonalna Odzie\u017c S\u0142u\u017cbowa dla Bran\u017cy Kelnerskiej, HoReCa i Medycyny","isPartOf":{"@id":"https:\/\/grapil.pl\/#website"},"primaryImageOfPage":{"@id":"https:\/\/grapil.pl\/produkt\/tunika-damska\/#primaryimage"},"image":{"@id":"https:\/\/grapil.pl\/produkt\/tunika-damska\/#primaryimage"},"thumbnailUrl":"https:\/\/grapil.pl\/wp-content\/uploads\/2025\/04\/800c8333bda3ddf80f8824e7b8e4a42a.jpg","datePublished":"2025-04-09T15:34:13+00:00","dateModified":"2026-02-17T13:14:31+00:00","breadcrumb":{"@id":"https:\/\/grapil.pl\/produkt\/tunika-damska\/#breadcrumb"},"inLanguage":"en-GB","potentialAction":[{"@type":"ReadAction","target":["https:\/\/grapil.pl\/produkt\/tunika-damska\/"]}]},{"@type":"ImageObject","inLanguage":"en-GB","@id":"https:\/\/grapil.pl\/produkt\/tunika-damska\/#primaryimage","url":"https:\/\/grapil.pl\/wp-content\/uploads\/2025\/04\/800c8333bda3ddf80f8824e7b8e4a42a.jpg","contentUrl":"https:\/\/grapil.pl\/wp-content\/uploads\/2025\/04\/800c8333bda3ddf80f8824e7b8e4a42a.jpg","width":700,"height":979},{"@type":"BreadcrumbList","@id":"https:\/\/grapil.pl\/produkt\/tunika-damska\/#breadcrumb","itemListElement":[{"@type":"ListItem","position":1,"name":"Strona g\u0142\u00f3wna","item":"https:\/\/grapil.pl\/"},{"@type":"ListItem","position":2,"name":"sklep","item":"https:\/\/grapil.pl\/sklep\/"},{"@type":"ListItem","position":3,"name":"Tunika damska"}]},{"@type":"WebSite","@id":"https:\/\/grapil.pl\/#website","url":"https:\/\/grapil.pl\/","name":"Grapil.pl \u2013 Profesjonalna Odzie\u017c S\u0142u\u017cbowa dla Bran\u017cy Kelnerskiej, HoReCa i Medycyny","description":"","potentialAction":[{"@type":"SearchAction","target":{"@type":"EntryPoint","urlTemplate":"https:\/\/grapil.pl\/?s={search_term_string}"},"query-input":{"@type":"PropertyValueSpecification","valueRequired":true,"valueName":"search_term_string"}}],"inLanguage":"en-GB"}]}},"_links":{"self":[{"href":"https:\/\/grapil.pl\/en\/wp-json\/wp\/v2\/product\/17684","targetHints":{"allow":["GET"]}}],"collection":[{"href":"https:\/\/grapil.pl\/en\/wp-json\/wp\/v2\/product"}],"about":[{"href":"https:\/\/grapil.pl\/en\/wp-json\/wp\/v2\/types\/product"}],"version-history":[{"count":2,"href":"https:\/\/grapil.pl\/en\/wp-json\/wp\/v2\/product\/17684\/revisions"}],"predecessor-version":[{"id":21102,"href":"https:\/\/grapil.pl\/en\/wp-json\/wp\/v2\/product\/17684\/revisions\/21102"}],"wp:featuredmedia":[{"embeddable":true,"href":"https:\/\/grapil.pl\/en\/wp-json\/wp\/v2\/media\/17686"}],"wp:attachment":[{"href":"https:\/\/grapil.pl\/en\/wp-json\/wp\/v2\/media?parent=17684"}],"wp:term":[{"taxonomy":"product_brand","embeddable":true,"href":"https:\/\/grapil.pl\/en\/wp-json\/wp\/v2\/product_brand?post=17684"},{"taxonomy":"product_cat","embeddable":true,"href":"https:\/\/grapil.pl\/en\/wp-json\/wp\/v2\/product_cat?post=17684"},{"taxonomy":"product_tag","embeddable":true,"href":"https:\/\/grapil.pl\/en\/wp-json\/wp\/v2\/product_tag?post=17684"}],"curies":[{"name":"wp","href":"https:\/\/api.w.org\/{rel}","templated":true}]}}