{"id":17886,"date":"2025-04-09T17:34:58","date_gmt":"2025-04-09T15:34:58","guid":{"rendered":"https:\/\/grapil.pl\/produkt\/koszulka-meska-polo-limonkowawariant1\/"},"modified":"2025-04-09T17:34:59","modified_gmt":"2025-04-09T15:34:59","slug":"mens-polo-shirt-lime-variant-1","status":"publish","type":"product","link":"https:\/\/grapil.pl\/en\/product\/mens-polo-shirt-lime-variant-1\/","title":{"rendered":"Men&#039;s polo shirt lime {variant 1}"},"content":{"rendered":"<p><strong><span style=\"font-size:14pt;\">Polo shirt<\/span><\/strong><\/p>\n<p>The T-shirt from the manufacturer JHK is characterized by\u00a0<strong>the highest quality<\/strong>\u00a0performance, which confirms\u00a0<strong>100% combed cotton<\/strong>. The shirt is fastened with two buttons, has cuffs on the sleeves and side slits. Double PIQU\u00c9 Cotton is one of the most commonly used materials in the production of polo shirts. It is characterized by a clear and visible weave, it is an ideal material for marking clothes. In addition, it is\u00a0<strong>very durable<\/strong>\u00a0material.<\/p>\n<table style=\"height:254px;width:307px;\">\n<tbody>\n<tr>\n<td style=\"width:60px;text-align:center;\">Size<\/td>\n<td style=\"width:70px;text-align:center;\">Length<\/td>\n<td style=\"width:75px;text-align:center;\">Width<\/td>\n<\/tr>\n<tr>\n<td style=\"width:60px;text-align:center;\">XS<\/td>\n<td style=\"width:70px;text-align:center;\">68<\/td>\n<td style=\"width:75px;text-align:center;\">47<\/td>\n<\/tr>\n<tr>\n<td style=\"width:60px;text-align:center;\">S<\/td>\n<td style=\"width:70px;text-align:center;\">70<\/td>\n<td style=\"width:75px;text-align:center;\">51<\/td>\n<\/tr>\n<tr>\n<td style=\"width:60px;text-align:center;\">M<\/td>\n<td style=\"width:70px;text-align:center;\">72<\/td>\n<td style=\"width:75px;text-align:center;\">\n<p>53<\/p>\n<\/td>\n<\/tr>\n<tr>\n<td style=\"width:60px;text-align:center;\">L<\/td>\n<td style=\"width:70px;text-align:center;\">74<\/td>\n<td style=\"width:75px;text-align:center;\">55<\/td>\n<\/tr>\n<tr>\n<td style=\"width:60px;text-align:center;\">XL<\/td>\n<td style=\"width:70px;text-align:center;\">76<\/td>\n<td style=\"width:75px;text-align:center;\">59<\/td>\n<\/tr>\n<tr>\n<td style=\"width:60px;text-align:center;\">XXL<\/td>\n<td style=\"width:70px;text-align:center;\">82<\/td>\n<td style=\"width:75px;text-align:center;\">63<\/td>\n<\/tr>\n<\/tbody>\n<\/table>\n<p><span style=\"color:#ff0000;\">Possibility of embroidery or screen printing \u2013 please contact us!<\/span><\/p>","protected":false},"excerpt":{"rendered":"<p>Polo shirt The shirt from the JHK manufacturer is characterized by the highest quality of workmanship, which is confirmed by 100% combed cotton. The shirt is fastened with two buttons, has<\/p>","protected":false},"featured_media":17888,"template":"","meta":[],"product_brand":[94],"product_cat":[86,92,95,97],"product_tag":[],"class_list":{"0":"post-17886","1":"product","2":"type-product","3":"status-publish","4":"has-post-thumbnail","6":"product_brand-jhk","7":"product_cat-sklepbhp","8":"product_cat-odziez-robocza","9":"product_cat-koszulki","10":"product_cat-polo","12":"first","13":"instock","14":"product-type-simple"},"yoast_head":"<!-- This site is optimized with the Yoast SEO plugin v25.3 - https:\/\/yoast.com\/wordpress\/plugins\/seo\/ -->\n<title>Koszulka m\u0119ska polo limonkowa{wariant1} - Grapil.pl \u2013 Profesjonalna Odzie\u017c S\u0142u\u017cbowa dla Bran\u017cy Kelnerskiej, HoReCa i Medycyny<\/title>\n<meta name=\"robots\" content=\"index, follow, max-snippet:-1, max-image-preview:large, max-video-preview:-1\" \/>\n<link rel=\"canonical\" href=\"https:\/\/grapil.pl\/en\/product\/mens-polo-shirt-lime-variant-1\/\" \/>\n<meta property=\"og:locale\" content=\"en_GB\" \/>\n<meta property=\"og:type\" content=\"article\" \/>\n<meta property=\"og:title\" content=\"Koszulka m\u0119ska polo limonkowa{wariant1} - Grapil.pl \u2013 Profesjonalna Odzie\u017c S\u0142u\u017cbowa dla Bran\u017cy Kelnerskiej, HoReCa i Medycyny\" \/>\n<meta property=\"og:description\" content=\"Koszulka polo Koszulka od producenta JHK charakteryzuje si\u0119\u00a0najwy\u017csz\u0105 jako\u015bci\u0105\u00a0wykonania, co potwierdza\u00a0100% bawe\u0142na czesankowa. Koszulka zapinana jest na dwa guziki, posiada\" \/>\n<meta property=\"og:url\" content=\"https:\/\/grapil.pl\/en\/product\/mens-polo-shirt-lime-variant-1\/\" \/>\n<meta property=\"og:site_name\" content=\"Grapil.pl \u2013 Profesjonalna Odzie\u017c S\u0142u\u017cbowa dla Bran\u017cy Kelnerskiej, HoReCa i Medycyny\" \/>\n<meta property=\"article:modified_time\" content=\"2025-04-09T15:34:59+00:00\" \/>\n<meta property=\"og:image\" content=\"https:\/\/grapil.pl\/wp-content\/uploads\/2025\/04\/20270.jpg\" \/>\n\t<meta property=\"og:image:width\" content=\"375\" \/>\n\t<meta property=\"og:image:height\" content=\"563\" \/>\n\t<meta property=\"og:image:type\" content=\"image\/jpeg\" \/>\n<meta name=\"twitter:card\" content=\"summary_large_image\" \/>\n<script type=\"application\/ld+json\" class=\"yoast-schema-graph\">{\"@context\":\"https:\/\/schema.org\",\"@graph\":[{\"@type\":\"WebPage\",\"@id\":\"https:\/\/grapil.pl\/produkt\/koszulka-meska-polo-limonkowawariant1\/\",\"url\":\"https:\/\/grapil.pl\/produkt\/koszulka-meska-polo-limonkowawariant1\/\",\"name\":\"Koszulka m\u0119ska polo limonkowa{wariant1} - Grapil.pl \u2013 Profesjonalna Odzie\u017c S\u0142u\u017cbowa dla Bran\u017cy Kelnerskiej, HoReCa i Medycyny\",\"isPartOf\":{\"@id\":\"https:\/\/grapil.pl\/#website\"},\"primaryImageOfPage\":{\"@id\":\"https:\/\/grapil.pl\/produkt\/koszulka-meska-polo-limonkowawariant1\/#primaryimage\"},\"image\":{\"@id\":\"https:\/\/grapil.pl\/produkt\/koszulka-meska-polo-limonkowawariant1\/#primaryimage\"},\"thumbnailUrl\":\"https:\/\/grapil.pl\/wp-content\/uploads\/2025\/04\/20270.jpg\",\"datePublished\":\"2025-04-09T15:34:58+00:00\",\"dateModified\":\"2025-04-09T15:34:59+00:00\",\"breadcrumb\":{\"@id\":\"https:\/\/grapil.pl\/produkt\/koszulka-meska-polo-limonkowawariant1\/#breadcrumb\"},\"inLanguage\":\"en-GB\",\"potentialAction\":[{\"@type\":\"ReadAction\",\"target\":[\"https:\/\/grapil.pl\/produkt\/koszulka-meska-polo-limonkowawariant1\/\"]}]},{\"@type\":\"ImageObject\",\"inLanguage\":\"en-GB\",\"@id\":\"https:\/\/grapil.pl\/produkt\/koszulka-meska-polo-limonkowawariant1\/#primaryimage\",\"url\":\"https:\/\/grapil.pl\/wp-content\/uploads\/2025\/04\/20270.jpg\",\"contentUrl\":\"https:\/\/grapil.pl\/wp-content\/uploads\/2025\/04\/20270.jpg\",\"width\":375,\"height\":563},{\"@type\":\"BreadcrumbList\",\"@id\":\"https:\/\/grapil.pl\/produkt\/koszulka-meska-polo-limonkowawariant1\/#breadcrumb\",\"itemListElement\":[{\"@type\":\"ListItem\",\"position\":1,\"name\":\"Strona g\u0142\u00f3wna\",\"item\":\"https:\/\/grapil.pl\/\"},{\"@type\":\"ListItem\",\"position\":2,\"name\":\"sklep\",\"item\":\"https:\/\/grapil.pl\/sklep\/\"},{\"@type\":\"ListItem\",\"position\":3,\"name\":\"Koszulka m\u0119ska polo limonkowa{wariant1}\"}]},{\"@type\":\"WebSite\",\"@id\":\"https:\/\/grapil.pl\/#website\",\"url\":\"https:\/\/grapil.pl\/\",\"name\":\"Grapil.pl \u2013 Profesjonalna Odzie\u017c S\u0142u\u017cbowa dla Bran\u017cy Kelnerskiej, HoReCa i Medycyny\",\"description\":\"\",\"potentialAction\":[{\"@type\":\"SearchAction\",\"target\":{\"@type\":\"EntryPoint\",\"urlTemplate\":\"https:\/\/grapil.pl\/?s={search_term_string}\"},\"query-input\":{\"@type\":\"PropertyValueSpecification\",\"valueRequired\":true,\"valueName\":\"search_term_string\"}}],\"inLanguage\":\"en-GB\"}]}<\/script>\n<!-- \/ Yoast SEO plugin. -->","yoast_head_json":{"title":"Koszulka m\u0119ska polo limonkowa{wariant1} - Grapil.pl \u2013 Profesjonalna Odzie\u017c S\u0142u\u017cbowa dla Bran\u017cy Kelnerskiej, HoReCa i Medycyny","robots":{"index":"index","follow":"follow","max-snippet":"max-snippet:-1","max-image-preview":"max-image-preview:large","max-video-preview":"max-video-preview:-1"},"canonical":"https:\/\/grapil.pl\/en\/product\/mens-polo-shirt-lime-variant-1\/","og_locale":"en_GB","og_type":"article","og_title":"Koszulka m\u0119ska polo limonkowa{wariant1} - Grapil.pl \u2013 Profesjonalna Odzie\u017c S\u0142u\u017cbowa dla Bran\u017cy Kelnerskiej, HoReCa i Medycyny","og_description":"Koszulka polo Koszulka od producenta JHK charakteryzuje si\u0119\u00a0najwy\u017csz\u0105 jako\u015bci\u0105\u00a0wykonania, co potwierdza\u00a0100% bawe\u0142na czesankowa. Koszulka zapinana jest na dwa guziki, posiada","og_url":"https:\/\/grapil.pl\/en\/product\/mens-polo-shirt-lime-variant-1\/","og_site_name":"Grapil.pl \u2013 Profesjonalna Odzie\u017c S\u0142u\u017cbowa dla Bran\u017cy Kelnerskiej, HoReCa i Medycyny","article_modified_time":"2025-04-09T15:34:59+00:00","og_image":[{"width":375,"height":563,"url":"https:\/\/grapil.pl\/wp-content\/uploads\/2025\/04\/20270.jpg","type":"image\/jpeg"}],"twitter_card":"summary_large_image","schema":{"@context":"https:\/\/schema.org","@graph":[{"@type":"WebPage","@id":"https:\/\/grapil.pl\/produkt\/koszulka-meska-polo-limonkowawariant1\/","url":"https:\/\/grapil.pl\/produkt\/koszulka-meska-polo-limonkowawariant1\/","name":"Koszulka m\u0119ska polo limonkowa{wariant1} - Grapil.pl \u2013 Profesjonalna Odzie\u017c S\u0142u\u017cbowa dla Bran\u017cy Kelnerskiej, HoReCa i Medycyny","isPartOf":{"@id":"https:\/\/grapil.pl\/#website"},"primaryImageOfPage":{"@id":"https:\/\/grapil.pl\/produkt\/koszulka-meska-polo-limonkowawariant1\/#primaryimage"},"image":{"@id":"https:\/\/grapil.pl\/produkt\/koszulka-meska-polo-limonkowawariant1\/#primaryimage"},"thumbnailUrl":"https:\/\/grapil.pl\/wp-content\/uploads\/2025\/04\/20270.jpg","datePublished":"2025-04-09T15:34:58+00:00","dateModified":"2025-04-09T15:34:59+00:00","breadcrumb":{"@id":"https:\/\/grapil.pl\/produkt\/koszulka-meska-polo-limonkowawariant1\/#breadcrumb"},"inLanguage":"en-GB","potentialAction":[{"@type":"ReadAction","target":["https:\/\/grapil.pl\/produkt\/koszulka-meska-polo-limonkowawariant1\/"]}]},{"@type":"ImageObject","inLanguage":"en-GB","@id":"https:\/\/grapil.pl\/produkt\/koszulka-meska-polo-limonkowawariant1\/#primaryimage","url":"https:\/\/grapil.pl\/wp-content\/uploads\/2025\/04\/20270.jpg","contentUrl":"https:\/\/grapil.pl\/wp-content\/uploads\/2025\/04\/20270.jpg","width":375,"height":563},{"@type":"BreadcrumbList","@id":"https:\/\/grapil.pl\/produkt\/koszulka-meska-polo-limonkowawariant1\/#breadcrumb","itemListElement":[{"@type":"ListItem","position":1,"name":"Strona g\u0142\u00f3wna","item":"https:\/\/grapil.pl\/"},{"@type":"ListItem","position":2,"name":"sklep","item":"https:\/\/grapil.pl\/sklep\/"},{"@type":"ListItem","position":3,"name":"Koszulka m\u0119ska polo limonkowa{wariant1}"}]},{"@type":"WebSite","@id":"https:\/\/grapil.pl\/#website","url":"https:\/\/grapil.pl\/","name":"Grapil.pl \u2013 Profesjonalna Odzie\u017c S\u0142u\u017cbowa dla Bran\u017cy Kelnerskiej, HoReCa i Medycyny","description":"","potentialAction":[{"@type":"SearchAction","target":{"@type":"EntryPoint","urlTemplate":"https:\/\/grapil.pl\/?s={search_term_string}"},"query-input":{"@type":"PropertyValueSpecification","valueRequired":true,"valueName":"search_term_string"}}],"inLanguage":"en-GB"}]}},"_links":{"self":[{"href":"https:\/\/grapil.pl\/en\/wp-json\/wp\/v2\/product\/17886","targetHints":{"allow":["GET"]}}],"collection":[{"href":"https:\/\/grapil.pl\/en\/wp-json\/wp\/v2\/product"}],"about":[{"href":"https:\/\/grapil.pl\/en\/wp-json\/wp\/v2\/types\/product"}],"version-history":[{"count":1,"href":"https:\/\/grapil.pl\/en\/wp-json\/wp\/v2\/product\/17886\/revisions"}],"predecessor-version":[{"id":17887,"href":"https:\/\/grapil.pl\/en\/wp-json\/wp\/v2\/product\/17886\/revisions\/17887"}],"wp:featuredmedia":[{"embeddable":true,"href":"https:\/\/grapil.pl\/en\/wp-json\/wp\/v2\/media\/17888"}],"wp:attachment":[{"href":"https:\/\/grapil.pl\/en\/wp-json\/wp\/v2\/media?parent=17886"}],"wp:term":[{"taxonomy":"product_brand","embeddable":true,"href":"https:\/\/grapil.pl\/en\/wp-json\/wp\/v2\/product_brand?post=17886"},{"taxonomy":"product_cat","embeddable":true,"href":"https:\/\/grapil.pl\/en\/wp-json\/wp\/v2\/product_cat?post=17886"},{"taxonomy":"product_tag","embeddable":true,"href":"https:\/\/grapil.pl\/en\/wp-json\/wp\/v2\/product_tag?post=17886"}],"curies":[{"name":"wp","href":"https:\/\/api.w.org\/{rel}","templated":true}]}}