{"id":18077,"date":"2025-04-09T17:35:49","date_gmt":"2025-04-09T15:35:49","guid":{"rendered":"https:\/\/grapil.pl\/produkt\/chlopieca-marynarka-komunijna2\/"},"modified":"2025-04-09T17:35:55","modified_gmt":"2025-04-09T15:35:55","slug":"boys-communion-jacket2","status":"publish","type":"product","link":"https:\/\/grapil.pl\/en\/product\/boys-communion-jacket2\/","title":{"rendered":"Boys communion jacket2"},"content":{"rendered":"<p>The communion jacket for a boy produced by our company is characterized by a great, modern cut. It is made of high-quality polyester, the so-called stretch, thanks to which it does not crease, is easy to clean and resistant to dirt.<\/p>\n<p>The jacket is fastened with 5 buttons and finished with an elegant stand-up collar under the neck. On the sides, there are imitation pockets that delicately break the simplicity and slimness of the jacket. On the left chest, there is a very nice host sewn in white with gold decoration or white, the choice is yours. The jackets we produce have a small amount of looseness in the waist, thanks to which they fit very nicely. The jackets are sewn to size according to the dimensions provided by the customer without providing the reserve used in the waist. Please measure your child carefully and provide the actual dimensions.<\/p>\n<p>\u00a0<\/p>\n<p><img decoding=\"async\" alt=\"\" src=\"https:\/\/a.allegroimg.com\/original\/03d754\/d8ad8c194b84be9fc0526ffa90e3\" \/><\/p>\n<h1>A jacket in a non-standard size is subject to individual pricing.<\/h1>","protected":false},"excerpt":{"rendered":"<p>The communion jacket for a boy produced by our company is characterized by a great, modern cut. It is made of high-quality polyester, the so-called stretch, thanks to which<\/p>","protected":false},"featured_media":18079,"template":"","meta":[],"product_brand":[127],"product_cat":[144],"product_tag":[],"class_list":{"0":"post-18077","1":"product","2":"type-product","3":"status-publish","4":"has-post-thumbnail","6":"product_brand-produkt-na-zamowienie","7":"product_cat-ubrania-komunijne","9":"first","10":"instock","11":"product-type-simple"},"yoast_head":"<!-- This site is optimized with the Yoast SEO plugin v25.3 - https:\/\/yoast.com\/wordpress\/plugins\/seo\/ -->\n<title>Ch\u0142opi\u0119ca marynarka komunijna2 - Grapil.pl \u2013 Profesjonalna Odzie\u017c S\u0142u\u017cbowa dla Bran\u017cy Kelnerskiej, HoReCa i Medycyny<\/title>\n<meta name=\"robots\" content=\"index, follow, max-snippet:-1, max-image-preview:large, max-video-preview:-1\" \/>\n<link rel=\"canonical\" href=\"https:\/\/grapil.pl\/en\/product\/boys-communion-jacket2\/\" \/>\n<meta property=\"og:locale\" content=\"en_GB\" \/>\n<meta property=\"og:type\" content=\"article\" \/>\n<meta property=\"og:title\" content=\"Ch\u0142opi\u0119ca marynarka komunijna2 - Grapil.pl \u2013 Profesjonalna Odzie\u017c S\u0142u\u017cbowa dla Bran\u017cy Kelnerskiej, HoReCa i Medycyny\" \/>\n<meta property=\"og:description\" content=\"Marynarka komunijna dla ch\u0142opca produkcji naszej firmy charakteryzuje \u015bwietny, nowoczesny kr\u00f3j. Jest wykonana z wysokiej jako\u015bci poliestru tzw. stretch, dzi\u0119ki\" \/>\n<meta property=\"og:url\" content=\"https:\/\/grapil.pl\/en\/product\/boys-communion-jacket2\/\" \/>\n<meta property=\"og:site_name\" content=\"Grapil.pl \u2013 Profesjonalna Odzie\u017c S\u0142u\u017cbowa dla Bran\u017cy Kelnerskiej, HoReCa i Medycyny\" \/>\n<meta property=\"article:modified_time\" content=\"2025-04-09T15:35:55+00:00\" \/>\n<meta property=\"og:image\" content=\"https:\/\/grapil.pl\/wp-content\/uploads\/2025\/04\/4475.jpg\" \/>\n\t<meta property=\"og:image:width\" content=\"1500\" \/>\n\t<meta property=\"og:image:height\" content=\"1500\" \/>\n\t<meta property=\"og:image:type\" content=\"image\/jpeg\" \/>\n<meta name=\"twitter:card\" content=\"summary_large_image\" \/>\n<meta name=\"twitter:label1\" content=\"Estimated reading time\" \/>\n\t<meta name=\"twitter:data1\" content=\"1 minute\" \/>\n<script type=\"application\/ld+json\" class=\"yoast-schema-graph\">{\"@context\":\"https:\/\/schema.org\",\"@graph\":[{\"@type\":\"WebPage\",\"@id\":\"https:\/\/grapil.pl\/produkt\/chlopieca-marynarka-komunijna2\/\",\"url\":\"https:\/\/grapil.pl\/produkt\/chlopieca-marynarka-komunijna2\/\",\"name\":\"Ch\u0142opi\u0119ca marynarka komunijna2 - Grapil.pl \u2013 Profesjonalna Odzie\u017c S\u0142u\u017cbowa dla Bran\u017cy Kelnerskiej, HoReCa i Medycyny\",\"isPartOf\":{\"@id\":\"https:\/\/grapil.pl\/#website\"},\"primaryImageOfPage\":{\"@id\":\"https:\/\/grapil.pl\/produkt\/chlopieca-marynarka-komunijna2\/#primaryimage\"},\"image\":{\"@id\":\"https:\/\/grapil.pl\/produkt\/chlopieca-marynarka-komunijna2\/#primaryimage\"},\"thumbnailUrl\":\"https:\/\/grapil.pl\/wp-content\/uploads\/2025\/04\/4475.jpg\",\"datePublished\":\"2025-04-09T15:35:49+00:00\",\"dateModified\":\"2025-04-09T15:35:55+00:00\",\"breadcrumb\":{\"@id\":\"https:\/\/grapil.pl\/produkt\/chlopieca-marynarka-komunijna2\/#breadcrumb\"},\"inLanguage\":\"en-GB\",\"potentialAction\":[{\"@type\":\"ReadAction\",\"target\":[\"https:\/\/grapil.pl\/produkt\/chlopieca-marynarka-komunijna2\/\"]}]},{\"@type\":\"ImageObject\",\"inLanguage\":\"en-GB\",\"@id\":\"https:\/\/grapil.pl\/produkt\/chlopieca-marynarka-komunijna2\/#primaryimage\",\"url\":\"https:\/\/grapil.pl\/wp-content\/uploads\/2025\/04\/4475.jpg\",\"contentUrl\":\"https:\/\/grapil.pl\/wp-content\/uploads\/2025\/04\/4475.jpg\",\"width\":1500,\"height\":1500},{\"@type\":\"BreadcrumbList\",\"@id\":\"https:\/\/grapil.pl\/produkt\/chlopieca-marynarka-komunijna2\/#breadcrumb\",\"itemListElement\":[{\"@type\":\"ListItem\",\"position\":1,\"name\":\"Strona g\u0142\u00f3wna\",\"item\":\"https:\/\/grapil.pl\/\"},{\"@type\":\"ListItem\",\"position\":2,\"name\":\"sklep\",\"item\":\"https:\/\/grapil.pl\/sklep\/\"},{\"@type\":\"ListItem\",\"position\":3,\"name\":\"Ch\u0142opi\u0119ca marynarka komunijna2\"}]},{\"@type\":\"WebSite\",\"@id\":\"https:\/\/grapil.pl\/#website\",\"url\":\"https:\/\/grapil.pl\/\",\"name\":\"Grapil.pl \u2013 Profesjonalna Odzie\u017c S\u0142u\u017cbowa dla Bran\u017cy Kelnerskiej, HoReCa i Medycyny\",\"description\":\"\",\"potentialAction\":[{\"@type\":\"SearchAction\",\"target\":{\"@type\":\"EntryPoint\",\"urlTemplate\":\"https:\/\/grapil.pl\/?s={search_term_string}\"},\"query-input\":{\"@type\":\"PropertyValueSpecification\",\"valueRequired\":true,\"valueName\":\"search_term_string\"}}],\"inLanguage\":\"en-GB\"}]}<\/script>\n<!-- \/ Yoast SEO plugin. -->","yoast_head_json":{"title":"Ch\u0142opi\u0119ca marynarka komunijna2 - Grapil.pl \u2013 Profesjonalna Odzie\u017c S\u0142u\u017cbowa dla Bran\u017cy Kelnerskiej, HoReCa i Medycyny","robots":{"index":"index","follow":"follow","max-snippet":"max-snippet:-1","max-image-preview":"max-image-preview:large","max-video-preview":"max-video-preview:-1"},"canonical":"https:\/\/grapil.pl\/en\/product\/boys-communion-jacket2\/","og_locale":"en_GB","og_type":"article","og_title":"Ch\u0142opi\u0119ca marynarka komunijna2 - Grapil.pl \u2013 Profesjonalna Odzie\u017c S\u0142u\u017cbowa dla Bran\u017cy Kelnerskiej, HoReCa i Medycyny","og_description":"Marynarka komunijna dla ch\u0142opca produkcji naszej firmy charakteryzuje \u015bwietny, nowoczesny kr\u00f3j. Jest wykonana z wysokiej jako\u015bci poliestru tzw. stretch, dzi\u0119ki","og_url":"https:\/\/grapil.pl\/en\/product\/boys-communion-jacket2\/","og_site_name":"Grapil.pl \u2013 Profesjonalna Odzie\u017c S\u0142u\u017cbowa dla Bran\u017cy Kelnerskiej, HoReCa i Medycyny","article_modified_time":"2025-04-09T15:35:55+00:00","og_image":[{"width":1500,"height":1500,"url":"https:\/\/grapil.pl\/wp-content\/uploads\/2025\/04\/4475.jpg","type":"image\/jpeg"}],"twitter_card":"summary_large_image","twitter_misc":{"Estimated reading time":"1 minute"},"schema":{"@context":"https:\/\/schema.org","@graph":[{"@type":"WebPage","@id":"https:\/\/grapil.pl\/produkt\/chlopieca-marynarka-komunijna2\/","url":"https:\/\/grapil.pl\/produkt\/chlopieca-marynarka-komunijna2\/","name":"Ch\u0142opi\u0119ca marynarka komunijna2 - Grapil.pl \u2013 Profesjonalna Odzie\u017c S\u0142u\u017cbowa dla Bran\u017cy Kelnerskiej, HoReCa i Medycyny","isPartOf":{"@id":"https:\/\/grapil.pl\/#website"},"primaryImageOfPage":{"@id":"https:\/\/grapil.pl\/produkt\/chlopieca-marynarka-komunijna2\/#primaryimage"},"image":{"@id":"https:\/\/grapil.pl\/produkt\/chlopieca-marynarka-komunijna2\/#primaryimage"},"thumbnailUrl":"https:\/\/grapil.pl\/wp-content\/uploads\/2025\/04\/4475.jpg","datePublished":"2025-04-09T15:35:49+00:00","dateModified":"2025-04-09T15:35:55+00:00","breadcrumb":{"@id":"https:\/\/grapil.pl\/produkt\/chlopieca-marynarka-komunijna2\/#breadcrumb"},"inLanguage":"en-GB","potentialAction":[{"@type":"ReadAction","target":["https:\/\/grapil.pl\/produkt\/chlopieca-marynarka-komunijna2\/"]}]},{"@type":"ImageObject","inLanguage":"en-GB","@id":"https:\/\/grapil.pl\/produkt\/chlopieca-marynarka-komunijna2\/#primaryimage","url":"https:\/\/grapil.pl\/wp-content\/uploads\/2025\/04\/4475.jpg","contentUrl":"https:\/\/grapil.pl\/wp-content\/uploads\/2025\/04\/4475.jpg","width":1500,"height":1500},{"@type":"BreadcrumbList","@id":"https:\/\/grapil.pl\/produkt\/chlopieca-marynarka-komunijna2\/#breadcrumb","itemListElement":[{"@type":"ListItem","position":1,"name":"Strona g\u0142\u00f3wna","item":"https:\/\/grapil.pl\/"},{"@type":"ListItem","position":2,"name":"sklep","item":"https:\/\/grapil.pl\/sklep\/"},{"@type":"ListItem","position":3,"name":"Ch\u0142opi\u0119ca marynarka komunijna2"}]},{"@type":"WebSite","@id":"https:\/\/grapil.pl\/#website","url":"https:\/\/grapil.pl\/","name":"Grapil.pl \u2013 Profesjonalna Odzie\u017c S\u0142u\u017cbowa dla Bran\u017cy Kelnerskiej, HoReCa i Medycyny","description":"","potentialAction":[{"@type":"SearchAction","target":{"@type":"EntryPoint","urlTemplate":"https:\/\/grapil.pl\/?s={search_term_string}"},"query-input":{"@type":"PropertyValueSpecification","valueRequired":true,"valueName":"search_term_string"}}],"inLanguage":"en-GB"}]}},"_links":{"self":[{"href":"https:\/\/grapil.pl\/en\/wp-json\/wp\/v2\/product\/18077","targetHints":{"allow":["GET"]}}],"collection":[{"href":"https:\/\/grapil.pl\/en\/wp-json\/wp\/v2\/product"}],"about":[{"href":"https:\/\/grapil.pl\/en\/wp-json\/wp\/v2\/types\/product"}],"version-history":[{"count":1,"href":"https:\/\/grapil.pl\/en\/wp-json\/wp\/v2\/product\/18077\/revisions"}],"predecessor-version":[{"id":18078,"href":"https:\/\/grapil.pl\/en\/wp-json\/wp\/v2\/product\/18077\/revisions\/18078"}],"wp:featuredmedia":[{"embeddable":true,"href":"https:\/\/grapil.pl\/en\/wp-json\/wp\/v2\/media\/18079"}],"wp:attachment":[{"href":"https:\/\/grapil.pl\/en\/wp-json\/wp\/v2\/media?parent=18077"}],"wp:term":[{"taxonomy":"product_brand","embeddable":true,"href":"https:\/\/grapil.pl\/en\/wp-json\/wp\/v2\/product_brand?post=18077"},{"taxonomy":"product_cat","embeddable":true,"href":"https:\/\/grapil.pl\/en\/wp-json\/wp\/v2\/product_cat?post=18077"},{"taxonomy":"product_tag","embeddable":true,"href":"https:\/\/grapil.pl\/en\/wp-json\/wp\/v2\/product_tag?post=18077"}],"curies":[{"name":"wp","href":"https:\/\/api.w.org\/{rel}","templated":true}]}}