{"id":18151,"date":"2025-04-09T17:36:12","date_gmt":"2025-04-09T15:36:12","guid":{"rendered":"https:\/\/grapil.pl\/produkt\/kamizelka-damska-na-podszewce-6\/"},"modified":"2026-02-17T14:01:01","modified_gmt":"2026-02-17T13:01:01","slug":"womens-vest-with-lining-6","status":"publish","type":"product","link":"https:\/\/grapil.pl\/en\/product\/womens-vest-with-lining-6\/","title":{"rendered":"Women&#039;s lined vest"},"content":{"rendered":"<p style=\"font-weight: 400;\">Women&#039;s waistcoat, classic, slightly fitted, lined. V-neck. Fastened with 6 buttons (in pairs of 2), made of plastic, in the color of the waistcoat. Adjustable at the back.<\/p>\n<p style=\"font-weight: 400;\">Fabric composition: with added elastane, blend of viscose, wool and 100% polyester, to be agreed.<\/p>\n<p style=\"font-weight: 400;\">Additional paid items:<\/p>\n<p style=\"font-weight: 400;\">- embroidery,<\/p>\n<p style=\"font-weight: 400;\">- different color,<\/p>\n<p style=\"font-weight: 400;\">- other buttons<\/p>\n<p style=\"font-weight: 400;\">- pockets,<\/p>\n<p style=\"font-weight: 400;\">\u2013 custom size.<\/p>\n<p style=\"font-weight: 400;\"><span style=\"color: #d43b3b;\">The price is agreed individually with the client.<\/span><\/p>","protected":false},"excerpt":{"rendered":"<p>Women&#039;s vest, classic, slightly fitted, lined. V-neck. Fastened with 6 buttons (in pairs of 2), with<\/p>","protected":false},"featured_media":25318,"template":"","meta":[],"product_brand":[127],"product_cat":[83,148,82,158,214],"product_tag":[],"class_list":{"0":"post-18151","1":"product","2":"type-product","3":"status-publish","4":"has-post-thumbnail","6":"product_brand-produkt-na-zamowienie","7":"product_cat-branza-kelnerska","8":"product_cat-profesjonalne-kamizelki-gastronomiczne","9":"product_cat-hotelarstwo","10":"product_cat-kamizelki-hotelarska","11":"product_cat-kamizelki-damskie","13":"first","14":"instock","15":"product-type-simple"},"yoast_head":"<!-- This site is optimized with the Yoast SEO plugin v25.3 - https:\/\/yoast.com\/wordpress\/plugins\/seo\/ -->\n<title>Kamizelka damska na podszewce - Grapil.pl \u2013 Profesjonalna Odzie\u017c S\u0142u\u017cbowa dla Bran\u017cy Kelnerskiej, HoReCa i Medycyny<\/title>\n<meta name=\"robots\" content=\"index, follow, max-snippet:-1, max-image-preview:large, max-video-preview:-1\" \/>\n<link rel=\"canonical\" href=\"https:\/\/grapil.pl\/en\/product\/womens-vest-with-lining-6\/\" \/>\n<meta property=\"og:locale\" content=\"en_GB\" \/>\n<meta property=\"og:type\" content=\"article\" \/>\n<meta property=\"og:title\" content=\"Kamizelka damska na podszewce - Grapil.pl \u2013 Profesjonalna Odzie\u017c S\u0142u\u017cbowa dla Bran\u017cy Kelnerskiej, HoReCa i Medycyny\" \/>\n<meta property=\"og:description\" content=\"Kamizelka damska, klasyczna, lekko taliowana, na podszewce. Dekolt w szpic. Zapinana na 6 guzik\u00f3w ( w parach po 2), z\" \/>\n<meta property=\"og:url\" content=\"https:\/\/grapil.pl\/en\/product\/womens-vest-with-lining-6\/\" \/>\n<meta property=\"og:site_name\" content=\"Grapil.pl \u2013 Profesjonalna Odzie\u017c S\u0142u\u017cbowa dla Bran\u017cy Kelnerskiej, HoReCa i Medycyny\" \/>\n<meta property=\"article:modified_time\" content=\"2026-02-17T13:01:01+00:00\" \/>\n<meta property=\"og:image\" content=\"https:\/\/grapil.pl\/wp-content\/uploads\/2025\/04\/kamizelka-3-kpoia.jpg\" \/>\n\t<meta property=\"og:image:width\" content=\"637\" \/>\n\t<meta property=\"og:image:height\" content=\"848\" \/>\n\t<meta property=\"og:image:type\" content=\"image\/jpeg\" \/>\n<meta name=\"twitter:card\" content=\"summary_large_image\" \/>\n<meta name=\"twitter:label1\" content=\"Estimated reading time\" \/>\n\t<meta name=\"twitter:data1\" content=\"1 minute\" \/>\n<script type=\"application\/ld+json\" class=\"yoast-schema-graph\">{\"@context\":\"https:\/\/schema.org\",\"@graph\":[{\"@type\":\"WebPage\",\"@id\":\"https:\/\/grapil.pl\/produkt\/kamizelka-damska-na-podszewce-6\/\",\"url\":\"https:\/\/grapil.pl\/produkt\/kamizelka-damska-na-podszewce-6\/\",\"name\":\"Kamizelka damska na podszewce - Grapil.pl \u2013 Profesjonalna Odzie\u017c S\u0142u\u017cbowa dla Bran\u017cy Kelnerskiej, HoReCa i Medycyny\",\"isPartOf\":{\"@id\":\"https:\/\/grapil.pl\/#website\"},\"primaryImageOfPage\":{\"@id\":\"https:\/\/grapil.pl\/produkt\/kamizelka-damska-na-podszewce-6\/#primaryimage\"},\"image\":{\"@id\":\"https:\/\/grapil.pl\/produkt\/kamizelka-damska-na-podszewce-6\/#primaryimage\"},\"thumbnailUrl\":\"https:\/\/grapil.pl\/wp-content\/uploads\/2025\/04\/kamizelka-3-kpoia.jpg\",\"datePublished\":\"2025-04-09T15:36:12+00:00\",\"dateModified\":\"2026-02-17T13:01:01+00:00\",\"breadcrumb\":{\"@id\":\"https:\/\/grapil.pl\/produkt\/kamizelka-damska-na-podszewce-6\/#breadcrumb\"},\"inLanguage\":\"en-GB\",\"potentialAction\":[{\"@type\":\"ReadAction\",\"target\":[\"https:\/\/grapil.pl\/produkt\/kamizelka-damska-na-podszewce-6\/\"]}]},{\"@type\":\"ImageObject\",\"inLanguage\":\"en-GB\",\"@id\":\"https:\/\/grapil.pl\/produkt\/kamizelka-damska-na-podszewce-6\/#primaryimage\",\"url\":\"https:\/\/grapil.pl\/wp-content\/uploads\/2025\/04\/kamizelka-3-kpoia.jpg\",\"contentUrl\":\"https:\/\/grapil.pl\/wp-content\/uploads\/2025\/04\/kamizelka-3-kpoia.jpg\",\"width\":637,\"height\":848},{\"@type\":\"BreadcrumbList\",\"@id\":\"https:\/\/grapil.pl\/produkt\/kamizelka-damska-na-podszewce-6\/#breadcrumb\",\"itemListElement\":[{\"@type\":\"ListItem\",\"position\":1,\"name\":\"Strona g\u0142\u00f3wna\",\"item\":\"https:\/\/grapil.pl\/\"},{\"@type\":\"ListItem\",\"position\":2,\"name\":\"sklep\",\"item\":\"https:\/\/grapil.pl\/sklep\/\"},{\"@type\":\"ListItem\",\"position\":3,\"name\":\"Kamizelka damska na podszewce\"}]},{\"@type\":\"WebSite\",\"@id\":\"https:\/\/grapil.pl\/#website\",\"url\":\"https:\/\/grapil.pl\/\",\"name\":\"Grapil.pl \u2013 Profesjonalna Odzie\u017c S\u0142u\u017cbowa dla Bran\u017cy Kelnerskiej, HoReCa i Medycyny\",\"description\":\"\",\"potentialAction\":[{\"@type\":\"SearchAction\",\"target\":{\"@type\":\"EntryPoint\",\"urlTemplate\":\"https:\/\/grapil.pl\/?s={search_term_string}\"},\"query-input\":{\"@type\":\"PropertyValueSpecification\",\"valueRequired\":true,\"valueName\":\"search_term_string\"}}],\"inLanguage\":\"en-GB\"}]}<\/script>\n<!-- \/ Yoast SEO plugin. -->","yoast_head_json":{"title":"Kamizelka damska na podszewce - Grapil.pl \u2013 Profesjonalna Odzie\u017c S\u0142u\u017cbowa dla Bran\u017cy Kelnerskiej, HoReCa i Medycyny","robots":{"index":"index","follow":"follow","max-snippet":"max-snippet:-1","max-image-preview":"max-image-preview:large","max-video-preview":"max-video-preview:-1"},"canonical":"https:\/\/grapil.pl\/en\/product\/womens-vest-with-lining-6\/","og_locale":"en_GB","og_type":"article","og_title":"Kamizelka damska na podszewce - Grapil.pl \u2013 Profesjonalna Odzie\u017c S\u0142u\u017cbowa dla Bran\u017cy Kelnerskiej, HoReCa i Medycyny","og_description":"Kamizelka damska, klasyczna, lekko taliowana, na podszewce. Dekolt w szpic. Zapinana na 6 guzik\u00f3w ( w parach po 2), z","og_url":"https:\/\/grapil.pl\/en\/product\/womens-vest-with-lining-6\/","og_site_name":"Grapil.pl \u2013 Profesjonalna Odzie\u017c S\u0142u\u017cbowa dla Bran\u017cy Kelnerskiej, HoReCa i Medycyny","article_modified_time":"2026-02-17T13:01:01+00:00","og_image":[{"width":637,"height":848,"url":"https:\/\/grapil.pl\/wp-content\/uploads\/2025\/04\/kamizelka-3-kpoia.jpg","type":"image\/jpeg"}],"twitter_card":"summary_large_image","twitter_misc":{"Estimated reading time":"1 minute"},"schema":{"@context":"https:\/\/schema.org","@graph":[{"@type":"WebPage","@id":"https:\/\/grapil.pl\/produkt\/kamizelka-damska-na-podszewce-6\/","url":"https:\/\/grapil.pl\/produkt\/kamizelka-damska-na-podszewce-6\/","name":"Kamizelka damska na podszewce - Grapil.pl \u2013 Profesjonalna Odzie\u017c S\u0142u\u017cbowa dla Bran\u017cy Kelnerskiej, HoReCa i Medycyny","isPartOf":{"@id":"https:\/\/grapil.pl\/#website"},"primaryImageOfPage":{"@id":"https:\/\/grapil.pl\/produkt\/kamizelka-damska-na-podszewce-6\/#primaryimage"},"image":{"@id":"https:\/\/grapil.pl\/produkt\/kamizelka-damska-na-podszewce-6\/#primaryimage"},"thumbnailUrl":"https:\/\/grapil.pl\/wp-content\/uploads\/2025\/04\/kamizelka-3-kpoia.jpg","datePublished":"2025-04-09T15:36:12+00:00","dateModified":"2026-02-17T13:01:01+00:00","breadcrumb":{"@id":"https:\/\/grapil.pl\/produkt\/kamizelka-damska-na-podszewce-6\/#breadcrumb"},"inLanguage":"en-GB","potentialAction":[{"@type":"ReadAction","target":["https:\/\/grapil.pl\/produkt\/kamizelka-damska-na-podszewce-6\/"]}]},{"@type":"ImageObject","inLanguage":"en-GB","@id":"https:\/\/grapil.pl\/produkt\/kamizelka-damska-na-podszewce-6\/#primaryimage","url":"https:\/\/grapil.pl\/wp-content\/uploads\/2025\/04\/kamizelka-3-kpoia.jpg","contentUrl":"https:\/\/grapil.pl\/wp-content\/uploads\/2025\/04\/kamizelka-3-kpoia.jpg","width":637,"height":848},{"@type":"BreadcrumbList","@id":"https:\/\/grapil.pl\/produkt\/kamizelka-damska-na-podszewce-6\/#breadcrumb","itemListElement":[{"@type":"ListItem","position":1,"name":"Strona g\u0142\u00f3wna","item":"https:\/\/grapil.pl\/"},{"@type":"ListItem","position":2,"name":"sklep","item":"https:\/\/grapil.pl\/sklep\/"},{"@type":"ListItem","position":3,"name":"Kamizelka damska na podszewce"}]},{"@type":"WebSite","@id":"https:\/\/grapil.pl\/#website","url":"https:\/\/grapil.pl\/","name":"Grapil.pl \u2013 Profesjonalna Odzie\u017c S\u0142u\u017cbowa dla Bran\u017cy Kelnerskiej, HoReCa i Medycyny","description":"","potentialAction":[{"@type":"SearchAction","target":{"@type":"EntryPoint","urlTemplate":"https:\/\/grapil.pl\/?s={search_term_string}"},"query-input":{"@type":"PropertyValueSpecification","valueRequired":true,"valueName":"search_term_string"}}],"inLanguage":"en-GB"}]}},"_links":{"self":[{"href":"https:\/\/grapil.pl\/en\/wp-json\/wp\/v2\/product\/18151","targetHints":{"allow":["GET"]}}],"collection":[{"href":"https:\/\/grapil.pl\/en\/wp-json\/wp\/v2\/product"}],"about":[{"href":"https:\/\/grapil.pl\/en\/wp-json\/wp\/v2\/types\/product"}],"version-history":[{"count":2,"href":"https:\/\/grapil.pl\/en\/wp-json\/wp\/v2\/product\/18151\/revisions"}],"predecessor-version":[{"id":21040,"href":"https:\/\/grapil.pl\/en\/wp-json\/wp\/v2\/product\/18151\/revisions\/21040"}],"wp:featuredmedia":[{"embeddable":true,"href":"https:\/\/grapil.pl\/en\/wp-json\/wp\/v2\/media\/25318"}],"wp:attachment":[{"href":"https:\/\/grapil.pl\/en\/wp-json\/wp\/v2\/media?parent=18151"}],"wp:term":[{"taxonomy":"product_brand","embeddable":true,"href":"https:\/\/grapil.pl\/en\/wp-json\/wp\/v2\/product_brand?post=18151"},{"taxonomy":"product_cat","embeddable":true,"href":"https:\/\/grapil.pl\/en\/wp-json\/wp\/v2\/product_cat?post=18151"},{"taxonomy":"product_tag","embeddable":true,"href":"https:\/\/grapil.pl\/en\/wp-json\/wp\/v2\/product_tag?post=18151"}],"curies":[{"name":"wp","href":"https:\/\/api.w.org\/{rel}","templated":true}]}}