{"id":18163,"date":"2025-04-09T17:36:12","date_gmt":"2025-04-09T15:36:12","guid":{"rendered":"https:\/\/grapil.pl\/produkt\/sukienka-na-stojce-2\/"},"modified":"2026-02-17T14:13:17","modified_gmt":"2026-02-17T13:13:17","slug":"stand-up-dress-2","status":"publish","type":"product","link":"https:\/\/grapil.pl\/en\/product\/stand-up-dress-2\/","title":{"rendered":"Stand-up apron"},"content":{"rendered":"<p>Women&#039;s apron with a stand-up collar and asymmetrical fastening. Short sleeve. Fastened with 3 springs in the color of the dress, further fastening with covered springs. Darts at the waist to shape the silhouette.<\/p>\n<p>Small pocket on the right side, two lower pockets at the bottom.<\/p>\n<p>Fabric: cotton\/polyester blend, possibility of adding elastane, details to be agreed.<\/p>\n<p style=\"font-weight: 400;\"><span style=\"color: #d43b3b;\">Embroidery available \u2013 please contact us!<\/span><\/p>\n<p style=\"font-weight: 400;\"><span style=\"color: #d43b3b;\">The price is agreed individually with the client.<\/span><\/p>","protected":false},"excerpt":{"rendered":"<p>Women&#039;s apron with a stand-up collar and asymmetrical fastening. Short sleeve. Fastened with 3 springs in the color of the dress, further fastening with covered springs.<\/p>","protected":false},"featured_media":25430,"template":"","meta":[],"product_brand":[],"product_cat":[119,135,106,132],"product_tag":[],"class_list":{"0":"post-18163","1":"product","2":"type-product","3":"status-publish","4":"has-post-thumbnail","6":"product_cat-housekeeping","7":"product_cat-bluzy","8":"product_cat-medycyna-i-kosmetyka","9":"product_cat-fartuchy","11":"first","12":"instock","13":"product-type-simple"},"yoast_head":"<!-- This site is optimized with the Yoast SEO plugin v25.3 - https:\/\/yoast.com\/wordpress\/plugins\/seo\/ -->\n<title>Fartuszek na st\u00f3jce - Grapil.pl \u2013 Profesjonalna Odzie\u017c S\u0142u\u017cbowa dla Bran\u017cy Kelnerskiej, HoReCa i Medycyny<\/title>\n<meta name=\"robots\" content=\"index, follow, max-snippet:-1, max-image-preview:large, max-video-preview:-1\" \/>\n<link rel=\"canonical\" href=\"https:\/\/grapil.pl\/en\/product\/stand-up-dress-2\/\" \/>\n<meta property=\"og:locale\" content=\"en_GB\" \/>\n<meta property=\"og:type\" content=\"article\" \/>\n<meta property=\"og:title\" content=\"Fartuszek na st\u00f3jce - Grapil.pl \u2013 Profesjonalna Odzie\u017c S\u0142u\u017cbowa dla Bran\u017cy Kelnerskiej, HoReCa i Medycyny\" \/>\n<meta property=\"og:description\" content=\"Fartuszek damski na st\u00f3jce z asymetrycznym zapi\u0119ciem. Kr\u00f3tki r\u0119kaw. Zapinany na 3 springi w kolorze sukienki, dalsze zapi\u0119cie kryte springi.\" \/>\n<meta property=\"og:url\" content=\"https:\/\/grapil.pl\/en\/product\/stand-up-dress-2\/\" \/>\n<meta property=\"og:site_name\" content=\"Grapil.pl \u2013 Profesjonalna Odzie\u017c S\u0142u\u017cbowa dla Bran\u017cy Kelnerskiej, HoReCa i Medycyny\" \/>\n<meta property=\"article:modified_time\" content=\"2026-02-17T13:13:17+00:00\" \/>\n<meta property=\"og:image\" content=\"https:\/\/grapil.pl\/wp-content\/uploads\/2025\/04\/fartuszek-niebieski-chat-kopia.jpg\" \/>\n\t<meta property=\"og:image:width\" content=\"600\" \/>\n\t<meta property=\"og:image:height\" content=\"800\" \/>\n\t<meta property=\"og:image:type\" content=\"image\/jpeg\" \/>\n<meta name=\"twitter:card\" content=\"summary_large_image\" \/>\n<meta name=\"twitter:label1\" content=\"Estimated reading time\" \/>\n\t<meta name=\"twitter:data1\" content=\"1 minute\" \/>\n<script type=\"application\/ld+json\" class=\"yoast-schema-graph\">{\"@context\":\"https:\/\/schema.org\",\"@graph\":[{\"@type\":\"WebPage\",\"@id\":\"https:\/\/grapil.pl\/produkt\/sukienka-na-stojce-2\/\",\"url\":\"https:\/\/grapil.pl\/produkt\/sukienka-na-stojce-2\/\",\"name\":\"Fartuszek na st\u00f3jce - Grapil.pl \u2013 Profesjonalna Odzie\u017c S\u0142u\u017cbowa dla Bran\u017cy Kelnerskiej, HoReCa i Medycyny\",\"isPartOf\":{\"@id\":\"https:\/\/grapil.pl\/#website\"},\"primaryImageOfPage\":{\"@id\":\"https:\/\/grapil.pl\/produkt\/sukienka-na-stojce-2\/#primaryimage\"},\"image\":{\"@id\":\"https:\/\/grapil.pl\/produkt\/sukienka-na-stojce-2\/#primaryimage\"},\"thumbnailUrl\":\"https:\/\/grapil.pl\/wp-content\/uploads\/2025\/04\/fartuszek-niebieski-chat-kopia.jpg\",\"datePublished\":\"2025-04-09T15:36:12+00:00\",\"dateModified\":\"2026-02-17T13:13:17+00:00\",\"breadcrumb\":{\"@id\":\"https:\/\/grapil.pl\/produkt\/sukienka-na-stojce-2\/#breadcrumb\"},\"inLanguage\":\"en-GB\",\"potentialAction\":[{\"@type\":\"ReadAction\",\"target\":[\"https:\/\/grapil.pl\/produkt\/sukienka-na-stojce-2\/\"]}]},{\"@type\":\"ImageObject\",\"inLanguage\":\"en-GB\",\"@id\":\"https:\/\/grapil.pl\/produkt\/sukienka-na-stojce-2\/#primaryimage\",\"url\":\"https:\/\/grapil.pl\/wp-content\/uploads\/2025\/04\/fartuszek-niebieski-chat-kopia.jpg\",\"contentUrl\":\"https:\/\/grapil.pl\/wp-content\/uploads\/2025\/04\/fartuszek-niebieski-chat-kopia.jpg\",\"width\":600,\"height\":800},{\"@type\":\"BreadcrumbList\",\"@id\":\"https:\/\/grapil.pl\/produkt\/sukienka-na-stojce-2\/#breadcrumb\",\"itemListElement\":[{\"@type\":\"ListItem\",\"position\":1,\"name\":\"Strona g\u0142\u00f3wna\",\"item\":\"https:\/\/grapil.pl\/\"},{\"@type\":\"ListItem\",\"position\":2,\"name\":\"sklep\",\"item\":\"https:\/\/grapil.pl\/sklep\/\"},{\"@type\":\"ListItem\",\"position\":3,\"name\":\"Fartuszek na st\u00f3jce\"}]},{\"@type\":\"WebSite\",\"@id\":\"https:\/\/grapil.pl\/#website\",\"url\":\"https:\/\/grapil.pl\/\",\"name\":\"Grapil.pl \u2013 Profesjonalna Odzie\u017c S\u0142u\u017cbowa dla Bran\u017cy Kelnerskiej, HoReCa i Medycyny\",\"description\":\"\",\"potentialAction\":[{\"@type\":\"SearchAction\",\"target\":{\"@type\":\"EntryPoint\",\"urlTemplate\":\"https:\/\/grapil.pl\/?s={search_term_string}\"},\"query-input\":{\"@type\":\"PropertyValueSpecification\",\"valueRequired\":true,\"valueName\":\"search_term_string\"}}],\"inLanguage\":\"en-GB\"}]}<\/script>\n<!-- \/ Yoast SEO plugin. -->","yoast_head_json":{"title":"Fartuszek na st\u00f3jce - Grapil.pl \u2013 Profesjonalna Odzie\u017c S\u0142u\u017cbowa dla Bran\u017cy Kelnerskiej, HoReCa i Medycyny","robots":{"index":"index","follow":"follow","max-snippet":"max-snippet:-1","max-image-preview":"max-image-preview:large","max-video-preview":"max-video-preview:-1"},"canonical":"https:\/\/grapil.pl\/en\/product\/stand-up-dress-2\/","og_locale":"en_GB","og_type":"article","og_title":"Fartuszek na st\u00f3jce - Grapil.pl \u2013 Profesjonalna Odzie\u017c S\u0142u\u017cbowa dla Bran\u017cy Kelnerskiej, HoReCa i Medycyny","og_description":"Fartuszek damski na st\u00f3jce z asymetrycznym zapi\u0119ciem. Kr\u00f3tki r\u0119kaw. Zapinany na 3 springi w kolorze sukienki, dalsze zapi\u0119cie kryte springi.","og_url":"https:\/\/grapil.pl\/en\/product\/stand-up-dress-2\/","og_site_name":"Grapil.pl \u2013 Profesjonalna Odzie\u017c S\u0142u\u017cbowa dla Bran\u017cy Kelnerskiej, HoReCa i Medycyny","article_modified_time":"2026-02-17T13:13:17+00:00","og_image":[{"width":600,"height":800,"url":"https:\/\/grapil.pl\/wp-content\/uploads\/2025\/04\/fartuszek-niebieski-chat-kopia.jpg","type":"image\/jpeg"}],"twitter_card":"summary_large_image","twitter_misc":{"Estimated reading time":"1 minute"},"schema":{"@context":"https:\/\/schema.org","@graph":[{"@type":"WebPage","@id":"https:\/\/grapil.pl\/produkt\/sukienka-na-stojce-2\/","url":"https:\/\/grapil.pl\/produkt\/sukienka-na-stojce-2\/","name":"Fartuszek na st\u00f3jce - Grapil.pl \u2013 Profesjonalna Odzie\u017c S\u0142u\u017cbowa dla Bran\u017cy Kelnerskiej, HoReCa i Medycyny","isPartOf":{"@id":"https:\/\/grapil.pl\/#website"},"primaryImageOfPage":{"@id":"https:\/\/grapil.pl\/produkt\/sukienka-na-stojce-2\/#primaryimage"},"image":{"@id":"https:\/\/grapil.pl\/produkt\/sukienka-na-stojce-2\/#primaryimage"},"thumbnailUrl":"https:\/\/grapil.pl\/wp-content\/uploads\/2025\/04\/fartuszek-niebieski-chat-kopia.jpg","datePublished":"2025-04-09T15:36:12+00:00","dateModified":"2026-02-17T13:13:17+00:00","breadcrumb":{"@id":"https:\/\/grapil.pl\/produkt\/sukienka-na-stojce-2\/#breadcrumb"},"inLanguage":"en-GB","potentialAction":[{"@type":"ReadAction","target":["https:\/\/grapil.pl\/produkt\/sukienka-na-stojce-2\/"]}]},{"@type":"ImageObject","inLanguage":"en-GB","@id":"https:\/\/grapil.pl\/produkt\/sukienka-na-stojce-2\/#primaryimage","url":"https:\/\/grapil.pl\/wp-content\/uploads\/2025\/04\/fartuszek-niebieski-chat-kopia.jpg","contentUrl":"https:\/\/grapil.pl\/wp-content\/uploads\/2025\/04\/fartuszek-niebieski-chat-kopia.jpg","width":600,"height":800},{"@type":"BreadcrumbList","@id":"https:\/\/grapil.pl\/produkt\/sukienka-na-stojce-2\/#breadcrumb","itemListElement":[{"@type":"ListItem","position":1,"name":"Strona g\u0142\u00f3wna","item":"https:\/\/grapil.pl\/"},{"@type":"ListItem","position":2,"name":"sklep","item":"https:\/\/grapil.pl\/sklep\/"},{"@type":"ListItem","position":3,"name":"Fartuszek na st\u00f3jce"}]},{"@type":"WebSite","@id":"https:\/\/grapil.pl\/#website","url":"https:\/\/grapil.pl\/","name":"Grapil.pl \u2013 Profesjonalna Odzie\u017c S\u0142u\u017cbowa dla Bran\u017cy Kelnerskiej, HoReCa i Medycyny","description":"","potentialAction":[{"@type":"SearchAction","target":{"@type":"EntryPoint","urlTemplate":"https:\/\/grapil.pl\/?s={search_term_string}"},"query-input":{"@type":"PropertyValueSpecification","valueRequired":true,"valueName":"search_term_string"}}],"inLanguage":"en-GB"}]}},"_links":{"self":[{"href":"https:\/\/grapil.pl\/en\/wp-json\/wp\/v2\/product\/18163","targetHints":{"allow":["GET"]}}],"collection":[{"href":"https:\/\/grapil.pl\/en\/wp-json\/wp\/v2\/product"}],"about":[{"href":"https:\/\/grapil.pl\/en\/wp-json\/wp\/v2\/types\/product"}],"version-history":[{"count":3,"href":"https:\/\/grapil.pl\/en\/wp-json\/wp\/v2\/product\/18163\/revisions"}],"predecessor-version":[{"id":21038,"href":"https:\/\/grapil.pl\/en\/wp-json\/wp\/v2\/product\/18163\/revisions\/21038"}],"wp:featuredmedia":[{"embeddable":true,"href":"https:\/\/grapil.pl\/en\/wp-json\/wp\/v2\/media\/25430"}],"wp:attachment":[{"href":"https:\/\/grapil.pl\/en\/wp-json\/wp\/v2\/media?parent=18163"}],"wp:term":[{"taxonomy":"product_brand","embeddable":true,"href":"https:\/\/grapil.pl\/en\/wp-json\/wp\/v2\/product_brand?post=18163"},{"taxonomy":"product_cat","embeddable":true,"href":"https:\/\/grapil.pl\/en\/wp-json\/wp\/v2\/product_cat?post=18163"},{"taxonomy":"product_tag","embeddable":true,"href":"https:\/\/grapil.pl\/en\/wp-json\/wp\/v2\/product_tag?post=18163"}],"curies":[{"name":"wp","href":"https:\/\/api.w.org\/{rel}","templated":true}]}}