{"id":18177,"date":"2025-04-09T17:36:12","date_gmt":"2025-04-09T15:36:12","guid":{"rendered":"https:\/\/grapil.pl\/produkt\/klasyczny-zakiet-damski\/"},"modified":"2026-02-17T14:01:22","modified_gmt":"2026-02-17T13:01:22","slug":"classic-womens-jacket","status":"publish","type":"product","link":"https:\/\/grapil.pl\/en\/product\/classic-womens-jacket\/","title":{"rendered":"Jacket 12"},"content":{"rendered":"<p style=\"font-weight: 400;\">Women&#039;s jacket, classic, lined. Fastened with 2 decorative buttons, slightly fitted, turn-down collar. No slits on the sleeves or back.<\/p>\n<p style=\"font-weight: 400;\">Colors: black, shades of gray and navy blue, others on request.<\/p>\n<p style=\"font-weight: 400;\">Fabric composition: with added elastane, blend of viscose, wool and 100% polyester, to be agreed.<\/p>\n<p style=\"font-weight: 400;\">Additional paid items:<\/p>\n<p style=\"font-weight: 400;\">- embroidery,<\/p>\n<p style=\"font-weight: 400;\">- different color,<\/p>\n<p style=\"font-weight: 400;\">- other buttons<\/p>\n<p style=\"font-weight: 400;\">\u2013 inside pockets,<\/p>\n<p style=\"font-weight: 400;\">\u2013 custom size.<\/p>\n<p style=\"font-weight: 400;\"><span style=\"color: #d43b3b;\">\u00a0<\/span><\/p>\n<p style=\"font-weight: 400;\"><span style=\"color: #d43b3b;\">The price is agreed individually with the client.<\/span><\/p>","protected":false},"excerpt":{"rendered":"<p>Women&#039;s jacket, classic, lined. Fastened with 2 decorative buttons, slightly fitted, turn-down collar. Without slits on the sleeves and<\/p>","protected":false},"featured_media":25401,"template":"","meta":[],"product_brand":[127],"product_cat":[82,145],"product_tag":[],"class_list":{"0":"post-18177","1":"product","2":"type-product","3":"status-publish","4":"has-post-thumbnail","6":"product_brand-produkt-na-zamowienie","7":"product_cat-hotelarstwo","8":"product_cat-zakiety","10":"first","11":"instock","12":"product-type-simple"},"yoast_head":"<!-- This site is optimized with the Yoast SEO plugin v25.3 - https:\/\/yoast.com\/wordpress\/plugins\/seo\/ -->\n<title>\u017bakiet 12 - Grapil.pl \u2013 Profesjonalna Odzie\u017c S\u0142u\u017cbowa dla Bran\u017cy Kelnerskiej, HoReCa i Medycyny<\/title>\n<meta name=\"robots\" content=\"index, follow, max-snippet:-1, max-image-preview:large, max-video-preview:-1\" \/>\n<link rel=\"canonical\" href=\"https:\/\/grapil.pl\/en\/product\/classic-womens-jacket\/\" \/>\n<meta property=\"og:locale\" content=\"en_GB\" \/>\n<meta property=\"og:type\" content=\"article\" \/>\n<meta property=\"og:title\" content=\"\u017bakiet 12 - Grapil.pl \u2013 Profesjonalna Odzie\u017c S\u0142u\u017cbowa dla Bran\u017cy Kelnerskiej, HoReCa i Medycyny\" \/>\n<meta property=\"og:description\" content=\"\u017bakiet damski, klasyczny, na podszewce. Zapinany na 2 guziki ozdobne, lekko taliowany, ko\u0142nierz wyk\u0142adany. Bez rozpork\u00f3w przy r\u0119kawach i z\" \/>\n<meta property=\"og:url\" content=\"https:\/\/grapil.pl\/en\/product\/classic-womens-jacket\/\" \/>\n<meta property=\"og:site_name\" content=\"Grapil.pl \u2013 Profesjonalna Odzie\u017c S\u0142u\u017cbowa dla Bran\u017cy Kelnerskiej, HoReCa i Medycyny\" \/>\n<meta property=\"article:modified_time\" content=\"2026-02-17T13:01:22+00:00\" \/>\n<meta property=\"og:image\" content=\"https:\/\/grapil.pl\/wp-content\/uploads\/2025\/04\/zakiet-13-kopia.jpg\" \/>\n\t<meta property=\"og:image:width\" content=\"600\" \/>\n\t<meta property=\"og:image:height\" content=\"800\" \/>\n\t<meta property=\"og:image:type\" content=\"image\/jpeg\" \/>\n<meta name=\"twitter:card\" content=\"summary_large_image\" \/>\n<meta name=\"twitter:label1\" content=\"Estimated reading time\" \/>\n\t<meta name=\"twitter:data1\" content=\"1 minute\" \/>\n<script type=\"application\/ld+json\" class=\"yoast-schema-graph\">{\"@context\":\"https:\/\/schema.org\",\"@graph\":[{\"@type\":\"WebPage\",\"@id\":\"https:\/\/grapil.pl\/produkt\/klasyczny-zakiet-damski\/\",\"url\":\"https:\/\/grapil.pl\/produkt\/klasyczny-zakiet-damski\/\",\"name\":\"\u017bakiet 12 - Grapil.pl \u2013 Profesjonalna Odzie\u017c S\u0142u\u017cbowa dla Bran\u017cy Kelnerskiej, HoReCa i Medycyny\",\"isPartOf\":{\"@id\":\"https:\/\/grapil.pl\/#website\"},\"primaryImageOfPage\":{\"@id\":\"https:\/\/grapil.pl\/produkt\/klasyczny-zakiet-damski\/#primaryimage\"},\"image\":{\"@id\":\"https:\/\/grapil.pl\/produkt\/klasyczny-zakiet-damski\/#primaryimage\"},\"thumbnailUrl\":\"https:\/\/grapil.pl\/wp-content\/uploads\/2025\/04\/zakiet-13-kopia.jpg\",\"datePublished\":\"2025-04-09T15:36:12+00:00\",\"dateModified\":\"2026-02-17T13:01:22+00:00\",\"breadcrumb\":{\"@id\":\"https:\/\/grapil.pl\/produkt\/klasyczny-zakiet-damski\/#breadcrumb\"},\"inLanguage\":\"en-GB\",\"potentialAction\":[{\"@type\":\"ReadAction\",\"target\":[\"https:\/\/grapil.pl\/produkt\/klasyczny-zakiet-damski\/\"]}]},{\"@type\":\"ImageObject\",\"inLanguage\":\"en-GB\",\"@id\":\"https:\/\/grapil.pl\/produkt\/klasyczny-zakiet-damski\/#primaryimage\",\"url\":\"https:\/\/grapil.pl\/wp-content\/uploads\/2025\/04\/zakiet-13-kopia.jpg\",\"contentUrl\":\"https:\/\/grapil.pl\/wp-content\/uploads\/2025\/04\/zakiet-13-kopia.jpg\",\"width\":600,\"height\":800},{\"@type\":\"BreadcrumbList\",\"@id\":\"https:\/\/grapil.pl\/produkt\/klasyczny-zakiet-damski\/#breadcrumb\",\"itemListElement\":[{\"@type\":\"ListItem\",\"position\":1,\"name\":\"Strona g\u0142\u00f3wna\",\"item\":\"https:\/\/grapil.pl\/\"},{\"@type\":\"ListItem\",\"position\":2,\"name\":\"sklep\",\"item\":\"https:\/\/grapil.pl\/sklep\/\"},{\"@type\":\"ListItem\",\"position\":3,\"name\":\"\u017bakiet 12\"}]},{\"@type\":\"WebSite\",\"@id\":\"https:\/\/grapil.pl\/#website\",\"url\":\"https:\/\/grapil.pl\/\",\"name\":\"Grapil.pl \u2013 Profesjonalna Odzie\u017c S\u0142u\u017cbowa dla Bran\u017cy Kelnerskiej, HoReCa i Medycyny\",\"description\":\"\",\"potentialAction\":[{\"@type\":\"SearchAction\",\"target\":{\"@type\":\"EntryPoint\",\"urlTemplate\":\"https:\/\/grapil.pl\/?s={search_term_string}\"},\"query-input\":{\"@type\":\"PropertyValueSpecification\",\"valueRequired\":true,\"valueName\":\"search_term_string\"}}],\"inLanguage\":\"en-GB\"}]}<\/script>\n<!-- \/ Yoast SEO plugin. -->","yoast_head_json":{"title":"\u017bakiet 12 - Grapil.pl \u2013 Profesjonalna Odzie\u017c S\u0142u\u017cbowa dla Bran\u017cy Kelnerskiej, HoReCa i Medycyny","robots":{"index":"index","follow":"follow","max-snippet":"max-snippet:-1","max-image-preview":"max-image-preview:large","max-video-preview":"max-video-preview:-1"},"canonical":"https:\/\/grapil.pl\/en\/product\/classic-womens-jacket\/","og_locale":"en_GB","og_type":"article","og_title":"\u017bakiet 12 - Grapil.pl \u2013 Profesjonalna Odzie\u017c S\u0142u\u017cbowa dla Bran\u017cy Kelnerskiej, HoReCa i Medycyny","og_description":"\u017bakiet damski, klasyczny, na podszewce. Zapinany na 2 guziki ozdobne, lekko taliowany, ko\u0142nierz wyk\u0142adany. Bez rozpork\u00f3w przy r\u0119kawach i z","og_url":"https:\/\/grapil.pl\/en\/product\/classic-womens-jacket\/","og_site_name":"Grapil.pl \u2013 Profesjonalna Odzie\u017c S\u0142u\u017cbowa dla Bran\u017cy Kelnerskiej, HoReCa i Medycyny","article_modified_time":"2026-02-17T13:01:22+00:00","og_image":[{"width":600,"height":800,"url":"https:\/\/grapil.pl\/wp-content\/uploads\/2025\/04\/zakiet-13-kopia.jpg","type":"image\/jpeg"}],"twitter_card":"summary_large_image","twitter_misc":{"Estimated reading time":"1 minute"},"schema":{"@context":"https:\/\/schema.org","@graph":[{"@type":"WebPage","@id":"https:\/\/grapil.pl\/produkt\/klasyczny-zakiet-damski\/","url":"https:\/\/grapil.pl\/produkt\/klasyczny-zakiet-damski\/","name":"\u017bakiet 12 - Grapil.pl \u2013 Profesjonalna Odzie\u017c S\u0142u\u017cbowa dla Bran\u017cy Kelnerskiej, HoReCa i Medycyny","isPartOf":{"@id":"https:\/\/grapil.pl\/#website"},"primaryImageOfPage":{"@id":"https:\/\/grapil.pl\/produkt\/klasyczny-zakiet-damski\/#primaryimage"},"image":{"@id":"https:\/\/grapil.pl\/produkt\/klasyczny-zakiet-damski\/#primaryimage"},"thumbnailUrl":"https:\/\/grapil.pl\/wp-content\/uploads\/2025\/04\/zakiet-13-kopia.jpg","datePublished":"2025-04-09T15:36:12+00:00","dateModified":"2026-02-17T13:01:22+00:00","breadcrumb":{"@id":"https:\/\/grapil.pl\/produkt\/klasyczny-zakiet-damski\/#breadcrumb"},"inLanguage":"en-GB","potentialAction":[{"@type":"ReadAction","target":["https:\/\/grapil.pl\/produkt\/klasyczny-zakiet-damski\/"]}]},{"@type":"ImageObject","inLanguage":"en-GB","@id":"https:\/\/grapil.pl\/produkt\/klasyczny-zakiet-damski\/#primaryimage","url":"https:\/\/grapil.pl\/wp-content\/uploads\/2025\/04\/zakiet-13-kopia.jpg","contentUrl":"https:\/\/grapil.pl\/wp-content\/uploads\/2025\/04\/zakiet-13-kopia.jpg","width":600,"height":800},{"@type":"BreadcrumbList","@id":"https:\/\/grapil.pl\/produkt\/klasyczny-zakiet-damski\/#breadcrumb","itemListElement":[{"@type":"ListItem","position":1,"name":"Strona g\u0142\u00f3wna","item":"https:\/\/grapil.pl\/"},{"@type":"ListItem","position":2,"name":"sklep","item":"https:\/\/grapil.pl\/sklep\/"},{"@type":"ListItem","position":3,"name":"\u017bakiet 12"}]},{"@type":"WebSite","@id":"https:\/\/grapil.pl\/#website","url":"https:\/\/grapil.pl\/","name":"Grapil.pl \u2013 Profesjonalna Odzie\u017c S\u0142u\u017cbowa dla Bran\u017cy Kelnerskiej, HoReCa i Medycyny","description":"","potentialAction":[{"@type":"SearchAction","target":{"@type":"EntryPoint","urlTemplate":"https:\/\/grapil.pl\/?s={search_term_string}"},"query-input":{"@type":"PropertyValueSpecification","valueRequired":true,"valueName":"search_term_string"}}],"inLanguage":"en-GB"}]}},"_links":{"self":[{"href":"https:\/\/grapil.pl\/en\/wp-json\/wp\/v2\/product\/18177","targetHints":{"allow":["GET"]}}],"collection":[{"href":"https:\/\/grapil.pl\/en\/wp-json\/wp\/v2\/product"}],"about":[{"href":"https:\/\/grapil.pl\/en\/wp-json\/wp\/v2\/types\/product"}],"version-history":[{"count":4,"href":"https:\/\/grapil.pl\/en\/wp-json\/wp\/v2\/product\/18177\/revisions"}],"predecessor-version":[{"id":25403,"href":"https:\/\/grapil.pl\/en\/wp-json\/wp\/v2\/product\/18177\/revisions\/25403"}],"wp:featuredmedia":[{"embeddable":true,"href":"https:\/\/grapil.pl\/en\/wp-json\/wp\/v2\/media\/25401"}],"wp:attachment":[{"href":"https:\/\/grapil.pl\/en\/wp-json\/wp\/v2\/media?parent=18177"}],"wp:term":[{"taxonomy":"product_brand","embeddable":true,"href":"https:\/\/grapil.pl\/en\/wp-json\/wp\/v2\/product_brand?post=18177"},{"taxonomy":"product_cat","embeddable":true,"href":"https:\/\/grapil.pl\/en\/wp-json\/wp\/v2\/product_cat?post=18177"},{"taxonomy":"product_tag","embeddable":true,"href":"https:\/\/grapil.pl\/en\/wp-json\/wp\/v2\/product_tag?post=18177"}],"curies":[{"name":"wp","href":"https:\/\/api.w.org\/{rel}","templated":true}]}}