{"id":18184,"date":"2025-04-09T17:36:12","date_gmt":"2025-04-09T15:36:12","guid":{"rendered":"https:\/\/grapil.pl\/produkt\/koszula-meska\/"},"modified":"2026-02-17T14:04:58","modified_gmt":"2026-02-17T13:04:58","slug":"mens-shirt","status":"publish","type":"product","link":"https:\/\/grapil.pl\/en\/product\/mens-shirt\/","title":{"rendered":"Men&#039;s shirt"},"content":{"rendered":"<p style=\"font-weight: 400;\">Men&#039;s shirt, slightly fitted, fastened with buttons in the color of the shirt. Finished with decorative, contrasting piping along the button placket, cuffs, around the inset pocket and buttoned pocket. In addition, the stand-up collar and yoke are in the color of the piping.<\/p>\n<p style=\"font-weight: 400;\">Colors: white, others on request.<\/p>\n<p style=\"font-weight: 400;\">Sk\u0142ad tkaniny: z dodatkiem elastanu 55%bawe\u0142ny\/45%.<\/p>\n<p style=\"font-weight: 400;\">Additional paid items:<\/p>\n<p style=\"font-weight: 400;\">- embroidery,<\/p>\n<p style=\"font-weight: 400;\">- different color,<\/p>\n<p style=\"font-weight: 400;\">\u2013 different fabric composition,<\/p>\n<p style=\"font-weight: 400;\">\u2013 custom size.<\/p>\n<p style=\"font-weight: 400;\"><span style=\"color: #d43b3b;\">\u00a0<\/span><\/p>","protected":false},"excerpt":{"rendered":"<p>Men&#039;s shirt, slightly fitted, fastened with buttons in the shirt color. Finished with decorative, contrasting piping along the button placket, cuffs,<\/p>","protected":false},"featured_media":25165,"template":"","meta":[],"product_brand":[127],"product_cat":[83,209,219,82,136,217],"product_tag":[],"class_list":{"0":"post-18184","1":"product","2":"type-product","3":"status-publish","4":"has-post-thumbnail","6":"product_brand-produkt-na-zamowienie","7":"product_cat-branza-kelnerska","8":"product_cat-profesjonalne-koszule-kelnerskie","9":"product_cat-koszule-meskie-profesjonalne-koszule-kelnerskie","10":"product_cat-hotelarstwo","11":"product_cat-koszule-hotelarska","12":"product_cat-koszule-meskie","14":"first","15":"instock","16":"product-type-simple"},"yoast_head":"<!-- This site is optimized with the Yoast SEO plugin v25.3 - https:\/\/yoast.com\/wordpress\/plugins\/seo\/ -->\n<title>Koszula m\u0119ska - Grapil.pl \u2013 Profesjonalna Odzie\u017c S\u0142u\u017cbowa dla Bran\u017cy Kelnerskiej, HoReCa i Medycyny<\/title>\n<meta name=\"robots\" content=\"index, follow, max-snippet:-1, max-image-preview:large, max-video-preview:-1\" \/>\n<link rel=\"canonical\" href=\"https:\/\/grapil.pl\/en\/product\/mens-shirt\/\" \/>\n<meta property=\"og:locale\" content=\"en_GB\" \/>\n<meta property=\"og:type\" content=\"article\" \/>\n<meta property=\"og:title\" content=\"Koszula m\u0119ska - Grapil.pl \u2013 Profesjonalna Odzie\u017c S\u0142u\u017cbowa dla Bran\u017cy Kelnerskiej, HoReCa i Medycyny\" \/>\n<meta property=\"og:description\" content=\"Koszula m\u0119ska, lekko dopasowana, zapinana \u00a0na guziki w kolorze koszuli. Wyko\u0144czona ozdobn\u0105, w kontrastowym kolorze wypustk\u0105 wzd\u0142u\u017c listwy guzikowej, mankiet\u00f3w,\" \/>\n<meta property=\"og:url\" content=\"https:\/\/grapil.pl\/en\/product\/mens-shirt\/\" \/>\n<meta property=\"og:site_name\" content=\"Grapil.pl \u2013 Profesjonalna Odzie\u017c S\u0142u\u017cbowa dla Bran\u017cy Kelnerskiej, HoReCa i Medycyny\" \/>\n<meta property=\"article:modified_time\" content=\"2026-02-17T13:04:58+00:00\" \/>\n<meta property=\"og:image\" content=\"https:\/\/grapil.pl\/wp-content\/uploads\/2025\/04\/KOszula-BEZ-NAZWY-3-kopia.jpg\" \/>\n\t<meta property=\"og:image:width\" content=\"600\" \/>\n\t<meta property=\"og:image:height\" content=\"800\" \/>\n\t<meta property=\"og:image:type\" content=\"image\/jpeg\" \/>\n<meta name=\"twitter:card\" content=\"summary_large_image\" \/>\n<meta name=\"twitter:label1\" content=\"Estimated reading time\" \/>\n\t<meta name=\"twitter:data1\" content=\"1 minute\" \/>\n<script type=\"application\/ld+json\" class=\"yoast-schema-graph\">{\"@context\":\"https:\/\/schema.org\",\"@graph\":[{\"@type\":\"WebPage\",\"@id\":\"https:\/\/grapil.pl\/produkt\/koszula-meska\/\",\"url\":\"https:\/\/grapil.pl\/produkt\/koszula-meska\/\",\"name\":\"Koszula m\u0119ska - Grapil.pl \u2013 Profesjonalna Odzie\u017c S\u0142u\u017cbowa dla Bran\u017cy Kelnerskiej, HoReCa i Medycyny\",\"isPartOf\":{\"@id\":\"https:\/\/grapil.pl\/#website\"},\"primaryImageOfPage\":{\"@id\":\"https:\/\/grapil.pl\/produkt\/koszula-meska\/#primaryimage\"},\"image\":{\"@id\":\"https:\/\/grapil.pl\/produkt\/koszula-meska\/#primaryimage\"},\"thumbnailUrl\":\"https:\/\/grapil.pl\/wp-content\/uploads\/2025\/04\/KOszula-BEZ-NAZWY-3-kopia.jpg\",\"datePublished\":\"2025-04-09T15:36:12+00:00\",\"dateModified\":\"2026-02-17T13:04:58+00:00\",\"breadcrumb\":{\"@id\":\"https:\/\/grapil.pl\/produkt\/koszula-meska\/#breadcrumb\"},\"inLanguage\":\"en-GB\",\"potentialAction\":[{\"@type\":\"ReadAction\",\"target\":[\"https:\/\/grapil.pl\/produkt\/koszula-meska\/\"]}]},{\"@type\":\"ImageObject\",\"inLanguage\":\"en-GB\",\"@id\":\"https:\/\/grapil.pl\/produkt\/koszula-meska\/#primaryimage\",\"url\":\"https:\/\/grapil.pl\/wp-content\/uploads\/2025\/04\/KOszula-BEZ-NAZWY-3-kopia.jpg\",\"contentUrl\":\"https:\/\/grapil.pl\/wp-content\/uploads\/2025\/04\/KOszula-BEZ-NAZWY-3-kopia.jpg\",\"width\":600,\"height\":800},{\"@type\":\"BreadcrumbList\",\"@id\":\"https:\/\/grapil.pl\/produkt\/koszula-meska\/#breadcrumb\",\"itemListElement\":[{\"@type\":\"ListItem\",\"position\":1,\"name\":\"Strona g\u0142\u00f3wna\",\"item\":\"https:\/\/grapil.pl\/\"},{\"@type\":\"ListItem\",\"position\":2,\"name\":\"sklep\",\"item\":\"https:\/\/grapil.pl\/sklep\/\"},{\"@type\":\"ListItem\",\"position\":3,\"name\":\"Koszula m\u0119ska\"}]},{\"@type\":\"WebSite\",\"@id\":\"https:\/\/grapil.pl\/#website\",\"url\":\"https:\/\/grapil.pl\/\",\"name\":\"Grapil.pl \u2013 Profesjonalna Odzie\u017c S\u0142u\u017cbowa dla Bran\u017cy Kelnerskiej, HoReCa i Medycyny\",\"description\":\"\",\"potentialAction\":[{\"@type\":\"SearchAction\",\"target\":{\"@type\":\"EntryPoint\",\"urlTemplate\":\"https:\/\/grapil.pl\/?s={search_term_string}\"},\"query-input\":{\"@type\":\"PropertyValueSpecification\",\"valueRequired\":true,\"valueName\":\"search_term_string\"}}],\"inLanguage\":\"en-GB\"}]}<\/script>\n<!-- \/ Yoast SEO plugin. -->","yoast_head_json":{"title":"Koszula m\u0119ska - Grapil.pl \u2013 Profesjonalna Odzie\u017c S\u0142u\u017cbowa dla Bran\u017cy Kelnerskiej, HoReCa i Medycyny","robots":{"index":"index","follow":"follow","max-snippet":"max-snippet:-1","max-image-preview":"max-image-preview:large","max-video-preview":"max-video-preview:-1"},"canonical":"https:\/\/grapil.pl\/en\/product\/mens-shirt\/","og_locale":"en_GB","og_type":"article","og_title":"Koszula m\u0119ska - Grapil.pl \u2013 Profesjonalna Odzie\u017c S\u0142u\u017cbowa dla Bran\u017cy Kelnerskiej, HoReCa i Medycyny","og_description":"Koszula m\u0119ska, lekko dopasowana, zapinana \u00a0na guziki w kolorze koszuli. Wyko\u0144czona ozdobn\u0105, w kontrastowym kolorze wypustk\u0105 wzd\u0142u\u017c listwy guzikowej, mankiet\u00f3w,","og_url":"https:\/\/grapil.pl\/en\/product\/mens-shirt\/","og_site_name":"Grapil.pl \u2013 Profesjonalna Odzie\u017c S\u0142u\u017cbowa dla Bran\u017cy Kelnerskiej, HoReCa i Medycyny","article_modified_time":"2026-02-17T13:04:58+00:00","og_image":[{"width":600,"height":800,"url":"https:\/\/grapil.pl\/wp-content\/uploads\/2025\/04\/KOszula-BEZ-NAZWY-3-kopia.jpg","type":"image\/jpeg"}],"twitter_card":"summary_large_image","twitter_misc":{"Estimated reading time":"1 minute"},"schema":{"@context":"https:\/\/schema.org","@graph":[{"@type":"WebPage","@id":"https:\/\/grapil.pl\/produkt\/koszula-meska\/","url":"https:\/\/grapil.pl\/produkt\/koszula-meska\/","name":"Koszula m\u0119ska - Grapil.pl \u2013 Profesjonalna Odzie\u017c S\u0142u\u017cbowa dla Bran\u017cy Kelnerskiej, HoReCa i Medycyny","isPartOf":{"@id":"https:\/\/grapil.pl\/#website"},"primaryImageOfPage":{"@id":"https:\/\/grapil.pl\/produkt\/koszula-meska\/#primaryimage"},"image":{"@id":"https:\/\/grapil.pl\/produkt\/koszula-meska\/#primaryimage"},"thumbnailUrl":"https:\/\/grapil.pl\/wp-content\/uploads\/2025\/04\/KOszula-BEZ-NAZWY-3-kopia.jpg","datePublished":"2025-04-09T15:36:12+00:00","dateModified":"2026-02-17T13:04:58+00:00","breadcrumb":{"@id":"https:\/\/grapil.pl\/produkt\/koszula-meska\/#breadcrumb"},"inLanguage":"en-GB","potentialAction":[{"@type":"ReadAction","target":["https:\/\/grapil.pl\/produkt\/koszula-meska\/"]}]},{"@type":"ImageObject","inLanguage":"en-GB","@id":"https:\/\/grapil.pl\/produkt\/koszula-meska\/#primaryimage","url":"https:\/\/grapil.pl\/wp-content\/uploads\/2025\/04\/KOszula-BEZ-NAZWY-3-kopia.jpg","contentUrl":"https:\/\/grapil.pl\/wp-content\/uploads\/2025\/04\/KOszula-BEZ-NAZWY-3-kopia.jpg","width":600,"height":800},{"@type":"BreadcrumbList","@id":"https:\/\/grapil.pl\/produkt\/koszula-meska\/#breadcrumb","itemListElement":[{"@type":"ListItem","position":1,"name":"Strona g\u0142\u00f3wna","item":"https:\/\/grapil.pl\/"},{"@type":"ListItem","position":2,"name":"sklep","item":"https:\/\/grapil.pl\/sklep\/"},{"@type":"ListItem","position":3,"name":"Koszula m\u0119ska"}]},{"@type":"WebSite","@id":"https:\/\/grapil.pl\/#website","url":"https:\/\/grapil.pl\/","name":"Grapil.pl \u2013 Profesjonalna Odzie\u017c S\u0142u\u017cbowa dla Bran\u017cy Kelnerskiej, HoReCa i Medycyny","description":"","potentialAction":[{"@type":"SearchAction","target":{"@type":"EntryPoint","urlTemplate":"https:\/\/grapil.pl\/?s={search_term_string}"},"query-input":{"@type":"PropertyValueSpecification","valueRequired":true,"valueName":"search_term_string"}}],"inLanguage":"en-GB"}]}},"_links":{"self":[{"href":"https:\/\/grapil.pl\/en\/wp-json\/wp\/v2\/product\/18184","targetHints":{"allow":["GET"]}}],"collection":[{"href":"https:\/\/grapil.pl\/en\/wp-json\/wp\/v2\/product"}],"about":[{"href":"https:\/\/grapil.pl\/en\/wp-json\/wp\/v2\/types\/product"}],"version-history":[{"count":2,"href":"https:\/\/grapil.pl\/en\/wp-json\/wp\/v2\/product\/18184\/revisions"}],"predecessor-version":[{"id":21045,"href":"https:\/\/grapil.pl\/en\/wp-json\/wp\/v2\/product\/18184\/revisions\/21045"}],"wp:featuredmedia":[{"embeddable":true,"href":"https:\/\/grapil.pl\/en\/wp-json\/wp\/v2\/media\/25165"}],"wp:attachment":[{"href":"https:\/\/grapil.pl\/en\/wp-json\/wp\/v2\/media?parent=18184"}],"wp:term":[{"taxonomy":"product_brand","embeddable":true,"href":"https:\/\/grapil.pl\/en\/wp-json\/wp\/v2\/product_brand?post=18184"},{"taxonomy":"product_cat","embeddable":true,"href":"https:\/\/grapil.pl\/en\/wp-json\/wp\/v2\/product_cat?post=18184"},{"taxonomy":"product_tag","embeddable":true,"href":"https:\/\/grapil.pl\/en\/wp-json\/wp\/v2\/product_tag?post=18184"}],"curies":[{"name":"wp","href":"https:\/\/api.w.org\/{rel}","templated":true}]}}