{"id":18249,"date":"2025-04-09T17:36:41","date_gmt":"2025-04-09T15:36:41","guid":{"rendered":"https:\/\/grapil.pl\/produkt\/spodnie-robocze-do-pasa-urg-710wariant1\/"},"modified":"2025-04-09T17:36:50","modified_gmt":"2025-04-09T15:36:50","slug":"work-trousers-to-the-waist-urg-710variant1","status":"publish","type":"product","link":"https:\/\/grapil.pl\/en\/product\/work-trousers-to-the-waist-urg-710variant1\/","title":{"rendered":"URG 710 waist work trousers{variant1}"},"content":{"rendered":"<p><strong><span style=\"font-size:14pt;\">URG-710 waist work trousers<\/span><\/strong><\/p>\n<p>Urgent brand trousers made of material <strong>SOFTSHELL: 92% polyester, 8% spandex, grammage 250g\/m2<\/strong>. The softshell fabric is made of polyester and 8% spandex, which means that the Urgent Urg-710 pants are flexible and comfortable. The softshell material is waterproof and breathable.<\/p>\n<p><span style=\"color:#ff0000;\">Possibility of printing. Please contact us!<\/span><\/p>\n<p>Size chart:<\/p>\n<table style=\"height:230px;width:861px;\">\n<tbody>\n<tr style=\"height:50.4261px;\">\n<td style=\"width:83px;height:50.4261px;text-align:center;\">Size<\/td>\n<td style=\"width:70px;height:50.4261px;text-align:center;\">44<\/td>\n<td style=\"width:70px;height:50.4261px;text-align:center;\">46<\/td>\n<td style=\"width:70px;height:50.4261px;text-align:center;\">48<\/td>\n<td style=\"width:70px;height:50.4261px;text-align:center;\">50<\/td>\n<td style=\"width:70px;height:50.4261px;text-align:center;\">52<\/td>\n<td style=\"width:70px;height:50.4261px;text-align:center;\">54<\/td>\n<td style=\"width:70px;height:50.4261px;text-align:center;\">56<\/td>\n<td style=\"width:71px;height:50.4261px;text-align:center;\">58<\/td>\n<td style=\"width:72px;height:50.4261px;text-align:center;\">60<\/td>\n<td style=\"width:75px;height:50.4261px;text-align:center;\">62<\/td>\n<\/tr>\n<tr style=\"height:42px;\">\n<td style=\"width:83px;height:42px;text-align:center;\">Waist length<\/td>\n<td style=\"width:70px;height:42px;text-align:center;\">37<\/td>\n<td style=\"width:70px;height:42px;text-align:center;\">39<\/td>\n<td style=\"width:70px;height:42px;text-align:center;\">41<\/td>\n<td style=\"width:70px;height:42px;text-align:center;\">43<\/td>\n<td style=\"width:70px;height:42px;text-align:center;\">45<\/td>\n<td style=\"width:70px;height:42px;text-align:center;\">47<\/td>\n<td style=\"width:70px;height:42px;text-align:center;\">49<\/td>\n<td style=\"width:71px;height:42px;text-align:center;\">51<\/td>\n<td style=\"width:72px;height:42px;text-align:center;\">53<\/td>\n<td style=\"width:75px;height:42px;text-align:center;\">55<\/td>\n<\/tr>\n<tr style=\"height:43px;\">\n<td style=\"width:83px;height:43px;text-align:center;\">Hip length<\/td>\n<td style=\"width:70px;height:43px;text-align:center;\">48<\/td>\n<td style=\"width:70px;height:43px;text-align:center;\">50<\/td>\n<td style=\"width:70px;height:43px;text-align:center;\">52<\/td>\n<td style=\"width:70px;height:43px;text-align:center;\">54<\/td>\n<td style=\"width:70px;height:43px;text-align:center;\">56<\/td>\n<td style=\"width:70px;height:43px;text-align:center;\">58<\/td>\n<td style=\"width:70px;height:43px;text-align:center;\">60<\/td>\n<td style=\"width:71px;height:43px;text-align:center;\">62<\/td>\n<td style=\"width:72px;height:43px;text-align:center;\">64<\/td>\n<td style=\"width:75px;height:43px;text-align:center;\">66<\/td>\n<\/tr>\n<tr style=\"height:43px;\">\n<td style=\"width:83px;height:43px;text-align:center;\">Leg length<\/td>\n<td style=\"width:70px;height:43px;text-align:center;\">103<\/td>\n<td style=\"width:70px;height:43px;text-align:center;\">104<\/td>\n<td style=\"width:70px;height:43px;text-align:center;\">105<\/td>\n<td style=\"width:70px;height:43px;text-align:center;\">106<\/td>\n<td style=\"width:70px;height:43px;text-align:center;\">107<\/td>\n<td style=\"width:70px;height:43px;text-align:center;\">108<\/td>\n<td style=\"width:70px;height:43px;text-align:center;\">109<\/td>\n<td style=\"width:71px;height:43px;text-align:center;\">110<\/td>\n<td style=\"width:72px;height:43px;text-align:center;\">111<\/td>\n<td style=\"width:75px;height:43px;text-align:center;\">112<\/td>\n<\/tr>\n<tr style=\"height:43px;\">\n<td style=\"width:83px;height:43px;text-align:center;\">Leg width<\/td>\n<td style=\"width:70px;height:43px;text-align:center;\">20<\/td>\n<td style=\"width:70px;height:43px;text-align:center;\">20<\/td>\n<td style=\"width:70px;height:43px;text-align:center;\">21<\/td>\n<td style=\"width:70px;height:43px;text-align:center;\">21<\/td>\n<td style=\"width:70px;height:43px;text-align:center;\">22<\/td>\n<td style=\"width:70px;height:43px;text-align:center;\">22<\/td>\n<td style=\"width:70px;height:43px;text-align:center;\">23<\/td>\n<td style=\"width:71px;height:43px;text-align:center;\">23<\/td>\n<td style=\"width:72px;height:43px;text-align:center;\">24<\/td>\n<td style=\"width:75px;height:43px;text-align:center;\">24<\/td>\n<\/tr>\n<\/tbody>\n<\/table>","protected":false},"excerpt":{"rendered":"<p>URG-710 Work Trousers Urgent brand trousers made of SOFTSHELL material: 92% polyester, 8% spandex, weight 250g\/m2. Softshell fabric is made of<\/p>","protected":false},"featured_media":18251,"template":"","meta":[],"product_brand":[88],"product_cat":[86,92,93],"product_tag":[],"class_list":{"0":"post-18249","1":"product","2":"type-product","3":"status-publish","4":"has-post-thumbnail","6":"product_brand-urgent","7":"product_cat-sklepbhp","8":"product_cat-odziez-robocza","9":"product_cat-spodnie-robocze","11":"first","12":"instock","13":"product-type-simple"},"yoast_head":"<!-- This site is optimized with the Yoast SEO plugin v25.3 - https:\/\/yoast.com\/wordpress\/plugins\/seo\/ -->\n<title>Spodnie robocze do pasa URG 710{wariant1} - Grapil.pl \u2013 Profesjonalna Odzie\u017c S\u0142u\u017cbowa dla Bran\u017cy Kelnerskiej, HoReCa i Medycyny<\/title>\n<meta name=\"robots\" content=\"index, follow, max-snippet:-1, max-image-preview:large, max-video-preview:-1\" \/>\n<link rel=\"canonical\" href=\"https:\/\/grapil.pl\/en\/product\/work-trousers-to-the-waist-urg-710variant1\/\" \/>\n<meta property=\"og:locale\" content=\"en_GB\" \/>\n<meta property=\"og:type\" content=\"article\" \/>\n<meta property=\"og:title\" content=\"Spodnie robocze do pasa URG 710{wariant1} - Grapil.pl \u2013 Profesjonalna Odzie\u017c S\u0142u\u017cbowa dla Bran\u017cy Kelnerskiej, HoReCa i Medycyny\" \/>\n<meta property=\"og:description\" content=\"Spodnie robocze do pasa URG-710 Spodnie marki Urgent\u00a0wykonane z materia\u0142u SOFTSHELL: 92% poliester, 8% spandex, gramatura 250g\/m2.\u00a0Tkanina softshell jest wykonana\" \/>\n<meta property=\"og:url\" content=\"https:\/\/grapil.pl\/en\/product\/work-trousers-to-the-waist-urg-710variant1\/\" \/>\n<meta property=\"og:site_name\" content=\"Grapil.pl \u2013 Profesjonalna Odzie\u017c S\u0142u\u017cbowa dla Bran\u017cy Kelnerskiej, HoReCa i Medycyny\" \/>\n<meta property=\"article:modified_time\" content=\"2025-04-09T15:36:50+00:00\" \/>\n<meta property=\"og:image\" content=\"https:\/\/grapil.pl\/wp-content\/uploads\/2025\/04\/18439.jpg\" \/>\n\t<meta property=\"og:image:width\" content=\"1200\" \/>\n\t<meta property=\"og:image:height\" content=\"1200\" \/>\n\t<meta property=\"og:image:type\" content=\"image\/jpeg\" \/>\n<meta name=\"twitter:card\" content=\"summary_large_image\" \/>\n<script type=\"application\/ld+json\" class=\"yoast-schema-graph\">{\"@context\":\"https:\/\/schema.org\",\"@graph\":[{\"@type\":\"WebPage\",\"@id\":\"https:\/\/grapil.pl\/produkt\/spodnie-robocze-do-pasa-urg-710wariant1\/\",\"url\":\"https:\/\/grapil.pl\/produkt\/spodnie-robocze-do-pasa-urg-710wariant1\/\",\"name\":\"Spodnie robocze do pasa URG 710{wariant1} - Grapil.pl \u2013 Profesjonalna Odzie\u017c S\u0142u\u017cbowa dla Bran\u017cy Kelnerskiej, HoReCa i Medycyny\",\"isPartOf\":{\"@id\":\"https:\/\/grapil.pl\/#website\"},\"primaryImageOfPage\":{\"@id\":\"https:\/\/grapil.pl\/produkt\/spodnie-robocze-do-pasa-urg-710wariant1\/#primaryimage\"},\"image\":{\"@id\":\"https:\/\/grapil.pl\/produkt\/spodnie-robocze-do-pasa-urg-710wariant1\/#primaryimage\"},\"thumbnailUrl\":\"https:\/\/grapil.pl\/wp-content\/uploads\/2025\/04\/18439.jpg\",\"datePublished\":\"2025-04-09T15:36:41+00:00\",\"dateModified\":\"2025-04-09T15:36:50+00:00\",\"breadcrumb\":{\"@id\":\"https:\/\/grapil.pl\/produkt\/spodnie-robocze-do-pasa-urg-710wariant1\/#breadcrumb\"},\"inLanguage\":\"en-GB\",\"potentialAction\":[{\"@type\":\"ReadAction\",\"target\":[\"https:\/\/grapil.pl\/produkt\/spodnie-robocze-do-pasa-urg-710wariant1\/\"]}]},{\"@type\":\"ImageObject\",\"inLanguage\":\"en-GB\",\"@id\":\"https:\/\/grapil.pl\/produkt\/spodnie-robocze-do-pasa-urg-710wariant1\/#primaryimage\",\"url\":\"https:\/\/grapil.pl\/wp-content\/uploads\/2025\/04\/18439.jpg\",\"contentUrl\":\"https:\/\/grapil.pl\/wp-content\/uploads\/2025\/04\/18439.jpg\",\"width\":1200,\"height\":1200},{\"@type\":\"BreadcrumbList\",\"@id\":\"https:\/\/grapil.pl\/produkt\/spodnie-robocze-do-pasa-urg-710wariant1\/#breadcrumb\",\"itemListElement\":[{\"@type\":\"ListItem\",\"position\":1,\"name\":\"Strona g\u0142\u00f3wna\",\"item\":\"https:\/\/grapil.pl\/\"},{\"@type\":\"ListItem\",\"position\":2,\"name\":\"sklep\",\"item\":\"https:\/\/grapil.pl\/sklep\/\"},{\"@type\":\"ListItem\",\"position\":3,\"name\":\"Spodnie robocze do pasa URG 710{wariant1}\"}]},{\"@type\":\"WebSite\",\"@id\":\"https:\/\/grapil.pl\/#website\",\"url\":\"https:\/\/grapil.pl\/\",\"name\":\"Grapil.pl \u2013 Profesjonalna Odzie\u017c S\u0142u\u017cbowa dla Bran\u017cy Kelnerskiej, HoReCa i Medycyny\",\"description\":\"\",\"potentialAction\":[{\"@type\":\"SearchAction\",\"target\":{\"@type\":\"EntryPoint\",\"urlTemplate\":\"https:\/\/grapil.pl\/?s={search_term_string}\"},\"query-input\":{\"@type\":\"PropertyValueSpecification\",\"valueRequired\":true,\"valueName\":\"search_term_string\"}}],\"inLanguage\":\"en-GB\"}]}<\/script>\n<!-- \/ Yoast SEO plugin. -->","yoast_head_json":{"title":"Spodnie robocze do pasa URG 710{wariant1} - Grapil.pl \u2013 Profesjonalna Odzie\u017c S\u0142u\u017cbowa dla Bran\u017cy Kelnerskiej, HoReCa i Medycyny","robots":{"index":"index","follow":"follow","max-snippet":"max-snippet:-1","max-image-preview":"max-image-preview:large","max-video-preview":"max-video-preview:-1"},"canonical":"https:\/\/grapil.pl\/en\/product\/work-trousers-to-the-waist-urg-710variant1\/","og_locale":"en_GB","og_type":"article","og_title":"Spodnie robocze do pasa URG 710{wariant1} - Grapil.pl \u2013 Profesjonalna Odzie\u017c S\u0142u\u017cbowa dla Bran\u017cy Kelnerskiej, HoReCa i Medycyny","og_description":"Spodnie robocze do pasa URG-710 Spodnie marki Urgent\u00a0wykonane z materia\u0142u SOFTSHELL: 92% poliester, 8% spandex, gramatura 250g\/m2.\u00a0Tkanina softshell jest wykonana","og_url":"https:\/\/grapil.pl\/en\/product\/work-trousers-to-the-waist-urg-710variant1\/","og_site_name":"Grapil.pl \u2013 Profesjonalna Odzie\u017c S\u0142u\u017cbowa dla Bran\u017cy Kelnerskiej, HoReCa i Medycyny","article_modified_time":"2025-04-09T15:36:50+00:00","og_image":[{"width":1200,"height":1200,"url":"https:\/\/grapil.pl\/wp-content\/uploads\/2025\/04\/18439.jpg","type":"image\/jpeg"}],"twitter_card":"summary_large_image","schema":{"@context":"https:\/\/schema.org","@graph":[{"@type":"WebPage","@id":"https:\/\/grapil.pl\/produkt\/spodnie-robocze-do-pasa-urg-710wariant1\/","url":"https:\/\/grapil.pl\/produkt\/spodnie-robocze-do-pasa-urg-710wariant1\/","name":"Spodnie robocze do pasa URG 710{wariant1} - Grapil.pl \u2013 Profesjonalna Odzie\u017c S\u0142u\u017cbowa dla Bran\u017cy Kelnerskiej, HoReCa i Medycyny","isPartOf":{"@id":"https:\/\/grapil.pl\/#website"},"primaryImageOfPage":{"@id":"https:\/\/grapil.pl\/produkt\/spodnie-robocze-do-pasa-urg-710wariant1\/#primaryimage"},"image":{"@id":"https:\/\/grapil.pl\/produkt\/spodnie-robocze-do-pasa-urg-710wariant1\/#primaryimage"},"thumbnailUrl":"https:\/\/grapil.pl\/wp-content\/uploads\/2025\/04\/18439.jpg","datePublished":"2025-04-09T15:36:41+00:00","dateModified":"2025-04-09T15:36:50+00:00","breadcrumb":{"@id":"https:\/\/grapil.pl\/produkt\/spodnie-robocze-do-pasa-urg-710wariant1\/#breadcrumb"},"inLanguage":"en-GB","potentialAction":[{"@type":"ReadAction","target":["https:\/\/grapil.pl\/produkt\/spodnie-robocze-do-pasa-urg-710wariant1\/"]}]},{"@type":"ImageObject","inLanguage":"en-GB","@id":"https:\/\/grapil.pl\/produkt\/spodnie-robocze-do-pasa-urg-710wariant1\/#primaryimage","url":"https:\/\/grapil.pl\/wp-content\/uploads\/2025\/04\/18439.jpg","contentUrl":"https:\/\/grapil.pl\/wp-content\/uploads\/2025\/04\/18439.jpg","width":1200,"height":1200},{"@type":"BreadcrumbList","@id":"https:\/\/grapil.pl\/produkt\/spodnie-robocze-do-pasa-urg-710wariant1\/#breadcrumb","itemListElement":[{"@type":"ListItem","position":1,"name":"Strona g\u0142\u00f3wna","item":"https:\/\/grapil.pl\/"},{"@type":"ListItem","position":2,"name":"sklep","item":"https:\/\/grapil.pl\/sklep\/"},{"@type":"ListItem","position":3,"name":"Spodnie robocze do pasa URG 710{wariant1}"}]},{"@type":"WebSite","@id":"https:\/\/grapil.pl\/#website","url":"https:\/\/grapil.pl\/","name":"Grapil.pl \u2013 Profesjonalna Odzie\u017c S\u0142u\u017cbowa dla Bran\u017cy Kelnerskiej, HoReCa i Medycyny","description":"","potentialAction":[{"@type":"SearchAction","target":{"@type":"EntryPoint","urlTemplate":"https:\/\/grapil.pl\/?s={search_term_string}"},"query-input":{"@type":"PropertyValueSpecification","valueRequired":true,"valueName":"search_term_string"}}],"inLanguage":"en-GB"}]}},"_links":{"self":[{"href":"https:\/\/grapil.pl\/en\/wp-json\/wp\/v2\/product\/18249","targetHints":{"allow":["GET"]}}],"collection":[{"href":"https:\/\/grapil.pl\/en\/wp-json\/wp\/v2\/product"}],"about":[{"href":"https:\/\/grapil.pl\/en\/wp-json\/wp\/v2\/types\/product"}],"version-history":[{"count":1,"href":"https:\/\/grapil.pl\/en\/wp-json\/wp\/v2\/product\/18249\/revisions"}],"predecessor-version":[{"id":18250,"href":"https:\/\/grapil.pl\/en\/wp-json\/wp\/v2\/product\/18249\/revisions\/18250"}],"wp:featuredmedia":[{"embeddable":true,"href":"https:\/\/grapil.pl\/en\/wp-json\/wp\/v2\/media\/18251"}],"wp:attachment":[{"href":"https:\/\/grapil.pl\/en\/wp-json\/wp\/v2\/media?parent=18249"}],"wp:term":[{"taxonomy":"product_brand","embeddable":true,"href":"https:\/\/grapil.pl\/en\/wp-json\/wp\/v2\/product_brand?post=18249"},{"taxonomy":"product_cat","embeddable":true,"href":"https:\/\/grapil.pl\/en\/wp-json\/wp\/v2\/product_cat?post=18249"},{"taxonomy":"product_tag","embeddable":true,"href":"https:\/\/grapil.pl\/en\/wp-json\/wp\/v2\/product_tag?post=18249"}],"curies":[{"name":"wp","href":"https:\/\/api.w.org\/{rel}","templated":true}]}}