{"id":18259,"date":"2025-04-09T17:36:41","date_gmt":"2025-04-09T15:36:41","guid":{"rendered":"https:\/\/grapil.pl\/produkt\/ogrodniczki-robocze-hobart\/"},"modified":"2025-04-09T17:36:53","modified_gmt":"2025-04-09T15:36:53","slug":"hobart-work-dungarees","status":"publish","type":"product","link":"https:\/\/grapil.pl\/en\/product\/hobart-work-dungarees\/","title":{"rendered":"Hobart Work Dungarees"},"content":{"rendered":"<p><strong><span style=\"font-size:14pt;\">Hobart Dungarees<\/span><\/strong><\/p>\n<p>Trousers designed for all types of work in a dry environment: assembly, construction and warehouse. The elastic waistband helps adjust the garment to the worker&#039;s body.<\/p>\n<ul>\n<li>\u00a0Knee reinforcements: 600D polyester<\/li>\n<li>Large, multi-functional pockets, reinforced with bartacks<\/li>\n<li>Elastic cuffs to adjust the garment to the body<\/li>\n<li>CE marking category I, compliance with EN 13688<\/li>\n<\/ul>\n<p>Material: <strong>97% cotton, 3% spandex, grams. 270g\/m2<\/strong><\/p>\n<p>\u00a0<\/p>\n<p><span style=\"color:#ff0000;\">Possibility of embroidery or screen printing \u2013 please contact us!<\/span><\/p>\n<p>\u00a0<\/p>\n<p>Size chart<\/p>\n<table style=\"height:146px;\" width=\"708\">\n<tbody>\n<tr style=\"height:35px;\">\n<td style=\"width:72px;height:35px;text-align:center;\">Size<\/td>\n<td style=\"width:56px;height:35px;text-align:center;\">46<\/td>\n<td style=\"width:56px;height:35px;text-align:center;\">48<\/td>\n<td style=\"width:56px;height:35px;text-align:center;\">50<\/td>\n<td style=\"width:56px;height:35px;text-align:center;\">52<\/td>\n<td style=\"width:57px;height:35px;text-align:center;\">54<\/td>\n<td style=\"width:57px;height:35px;text-align:center;\">56<\/td>\n<td style=\"width:57px;height:35px;text-align:center;\">58<\/td>\n<td style=\"width:57px;height:35px;text-align:center;\">60<\/td>\n<td style=\"width:57px;height:35px;text-align:center;\">62<\/td>\n<td style=\"width:57px;height:35px;text-align:center;\">64<\/td>\n<\/tr>\n<tr style=\"height:34px;\">\n<td style=\"width:72px;height:34px;text-align:center;\">Growth<\/td>\n<td style=\"width:56px;height:34px;text-align:center;\">170-176<\/td>\n<td style=\"width:56px;height:34px;text-align:center;\">170-176<\/td>\n<td style=\"width:56px;height:34px;text-align:center;\">176-182<\/td>\n<td style=\"width:56px;height:34px;text-align:center;\">176-182<\/td>\n<td style=\"width:57px;height:34px;text-align:center;\">182-188<\/td>\n<td style=\"width:57px;height:34px;text-align:center;\">182-188<\/td>\n<td style=\"width:57px;height:34px;text-align:center;\">182-188<\/td>\n<td style=\"width:57px;height:34px;text-align:center;\">182-188<\/td>\n<td style=\"width:57px;height:34px;text-align:center;\">188-194<\/td>\n<td style=\"width:57px;height:34px;text-align:center;\">188-194<\/td>\n<\/tr>\n<tr style=\"height:34px;\">\n<td style=\"width:72px;height:34px;text-align:center;\">Chest circumference<\/td>\n<td style=\"width:56px;height:34px;text-align:center;\">104-108<\/td>\n<td style=\"width:56px;height:34px;text-align:center;\">108-116<\/td>\n<td style=\"width:56px;height:34px;text-align:center;\">112-120<\/td>\n<td style=\"width:56px;height:34px;text-align:center;\">116-124<\/td>\n<td style=\"width:57px;height:34px;text-align:center;\">120-128<\/td>\n<td style=\"width:57px;height:34px;text-align:center;\">124-132<\/td>\n<td style=\"width:57px;height:34px;text-align:center;\">128-136<\/td>\n<td style=\"width:57px;height:34px;text-align:center;\">132-140<\/td>\n<td style=\"width:57px;height:34px;text-align:center;\">136-144<\/td>\n<td style=\"width:57px;height:34px;text-align:center;\">140-148<\/td>\n<\/tr>\n<tr style=\"height:49px;\">\n<td style=\"width:72px;height:49px;text-align:center;\">Waist circumference<\/td>\n<td style=\"width:56px;height:49px;text-align:center;\">80-84<\/td>\n<td style=\"width:56px;height:49px;text-align:center;\">84-88<\/td>\n<td style=\"width:56px;height:49px;text-align:center;\">88-92<\/td>\n<td style=\"width:56px;height:49px;text-align:center;\">92-100<\/td>\n<td style=\"width:57px;height:49px;text-align:center;\">100-104<\/td>\n<td style=\"width:57px;height:49px;text-align:center;\">104-112<\/td>\n<td style=\"width:57px;height:49px;text-align:center;\">112-116<\/td>\n<td style=\"width:57px;height:49px;text-align:center;\">116-124<\/td>\n<td style=\"width:57px;height:49px;text-align:center;\">124-128<\/td>\n<td style=\"width:57px;height:49px;text-align:center;\">128-132<\/td>\n<\/tr>\n<\/tbody>\n<\/table>\n<p>\u00a0<\/p>","protected":false},"excerpt":{"rendered":"<p>Hobart work dungarees Trousers designed for all types of work in a dry environment: assembly, construction and warehousing.<\/p>","protected":false},"featured_media":18261,"template":"","meta":[],"product_brand":[155],"product_cat":[86,92,93],"product_tag":[],"class_list":{"0":"post-18259","1":"product","2":"type-product","3":"status-publish","4":"has-post-thumbnail","6":"product_brand-marelplus","7":"product_cat-sklepbhp","8":"product_cat-odziez-robocza","9":"product_cat-spodnie-robocze","11":"first","12":"instock","13":"product-type-simple"},"yoast_head":"<!-- This site is optimized with the Yoast SEO plugin v25.3 - https:\/\/yoast.com\/wordpress\/plugins\/seo\/ -->\n<title>Ogrodniczki robocze Hobart - Grapil.pl \u2013 Profesjonalna Odzie\u017c S\u0142u\u017cbowa dla Bran\u017cy Kelnerskiej, HoReCa i Medycyny<\/title>\n<meta name=\"robots\" content=\"index, follow, max-snippet:-1, max-image-preview:large, max-video-preview:-1\" \/>\n<link rel=\"canonical\" href=\"https:\/\/grapil.pl\/en\/product\/hobart-work-dungarees\/\" \/>\n<meta property=\"og:locale\" content=\"en_GB\" \/>\n<meta property=\"og:type\" content=\"article\" \/>\n<meta property=\"og:title\" content=\"Ogrodniczki robocze Hobart - Grapil.pl \u2013 Profesjonalna Odzie\u017c S\u0142u\u017cbowa dla Bran\u017cy Kelnerskiej, HoReCa i Medycyny\" \/>\n<meta property=\"og:description\" content=\"Spodnie robocze ogrodniczki Hobart Spodnie stworzone z my\u015bl\u0105 o wszelkiego rodzaju pracach roboczych w \u015brodowisku suchym: monta\u017cowych, budowlanych oraz magazynowych.\" \/>\n<meta property=\"og:url\" content=\"https:\/\/grapil.pl\/en\/product\/hobart-work-dungarees\/\" \/>\n<meta property=\"og:site_name\" content=\"Grapil.pl \u2013 Profesjonalna Odzie\u017c S\u0142u\u017cbowa dla Bran\u017cy Kelnerskiej, HoReCa i Medycyny\" \/>\n<meta property=\"article:modified_time\" content=\"2025-04-09T15:36:53+00:00\" \/>\n<meta property=\"og:image\" content=\"https:\/\/grapil.pl\/wp-content\/uploads\/2025\/04\/5661.jpg\" \/>\n\t<meta property=\"og:image:width\" content=\"772\" \/>\n\t<meta property=\"og:image:height\" content=\"2046\" \/>\n\t<meta property=\"og:image:type\" content=\"image\/jpeg\" \/>\n<meta name=\"twitter:card\" content=\"summary_large_image\" \/>\n<meta name=\"twitter:label1\" content=\"Estimated reading time\" \/>\n\t<meta name=\"twitter:data1\" content=\"1 minute\" \/>\n<script type=\"application\/ld+json\" class=\"yoast-schema-graph\">{\"@context\":\"https:\/\/schema.org\",\"@graph\":[{\"@type\":\"WebPage\",\"@id\":\"https:\/\/grapil.pl\/produkt\/ogrodniczki-robocze-hobart\/\",\"url\":\"https:\/\/grapil.pl\/produkt\/ogrodniczki-robocze-hobart\/\",\"name\":\"Ogrodniczki robocze Hobart - Grapil.pl \u2013 Profesjonalna Odzie\u017c S\u0142u\u017cbowa dla Bran\u017cy Kelnerskiej, HoReCa i Medycyny\",\"isPartOf\":{\"@id\":\"https:\/\/grapil.pl\/#website\"},\"primaryImageOfPage\":{\"@id\":\"https:\/\/grapil.pl\/produkt\/ogrodniczki-robocze-hobart\/#primaryimage\"},\"image\":{\"@id\":\"https:\/\/grapil.pl\/produkt\/ogrodniczki-robocze-hobart\/#primaryimage\"},\"thumbnailUrl\":\"https:\/\/grapil.pl\/wp-content\/uploads\/2025\/04\/5661.jpg\",\"datePublished\":\"2025-04-09T15:36:41+00:00\",\"dateModified\":\"2025-04-09T15:36:53+00:00\",\"breadcrumb\":{\"@id\":\"https:\/\/grapil.pl\/produkt\/ogrodniczki-robocze-hobart\/#breadcrumb\"},\"inLanguage\":\"en-GB\",\"potentialAction\":[{\"@type\":\"ReadAction\",\"target\":[\"https:\/\/grapil.pl\/produkt\/ogrodniczki-robocze-hobart\/\"]}]},{\"@type\":\"ImageObject\",\"inLanguage\":\"en-GB\",\"@id\":\"https:\/\/grapil.pl\/produkt\/ogrodniczki-robocze-hobart\/#primaryimage\",\"url\":\"https:\/\/grapil.pl\/wp-content\/uploads\/2025\/04\/5661.jpg\",\"contentUrl\":\"https:\/\/grapil.pl\/wp-content\/uploads\/2025\/04\/5661.jpg\",\"width\":772,\"height\":2046},{\"@type\":\"BreadcrumbList\",\"@id\":\"https:\/\/grapil.pl\/produkt\/ogrodniczki-robocze-hobart\/#breadcrumb\",\"itemListElement\":[{\"@type\":\"ListItem\",\"position\":1,\"name\":\"Strona g\u0142\u00f3wna\",\"item\":\"https:\/\/grapil.pl\/\"},{\"@type\":\"ListItem\",\"position\":2,\"name\":\"sklep\",\"item\":\"https:\/\/grapil.pl\/sklep\/\"},{\"@type\":\"ListItem\",\"position\":3,\"name\":\"Ogrodniczki robocze Hobart\"}]},{\"@type\":\"WebSite\",\"@id\":\"https:\/\/grapil.pl\/#website\",\"url\":\"https:\/\/grapil.pl\/\",\"name\":\"Grapil.pl \u2013 Profesjonalna Odzie\u017c S\u0142u\u017cbowa dla Bran\u017cy Kelnerskiej, HoReCa i Medycyny\",\"description\":\"\",\"potentialAction\":[{\"@type\":\"SearchAction\",\"target\":{\"@type\":\"EntryPoint\",\"urlTemplate\":\"https:\/\/grapil.pl\/?s={search_term_string}\"},\"query-input\":{\"@type\":\"PropertyValueSpecification\",\"valueRequired\":true,\"valueName\":\"search_term_string\"}}],\"inLanguage\":\"en-GB\"}]}<\/script>\n<!-- \/ Yoast SEO plugin. -->","yoast_head_json":{"title":"Ogrodniczki robocze Hobart - Grapil.pl \u2013 Profesjonalna Odzie\u017c S\u0142u\u017cbowa dla Bran\u017cy Kelnerskiej, HoReCa i Medycyny","robots":{"index":"index","follow":"follow","max-snippet":"max-snippet:-1","max-image-preview":"max-image-preview:large","max-video-preview":"max-video-preview:-1"},"canonical":"https:\/\/grapil.pl\/en\/product\/hobart-work-dungarees\/","og_locale":"en_GB","og_type":"article","og_title":"Ogrodniczki robocze Hobart - Grapil.pl \u2013 Profesjonalna Odzie\u017c S\u0142u\u017cbowa dla Bran\u017cy Kelnerskiej, HoReCa i Medycyny","og_description":"Spodnie robocze ogrodniczki Hobart Spodnie stworzone z my\u015bl\u0105 o wszelkiego rodzaju pracach roboczych w \u015brodowisku suchym: monta\u017cowych, budowlanych oraz magazynowych.","og_url":"https:\/\/grapil.pl\/en\/product\/hobart-work-dungarees\/","og_site_name":"Grapil.pl \u2013 Profesjonalna Odzie\u017c S\u0142u\u017cbowa dla Bran\u017cy Kelnerskiej, HoReCa i Medycyny","article_modified_time":"2025-04-09T15:36:53+00:00","og_image":[{"width":772,"height":2046,"url":"https:\/\/grapil.pl\/wp-content\/uploads\/2025\/04\/5661.jpg","type":"image\/jpeg"}],"twitter_card":"summary_large_image","twitter_misc":{"Estimated reading time":"1 minute"},"schema":{"@context":"https:\/\/schema.org","@graph":[{"@type":"WebPage","@id":"https:\/\/grapil.pl\/produkt\/ogrodniczki-robocze-hobart\/","url":"https:\/\/grapil.pl\/produkt\/ogrodniczki-robocze-hobart\/","name":"Ogrodniczki robocze Hobart - Grapil.pl \u2013 Profesjonalna Odzie\u017c S\u0142u\u017cbowa dla Bran\u017cy Kelnerskiej, HoReCa i Medycyny","isPartOf":{"@id":"https:\/\/grapil.pl\/#website"},"primaryImageOfPage":{"@id":"https:\/\/grapil.pl\/produkt\/ogrodniczki-robocze-hobart\/#primaryimage"},"image":{"@id":"https:\/\/grapil.pl\/produkt\/ogrodniczki-robocze-hobart\/#primaryimage"},"thumbnailUrl":"https:\/\/grapil.pl\/wp-content\/uploads\/2025\/04\/5661.jpg","datePublished":"2025-04-09T15:36:41+00:00","dateModified":"2025-04-09T15:36:53+00:00","breadcrumb":{"@id":"https:\/\/grapil.pl\/produkt\/ogrodniczki-robocze-hobart\/#breadcrumb"},"inLanguage":"en-GB","potentialAction":[{"@type":"ReadAction","target":["https:\/\/grapil.pl\/produkt\/ogrodniczki-robocze-hobart\/"]}]},{"@type":"ImageObject","inLanguage":"en-GB","@id":"https:\/\/grapil.pl\/produkt\/ogrodniczki-robocze-hobart\/#primaryimage","url":"https:\/\/grapil.pl\/wp-content\/uploads\/2025\/04\/5661.jpg","contentUrl":"https:\/\/grapil.pl\/wp-content\/uploads\/2025\/04\/5661.jpg","width":772,"height":2046},{"@type":"BreadcrumbList","@id":"https:\/\/grapil.pl\/produkt\/ogrodniczki-robocze-hobart\/#breadcrumb","itemListElement":[{"@type":"ListItem","position":1,"name":"Strona g\u0142\u00f3wna","item":"https:\/\/grapil.pl\/"},{"@type":"ListItem","position":2,"name":"sklep","item":"https:\/\/grapil.pl\/sklep\/"},{"@type":"ListItem","position":3,"name":"Ogrodniczki robocze Hobart"}]},{"@type":"WebSite","@id":"https:\/\/grapil.pl\/#website","url":"https:\/\/grapil.pl\/","name":"Grapil.pl \u2013 Profesjonalna Odzie\u017c S\u0142u\u017cbowa dla Bran\u017cy Kelnerskiej, HoReCa i Medycyny","description":"","potentialAction":[{"@type":"SearchAction","target":{"@type":"EntryPoint","urlTemplate":"https:\/\/grapil.pl\/?s={search_term_string}"},"query-input":{"@type":"PropertyValueSpecification","valueRequired":true,"valueName":"search_term_string"}}],"inLanguage":"en-GB"}]}},"_links":{"self":[{"href":"https:\/\/grapil.pl\/en\/wp-json\/wp\/v2\/product\/18259","targetHints":{"allow":["GET"]}}],"collection":[{"href":"https:\/\/grapil.pl\/en\/wp-json\/wp\/v2\/product"}],"about":[{"href":"https:\/\/grapil.pl\/en\/wp-json\/wp\/v2\/types\/product"}],"version-history":[{"count":1,"href":"https:\/\/grapil.pl\/en\/wp-json\/wp\/v2\/product\/18259\/revisions"}],"predecessor-version":[{"id":18260,"href":"https:\/\/grapil.pl\/en\/wp-json\/wp\/v2\/product\/18259\/revisions\/18260"}],"wp:featuredmedia":[{"embeddable":true,"href":"https:\/\/grapil.pl\/en\/wp-json\/wp\/v2\/media\/18261"}],"wp:attachment":[{"href":"https:\/\/grapil.pl\/en\/wp-json\/wp\/v2\/media?parent=18259"}],"wp:term":[{"taxonomy":"product_brand","embeddable":true,"href":"https:\/\/grapil.pl\/en\/wp-json\/wp\/v2\/product_brand?post=18259"},{"taxonomy":"product_cat","embeddable":true,"href":"https:\/\/grapil.pl\/en\/wp-json\/wp\/v2\/product_cat?post=18259"},{"taxonomy":"product_tag","embeddable":true,"href":"https:\/\/grapil.pl\/en\/wp-json\/wp\/v2\/product_tag?post=18259"}],"curies":[{"name":"wp","href":"https:\/\/api.w.org\/{rel}","templated":true}]}}