{"id":18273,"date":"2025-04-09T17:36:41","date_gmt":"2025-04-09T15:36:41","guid":{"rendered":"https:\/\/grapil.pl\/produkt\/spodnie-robocze-ogrodniczki-bezowe-100-bawelnawariant1\/"},"modified":"2025-04-09T17:36:56","modified_gmt":"2025-04-09T15:36:56","slug":"work-trousers-dungarees-beige-100-cottonvariant1","status":"publish","type":"product","link":"https:\/\/grapil.pl\/en\/product\/work-trousers-dungarees-beige-100-cottonvariant1\/","title":{"rendered":"Beige dungarees 100% cotton {variant 1}"},"content":{"rendered":"<h2 class=\"h3\"><span style=\"font-size:14pt;\">Lahti Pro dungarees are perfect for everyday use and are also ideal for extreme conditions.<\/span><\/h2>\n<ul>\n<li><strong>MATERIAL: 100% cotton<\/strong><\/li>\n<li><strong>10 pockets<\/strong>, including 6 with Velcro fastening<\/li>\n<li>Cell phone pocket<\/li>\n<li><strong>Triple stitching<\/strong><\/li>\n<li>Waist width adjustment with buttons and elastic<\/li>\n<li>Keychain<\/li>\n<li>Hammer loop<\/li>\n<li>Reflective elements<\/li>\n<li>Length-adjustable shoulder straps<\/li>\n<li><strong>Reinforced straps, pockets and knee pad pockets with fabric<\/strong> (600D polyester) abrasion resistant<\/li>\n<li>Identification tag<\/li>\n<li>STANDARD: EN ISO 13688<\/li>\n<\/ul>\n<p><span style=\"color:#ff0000;\">Possibility of printing, please contact us!<\/span><\/p>\n<p><span style=\"color:#ff0000;\"><img decoding=\"async\" alt=\"\" height=\"133\" src=\"\/userdata\/public\/assets\/\/tabelka%20spo058.PNG\" width=\"368\" \/><\/span><\/p>\n<p>\u00a0<\/p>","protected":false},"excerpt":{"rendered":"<p>Lahti Pro waist-length work trousers are perfect for everyday use and are also ideal for extreme conditions.<\/p>","protected":false},"featured_media":18275,"template":"","meta":[],"product_brand":[156],"product_cat":[86,92,93],"product_tag":[],"class_list":{"0":"post-18273","1":"product","2":"type-product","3":"status-publish","4":"has-post-thumbnail","6":"product_brand-lahtipro","7":"product_cat-sklepbhp","8":"product_cat-odziez-robocza","9":"product_cat-spodnie-robocze","11":"first","12":"instock","13":"product-type-simple"},"yoast_head":"<!-- This site is optimized with the Yoast SEO plugin v25.3 - https:\/\/yoast.com\/wordpress\/plugins\/seo\/ -->\n<title>Spodnie robocze ogrodniczki be\u017cowe 100% bawe\u0142na{wariant1} - Grapil.pl \u2013 Profesjonalna Odzie\u017c S\u0142u\u017cbowa dla Bran\u017cy Kelnerskiej, HoReCa i Medycyny<\/title>\n<meta name=\"robots\" content=\"index, follow, max-snippet:-1, max-image-preview:large, max-video-preview:-1\" \/>\n<link rel=\"canonical\" href=\"https:\/\/grapil.pl\/en\/product\/work-trousers-dungarees-beige-100-cottonvariant1\/\" \/>\n<meta property=\"og:locale\" content=\"en_GB\" \/>\n<meta property=\"og:type\" content=\"article\" \/>\n<meta property=\"og:title\" content=\"Spodnie robocze ogrodniczki be\u017cowe 100% bawe\u0142na{wariant1} - Grapil.pl \u2013 Profesjonalna Odzie\u017c S\u0142u\u017cbowa dla Bran\u017cy Kelnerskiej, HoReCa i Medycyny\" \/>\n<meta property=\"og:description\" content=\"Spodnie\u00a0robocze do pasa\u00a0Lahti Pro doskonale nadaj\u0105 si\u0119 do codziennego u\u017cytku a tak\u017ce idealnie sprawdzaj\u0105 si\u0119 w ekstremalnych warunkach.\" \/>\n<meta property=\"og:url\" content=\"https:\/\/grapil.pl\/en\/product\/work-trousers-dungarees-beige-100-cottonvariant1\/\" \/>\n<meta property=\"og:site_name\" content=\"Grapil.pl \u2013 Profesjonalna Odzie\u017c S\u0142u\u017cbowa dla Bran\u017cy Kelnerskiej, HoReCa i Medycyny\" \/>\n<meta property=\"article:modified_time\" content=\"2025-04-09T15:36:56+00:00\" \/>\n<meta property=\"og:image\" content=\"https:\/\/grapil.pl\/wp-content\/uploads\/2025\/04\/20767.jpg\" \/>\n\t<meta property=\"og:image:width\" content=\"2048\" \/>\n\t<meta property=\"og:image:height\" content=\"2046\" \/>\n\t<meta property=\"og:image:type\" content=\"image\/jpeg\" \/>\n<meta name=\"twitter:card\" content=\"summary_large_image\" \/>\n<script type=\"application\/ld+json\" class=\"yoast-schema-graph\">{\"@context\":\"https:\/\/schema.org\",\"@graph\":[{\"@type\":\"WebPage\",\"@id\":\"https:\/\/grapil.pl\/produkt\/spodnie-robocze-ogrodniczki-bezowe-100-bawelnawariant1\/\",\"url\":\"https:\/\/grapil.pl\/produkt\/spodnie-robocze-ogrodniczki-bezowe-100-bawelnawariant1\/\",\"name\":\"Spodnie robocze ogrodniczki be\u017cowe 100% bawe\u0142na{wariant1} - Grapil.pl \u2013 Profesjonalna Odzie\u017c S\u0142u\u017cbowa dla Bran\u017cy Kelnerskiej, HoReCa i Medycyny\",\"isPartOf\":{\"@id\":\"https:\/\/grapil.pl\/#website\"},\"primaryImageOfPage\":{\"@id\":\"https:\/\/grapil.pl\/produkt\/spodnie-robocze-ogrodniczki-bezowe-100-bawelnawariant1\/#primaryimage\"},\"image\":{\"@id\":\"https:\/\/grapil.pl\/produkt\/spodnie-robocze-ogrodniczki-bezowe-100-bawelnawariant1\/#primaryimage\"},\"thumbnailUrl\":\"https:\/\/grapil.pl\/wp-content\/uploads\/2025\/04\/20767.jpg\",\"datePublished\":\"2025-04-09T15:36:41+00:00\",\"dateModified\":\"2025-04-09T15:36:56+00:00\",\"breadcrumb\":{\"@id\":\"https:\/\/grapil.pl\/produkt\/spodnie-robocze-ogrodniczki-bezowe-100-bawelnawariant1\/#breadcrumb\"},\"inLanguage\":\"en-GB\",\"potentialAction\":[{\"@type\":\"ReadAction\",\"target\":[\"https:\/\/grapil.pl\/produkt\/spodnie-robocze-ogrodniczki-bezowe-100-bawelnawariant1\/\"]}]},{\"@type\":\"ImageObject\",\"inLanguage\":\"en-GB\",\"@id\":\"https:\/\/grapil.pl\/produkt\/spodnie-robocze-ogrodniczki-bezowe-100-bawelnawariant1\/#primaryimage\",\"url\":\"https:\/\/grapil.pl\/wp-content\/uploads\/2025\/04\/20767.jpg\",\"contentUrl\":\"https:\/\/grapil.pl\/wp-content\/uploads\/2025\/04\/20767.jpg\",\"width\":2048,\"height\":2046},{\"@type\":\"BreadcrumbList\",\"@id\":\"https:\/\/grapil.pl\/produkt\/spodnie-robocze-ogrodniczki-bezowe-100-bawelnawariant1\/#breadcrumb\",\"itemListElement\":[{\"@type\":\"ListItem\",\"position\":1,\"name\":\"Strona g\u0142\u00f3wna\",\"item\":\"https:\/\/grapil.pl\/\"},{\"@type\":\"ListItem\",\"position\":2,\"name\":\"sklep\",\"item\":\"https:\/\/grapil.pl\/sklep\/\"},{\"@type\":\"ListItem\",\"position\":3,\"name\":\"Spodnie robocze ogrodniczki be\u017cowe 100% bawe\u0142na{wariant1}\"}]},{\"@type\":\"WebSite\",\"@id\":\"https:\/\/grapil.pl\/#website\",\"url\":\"https:\/\/grapil.pl\/\",\"name\":\"Grapil.pl \u2013 Profesjonalna Odzie\u017c S\u0142u\u017cbowa dla Bran\u017cy Kelnerskiej, HoReCa i Medycyny\",\"description\":\"\",\"potentialAction\":[{\"@type\":\"SearchAction\",\"target\":{\"@type\":\"EntryPoint\",\"urlTemplate\":\"https:\/\/grapil.pl\/?s={search_term_string}\"},\"query-input\":{\"@type\":\"PropertyValueSpecification\",\"valueRequired\":true,\"valueName\":\"search_term_string\"}}],\"inLanguage\":\"en-GB\"}]}<\/script>\n<!-- \/ Yoast SEO plugin. -->","yoast_head_json":{"title":"Spodnie robocze ogrodniczki be\u017cowe 100% bawe\u0142na{wariant1} - Grapil.pl \u2013 Profesjonalna Odzie\u017c S\u0142u\u017cbowa dla Bran\u017cy Kelnerskiej, HoReCa i Medycyny","robots":{"index":"index","follow":"follow","max-snippet":"max-snippet:-1","max-image-preview":"max-image-preview:large","max-video-preview":"max-video-preview:-1"},"canonical":"https:\/\/grapil.pl\/en\/product\/work-trousers-dungarees-beige-100-cottonvariant1\/","og_locale":"en_GB","og_type":"article","og_title":"Spodnie robocze ogrodniczki be\u017cowe 100% bawe\u0142na{wariant1} - Grapil.pl \u2013 Profesjonalna Odzie\u017c S\u0142u\u017cbowa dla Bran\u017cy Kelnerskiej, HoReCa i Medycyny","og_description":"Spodnie\u00a0robocze do pasa\u00a0Lahti Pro doskonale nadaj\u0105 si\u0119 do codziennego u\u017cytku a tak\u017ce idealnie sprawdzaj\u0105 si\u0119 w ekstremalnych warunkach.","og_url":"https:\/\/grapil.pl\/en\/product\/work-trousers-dungarees-beige-100-cottonvariant1\/","og_site_name":"Grapil.pl \u2013 Profesjonalna Odzie\u017c S\u0142u\u017cbowa dla Bran\u017cy Kelnerskiej, HoReCa i Medycyny","article_modified_time":"2025-04-09T15:36:56+00:00","og_image":[{"width":2048,"height":2046,"url":"https:\/\/grapil.pl\/wp-content\/uploads\/2025\/04\/20767.jpg","type":"image\/jpeg"}],"twitter_card":"summary_large_image","schema":{"@context":"https:\/\/schema.org","@graph":[{"@type":"WebPage","@id":"https:\/\/grapil.pl\/produkt\/spodnie-robocze-ogrodniczki-bezowe-100-bawelnawariant1\/","url":"https:\/\/grapil.pl\/produkt\/spodnie-robocze-ogrodniczki-bezowe-100-bawelnawariant1\/","name":"Spodnie robocze ogrodniczki be\u017cowe 100% bawe\u0142na{wariant1} - Grapil.pl \u2013 Profesjonalna Odzie\u017c S\u0142u\u017cbowa dla Bran\u017cy Kelnerskiej, HoReCa i Medycyny","isPartOf":{"@id":"https:\/\/grapil.pl\/#website"},"primaryImageOfPage":{"@id":"https:\/\/grapil.pl\/produkt\/spodnie-robocze-ogrodniczki-bezowe-100-bawelnawariant1\/#primaryimage"},"image":{"@id":"https:\/\/grapil.pl\/produkt\/spodnie-robocze-ogrodniczki-bezowe-100-bawelnawariant1\/#primaryimage"},"thumbnailUrl":"https:\/\/grapil.pl\/wp-content\/uploads\/2025\/04\/20767.jpg","datePublished":"2025-04-09T15:36:41+00:00","dateModified":"2025-04-09T15:36:56+00:00","breadcrumb":{"@id":"https:\/\/grapil.pl\/produkt\/spodnie-robocze-ogrodniczki-bezowe-100-bawelnawariant1\/#breadcrumb"},"inLanguage":"en-GB","potentialAction":[{"@type":"ReadAction","target":["https:\/\/grapil.pl\/produkt\/spodnie-robocze-ogrodniczki-bezowe-100-bawelnawariant1\/"]}]},{"@type":"ImageObject","inLanguage":"en-GB","@id":"https:\/\/grapil.pl\/produkt\/spodnie-robocze-ogrodniczki-bezowe-100-bawelnawariant1\/#primaryimage","url":"https:\/\/grapil.pl\/wp-content\/uploads\/2025\/04\/20767.jpg","contentUrl":"https:\/\/grapil.pl\/wp-content\/uploads\/2025\/04\/20767.jpg","width":2048,"height":2046},{"@type":"BreadcrumbList","@id":"https:\/\/grapil.pl\/produkt\/spodnie-robocze-ogrodniczki-bezowe-100-bawelnawariant1\/#breadcrumb","itemListElement":[{"@type":"ListItem","position":1,"name":"Strona g\u0142\u00f3wna","item":"https:\/\/grapil.pl\/"},{"@type":"ListItem","position":2,"name":"sklep","item":"https:\/\/grapil.pl\/sklep\/"},{"@type":"ListItem","position":3,"name":"Spodnie robocze ogrodniczki be\u017cowe 100% bawe\u0142na{wariant1}"}]},{"@type":"WebSite","@id":"https:\/\/grapil.pl\/#website","url":"https:\/\/grapil.pl\/","name":"Grapil.pl \u2013 Profesjonalna Odzie\u017c S\u0142u\u017cbowa dla Bran\u017cy Kelnerskiej, HoReCa i Medycyny","description":"","potentialAction":[{"@type":"SearchAction","target":{"@type":"EntryPoint","urlTemplate":"https:\/\/grapil.pl\/?s={search_term_string}"},"query-input":{"@type":"PropertyValueSpecification","valueRequired":true,"valueName":"search_term_string"}}],"inLanguage":"en-GB"}]}},"_links":{"self":[{"href":"https:\/\/grapil.pl\/en\/wp-json\/wp\/v2\/product\/18273","targetHints":{"allow":["GET"]}}],"collection":[{"href":"https:\/\/grapil.pl\/en\/wp-json\/wp\/v2\/product"}],"about":[{"href":"https:\/\/grapil.pl\/en\/wp-json\/wp\/v2\/types\/product"}],"version-history":[{"count":1,"href":"https:\/\/grapil.pl\/en\/wp-json\/wp\/v2\/product\/18273\/revisions"}],"predecessor-version":[{"id":18274,"href":"https:\/\/grapil.pl\/en\/wp-json\/wp\/v2\/product\/18273\/revisions\/18274"}],"wp:featuredmedia":[{"embeddable":true,"href":"https:\/\/grapil.pl\/en\/wp-json\/wp\/v2\/media\/18275"}],"wp:attachment":[{"href":"https:\/\/grapil.pl\/en\/wp-json\/wp\/v2\/media?parent=18273"}],"wp:term":[{"taxonomy":"product_brand","embeddable":true,"href":"https:\/\/grapil.pl\/en\/wp-json\/wp\/v2\/product_brand?post=18273"},{"taxonomy":"product_cat","embeddable":true,"href":"https:\/\/grapil.pl\/en\/wp-json\/wp\/v2\/product_cat?post=18273"},{"taxonomy":"product_tag","embeddable":true,"href":"https:\/\/grapil.pl\/en\/wp-json\/wp\/v2\/product_tag?post=18273"}],"curies":[{"name":"wp","href":"https:\/\/api.w.org\/{rel}","templated":true}]}}