{"id":18349,"date":"2025-04-09T17:37:05","date_gmt":"2025-04-09T15:37:05","guid":{"rendered":"https:\/\/grapil.pl\/produkt\/buty-robocze-rock-granite-s3wariant1\/"},"modified":"2025-04-09T17:37:18","modified_gmt":"2025-04-09T15:37:18","slug":"rock-granite-work-shoes-s3variant1","status":"publish","type":"product","link":"https:\/\/grapil.pl\/en\/product\/rock-granite-work-shoes-s3variant1\/","title":{"rendered":"Rock Granite S3 Work Shoes{variant1}"},"content":{"rendered":"<h1><span style=\"font-size:14pt;\">CXS Rock Granite S3 HRO SRA Safety Work Boots \u2013 Metal Free\u00a0<\/span><\/h1>\n<p>ROCK GRANITE boots are an advanced type of work footwear. They are adapted for heavy industrial, road and construction work. They provide professional leg protection and high wearing comfort. The safety shoes have a leather upper and a textile collar and tongue. The leather has a hydrophobic character thanks to the finish. This means that it is resistant to rain in accordance with the standard. Inside there is a breathable lining that regulates temperature and moisture. The footwear is equipped with a composite toe cap, which effectively protects the toes from impact. In turn, the anti-puncture inner insert made of Kevlar\u00ae allows work in the field with sharp elements in the ground. The advantage of the shoes is the polyurethane-rubber sole. It is resistant to oils, greases, fuels, it is also antistatic, anti-slip and resistant to temperatures up to 300\u00b0C.\u00a0<\/p>\n<ul>\n<li>Quality full-grain cowhide leather with a hydrophobic finish<\/li>\n<li>Breathable lining<\/li>\n<li>Padded tongue<\/li>\n<li><strong>Composite toe cap<\/strong><\/li>\n<li><strong>Kevlar\u00ae anti-puncture insert<\/strong><\/li>\n<li>PU-rubber shoe sole, oil-resistant, antistatic, anti-slip, resistant to contact with hot surfaces (up to 300\u00b0C)<\/li>\n<li>Vibration absorber in the heel section<\/li>\n<li>External overlay on the shoe toe protects against premature wear and abrasion<\/li>\n<li>Reinforcement in the ankle joint with a plastic overlay<\/li>\n<li>CXS Rock Granite S3 safety work boots meet the requirements of the Occupational Health and Safety standard: <strong>EN-ISO-20345:2011 S3-HRO-SRA<\/strong> \u2013 safety footwear<\/li>\n<\/ul>","protected":false},"excerpt":{"rendered":"<p>Ochronne trzewiki robocze CXS Rock Granite S3 HRO SRA\u00a0&#8211; Metal Free\u00a0 Trzewiki ROCK GRANITE to\u00a0zaawansowany typ obuwia roboczego. Przystosowane s\u0105<\/p>","protected":false},"featured_media":18351,"template":"","meta":[],"product_brand":[101],"product_cat":[86,87,90],"product_tag":[],"class_list":{"0":"post-18349","1":"product","2":"type-product","3":"status-publish","4":"has-post-thumbnail","6":"product_brand-cxs-canis","7":"product_cat-sklepbhp","8":"product_cat-obuwie-robocze","9":"product_cat-trzewiki","11":"first","12":"instock","13":"product-type-simple"},"yoast_head":"<!-- This site is optimized with the Yoast SEO plugin v25.3 - https:\/\/yoast.com\/wordpress\/plugins\/seo\/ -->\n<title>Buty robocze Rock Granite S3{wariant1} - Grapil.pl \u2013 Profesjonalna Odzie\u017c S\u0142u\u017cbowa dla Bran\u017cy Kelnerskiej, HoReCa i Medycyny<\/title>\n<meta name=\"robots\" content=\"index, follow, max-snippet:-1, max-image-preview:large, max-video-preview:-1\" \/>\n<link rel=\"canonical\" href=\"https:\/\/grapil.pl\/en\/product\/rock-granite-work-shoes-s3variant1\/\" \/>\n<meta property=\"og:locale\" content=\"en_GB\" \/>\n<meta property=\"og:type\" content=\"article\" \/>\n<meta property=\"og:title\" content=\"Buty robocze Rock Granite S3{wariant1} - Grapil.pl \u2013 Profesjonalna Odzie\u017c S\u0142u\u017cbowa dla Bran\u017cy Kelnerskiej, HoReCa i Medycyny\" \/>\n<meta property=\"og:description\" content=\"Ochronne trzewiki robocze CXS Rock Granite S3 HRO SRA\u00a0&#8211; Metal Free\u00a0 Trzewiki ROCK GRANITE to\u00a0zaawansowany typ obuwia roboczego. Przystosowane s\u0105\" \/>\n<meta property=\"og:url\" content=\"https:\/\/grapil.pl\/en\/product\/rock-granite-work-shoes-s3variant1\/\" \/>\n<meta property=\"og:site_name\" content=\"Grapil.pl \u2013 Profesjonalna Odzie\u017c S\u0142u\u017cbowa dla Bran\u017cy Kelnerskiej, HoReCa i Medycyny\" \/>\n<meta property=\"article:modified_time\" content=\"2025-04-09T15:37:18+00:00\" \/>\n<meta property=\"og:image\" content=\"https:\/\/grapil.pl\/wp-content\/uploads\/2025\/04\/18385.jpg\" \/>\n\t<meta property=\"og:image:width\" content=\"1024\" \/>\n\t<meta property=\"og:image:height\" content=\"768\" \/>\n\t<meta property=\"og:image:type\" content=\"image\/jpeg\" \/>\n<meta name=\"twitter:card\" content=\"summary_large_image\" \/>\n<meta name=\"twitter:label1\" content=\"Estimated reading time\" \/>\n\t<meta name=\"twitter:data1\" content=\"1 minute\" \/>\n<script type=\"application\/ld+json\" class=\"yoast-schema-graph\">{\"@context\":\"https:\/\/schema.org\",\"@graph\":[{\"@type\":\"WebPage\",\"@id\":\"https:\/\/grapil.pl\/produkt\/buty-robocze-rock-granite-s3wariant1\/\",\"url\":\"https:\/\/grapil.pl\/produkt\/buty-robocze-rock-granite-s3wariant1\/\",\"name\":\"Buty robocze Rock Granite S3{wariant1} - Grapil.pl \u2013 Profesjonalna Odzie\u017c S\u0142u\u017cbowa dla Bran\u017cy Kelnerskiej, HoReCa i Medycyny\",\"isPartOf\":{\"@id\":\"https:\/\/grapil.pl\/#website\"},\"primaryImageOfPage\":{\"@id\":\"https:\/\/grapil.pl\/produkt\/buty-robocze-rock-granite-s3wariant1\/#primaryimage\"},\"image\":{\"@id\":\"https:\/\/grapil.pl\/produkt\/buty-robocze-rock-granite-s3wariant1\/#primaryimage\"},\"thumbnailUrl\":\"https:\/\/grapil.pl\/wp-content\/uploads\/2025\/04\/18385.jpg\",\"datePublished\":\"2025-04-09T15:37:05+00:00\",\"dateModified\":\"2025-04-09T15:37:18+00:00\",\"breadcrumb\":{\"@id\":\"https:\/\/grapil.pl\/produkt\/buty-robocze-rock-granite-s3wariant1\/#breadcrumb\"},\"inLanguage\":\"en-GB\",\"potentialAction\":[{\"@type\":\"ReadAction\",\"target\":[\"https:\/\/grapil.pl\/produkt\/buty-robocze-rock-granite-s3wariant1\/\"]}]},{\"@type\":\"ImageObject\",\"inLanguage\":\"en-GB\",\"@id\":\"https:\/\/grapil.pl\/produkt\/buty-robocze-rock-granite-s3wariant1\/#primaryimage\",\"url\":\"https:\/\/grapil.pl\/wp-content\/uploads\/2025\/04\/18385.jpg\",\"contentUrl\":\"https:\/\/grapil.pl\/wp-content\/uploads\/2025\/04\/18385.jpg\",\"width\":1024,\"height\":768},{\"@type\":\"BreadcrumbList\",\"@id\":\"https:\/\/grapil.pl\/produkt\/buty-robocze-rock-granite-s3wariant1\/#breadcrumb\",\"itemListElement\":[{\"@type\":\"ListItem\",\"position\":1,\"name\":\"Strona g\u0142\u00f3wna\",\"item\":\"https:\/\/grapil.pl\/\"},{\"@type\":\"ListItem\",\"position\":2,\"name\":\"sklep\",\"item\":\"https:\/\/grapil.pl\/sklep\/\"},{\"@type\":\"ListItem\",\"position\":3,\"name\":\"Buty robocze Rock Granite S3{wariant1}\"}]},{\"@type\":\"WebSite\",\"@id\":\"https:\/\/grapil.pl\/#website\",\"url\":\"https:\/\/grapil.pl\/\",\"name\":\"Grapil.pl \u2013 Profesjonalna Odzie\u017c S\u0142u\u017cbowa dla Bran\u017cy Kelnerskiej, HoReCa i Medycyny\",\"description\":\"\",\"potentialAction\":[{\"@type\":\"SearchAction\",\"target\":{\"@type\":\"EntryPoint\",\"urlTemplate\":\"https:\/\/grapil.pl\/?s={search_term_string}\"},\"query-input\":{\"@type\":\"PropertyValueSpecification\",\"valueRequired\":true,\"valueName\":\"search_term_string\"}}],\"inLanguage\":\"en-GB\"}]}<\/script>\n<!-- \/ Yoast SEO plugin. -->","yoast_head_json":{"title":"Buty robocze Rock Granite S3{wariant1} - Grapil.pl \u2013 Profesjonalna Odzie\u017c S\u0142u\u017cbowa dla Bran\u017cy Kelnerskiej, HoReCa i Medycyny","robots":{"index":"index","follow":"follow","max-snippet":"max-snippet:-1","max-image-preview":"max-image-preview:large","max-video-preview":"max-video-preview:-1"},"canonical":"https:\/\/grapil.pl\/en\/product\/rock-granite-work-shoes-s3variant1\/","og_locale":"en_GB","og_type":"article","og_title":"Buty robocze Rock Granite S3{wariant1} - Grapil.pl \u2013 Profesjonalna Odzie\u017c S\u0142u\u017cbowa dla Bran\u017cy Kelnerskiej, HoReCa i Medycyny","og_description":"Ochronne trzewiki robocze CXS Rock Granite S3 HRO SRA\u00a0&#8211; Metal Free\u00a0 Trzewiki ROCK GRANITE to\u00a0zaawansowany typ obuwia roboczego. Przystosowane s\u0105","og_url":"https:\/\/grapil.pl\/en\/product\/rock-granite-work-shoes-s3variant1\/","og_site_name":"Grapil.pl \u2013 Profesjonalna Odzie\u017c S\u0142u\u017cbowa dla Bran\u017cy Kelnerskiej, HoReCa i Medycyny","article_modified_time":"2025-04-09T15:37:18+00:00","og_image":[{"width":1024,"height":768,"url":"https:\/\/grapil.pl\/wp-content\/uploads\/2025\/04\/18385.jpg","type":"image\/jpeg"}],"twitter_card":"summary_large_image","twitter_misc":{"Estimated reading time":"1 minute"},"schema":{"@context":"https:\/\/schema.org","@graph":[{"@type":"WebPage","@id":"https:\/\/grapil.pl\/produkt\/buty-robocze-rock-granite-s3wariant1\/","url":"https:\/\/grapil.pl\/produkt\/buty-robocze-rock-granite-s3wariant1\/","name":"Buty robocze Rock Granite S3{wariant1} - Grapil.pl \u2013 Profesjonalna Odzie\u017c S\u0142u\u017cbowa dla Bran\u017cy Kelnerskiej, HoReCa i Medycyny","isPartOf":{"@id":"https:\/\/grapil.pl\/#website"},"primaryImageOfPage":{"@id":"https:\/\/grapil.pl\/produkt\/buty-robocze-rock-granite-s3wariant1\/#primaryimage"},"image":{"@id":"https:\/\/grapil.pl\/produkt\/buty-robocze-rock-granite-s3wariant1\/#primaryimage"},"thumbnailUrl":"https:\/\/grapil.pl\/wp-content\/uploads\/2025\/04\/18385.jpg","datePublished":"2025-04-09T15:37:05+00:00","dateModified":"2025-04-09T15:37:18+00:00","breadcrumb":{"@id":"https:\/\/grapil.pl\/produkt\/buty-robocze-rock-granite-s3wariant1\/#breadcrumb"},"inLanguage":"en-GB","potentialAction":[{"@type":"ReadAction","target":["https:\/\/grapil.pl\/produkt\/buty-robocze-rock-granite-s3wariant1\/"]}]},{"@type":"ImageObject","inLanguage":"en-GB","@id":"https:\/\/grapil.pl\/produkt\/buty-robocze-rock-granite-s3wariant1\/#primaryimage","url":"https:\/\/grapil.pl\/wp-content\/uploads\/2025\/04\/18385.jpg","contentUrl":"https:\/\/grapil.pl\/wp-content\/uploads\/2025\/04\/18385.jpg","width":1024,"height":768},{"@type":"BreadcrumbList","@id":"https:\/\/grapil.pl\/produkt\/buty-robocze-rock-granite-s3wariant1\/#breadcrumb","itemListElement":[{"@type":"ListItem","position":1,"name":"Strona g\u0142\u00f3wna","item":"https:\/\/grapil.pl\/"},{"@type":"ListItem","position":2,"name":"sklep","item":"https:\/\/grapil.pl\/sklep\/"},{"@type":"ListItem","position":3,"name":"Buty robocze Rock Granite S3{wariant1}"}]},{"@type":"WebSite","@id":"https:\/\/grapil.pl\/#website","url":"https:\/\/grapil.pl\/","name":"Grapil.pl \u2013 Profesjonalna Odzie\u017c S\u0142u\u017cbowa dla Bran\u017cy Kelnerskiej, HoReCa i Medycyny","description":"","potentialAction":[{"@type":"SearchAction","target":{"@type":"EntryPoint","urlTemplate":"https:\/\/grapil.pl\/?s={search_term_string}"},"query-input":{"@type":"PropertyValueSpecification","valueRequired":true,"valueName":"search_term_string"}}],"inLanguage":"en-GB"}]}},"_links":{"self":[{"href":"https:\/\/grapil.pl\/en\/wp-json\/wp\/v2\/product\/18349","targetHints":{"allow":["GET"]}}],"collection":[{"href":"https:\/\/grapil.pl\/en\/wp-json\/wp\/v2\/product"}],"about":[{"href":"https:\/\/grapil.pl\/en\/wp-json\/wp\/v2\/types\/product"}],"version-history":[{"count":1,"href":"https:\/\/grapil.pl\/en\/wp-json\/wp\/v2\/product\/18349\/revisions"}],"predecessor-version":[{"id":18350,"href":"https:\/\/grapil.pl\/en\/wp-json\/wp\/v2\/product\/18349\/revisions\/18350"}],"wp:featuredmedia":[{"embeddable":true,"href":"https:\/\/grapil.pl\/en\/wp-json\/wp\/v2\/media\/18351"}],"wp:attachment":[{"href":"https:\/\/grapil.pl\/en\/wp-json\/wp\/v2\/media?parent=18349"}],"wp:term":[{"taxonomy":"product_brand","embeddable":true,"href":"https:\/\/grapil.pl\/en\/wp-json\/wp\/v2\/product_brand?post=18349"},{"taxonomy":"product_cat","embeddable":true,"href":"https:\/\/grapil.pl\/en\/wp-json\/wp\/v2\/product_cat?post=18349"},{"taxonomy":"product_tag","embeddable":true,"href":"https:\/\/grapil.pl\/en\/wp-json\/wp\/v2\/product_tag?post=18349"}],"curies":[{"name":"wp","href":"https:\/\/api.w.org\/{rel}","templated":true}]}}