{"id":18427,"date":"2025-04-09T17:37:24","date_gmt":"2025-04-09T15:37:24","guid":{"rendered":"https:\/\/grapil.pl\/produkt\/polar-jhk-niebieski\/"},"modified":"2025-12-12T15:56:37","modified_gmt":"2025-12-12T14:56:37","slug":"jhk-fleece-blue","status":"publish","type":"product","link":"https:\/\/grapil.pl\/en\/product\/jhk-fleece-blue\/","title":{"rendered":"JHK Fleece Blue"},"content":{"rendered":"<p>Fleece jacket with zip fastening, two zip pockets. Microfleece with anti-pilling finish. Stoppers. Reinforcements on elbows and shoulders.<\/p>\n<p><span style=\"color:#ff0000;\">Embroidery available \u2013 please contact us!<\/span><\/p>\n<p><span style=\"color:#000000;\">Size chart:<\/span><\/p>\n<table style=\"height:122px;\" width=\"761\">\n<tbody>\n<tr>\n<td style=\"width:108px;text-align:center;\">Size<\/td>\n<td style=\"width:100px;text-align:center;\">XS<\/td>\n<td style=\"width:101px;text-align:center;\">S<\/td>\n<td style=\"width:101px;text-align:center;\">M<\/td>\n<td style=\"width:101px;text-align:center;\">L<\/td>\n<td style=\"width:101px;text-align:center;\">XL<\/td>\n<td style=\"width:103px;text-align:center;\">XXL<\/td>\n<\/tr>\n<tr>\n<td style=\"width:108px;text-align:center;\">Width<\/td>\n<td style=\"width:100px;text-align:center;\">56<\/td>\n<td style=\"width:101px;text-align:center;\">58<\/td>\n<td style=\"width:101px;text-align:center;\">60<\/td>\n<td style=\"width:101px;text-align:center;\">62<\/td>\n<td style=\"width:101px;text-align:center;\">64<\/td>\n<td style=\"width:103px;text-align:center;\">66<\/td>\n<\/tr>\n<tr>\n<td style=\"width:108px;text-align:center;\">Length<\/td>\n<td style=\"width:100px;text-align:center;\">64<\/td>\n<td style=\"width:101px;text-align:center;\">66<\/td>\n<td style=\"width:101px;text-align:center;\">68<\/td>\n<td style=\"width:101px;text-align:center;\">70<\/td>\n<td style=\"width:101px;text-align:center;\">73<\/td>\n<td style=\"width:103px;text-align:center;\">75<\/td>\n<\/tr>\n<\/tbody>\n<\/table>\n<div class=\"alpol - footer\" style=\"text-align:center;height:20px;\">\u00a0<\/div>","protected":false},"excerpt":{"rendered":"<p>Fleece jacket with zip fastening, two zip pockets. Microfleece with anti-pilling finish. Stoppers. Reinforcements on elbows and shoulders. Possibility of<\/p>","protected":false},"featured_media":18429,"template":"","meta":[],"product_brand":[94],"product_cat":[86,92,100],"product_tag":[],"class_list":{"0":"post-18427","1":"product","2":"type-product","3":"status-publish","4":"has-post-thumbnail","6":"product_brand-jhk","7":"product_cat-sklepbhp","8":"product_cat-odziez-robocza","9":"product_cat-polary-i-bluzy-robocze","11":"first","12":"instock","13":"product-type-simple"},"yoast_head":"<!-- This site is optimized with the Yoast SEO plugin v25.3 - https:\/\/yoast.com\/wordpress\/plugins\/seo\/ -->\n<title>Polar JHK niebieski - Grapil.pl \u2013 Profesjonalna Odzie\u017c S\u0142u\u017cbowa dla Bran\u017cy Kelnerskiej, HoReCa i Medycyny<\/title>\n<meta name=\"robots\" content=\"index, follow, max-snippet:-1, max-image-preview:large, max-video-preview:-1\" \/>\n<link rel=\"canonical\" href=\"https:\/\/grapil.pl\/en\/product\/jhk-fleece-blue\/\" \/>\n<meta property=\"og:locale\" content=\"en_GB\" \/>\n<meta property=\"og:type\" content=\"article\" \/>\n<meta property=\"og:title\" content=\"Polar JHK niebieski - Grapil.pl \u2013 Profesjonalna Odzie\u017c S\u0142u\u017cbowa dla Bran\u017cy Kelnerskiej, HoReCa i Medycyny\" \/>\n<meta property=\"og:description\" content=\"Bluza polarowa zapinana na suwak, z dwoma kieszeniami zapinanymi. Mikropolar z wykon\u0301czeniem antypilingowym. Stopery. Wzmocnienia na \u0142okciach i barkach. Mo\u017cliwo\u015b\u0107\" \/>\n<meta property=\"og:url\" content=\"https:\/\/grapil.pl\/en\/product\/jhk-fleece-blue\/\" \/>\n<meta property=\"og:site_name\" content=\"Grapil.pl \u2013 Profesjonalna Odzie\u017c S\u0142u\u017cbowa dla Bran\u017cy Kelnerskiej, HoReCa i Medycyny\" \/>\n<meta property=\"article:modified_time\" content=\"2025-12-12T14:56:37+00:00\" \/>\n<meta property=\"og:image\" content=\"https:\/\/grapil.pl\/wp-content\/uploads\/2025\/04\/7882.jpg\" \/>\n\t<meta property=\"og:image:width\" content=\"378\" \/>\n\t<meta property=\"og:image:height\" content=\"475\" \/>\n\t<meta property=\"og:image:type\" content=\"image\/jpeg\" \/>\n<meta name=\"twitter:card\" content=\"summary_large_image\" \/>\n<script type=\"application\/ld+json\" class=\"yoast-schema-graph\">{\"@context\":\"https:\/\/schema.org\",\"@graph\":[{\"@type\":\"WebPage\",\"@id\":\"https:\/\/grapil.pl\/produkt\/polar-jhk-niebieski\/\",\"url\":\"https:\/\/grapil.pl\/produkt\/polar-jhk-niebieski\/\",\"name\":\"Polar JHK niebieski - Grapil.pl \u2013 Profesjonalna Odzie\u017c S\u0142u\u017cbowa dla Bran\u017cy Kelnerskiej, HoReCa i Medycyny\",\"isPartOf\":{\"@id\":\"https:\/\/grapil.pl\/#website\"},\"primaryImageOfPage\":{\"@id\":\"https:\/\/grapil.pl\/produkt\/polar-jhk-niebieski\/#primaryimage\"},\"image\":{\"@id\":\"https:\/\/grapil.pl\/produkt\/polar-jhk-niebieski\/#primaryimage\"},\"thumbnailUrl\":\"https:\/\/grapil.pl\/wp-content\/uploads\/2025\/04\/7882.jpg\",\"datePublished\":\"2025-04-09T15:37:24+00:00\",\"dateModified\":\"2025-12-12T14:56:37+00:00\",\"breadcrumb\":{\"@id\":\"https:\/\/grapil.pl\/produkt\/polar-jhk-niebieski\/#breadcrumb\"},\"inLanguage\":\"en-GB\",\"potentialAction\":[{\"@type\":\"ReadAction\",\"target\":[\"https:\/\/grapil.pl\/produkt\/polar-jhk-niebieski\/\"]}]},{\"@type\":\"ImageObject\",\"inLanguage\":\"en-GB\",\"@id\":\"https:\/\/grapil.pl\/produkt\/polar-jhk-niebieski\/#primaryimage\",\"url\":\"https:\/\/grapil.pl\/wp-content\/uploads\/2025\/04\/7882.jpg\",\"contentUrl\":\"https:\/\/grapil.pl\/wp-content\/uploads\/2025\/04\/7882.jpg\",\"width\":378,\"height\":475},{\"@type\":\"BreadcrumbList\",\"@id\":\"https:\/\/grapil.pl\/produkt\/polar-jhk-niebieski\/#breadcrumb\",\"itemListElement\":[{\"@type\":\"ListItem\",\"position\":1,\"name\":\"Strona g\u0142\u00f3wna\",\"item\":\"https:\/\/grapil.pl\/\"},{\"@type\":\"ListItem\",\"position\":2,\"name\":\"sklep\",\"item\":\"https:\/\/grapil.pl\/sklep\/\"},{\"@type\":\"ListItem\",\"position\":3,\"name\":\"Polar JHK niebieski\"}]},{\"@type\":\"WebSite\",\"@id\":\"https:\/\/grapil.pl\/#website\",\"url\":\"https:\/\/grapil.pl\/\",\"name\":\"Grapil.pl \u2013 Profesjonalna Odzie\u017c S\u0142u\u017cbowa dla Bran\u017cy Kelnerskiej, HoReCa i Medycyny\",\"description\":\"\",\"potentialAction\":[{\"@type\":\"SearchAction\",\"target\":{\"@type\":\"EntryPoint\",\"urlTemplate\":\"https:\/\/grapil.pl\/?s={search_term_string}\"},\"query-input\":{\"@type\":\"PropertyValueSpecification\",\"valueRequired\":true,\"valueName\":\"search_term_string\"}}],\"inLanguage\":\"en-GB\"}]}<\/script>\n<!-- \/ Yoast SEO plugin. -->","yoast_head_json":{"title":"Polar JHK niebieski - Grapil.pl \u2013 Profesjonalna Odzie\u017c S\u0142u\u017cbowa dla Bran\u017cy Kelnerskiej, HoReCa i Medycyny","robots":{"index":"index","follow":"follow","max-snippet":"max-snippet:-1","max-image-preview":"max-image-preview:large","max-video-preview":"max-video-preview:-1"},"canonical":"https:\/\/grapil.pl\/en\/product\/jhk-fleece-blue\/","og_locale":"en_GB","og_type":"article","og_title":"Polar JHK niebieski - Grapil.pl \u2013 Profesjonalna Odzie\u017c S\u0142u\u017cbowa dla Bran\u017cy Kelnerskiej, HoReCa i Medycyny","og_description":"Bluza polarowa zapinana na suwak, z dwoma kieszeniami zapinanymi. Mikropolar z wykon\u0301czeniem antypilingowym. Stopery. Wzmocnienia na \u0142okciach i barkach. Mo\u017cliwo\u015b\u0107","og_url":"https:\/\/grapil.pl\/en\/product\/jhk-fleece-blue\/","og_site_name":"Grapil.pl \u2013 Profesjonalna Odzie\u017c S\u0142u\u017cbowa dla Bran\u017cy Kelnerskiej, HoReCa i Medycyny","article_modified_time":"2025-12-12T14:56:37+00:00","og_image":[{"width":378,"height":475,"url":"https:\/\/grapil.pl\/wp-content\/uploads\/2025\/04\/7882.jpg","type":"image\/jpeg"}],"twitter_card":"summary_large_image","schema":{"@context":"https:\/\/schema.org","@graph":[{"@type":"WebPage","@id":"https:\/\/grapil.pl\/produkt\/polar-jhk-niebieski\/","url":"https:\/\/grapil.pl\/produkt\/polar-jhk-niebieski\/","name":"Polar JHK niebieski - Grapil.pl \u2013 Profesjonalna Odzie\u017c S\u0142u\u017cbowa dla Bran\u017cy Kelnerskiej, HoReCa i Medycyny","isPartOf":{"@id":"https:\/\/grapil.pl\/#website"},"primaryImageOfPage":{"@id":"https:\/\/grapil.pl\/produkt\/polar-jhk-niebieski\/#primaryimage"},"image":{"@id":"https:\/\/grapil.pl\/produkt\/polar-jhk-niebieski\/#primaryimage"},"thumbnailUrl":"https:\/\/grapil.pl\/wp-content\/uploads\/2025\/04\/7882.jpg","datePublished":"2025-04-09T15:37:24+00:00","dateModified":"2025-12-12T14:56:37+00:00","breadcrumb":{"@id":"https:\/\/grapil.pl\/produkt\/polar-jhk-niebieski\/#breadcrumb"},"inLanguage":"en-GB","potentialAction":[{"@type":"ReadAction","target":["https:\/\/grapil.pl\/produkt\/polar-jhk-niebieski\/"]}]},{"@type":"ImageObject","inLanguage":"en-GB","@id":"https:\/\/grapil.pl\/produkt\/polar-jhk-niebieski\/#primaryimage","url":"https:\/\/grapil.pl\/wp-content\/uploads\/2025\/04\/7882.jpg","contentUrl":"https:\/\/grapil.pl\/wp-content\/uploads\/2025\/04\/7882.jpg","width":378,"height":475},{"@type":"BreadcrumbList","@id":"https:\/\/grapil.pl\/produkt\/polar-jhk-niebieski\/#breadcrumb","itemListElement":[{"@type":"ListItem","position":1,"name":"Strona g\u0142\u00f3wna","item":"https:\/\/grapil.pl\/"},{"@type":"ListItem","position":2,"name":"sklep","item":"https:\/\/grapil.pl\/sklep\/"},{"@type":"ListItem","position":3,"name":"Polar JHK niebieski"}]},{"@type":"WebSite","@id":"https:\/\/grapil.pl\/#website","url":"https:\/\/grapil.pl\/","name":"Grapil.pl \u2013 Profesjonalna Odzie\u017c S\u0142u\u017cbowa dla Bran\u017cy Kelnerskiej, HoReCa i Medycyny","description":"","potentialAction":[{"@type":"SearchAction","target":{"@type":"EntryPoint","urlTemplate":"https:\/\/grapil.pl\/?s={search_term_string}"},"query-input":{"@type":"PropertyValueSpecification","valueRequired":true,"valueName":"search_term_string"}}],"inLanguage":"en-GB"}]}},"_links":{"self":[{"href":"https:\/\/grapil.pl\/en\/wp-json\/wp\/v2\/product\/18427","targetHints":{"allow":["GET"]}}],"collection":[{"href":"https:\/\/grapil.pl\/en\/wp-json\/wp\/v2\/product"}],"about":[{"href":"https:\/\/grapil.pl\/en\/wp-json\/wp\/v2\/types\/product"}],"version-history":[{"count":1,"href":"https:\/\/grapil.pl\/en\/wp-json\/wp\/v2\/product\/18427\/revisions"}],"predecessor-version":[{"id":18428,"href":"https:\/\/grapil.pl\/en\/wp-json\/wp\/v2\/product\/18427\/revisions\/18428"}],"wp:featuredmedia":[{"embeddable":true,"href":"https:\/\/grapil.pl\/en\/wp-json\/wp\/v2\/media\/18429"}],"wp:attachment":[{"href":"https:\/\/grapil.pl\/en\/wp-json\/wp\/v2\/media?parent=18427"}],"wp:term":[{"taxonomy":"product_brand","embeddable":true,"href":"https:\/\/grapil.pl\/en\/wp-json\/wp\/v2\/product_brand?post=18427"},{"taxonomy":"product_cat","embeddable":true,"href":"https:\/\/grapil.pl\/en\/wp-json\/wp\/v2\/product_cat?post=18427"},{"taxonomy":"product_tag","embeddable":true,"href":"https:\/\/grapil.pl\/en\/wp-json\/wp\/v2\/product_tag?post=18427"}],"curies":[{"name":"wp","href":"https:\/\/api.w.org\/{rel}","templated":true}]}}