{"id":18490,"date":"2025-04-09T17:37:37","date_gmt":"2025-04-09T15:37:37","guid":{"rendered":"https:\/\/grapil.pl\/produkt\/ocieplana-kurtka-odblaskowa-flash-short-b-pomaranczowa\/"},"modified":"2025-04-09T17:37:42","modified_gmt":"2025-04-09T15:37:42","slug":"insulated-reflective-jacket-flash-short-b-orange","status":"publish","type":"product","link":"https:\/\/grapil.pl\/en\/product\/insulated-reflective-jacket-flash-short-b-orange\/","title":{"rendered":"Flash Short-B Reflective Insulated Jacket Orange"},"content":{"rendered":"<p>Insulated protective jacket made of waterproof 300D polyester Oxford material with high visibility, PU impregnated, in fluorescent yellow with black inserts, polyester insulation, finished with a polyester quilted lining on the inside.<\/p>\n<p>Comfortable, does not restrict movement, insulated and waterproof with high visibility.<\/p>\n<p>Perfect for drivers, transport workers, road workers and cyclists, as well as for work requiring high user visibility in winter and rainy conditions.<\/p>\n<p><strong>Characteristic:<\/strong><\/p>\n<ul>\n<li>short bomber style<\/li>\n<li>sewn-on reflective stripes on the torso and sleeves<\/li>\n<li>places particularly exposed to dirt: sleeves and bottom of the jacket finished with black 300D polyester Oxford material<\/li>\n<li>detachable sleeves, fastened with a zipper,<\/li>\n<li>the bottom of the jacket is fitted to the figure thanks to an elastic band,<\/li>\n<li>fastened with a zipper covered with a flap fastened with snaps,<\/li>\n<li>hood hidden in the collar, tightened with a string,<\/li>\n<li>stand-up collar finished with soft fleece on the inside,<\/li>\n<li>sleeves finished with cuffs fastened with snaps, finished with a drawstring inside,<\/li>\n<li>numerous bartacks reinforcing the ends of the seams,<\/li>\n<li>5 outer pockets: two closed with flaps on the chest, two side pockets, tool eyelets, 1 sleeve pocket closed with a zipper,<\/li>\n<li>1 inside pocket<\/li>\n<li>ID tag<\/li>\n<\/ul>\n<p><strong>Meets the requirements of the standard:<\/strong><\/p>\n<ul>\n<li>EN ISO 20471:2013 for high visibility clothing:<\/li>\n<li>Class 2 material surface in accordance with the requirements of EN ISO 20471:2013.<\/li>\n<\/ul>","protected":false},"excerpt":{"rendered":"<p>Insulated protective jacket made of waterproof 300D polyester Oxford material with high visibility, PU impregnation, in fluorescent yellow<\/p>","protected":false},"featured_media":18492,"template":"","meta":[],"product_brand":[91],"product_cat":[86,92,123],"product_tag":[],"class_list":{"0":"post-18490","1":"product","2":"type-product","3":"status-publish","4":"has-post-thumbnail","6":"product_brand-artmas","7":"product_cat-sklepbhp","8":"product_cat-odziez-robocza","9":"product_cat-kurtki","11":"first","12":"instock","13":"product-type-simple"},"yoast_head":"<!-- This site is optimized with the Yoast SEO plugin v25.3 - https:\/\/yoast.com\/wordpress\/plugins\/seo\/ -->\n<title>Ocieplana kurtka odblaskowa Flash Short-B pomara\u0144czowa - Grapil.pl \u2013 Profesjonalna Odzie\u017c S\u0142u\u017cbowa dla Bran\u017cy Kelnerskiej, HoReCa i Medycyny<\/title>\n<meta name=\"robots\" content=\"index, follow, max-snippet:-1, max-image-preview:large, max-video-preview:-1\" \/>\n<link rel=\"canonical\" href=\"https:\/\/grapil.pl\/en\/product\/insulated-reflective-jacket-flash-short-b-orange\/\" \/>\n<meta property=\"og:locale\" content=\"en_GB\" \/>\n<meta property=\"og:type\" content=\"article\" \/>\n<meta property=\"og:title\" content=\"Ocieplana kurtka odblaskowa Flash Short-B pomara\u0144czowa - Grapil.pl \u2013 Profesjonalna Odzie\u017c S\u0142u\u017cbowa dla Bran\u017cy Kelnerskiej, HoReCa i Medycyny\" \/>\n<meta property=\"og:description\" content=\"Ocieplana kurtka ochronna wykonana z wodoodpornego materia\u0142u 300D poliester Oxford o wysokiej widoczno\u015bci , impregnowanego PU, w kolorze \u017c\u00f3\u0142tym fluorescencyjnym\" \/>\n<meta property=\"og:url\" content=\"https:\/\/grapil.pl\/en\/product\/insulated-reflective-jacket-flash-short-b-orange\/\" \/>\n<meta property=\"og:site_name\" content=\"Grapil.pl \u2013 Profesjonalna Odzie\u017c S\u0142u\u017cbowa dla Bran\u017cy Kelnerskiej, HoReCa i Medycyny\" \/>\n<meta property=\"article:modified_time\" content=\"2025-04-09T15:37:42+00:00\" \/>\n<meta property=\"og:image\" content=\"https:\/\/grapil.pl\/wp-content\/uploads\/2025\/04\/12439.jpg\" \/>\n\t<meta property=\"og:image:width\" content=\"700\" \/>\n\t<meta property=\"og:image:height\" content=\"700\" \/>\n\t<meta property=\"og:image:type\" content=\"image\/jpeg\" \/>\n<meta name=\"twitter:card\" content=\"summary_large_image\" \/>\n<meta name=\"twitter:label1\" content=\"Estimated reading time\" \/>\n\t<meta name=\"twitter:data1\" content=\"1 minute\" \/>\n<script type=\"application\/ld+json\" class=\"yoast-schema-graph\">{\"@context\":\"https:\/\/schema.org\",\"@graph\":[{\"@type\":\"WebPage\",\"@id\":\"https:\/\/grapil.pl\/produkt\/ocieplana-kurtka-odblaskowa-flash-short-b-pomaranczowa\/\",\"url\":\"https:\/\/grapil.pl\/produkt\/ocieplana-kurtka-odblaskowa-flash-short-b-pomaranczowa\/\",\"name\":\"Ocieplana kurtka odblaskowa Flash Short-B pomara\u0144czowa - Grapil.pl \u2013 Profesjonalna Odzie\u017c S\u0142u\u017cbowa dla Bran\u017cy Kelnerskiej, HoReCa i Medycyny\",\"isPartOf\":{\"@id\":\"https:\/\/grapil.pl\/#website\"},\"primaryImageOfPage\":{\"@id\":\"https:\/\/grapil.pl\/produkt\/ocieplana-kurtka-odblaskowa-flash-short-b-pomaranczowa\/#primaryimage\"},\"image\":{\"@id\":\"https:\/\/grapil.pl\/produkt\/ocieplana-kurtka-odblaskowa-flash-short-b-pomaranczowa\/#primaryimage\"},\"thumbnailUrl\":\"https:\/\/grapil.pl\/wp-content\/uploads\/2025\/04\/12439.jpg\",\"datePublished\":\"2025-04-09T15:37:37+00:00\",\"dateModified\":\"2025-04-09T15:37:42+00:00\",\"breadcrumb\":{\"@id\":\"https:\/\/grapil.pl\/produkt\/ocieplana-kurtka-odblaskowa-flash-short-b-pomaranczowa\/#breadcrumb\"},\"inLanguage\":\"en-GB\",\"potentialAction\":[{\"@type\":\"ReadAction\",\"target\":[\"https:\/\/grapil.pl\/produkt\/ocieplana-kurtka-odblaskowa-flash-short-b-pomaranczowa\/\"]}]},{\"@type\":\"ImageObject\",\"inLanguage\":\"en-GB\",\"@id\":\"https:\/\/grapil.pl\/produkt\/ocieplana-kurtka-odblaskowa-flash-short-b-pomaranczowa\/#primaryimage\",\"url\":\"https:\/\/grapil.pl\/wp-content\/uploads\/2025\/04\/12439.jpg\",\"contentUrl\":\"https:\/\/grapil.pl\/wp-content\/uploads\/2025\/04\/12439.jpg\",\"width\":700,\"height\":700},{\"@type\":\"BreadcrumbList\",\"@id\":\"https:\/\/grapil.pl\/produkt\/ocieplana-kurtka-odblaskowa-flash-short-b-pomaranczowa\/#breadcrumb\",\"itemListElement\":[{\"@type\":\"ListItem\",\"position\":1,\"name\":\"Strona g\u0142\u00f3wna\",\"item\":\"https:\/\/grapil.pl\/\"},{\"@type\":\"ListItem\",\"position\":2,\"name\":\"sklep\",\"item\":\"https:\/\/grapil.pl\/sklep\/\"},{\"@type\":\"ListItem\",\"position\":3,\"name\":\"Ocieplana kurtka odblaskowa Flash Short-B pomara\u0144czowa\"}]},{\"@type\":\"WebSite\",\"@id\":\"https:\/\/grapil.pl\/#website\",\"url\":\"https:\/\/grapil.pl\/\",\"name\":\"Grapil.pl \u2013 Profesjonalna Odzie\u017c S\u0142u\u017cbowa dla Bran\u017cy Kelnerskiej, HoReCa i Medycyny\",\"description\":\"\",\"potentialAction\":[{\"@type\":\"SearchAction\",\"target\":{\"@type\":\"EntryPoint\",\"urlTemplate\":\"https:\/\/grapil.pl\/?s={search_term_string}\"},\"query-input\":{\"@type\":\"PropertyValueSpecification\",\"valueRequired\":true,\"valueName\":\"search_term_string\"}}],\"inLanguage\":\"en-GB\"}]}<\/script>\n<!-- \/ Yoast SEO plugin. -->","yoast_head_json":{"title":"Ocieplana kurtka odblaskowa Flash Short-B pomara\u0144czowa - Grapil.pl \u2013 Profesjonalna Odzie\u017c S\u0142u\u017cbowa dla Bran\u017cy Kelnerskiej, HoReCa i Medycyny","robots":{"index":"index","follow":"follow","max-snippet":"max-snippet:-1","max-image-preview":"max-image-preview:large","max-video-preview":"max-video-preview:-1"},"canonical":"https:\/\/grapil.pl\/en\/product\/insulated-reflective-jacket-flash-short-b-orange\/","og_locale":"en_GB","og_type":"article","og_title":"Ocieplana kurtka odblaskowa Flash Short-B pomara\u0144czowa - Grapil.pl \u2013 Profesjonalna Odzie\u017c S\u0142u\u017cbowa dla Bran\u017cy Kelnerskiej, HoReCa i Medycyny","og_description":"Ocieplana kurtka ochronna wykonana z wodoodpornego materia\u0142u 300D poliester Oxford o wysokiej widoczno\u015bci , impregnowanego PU, w kolorze \u017c\u00f3\u0142tym fluorescencyjnym","og_url":"https:\/\/grapil.pl\/en\/product\/insulated-reflective-jacket-flash-short-b-orange\/","og_site_name":"Grapil.pl \u2013 Profesjonalna Odzie\u017c S\u0142u\u017cbowa dla Bran\u017cy Kelnerskiej, HoReCa i Medycyny","article_modified_time":"2025-04-09T15:37:42+00:00","og_image":[{"width":700,"height":700,"url":"https:\/\/grapil.pl\/wp-content\/uploads\/2025\/04\/12439.jpg","type":"image\/jpeg"}],"twitter_card":"summary_large_image","twitter_misc":{"Estimated reading time":"1 minute"},"schema":{"@context":"https:\/\/schema.org","@graph":[{"@type":"WebPage","@id":"https:\/\/grapil.pl\/produkt\/ocieplana-kurtka-odblaskowa-flash-short-b-pomaranczowa\/","url":"https:\/\/grapil.pl\/produkt\/ocieplana-kurtka-odblaskowa-flash-short-b-pomaranczowa\/","name":"Ocieplana kurtka odblaskowa Flash Short-B pomara\u0144czowa - Grapil.pl \u2013 Profesjonalna Odzie\u017c S\u0142u\u017cbowa dla Bran\u017cy Kelnerskiej, HoReCa i Medycyny","isPartOf":{"@id":"https:\/\/grapil.pl\/#website"},"primaryImageOfPage":{"@id":"https:\/\/grapil.pl\/produkt\/ocieplana-kurtka-odblaskowa-flash-short-b-pomaranczowa\/#primaryimage"},"image":{"@id":"https:\/\/grapil.pl\/produkt\/ocieplana-kurtka-odblaskowa-flash-short-b-pomaranczowa\/#primaryimage"},"thumbnailUrl":"https:\/\/grapil.pl\/wp-content\/uploads\/2025\/04\/12439.jpg","datePublished":"2025-04-09T15:37:37+00:00","dateModified":"2025-04-09T15:37:42+00:00","breadcrumb":{"@id":"https:\/\/grapil.pl\/produkt\/ocieplana-kurtka-odblaskowa-flash-short-b-pomaranczowa\/#breadcrumb"},"inLanguage":"en-GB","potentialAction":[{"@type":"ReadAction","target":["https:\/\/grapil.pl\/produkt\/ocieplana-kurtka-odblaskowa-flash-short-b-pomaranczowa\/"]}]},{"@type":"ImageObject","inLanguage":"en-GB","@id":"https:\/\/grapil.pl\/produkt\/ocieplana-kurtka-odblaskowa-flash-short-b-pomaranczowa\/#primaryimage","url":"https:\/\/grapil.pl\/wp-content\/uploads\/2025\/04\/12439.jpg","contentUrl":"https:\/\/grapil.pl\/wp-content\/uploads\/2025\/04\/12439.jpg","width":700,"height":700},{"@type":"BreadcrumbList","@id":"https:\/\/grapil.pl\/produkt\/ocieplana-kurtka-odblaskowa-flash-short-b-pomaranczowa\/#breadcrumb","itemListElement":[{"@type":"ListItem","position":1,"name":"Strona g\u0142\u00f3wna","item":"https:\/\/grapil.pl\/"},{"@type":"ListItem","position":2,"name":"sklep","item":"https:\/\/grapil.pl\/sklep\/"},{"@type":"ListItem","position":3,"name":"Ocieplana kurtka odblaskowa Flash Short-B pomara\u0144czowa"}]},{"@type":"WebSite","@id":"https:\/\/grapil.pl\/#website","url":"https:\/\/grapil.pl\/","name":"Grapil.pl \u2013 Profesjonalna Odzie\u017c S\u0142u\u017cbowa dla Bran\u017cy Kelnerskiej, HoReCa i Medycyny","description":"","potentialAction":[{"@type":"SearchAction","target":{"@type":"EntryPoint","urlTemplate":"https:\/\/grapil.pl\/?s={search_term_string}"},"query-input":{"@type":"PropertyValueSpecification","valueRequired":true,"valueName":"search_term_string"}}],"inLanguage":"en-GB"}]}},"_links":{"self":[{"href":"https:\/\/grapil.pl\/en\/wp-json\/wp\/v2\/product\/18490","targetHints":{"allow":["GET"]}}],"collection":[{"href":"https:\/\/grapil.pl\/en\/wp-json\/wp\/v2\/product"}],"about":[{"href":"https:\/\/grapil.pl\/en\/wp-json\/wp\/v2\/types\/product"}],"version-history":[{"count":1,"href":"https:\/\/grapil.pl\/en\/wp-json\/wp\/v2\/product\/18490\/revisions"}],"predecessor-version":[{"id":18491,"href":"https:\/\/grapil.pl\/en\/wp-json\/wp\/v2\/product\/18490\/revisions\/18491"}],"wp:featuredmedia":[{"embeddable":true,"href":"https:\/\/grapil.pl\/en\/wp-json\/wp\/v2\/media\/18492"}],"wp:attachment":[{"href":"https:\/\/grapil.pl\/en\/wp-json\/wp\/v2\/media?parent=18490"}],"wp:term":[{"taxonomy":"product_brand","embeddable":true,"href":"https:\/\/grapil.pl\/en\/wp-json\/wp\/v2\/product_brand?post=18490"},{"taxonomy":"product_cat","embeddable":true,"href":"https:\/\/grapil.pl\/en\/wp-json\/wp\/v2\/product_cat?post=18490"},{"taxonomy":"product_tag","embeddable":true,"href":"https:\/\/grapil.pl\/en\/wp-json\/wp\/v2\/product_tag?post=18490"}],"curies":[{"name":"wp","href":"https:\/\/api.w.org\/{rel}","templated":true}]}}