{"id":18507,"date":"2025-04-09T17:37:44","date_gmt":"2025-04-09T15:37:44","guid":{"rendered":"https:\/\/grapil.pl\/produkt\/marynarka-dla-portiera-hotelowego-2\/"},"modified":"2026-02-17T14:06:29","modified_gmt":"2026-02-17T13:06:29","slug":"hotel-porter-jacket-2","status":"publish","type":"product","link":"https:\/\/grapil.pl\/en\/product\/hotel-porter-jacket-2\/","title":{"rendered":"Jacket for a hotel porter"},"content":{"rendered":"<p style=\"font-weight: 400;\">Classic men&#039;s jacket with a turn-down collar, fastened with decorative buttons. Contrasting trim in a different color on the sleeves, collar and lower pockets. Shoulder straps with decorative silver tape and fastened with a decorative button.<\/p>\n<p style=\"font-weight: 400;\">At the back there are two box pleats and slits to facilitate additional freedom of movement.<\/p>\n<p style=\"font-weight: 400;\">Fabric composition: with added elastane, blend of viscose, wool and 100% polyester, to be agreed.<\/p>\n<p style=\"font-weight: 400;\"><span style=\"color: #d43b3b;\">Embroidery available \u2013 please contact us!<\/span><\/p>\n<p style=\"font-weight: 400;\"><span style=\"color: #d43b3b;\">The price is agreed individually with the client.<\/span><\/p>\n<p style=\"font-weight: 400;\">","protected":false},"excerpt":{"rendered":"<p>Classic men&#039;s jacket with a turn-down collar, fastened with decorative buttons. Contrasting finishes in a different color on the sleeves, collar and pockets<\/p>","protected":false},"featured_media":18509,"template":"","meta":[],"product_brand":[127],"product_cat":[263,82,146],"product_tag":[],"class_list":{"0":"post-18507","1":"product","2":"type-product","3":"status-publish","4":"has-post-thumbnail","6":"product_brand-produkt-na-zamowienie","7":"product_cat-bellboy-concierge","8":"product_cat-hotelarstwo","9":"product_cat-marynarki","11":"first","12":"instock","13":"product-type-simple"},"yoast_head":"<!-- This site is optimized with the Yoast SEO plugin v25.3 - https:\/\/yoast.com\/wordpress\/plugins\/seo\/ -->\n<title>Marynarka dla portiera hotelowego - Grapil.pl \u2013 Profesjonalna Odzie\u017c S\u0142u\u017cbowa dla Bran\u017cy Kelnerskiej, HoReCa i Medycyny<\/title>\n<meta name=\"robots\" content=\"index, follow, max-snippet:-1, max-image-preview:large, max-video-preview:-1\" \/>\n<link rel=\"canonical\" href=\"https:\/\/grapil.pl\/en\/product\/hotel-porter-jacket-2\/\" \/>\n<meta property=\"og:locale\" content=\"en_GB\" \/>\n<meta property=\"og:type\" content=\"article\" \/>\n<meta property=\"og:title\" content=\"Marynarka dla portiera hotelowego - Grapil.pl \u2013 Profesjonalna Odzie\u017c S\u0142u\u017cbowa dla Bran\u017cy Kelnerskiej, HoReCa i Medycyny\" \/>\n<meta property=\"og:description\" content=\"Marynarka m\u0119ska klasyczna z ko\u0142nierzem wyk\u0142adanym, zapinana na guziki ozdobne. Kontrastowe wyko\u0144czenia w innej kolorystyce przy r\u0119kawach, ko\u0142nierzu oraz kieszeniach\" \/>\n<meta property=\"og:url\" content=\"https:\/\/grapil.pl\/en\/product\/hotel-porter-jacket-2\/\" \/>\n<meta property=\"og:site_name\" content=\"Grapil.pl \u2013 Profesjonalna Odzie\u017c S\u0142u\u017cbowa dla Bran\u017cy Kelnerskiej, HoReCa i Medycyny\" \/>\n<meta property=\"article:modified_time\" content=\"2026-02-17T13:06:29+00:00\" \/>\n<meta property=\"og:image\" content=\"https:\/\/grapil.pl\/wp-content\/uploads\/2025\/04\/7916.jpg\" \/>\n\t<meta property=\"og:image:width\" content=\"1465\" \/>\n\t<meta property=\"og:image:height\" content=\"2047\" \/>\n\t<meta property=\"og:image:type\" content=\"image\/jpeg\" \/>\n<meta name=\"twitter:card\" content=\"summary_large_image\" \/>\n<meta name=\"twitter:label1\" content=\"Estimated reading time\" \/>\n\t<meta name=\"twitter:data1\" content=\"1 minute\" \/>\n<script type=\"application\/ld+json\" class=\"yoast-schema-graph\">{\"@context\":\"https:\/\/schema.org\",\"@graph\":[{\"@type\":\"WebPage\",\"@id\":\"https:\/\/grapil.pl\/produkt\/marynarka-dla-portiera-hotelowego-2\/\",\"url\":\"https:\/\/grapil.pl\/produkt\/marynarka-dla-portiera-hotelowego-2\/\",\"name\":\"Marynarka dla portiera hotelowego - Grapil.pl \u2013 Profesjonalna Odzie\u017c S\u0142u\u017cbowa dla Bran\u017cy Kelnerskiej, HoReCa i Medycyny\",\"isPartOf\":{\"@id\":\"https:\/\/grapil.pl\/#website\"},\"primaryImageOfPage\":{\"@id\":\"https:\/\/grapil.pl\/produkt\/marynarka-dla-portiera-hotelowego-2\/#primaryimage\"},\"image\":{\"@id\":\"https:\/\/grapil.pl\/produkt\/marynarka-dla-portiera-hotelowego-2\/#primaryimage\"},\"thumbnailUrl\":\"https:\/\/grapil.pl\/wp-content\/uploads\/2025\/04\/7916.jpg\",\"datePublished\":\"2025-04-09T15:37:44+00:00\",\"dateModified\":\"2026-02-17T13:06:29+00:00\",\"breadcrumb\":{\"@id\":\"https:\/\/grapil.pl\/produkt\/marynarka-dla-portiera-hotelowego-2\/#breadcrumb\"},\"inLanguage\":\"en-GB\",\"potentialAction\":[{\"@type\":\"ReadAction\",\"target\":[\"https:\/\/grapil.pl\/produkt\/marynarka-dla-portiera-hotelowego-2\/\"]}]},{\"@type\":\"ImageObject\",\"inLanguage\":\"en-GB\",\"@id\":\"https:\/\/grapil.pl\/produkt\/marynarka-dla-portiera-hotelowego-2\/#primaryimage\",\"url\":\"https:\/\/grapil.pl\/wp-content\/uploads\/2025\/04\/7916.jpg\",\"contentUrl\":\"https:\/\/grapil.pl\/wp-content\/uploads\/2025\/04\/7916.jpg\",\"width\":1465,\"height\":2047},{\"@type\":\"BreadcrumbList\",\"@id\":\"https:\/\/grapil.pl\/produkt\/marynarka-dla-portiera-hotelowego-2\/#breadcrumb\",\"itemListElement\":[{\"@type\":\"ListItem\",\"position\":1,\"name\":\"Strona g\u0142\u00f3wna\",\"item\":\"https:\/\/grapil.pl\/\"},{\"@type\":\"ListItem\",\"position\":2,\"name\":\"sklep\",\"item\":\"https:\/\/grapil.pl\/sklep\/\"},{\"@type\":\"ListItem\",\"position\":3,\"name\":\"Marynarka dla portiera hotelowego\"}]},{\"@type\":\"WebSite\",\"@id\":\"https:\/\/grapil.pl\/#website\",\"url\":\"https:\/\/grapil.pl\/\",\"name\":\"Grapil.pl \u2013 Profesjonalna Odzie\u017c S\u0142u\u017cbowa dla Bran\u017cy Kelnerskiej, HoReCa i Medycyny\",\"description\":\"\",\"potentialAction\":[{\"@type\":\"SearchAction\",\"target\":{\"@type\":\"EntryPoint\",\"urlTemplate\":\"https:\/\/grapil.pl\/?s={search_term_string}\"},\"query-input\":{\"@type\":\"PropertyValueSpecification\",\"valueRequired\":true,\"valueName\":\"search_term_string\"}}],\"inLanguage\":\"en-GB\"}]}<\/script>\n<!-- \/ Yoast SEO plugin. -->","yoast_head_json":{"title":"Marynarka dla portiera hotelowego - Grapil.pl \u2013 Profesjonalna Odzie\u017c S\u0142u\u017cbowa dla Bran\u017cy Kelnerskiej, HoReCa i Medycyny","robots":{"index":"index","follow":"follow","max-snippet":"max-snippet:-1","max-image-preview":"max-image-preview:large","max-video-preview":"max-video-preview:-1"},"canonical":"https:\/\/grapil.pl\/en\/product\/hotel-porter-jacket-2\/","og_locale":"en_GB","og_type":"article","og_title":"Marynarka dla portiera hotelowego - Grapil.pl \u2013 Profesjonalna Odzie\u017c S\u0142u\u017cbowa dla Bran\u017cy Kelnerskiej, HoReCa i Medycyny","og_description":"Marynarka m\u0119ska klasyczna z ko\u0142nierzem wyk\u0142adanym, zapinana na guziki ozdobne. Kontrastowe wyko\u0144czenia w innej kolorystyce przy r\u0119kawach, ko\u0142nierzu oraz kieszeniach","og_url":"https:\/\/grapil.pl\/en\/product\/hotel-porter-jacket-2\/","og_site_name":"Grapil.pl \u2013 Profesjonalna Odzie\u017c S\u0142u\u017cbowa dla Bran\u017cy Kelnerskiej, HoReCa i Medycyny","article_modified_time":"2026-02-17T13:06:29+00:00","og_image":[{"width":1465,"height":2047,"url":"https:\/\/grapil.pl\/wp-content\/uploads\/2025\/04\/7916.jpg","type":"image\/jpeg"}],"twitter_card":"summary_large_image","twitter_misc":{"Estimated reading time":"1 minute"},"schema":{"@context":"https:\/\/schema.org","@graph":[{"@type":"WebPage","@id":"https:\/\/grapil.pl\/produkt\/marynarka-dla-portiera-hotelowego-2\/","url":"https:\/\/grapil.pl\/produkt\/marynarka-dla-portiera-hotelowego-2\/","name":"Marynarka dla portiera hotelowego - Grapil.pl \u2013 Profesjonalna Odzie\u017c S\u0142u\u017cbowa dla Bran\u017cy Kelnerskiej, HoReCa i Medycyny","isPartOf":{"@id":"https:\/\/grapil.pl\/#website"},"primaryImageOfPage":{"@id":"https:\/\/grapil.pl\/produkt\/marynarka-dla-portiera-hotelowego-2\/#primaryimage"},"image":{"@id":"https:\/\/grapil.pl\/produkt\/marynarka-dla-portiera-hotelowego-2\/#primaryimage"},"thumbnailUrl":"https:\/\/grapil.pl\/wp-content\/uploads\/2025\/04\/7916.jpg","datePublished":"2025-04-09T15:37:44+00:00","dateModified":"2026-02-17T13:06:29+00:00","breadcrumb":{"@id":"https:\/\/grapil.pl\/produkt\/marynarka-dla-portiera-hotelowego-2\/#breadcrumb"},"inLanguage":"en-GB","potentialAction":[{"@type":"ReadAction","target":["https:\/\/grapil.pl\/produkt\/marynarka-dla-portiera-hotelowego-2\/"]}]},{"@type":"ImageObject","inLanguage":"en-GB","@id":"https:\/\/grapil.pl\/produkt\/marynarka-dla-portiera-hotelowego-2\/#primaryimage","url":"https:\/\/grapil.pl\/wp-content\/uploads\/2025\/04\/7916.jpg","contentUrl":"https:\/\/grapil.pl\/wp-content\/uploads\/2025\/04\/7916.jpg","width":1465,"height":2047},{"@type":"BreadcrumbList","@id":"https:\/\/grapil.pl\/produkt\/marynarka-dla-portiera-hotelowego-2\/#breadcrumb","itemListElement":[{"@type":"ListItem","position":1,"name":"Strona g\u0142\u00f3wna","item":"https:\/\/grapil.pl\/"},{"@type":"ListItem","position":2,"name":"sklep","item":"https:\/\/grapil.pl\/sklep\/"},{"@type":"ListItem","position":3,"name":"Marynarka dla portiera hotelowego"}]},{"@type":"WebSite","@id":"https:\/\/grapil.pl\/#website","url":"https:\/\/grapil.pl\/","name":"Grapil.pl \u2013 Profesjonalna Odzie\u017c S\u0142u\u017cbowa dla Bran\u017cy Kelnerskiej, HoReCa i Medycyny","description":"","potentialAction":[{"@type":"SearchAction","target":{"@type":"EntryPoint","urlTemplate":"https:\/\/grapil.pl\/?s={search_term_string}"},"query-input":{"@type":"PropertyValueSpecification","valueRequired":true,"valueName":"search_term_string"}}],"inLanguage":"en-GB"}]}},"_links":{"self":[{"href":"https:\/\/grapil.pl\/en\/wp-json\/wp\/v2\/product\/18507","targetHints":{"allow":["GET"]}}],"collection":[{"href":"https:\/\/grapil.pl\/en\/wp-json\/wp\/v2\/product"}],"about":[{"href":"https:\/\/grapil.pl\/en\/wp-json\/wp\/v2\/types\/product"}],"version-history":[{"count":2,"href":"https:\/\/grapil.pl\/en\/wp-json\/wp\/v2\/product\/18507\/revisions"}],"predecessor-version":[{"id":21013,"href":"https:\/\/grapil.pl\/en\/wp-json\/wp\/v2\/product\/18507\/revisions\/21013"}],"wp:featuredmedia":[{"embeddable":true,"href":"https:\/\/grapil.pl\/en\/wp-json\/wp\/v2\/media\/18509"}],"wp:attachment":[{"href":"https:\/\/grapil.pl\/en\/wp-json\/wp\/v2\/media?parent=18507"}],"wp:term":[{"taxonomy":"product_brand","embeddable":true,"href":"https:\/\/grapil.pl\/en\/wp-json\/wp\/v2\/product_brand?post=18507"},{"taxonomy":"product_cat","embeddable":true,"href":"https:\/\/grapil.pl\/en\/wp-json\/wp\/v2\/product_cat?post=18507"},{"taxonomy":"product_tag","embeddable":true,"href":"https:\/\/grapil.pl\/en\/wp-json\/wp\/v2\/product_tag?post=18507"}],"curies":[{"name":"wp","href":"https:\/\/api.w.org\/{rel}","templated":true}]}}