{"id":18557,"date":"2025-04-09T17:37:44","date_gmt":"2025-04-09T15:37:44","guid":{"rendered":"https:\/\/grapil.pl\/produkt\/bluza-v-4\/"},"modified":"2026-02-17T13:56:12","modified_gmt":"2026-02-17T12:56:12","slug":"sweatshirt-v-4","status":"publish","type":"product","link":"https:\/\/grapil.pl\/en\/product\/sweatshirt-v-4\/","title":{"rendered":"V-neck sweatshirt"},"content":{"rendered":"<p>Comfortable men&#039;s &quot;V&quot; sweatshirt put on over the head with a cutout at the yoke, short sleeves, slits on the sides.<\/p>\n<p><strong>Fabric composition \u2013 polyester\/cotton blend. Possibility of fabric with elastane.<\/strong><\/p>\n<p><span style=\"color: #ff0000;\">Embroidery available \u2013 please contact us!<\/span><\/p>\n<p><span style=\"color: #ff0000;\">The price is agreed individually with the client.<\/span><\/p>","protected":false},"excerpt":{"rendered":"<p>Comfortable men&#039;s &quot;V&quot; sweatshirt put on over the head with a cutout on the yoke, short sleeves, slits on the sides. Fabric composition - blend<\/p>","protected":false},"featured_media":25205,"template":"","meta":[],"product_brand":[127],"product_cat":[79,128,106,110],"product_tag":[],"class_list":{"0":"post-18557","1":"product","2":"type-product","3":"status-publish","4":"has-post-thumbnail","6":"product_brand-produkt-na-zamowienie","7":"product_cat-gastronomia","8":"product_cat-bluzy-i-kitle","9":"product_cat-medycyna-i-kosmetyka","10":"product_cat-bluzy-i-tuniki","12":"first","13":"instock","14":"product-type-simple"},"yoast_head":"<!-- This site is optimized with the Yoast SEO plugin v25.3 - https:\/\/yoast.com\/wordpress\/plugins\/seo\/ -->\n<title>Bluza V - Grapil.pl \u2013 Profesjonalna Odzie\u017c S\u0142u\u017cbowa dla Bran\u017cy Kelnerskiej, HoReCa i Medycyny<\/title>\n<meta name=\"robots\" content=\"index, follow, max-snippet:-1, max-image-preview:large, max-video-preview:-1\" \/>\n<link rel=\"canonical\" href=\"https:\/\/grapil.pl\/en\/product\/sweatshirt-v-4\/\" \/>\n<meta property=\"og:locale\" content=\"en_GB\" \/>\n<meta property=\"og:type\" content=\"article\" \/>\n<meta property=\"og:title\" content=\"Bluza V - Grapil.pl \u2013 Profesjonalna Odzie\u017c S\u0142u\u017cbowa dla Bran\u017cy Kelnerskiej, HoReCa i Medycyny\" \/>\n<meta property=\"og:description\" content=\"Wygodna bluza \u201eV\u201d m\u0119ska zak\u0142adana przez g\u0142ow\u0119 z odci\u0119ciem na karczku, kr\u00f3tki r\u0119kaw, rozporki po bokach. Sk\u0142ad tkaniny \u2013 mieszanka\" \/>\n<meta property=\"og:url\" content=\"https:\/\/grapil.pl\/en\/product\/sweatshirt-v-4\/\" \/>\n<meta property=\"og:site_name\" content=\"Grapil.pl \u2013 Profesjonalna Odzie\u017c S\u0142u\u017cbowa dla Bran\u017cy Kelnerskiej, HoReCa i Medycyny\" \/>\n<meta property=\"article:modified_time\" content=\"2026-02-17T12:56:12+00:00\" \/>\n<meta property=\"og:image\" content=\"https:\/\/grapil.pl\/wp-content\/uploads\/2025\/04\/bluza-kucharska-6-kopia.jpg\" \/>\n\t<meta property=\"og:image:width\" content=\"600\" \/>\n\t<meta property=\"og:image:height\" content=\"800\" \/>\n\t<meta property=\"og:image:type\" content=\"image\/jpeg\" \/>\n<meta name=\"twitter:card\" content=\"summary_large_image\" \/>\n<meta name=\"twitter:label1\" content=\"Estimated reading time\" \/>\n\t<meta name=\"twitter:data1\" content=\"1 minute\" \/>\n<script type=\"application\/ld+json\" class=\"yoast-schema-graph\">{\"@context\":\"https:\/\/schema.org\",\"@graph\":[{\"@type\":\"WebPage\",\"@id\":\"https:\/\/grapil.pl\/produkt\/bluza-v-4\/\",\"url\":\"https:\/\/grapil.pl\/produkt\/bluza-v-4\/\",\"name\":\"Bluza V - Grapil.pl \u2013 Profesjonalna Odzie\u017c S\u0142u\u017cbowa dla Bran\u017cy Kelnerskiej, HoReCa i Medycyny\",\"isPartOf\":{\"@id\":\"https:\/\/grapil.pl\/#website\"},\"primaryImageOfPage\":{\"@id\":\"https:\/\/grapil.pl\/produkt\/bluza-v-4\/#primaryimage\"},\"image\":{\"@id\":\"https:\/\/grapil.pl\/produkt\/bluza-v-4\/#primaryimage\"},\"thumbnailUrl\":\"https:\/\/grapil.pl\/wp-content\/uploads\/2025\/04\/bluza-kucharska-6-kopia.jpg\",\"datePublished\":\"2025-04-09T15:37:44+00:00\",\"dateModified\":\"2026-02-17T12:56:12+00:00\",\"breadcrumb\":{\"@id\":\"https:\/\/grapil.pl\/produkt\/bluza-v-4\/#breadcrumb\"},\"inLanguage\":\"en-GB\",\"potentialAction\":[{\"@type\":\"ReadAction\",\"target\":[\"https:\/\/grapil.pl\/produkt\/bluza-v-4\/\"]}]},{\"@type\":\"ImageObject\",\"inLanguage\":\"en-GB\",\"@id\":\"https:\/\/grapil.pl\/produkt\/bluza-v-4\/#primaryimage\",\"url\":\"https:\/\/grapil.pl\/wp-content\/uploads\/2025\/04\/bluza-kucharska-6-kopia.jpg\",\"contentUrl\":\"https:\/\/grapil.pl\/wp-content\/uploads\/2025\/04\/bluza-kucharska-6-kopia.jpg\",\"width\":600,\"height\":800},{\"@type\":\"BreadcrumbList\",\"@id\":\"https:\/\/grapil.pl\/produkt\/bluza-v-4\/#breadcrumb\",\"itemListElement\":[{\"@type\":\"ListItem\",\"position\":1,\"name\":\"Strona g\u0142\u00f3wna\",\"item\":\"https:\/\/grapil.pl\/\"},{\"@type\":\"ListItem\",\"position\":2,\"name\":\"sklep\",\"item\":\"https:\/\/grapil.pl\/sklep\/\"},{\"@type\":\"ListItem\",\"position\":3,\"name\":\"Bluza V\"}]},{\"@type\":\"WebSite\",\"@id\":\"https:\/\/grapil.pl\/#website\",\"url\":\"https:\/\/grapil.pl\/\",\"name\":\"Grapil.pl \u2013 Profesjonalna Odzie\u017c S\u0142u\u017cbowa dla Bran\u017cy Kelnerskiej, HoReCa i Medycyny\",\"description\":\"\",\"potentialAction\":[{\"@type\":\"SearchAction\",\"target\":{\"@type\":\"EntryPoint\",\"urlTemplate\":\"https:\/\/grapil.pl\/?s={search_term_string}\"},\"query-input\":{\"@type\":\"PropertyValueSpecification\",\"valueRequired\":true,\"valueName\":\"search_term_string\"}}],\"inLanguage\":\"en-GB\"}]}<\/script>\n<!-- \/ Yoast SEO plugin. -->","yoast_head_json":{"title":"Bluza V - Grapil.pl \u2013 Profesjonalna Odzie\u017c S\u0142u\u017cbowa dla Bran\u017cy Kelnerskiej, HoReCa i Medycyny","robots":{"index":"index","follow":"follow","max-snippet":"max-snippet:-1","max-image-preview":"max-image-preview:large","max-video-preview":"max-video-preview:-1"},"canonical":"https:\/\/grapil.pl\/en\/product\/sweatshirt-v-4\/","og_locale":"en_GB","og_type":"article","og_title":"Bluza V - Grapil.pl \u2013 Profesjonalna Odzie\u017c S\u0142u\u017cbowa dla Bran\u017cy Kelnerskiej, HoReCa i Medycyny","og_description":"Wygodna bluza \u201eV\u201d m\u0119ska zak\u0142adana przez g\u0142ow\u0119 z odci\u0119ciem na karczku, kr\u00f3tki r\u0119kaw, rozporki po bokach. Sk\u0142ad tkaniny \u2013 mieszanka","og_url":"https:\/\/grapil.pl\/en\/product\/sweatshirt-v-4\/","og_site_name":"Grapil.pl \u2013 Profesjonalna Odzie\u017c S\u0142u\u017cbowa dla Bran\u017cy Kelnerskiej, HoReCa i Medycyny","article_modified_time":"2026-02-17T12:56:12+00:00","og_image":[{"width":600,"height":800,"url":"https:\/\/grapil.pl\/wp-content\/uploads\/2025\/04\/bluza-kucharska-6-kopia.jpg","type":"image\/jpeg"}],"twitter_card":"summary_large_image","twitter_misc":{"Estimated reading time":"1 minute"},"schema":{"@context":"https:\/\/schema.org","@graph":[{"@type":"WebPage","@id":"https:\/\/grapil.pl\/produkt\/bluza-v-4\/","url":"https:\/\/grapil.pl\/produkt\/bluza-v-4\/","name":"Bluza V - Grapil.pl \u2013 Profesjonalna Odzie\u017c S\u0142u\u017cbowa dla Bran\u017cy Kelnerskiej, HoReCa i Medycyny","isPartOf":{"@id":"https:\/\/grapil.pl\/#website"},"primaryImageOfPage":{"@id":"https:\/\/grapil.pl\/produkt\/bluza-v-4\/#primaryimage"},"image":{"@id":"https:\/\/grapil.pl\/produkt\/bluza-v-4\/#primaryimage"},"thumbnailUrl":"https:\/\/grapil.pl\/wp-content\/uploads\/2025\/04\/bluza-kucharska-6-kopia.jpg","datePublished":"2025-04-09T15:37:44+00:00","dateModified":"2026-02-17T12:56:12+00:00","breadcrumb":{"@id":"https:\/\/grapil.pl\/produkt\/bluza-v-4\/#breadcrumb"},"inLanguage":"en-GB","potentialAction":[{"@type":"ReadAction","target":["https:\/\/grapil.pl\/produkt\/bluza-v-4\/"]}]},{"@type":"ImageObject","inLanguage":"en-GB","@id":"https:\/\/grapil.pl\/produkt\/bluza-v-4\/#primaryimage","url":"https:\/\/grapil.pl\/wp-content\/uploads\/2025\/04\/bluza-kucharska-6-kopia.jpg","contentUrl":"https:\/\/grapil.pl\/wp-content\/uploads\/2025\/04\/bluza-kucharska-6-kopia.jpg","width":600,"height":800},{"@type":"BreadcrumbList","@id":"https:\/\/grapil.pl\/produkt\/bluza-v-4\/#breadcrumb","itemListElement":[{"@type":"ListItem","position":1,"name":"Strona g\u0142\u00f3wna","item":"https:\/\/grapil.pl\/"},{"@type":"ListItem","position":2,"name":"sklep","item":"https:\/\/grapil.pl\/sklep\/"},{"@type":"ListItem","position":3,"name":"Bluza V"}]},{"@type":"WebSite","@id":"https:\/\/grapil.pl\/#website","url":"https:\/\/grapil.pl\/","name":"Grapil.pl \u2013 Profesjonalna Odzie\u017c S\u0142u\u017cbowa dla Bran\u017cy Kelnerskiej, HoReCa i Medycyny","description":"","potentialAction":[{"@type":"SearchAction","target":{"@type":"EntryPoint","urlTemplate":"https:\/\/grapil.pl\/?s={search_term_string}"},"query-input":{"@type":"PropertyValueSpecification","valueRequired":true,"valueName":"search_term_string"}}],"inLanguage":"en-GB"}]}},"_links":{"self":[{"href":"https:\/\/grapil.pl\/en\/wp-json\/wp\/v2\/product\/18557","targetHints":{"allow":["GET"]}}],"collection":[{"href":"https:\/\/grapil.pl\/en\/wp-json\/wp\/v2\/product"}],"about":[{"href":"https:\/\/grapil.pl\/en\/wp-json\/wp\/v2\/types\/product"}],"version-history":[{"count":3,"href":"https:\/\/grapil.pl\/en\/wp-json\/wp\/v2\/product\/18557\/revisions"}],"predecessor-version":[{"id":25204,"href":"https:\/\/grapil.pl\/en\/wp-json\/wp\/v2\/product\/18557\/revisions\/25204"}],"wp:featuredmedia":[{"embeddable":true,"href":"https:\/\/grapil.pl\/en\/wp-json\/wp\/v2\/media\/25205"}],"wp:attachment":[{"href":"https:\/\/grapil.pl\/en\/wp-json\/wp\/v2\/media?parent=18557"}],"wp:term":[{"taxonomy":"product_brand","embeddable":true,"href":"https:\/\/grapil.pl\/en\/wp-json\/wp\/v2\/product_brand?post=18557"},{"taxonomy":"product_cat","embeddable":true,"href":"https:\/\/grapil.pl\/en\/wp-json\/wp\/v2\/product_cat?post=18557"},{"taxonomy":"product_tag","embeddable":true,"href":"https:\/\/grapil.pl\/en\/wp-json\/wp\/v2\/product_tag?post=18557"}],"curies":[{"name":"wp","href":"https:\/\/api.w.org\/{rel}","templated":true}]}}