{"id":18567,"date":"2025-04-09T17:38:00","date_gmt":"2025-04-09T15:38:00","guid":{"rendered":"https:\/\/grapil.pl\/produkt\/zimowa-kurtka-ostrzegawcza-snow-hawk-zolta\/"},"modified":"2025-04-09T17:38:01","modified_gmt":"2025-04-09T15:38:01","slug":"snow-hawk-winter-warning-jacket-yellow","status":"publish","type":"product","link":"https:\/\/grapil.pl\/en\/product\/snow-hawk-winter-warning-jacket-yellow\/","title":{"rendered":"Snow hawk yellow warning winter jacket"},"content":{"rendered":"<p style=\"font-weight:400;\">The technically advanced Softshell fabric from which it is made is characterized by the fact that it is\u00a0<strong>breathable, waterproof and windproof<\/strong>.<\/p>\n<p style=\"font-weight:400;\"><strong>Insulated on the inside with a layer of fleece.<\/strong><\/p>\n<p style=\"font-weight:400;\">A special coating prevents the material from pilling.<\/p>\n<p style=\"font-weight:400;\"><strong>ENHANCED VISIBILITY<\/strong><\/p>\n<p style=\"font-weight:400;\">Color:\u00a0<strong>Warning yellow<\/strong>.<\/p>\n<p style=\"font-weight:400;\"><strong>Characteristic:<\/strong><\/p>\n<p style=\"font-weight:400;\">softshell jacket\u00a0<strong>with increased visibility<\/strong><\/p>\n<ul style=\"font-weight:400;\">\n<li>from the inside\u00a0<strong>insulated with a layer of fleece<\/strong><\/li>\n<li><strong>special coating<\/strong>\u00a0prevents material from pilling<\/li>\n<\/ul>\n<p style=\"font-weight:400;\">very comfortable<\/p>\n<ul style=\"font-weight:400;\">\n<li><strong>Breathable<\/strong><\/li>\n<li><strong>resistant<\/strong>\u00a0for low temperatures<\/li>\n<li><strong>provides excellent protection against<\/strong>\u00a0cold and rain, while not restricting movement<\/li>\n<\/ul>\n<p style=\"font-weight:400;\">fastened with a zipper<\/p>\n<p style=\"font-weight:400;\">has\u00a0<strong>up to four pockets<\/strong>\u00a0external:<\/p>\n<ul style=\"font-weight:400;\">\n<li>two lower ones \u2013 at hand height<\/li>\n<li>one at chest height<\/li>\n<li>one on the sleeve<\/li>\n<\/ul>\n<p style=\"font-weight:400;\"><strong>hood<\/strong>\u00a0tightened in the face part<\/p>\n<p style=\"font-weight:400;\">Velcro adjustable cuffs<\/p>\n<p style=\"font-weight:400;\"><strong>Ensures visibility on the road in low light conditions<\/strong><\/p>\n<p style=\"font-weight:400;\">The jacket meets the requirements of the EN 471 standard - High visibility warning clothing for professional use.<\/p>\n<p style=\"font-weight:400;\">The standard specifies the properties that clothing designed to visually signal the presence of the user must have in order to detect and see him in dangerous conditions, in all lighting conditions during the day and at night and in the light of car headlights. Three classes of signal clothing are defined. The clothing must consist of a surface of fluorescent material and reflective material, or it may consist of a material with combined properties.<\/p>","protected":false},"excerpt":{"rendered":"<p>The technically advanced Softshell fabric from which it is made is characterized by being breathable, water- and windproof. Insulated from the inside with a layer of<\/p>","protected":false},"featured_media":18569,"template":"","meta":[],"product_brand":[85],"product_cat":[86,92,123],"product_tag":[],"class_list":{"0":"post-18567","1":"product","2":"type-product","3":"status-publish","4":"has-post-thumbnail","6":"product_brand-consorte","7":"product_cat-sklepbhp","8":"product_cat-odziez-robocza","9":"product_cat-kurtki","11":"first","12":"instock","13":"product-type-simple"},"yoast_head":"<!-- This site is optimized with the Yoast SEO plugin v25.3 - https:\/\/yoast.com\/wordpress\/plugins\/seo\/ -->\n<title>Zimowa kurtka ostrzegawcza Snow hawk \u017c\u00f3\u0142ta - Grapil.pl \u2013 Profesjonalna Odzie\u017c S\u0142u\u017cbowa dla Bran\u017cy Kelnerskiej, HoReCa i Medycyny<\/title>\n<meta name=\"robots\" content=\"index, follow, max-snippet:-1, max-image-preview:large, max-video-preview:-1\" \/>\n<link rel=\"canonical\" href=\"https:\/\/grapil.pl\/en\/product\/snow-hawk-winter-warning-jacket-yellow\/\" \/>\n<meta property=\"og:locale\" content=\"en_GB\" \/>\n<meta property=\"og:type\" content=\"article\" \/>\n<meta property=\"og:title\" content=\"Zimowa kurtka ostrzegawcza Snow hawk \u017c\u00f3\u0142ta - Grapil.pl \u2013 Profesjonalna Odzie\u017c S\u0142u\u017cbowa dla Bran\u017cy Kelnerskiej, HoReCa i Medycyny\" \/>\n<meta property=\"og:description\" content=\"Technicznie zaawansowana tkanina Softshell, z kt\u00f3rej jest wykonana,\u00a0 cechuje si\u0119 tym, \u017ce jest\u00a0oddychaj\u0105ca, wodo- i wiatroodporna. Od wewn\u0105trz ocieplona warstw\u0105\" \/>\n<meta property=\"og:url\" content=\"https:\/\/grapil.pl\/en\/product\/snow-hawk-winter-warning-jacket-yellow\/\" \/>\n<meta property=\"og:site_name\" content=\"Grapil.pl \u2013 Profesjonalna Odzie\u017c S\u0142u\u017cbowa dla Bran\u017cy Kelnerskiej, HoReCa i Medycyny\" \/>\n<meta property=\"article:modified_time\" content=\"2025-04-09T15:38:01+00:00\" \/>\n<meta property=\"og:image\" content=\"https:\/\/grapil.pl\/wp-content\/uploads\/2025\/04\/8428.jpg\" \/>\n\t<meta property=\"og:image:width\" content=\"697\" \/>\n\t<meta property=\"og:image:height\" content=\"1024\" \/>\n\t<meta property=\"og:image:type\" content=\"image\/jpeg\" \/>\n<meta name=\"twitter:card\" content=\"summary_large_image\" \/>\n<meta name=\"twitter:label1\" content=\"Estimated reading time\" \/>\n\t<meta name=\"twitter:data1\" content=\"1 minute\" \/>\n<script type=\"application\/ld+json\" class=\"yoast-schema-graph\">{\"@context\":\"https:\/\/schema.org\",\"@graph\":[{\"@type\":\"WebPage\",\"@id\":\"https:\/\/grapil.pl\/produkt\/zimowa-kurtka-ostrzegawcza-snow-hawk-zolta\/\",\"url\":\"https:\/\/grapil.pl\/produkt\/zimowa-kurtka-ostrzegawcza-snow-hawk-zolta\/\",\"name\":\"Zimowa kurtka ostrzegawcza Snow hawk \u017c\u00f3\u0142ta - Grapil.pl \u2013 Profesjonalna Odzie\u017c S\u0142u\u017cbowa dla Bran\u017cy Kelnerskiej, HoReCa i Medycyny\",\"isPartOf\":{\"@id\":\"https:\/\/grapil.pl\/#website\"},\"primaryImageOfPage\":{\"@id\":\"https:\/\/grapil.pl\/produkt\/zimowa-kurtka-ostrzegawcza-snow-hawk-zolta\/#primaryimage\"},\"image\":{\"@id\":\"https:\/\/grapil.pl\/produkt\/zimowa-kurtka-ostrzegawcza-snow-hawk-zolta\/#primaryimage\"},\"thumbnailUrl\":\"https:\/\/grapil.pl\/wp-content\/uploads\/2025\/04\/8428.jpg\",\"datePublished\":\"2025-04-09T15:38:00+00:00\",\"dateModified\":\"2025-04-09T15:38:01+00:00\",\"breadcrumb\":{\"@id\":\"https:\/\/grapil.pl\/produkt\/zimowa-kurtka-ostrzegawcza-snow-hawk-zolta\/#breadcrumb\"},\"inLanguage\":\"en-GB\",\"potentialAction\":[{\"@type\":\"ReadAction\",\"target\":[\"https:\/\/grapil.pl\/produkt\/zimowa-kurtka-ostrzegawcza-snow-hawk-zolta\/\"]}]},{\"@type\":\"ImageObject\",\"inLanguage\":\"en-GB\",\"@id\":\"https:\/\/grapil.pl\/produkt\/zimowa-kurtka-ostrzegawcza-snow-hawk-zolta\/#primaryimage\",\"url\":\"https:\/\/grapil.pl\/wp-content\/uploads\/2025\/04\/8428.jpg\",\"contentUrl\":\"https:\/\/grapil.pl\/wp-content\/uploads\/2025\/04\/8428.jpg\",\"width\":697,\"height\":1024},{\"@type\":\"BreadcrumbList\",\"@id\":\"https:\/\/grapil.pl\/produkt\/zimowa-kurtka-ostrzegawcza-snow-hawk-zolta\/#breadcrumb\",\"itemListElement\":[{\"@type\":\"ListItem\",\"position\":1,\"name\":\"Strona g\u0142\u00f3wna\",\"item\":\"https:\/\/grapil.pl\/\"},{\"@type\":\"ListItem\",\"position\":2,\"name\":\"sklep\",\"item\":\"https:\/\/grapil.pl\/sklep\/\"},{\"@type\":\"ListItem\",\"position\":3,\"name\":\"Zimowa kurtka ostrzegawcza Snow hawk \u017c\u00f3\u0142ta\"}]},{\"@type\":\"WebSite\",\"@id\":\"https:\/\/grapil.pl\/#website\",\"url\":\"https:\/\/grapil.pl\/\",\"name\":\"Grapil.pl \u2013 Profesjonalna Odzie\u017c S\u0142u\u017cbowa dla Bran\u017cy Kelnerskiej, HoReCa i Medycyny\",\"description\":\"\",\"potentialAction\":[{\"@type\":\"SearchAction\",\"target\":{\"@type\":\"EntryPoint\",\"urlTemplate\":\"https:\/\/grapil.pl\/?s={search_term_string}\"},\"query-input\":{\"@type\":\"PropertyValueSpecification\",\"valueRequired\":true,\"valueName\":\"search_term_string\"}}],\"inLanguage\":\"en-GB\"}]}<\/script>\n<!-- \/ Yoast SEO plugin. -->","yoast_head_json":{"title":"Zimowa kurtka ostrzegawcza Snow hawk \u017c\u00f3\u0142ta - Grapil.pl \u2013 Profesjonalna Odzie\u017c S\u0142u\u017cbowa dla Bran\u017cy Kelnerskiej, HoReCa i Medycyny","robots":{"index":"index","follow":"follow","max-snippet":"max-snippet:-1","max-image-preview":"max-image-preview:large","max-video-preview":"max-video-preview:-1"},"canonical":"https:\/\/grapil.pl\/en\/product\/snow-hawk-winter-warning-jacket-yellow\/","og_locale":"en_GB","og_type":"article","og_title":"Zimowa kurtka ostrzegawcza Snow hawk \u017c\u00f3\u0142ta - Grapil.pl \u2013 Profesjonalna Odzie\u017c S\u0142u\u017cbowa dla Bran\u017cy Kelnerskiej, HoReCa i Medycyny","og_description":"Technicznie zaawansowana tkanina Softshell, z kt\u00f3rej jest wykonana,\u00a0 cechuje si\u0119 tym, \u017ce jest\u00a0oddychaj\u0105ca, wodo- i wiatroodporna. Od wewn\u0105trz ocieplona warstw\u0105","og_url":"https:\/\/grapil.pl\/en\/product\/snow-hawk-winter-warning-jacket-yellow\/","og_site_name":"Grapil.pl \u2013 Profesjonalna Odzie\u017c S\u0142u\u017cbowa dla Bran\u017cy Kelnerskiej, HoReCa i Medycyny","article_modified_time":"2025-04-09T15:38:01+00:00","og_image":[{"width":697,"height":1024,"url":"https:\/\/grapil.pl\/wp-content\/uploads\/2025\/04\/8428.jpg","type":"image\/jpeg"}],"twitter_card":"summary_large_image","twitter_misc":{"Estimated reading time":"1 minute"},"schema":{"@context":"https:\/\/schema.org","@graph":[{"@type":"WebPage","@id":"https:\/\/grapil.pl\/produkt\/zimowa-kurtka-ostrzegawcza-snow-hawk-zolta\/","url":"https:\/\/grapil.pl\/produkt\/zimowa-kurtka-ostrzegawcza-snow-hawk-zolta\/","name":"Zimowa kurtka ostrzegawcza Snow hawk \u017c\u00f3\u0142ta - Grapil.pl \u2013 Profesjonalna Odzie\u017c S\u0142u\u017cbowa dla Bran\u017cy Kelnerskiej, HoReCa i Medycyny","isPartOf":{"@id":"https:\/\/grapil.pl\/#website"},"primaryImageOfPage":{"@id":"https:\/\/grapil.pl\/produkt\/zimowa-kurtka-ostrzegawcza-snow-hawk-zolta\/#primaryimage"},"image":{"@id":"https:\/\/grapil.pl\/produkt\/zimowa-kurtka-ostrzegawcza-snow-hawk-zolta\/#primaryimage"},"thumbnailUrl":"https:\/\/grapil.pl\/wp-content\/uploads\/2025\/04\/8428.jpg","datePublished":"2025-04-09T15:38:00+00:00","dateModified":"2025-04-09T15:38:01+00:00","breadcrumb":{"@id":"https:\/\/grapil.pl\/produkt\/zimowa-kurtka-ostrzegawcza-snow-hawk-zolta\/#breadcrumb"},"inLanguage":"en-GB","potentialAction":[{"@type":"ReadAction","target":["https:\/\/grapil.pl\/produkt\/zimowa-kurtka-ostrzegawcza-snow-hawk-zolta\/"]}]},{"@type":"ImageObject","inLanguage":"en-GB","@id":"https:\/\/grapil.pl\/produkt\/zimowa-kurtka-ostrzegawcza-snow-hawk-zolta\/#primaryimage","url":"https:\/\/grapil.pl\/wp-content\/uploads\/2025\/04\/8428.jpg","contentUrl":"https:\/\/grapil.pl\/wp-content\/uploads\/2025\/04\/8428.jpg","width":697,"height":1024},{"@type":"BreadcrumbList","@id":"https:\/\/grapil.pl\/produkt\/zimowa-kurtka-ostrzegawcza-snow-hawk-zolta\/#breadcrumb","itemListElement":[{"@type":"ListItem","position":1,"name":"Strona g\u0142\u00f3wna","item":"https:\/\/grapil.pl\/"},{"@type":"ListItem","position":2,"name":"sklep","item":"https:\/\/grapil.pl\/sklep\/"},{"@type":"ListItem","position":3,"name":"Zimowa kurtka ostrzegawcza Snow hawk \u017c\u00f3\u0142ta"}]},{"@type":"WebSite","@id":"https:\/\/grapil.pl\/#website","url":"https:\/\/grapil.pl\/","name":"Grapil.pl \u2013 Profesjonalna Odzie\u017c S\u0142u\u017cbowa dla Bran\u017cy Kelnerskiej, HoReCa i Medycyny","description":"","potentialAction":[{"@type":"SearchAction","target":{"@type":"EntryPoint","urlTemplate":"https:\/\/grapil.pl\/?s={search_term_string}"},"query-input":{"@type":"PropertyValueSpecification","valueRequired":true,"valueName":"search_term_string"}}],"inLanguage":"en-GB"}]}},"_links":{"self":[{"href":"https:\/\/grapil.pl\/en\/wp-json\/wp\/v2\/product\/18567","targetHints":{"allow":["GET"]}}],"collection":[{"href":"https:\/\/grapil.pl\/en\/wp-json\/wp\/v2\/product"}],"about":[{"href":"https:\/\/grapil.pl\/en\/wp-json\/wp\/v2\/types\/product"}],"version-history":[{"count":1,"href":"https:\/\/grapil.pl\/en\/wp-json\/wp\/v2\/product\/18567\/revisions"}],"predecessor-version":[{"id":18568,"href":"https:\/\/grapil.pl\/en\/wp-json\/wp\/v2\/product\/18567\/revisions\/18568"}],"wp:featuredmedia":[{"embeddable":true,"href":"https:\/\/grapil.pl\/en\/wp-json\/wp\/v2\/media\/18569"}],"wp:attachment":[{"href":"https:\/\/grapil.pl\/en\/wp-json\/wp\/v2\/media?parent=18567"}],"wp:term":[{"taxonomy":"product_brand","embeddable":true,"href":"https:\/\/grapil.pl\/en\/wp-json\/wp\/v2\/product_brand?post=18567"},{"taxonomy":"product_cat","embeddable":true,"href":"https:\/\/grapil.pl\/en\/wp-json\/wp\/v2\/product_cat?post=18567"},{"taxonomy":"product_tag","embeddable":true,"href":"https:\/\/grapil.pl\/en\/wp-json\/wp\/v2\/product_tag?post=18567"}],"curies":[{"name":"wp","href":"https:\/\/api.w.org\/{rel}","templated":true}]}}