{"id":18611,"date":"2025-04-09T17:38:00","date_gmt":"2025-04-09T15:38:00","guid":{"rendered":"https:\/\/grapil.pl\/produkt\/bluza-damska-z-krotkim-rekawem-3\/"},"modified":"2026-02-17T13:54:11","modified_gmt":"2026-02-17T12:54:11","slug":"womens-short-sleeve-sweatshirt-3","status":"publish","type":"product","link":"https:\/\/grapil.pl\/en\/product\/womens-short-sleeve-sweatshirt-3\/","title":{"rendered":"Women&#039;s short sleeve sweatshirt"},"content":{"rendered":"<p>Women&#039;s short-sleeved sweatshirt has a loose cut for easy movement.<\/p>\n<p>Two lower pockets and an upper pocket on the left chest finished with decorative pins.<\/p>\n<p>Fastened with white snaps, wide white trim along the fastening on both sides and on the neckline and sleeves.<\/p>\n<p>Fabric composition \u2013 65% polyester\/ 35% cotton<\/p>\n<p>Possibility of adding elastane, fabric to be agreed.<\/p>\n<p>Embroidery available \u2013 please contact us!<\/p>\n<p>The price is agreed individually with the client.<\/p>","protected":false},"excerpt":{"rendered":"<p>Women&#039;s short sleeve sweatshirt has a loose cut for easy movement. Two lower pockets and an upper pocket on the left chest<\/p>","protected":false},"featured_media":25422,"template":"","meta":[],"product_brand":[],"product_cat":[119,135,106,110],"product_tag":[],"class_list":{"0":"post-18611","1":"product","2":"type-product","3":"status-publish","4":"has-post-thumbnail","6":"product_cat-housekeeping","7":"product_cat-bluzy","8":"product_cat-medycyna-i-kosmetyka","9":"product_cat-bluzy-i-tuniki","11":"first","12":"instock","13":"product-type-simple"},"yoast_head":"<!-- This site is optimized with the Yoast SEO plugin v25.3 - https:\/\/yoast.com\/wordpress\/plugins\/seo\/ -->\n<title>Bluza damska z kr\u00f3tkim r\u0119kawem - Grapil.pl \u2013 Profesjonalna Odzie\u017c S\u0142u\u017cbowa dla Bran\u017cy Kelnerskiej, HoReCa i Medycyny<\/title>\n<meta name=\"robots\" content=\"index, follow, max-snippet:-1, max-image-preview:large, max-video-preview:-1\" \/>\n<link rel=\"canonical\" href=\"https:\/\/grapil.pl\/en\/product\/womens-short-sleeve-sweatshirt-3\/\" \/>\n<meta property=\"og:locale\" content=\"en_GB\" \/>\n<meta property=\"og:type\" content=\"article\" \/>\n<meta property=\"og:title\" content=\"Bluza damska z kr\u00f3tkim r\u0119kawem - Grapil.pl \u2013 Profesjonalna Odzie\u017c S\u0142u\u017cbowa dla Bran\u017cy Kelnerskiej, HoReCa i Medycyny\" \/>\n<meta property=\"og:description\" content=\"Bluza damska z kr\u00f3tkim r\u0119kawem posiada swobodny kr\u00f3j u\u0142atwiaj\u0105cy poruszanie si\u0119. Dwie kieszenie dolne oraz g\u00f3rna kieszonka na lewej piersi\" \/>\n<meta property=\"og:url\" content=\"https:\/\/grapil.pl\/en\/product\/womens-short-sleeve-sweatshirt-3\/\" \/>\n<meta property=\"og:site_name\" content=\"Grapil.pl \u2013 Profesjonalna Odzie\u017c S\u0142u\u017cbowa dla Bran\u017cy Kelnerskiej, HoReCa i Medycyny\" \/>\n<meta property=\"article:modified_time\" content=\"2026-02-17T12:54:11+00:00\" \/>\n<meta property=\"og:image\" content=\"https:\/\/grapil.pl\/wp-content\/uploads\/2025\/04\/tunika-krotki-rekaw-kpoia.jpg\" \/>\n\t<meta property=\"og:image:width\" content=\"600\" \/>\n\t<meta property=\"og:image:height\" content=\"799\" \/>\n\t<meta property=\"og:image:type\" content=\"image\/jpeg\" \/>\n<meta name=\"twitter:card\" content=\"summary_large_image\" \/>\n<meta name=\"twitter:label1\" content=\"Estimated reading time\" \/>\n\t<meta name=\"twitter:data1\" content=\"1 minute\" \/>\n<script type=\"application\/ld+json\" class=\"yoast-schema-graph\">{\"@context\":\"https:\/\/schema.org\",\"@graph\":[{\"@type\":\"WebPage\",\"@id\":\"https:\/\/grapil.pl\/produkt\/bluza-damska-z-krotkim-rekawem-3\/\",\"url\":\"https:\/\/grapil.pl\/produkt\/bluza-damska-z-krotkim-rekawem-3\/\",\"name\":\"Bluza damska z kr\u00f3tkim r\u0119kawem - Grapil.pl \u2013 Profesjonalna Odzie\u017c S\u0142u\u017cbowa dla Bran\u017cy Kelnerskiej, HoReCa i Medycyny\",\"isPartOf\":{\"@id\":\"https:\/\/grapil.pl\/#website\"},\"primaryImageOfPage\":{\"@id\":\"https:\/\/grapil.pl\/produkt\/bluza-damska-z-krotkim-rekawem-3\/#primaryimage\"},\"image\":{\"@id\":\"https:\/\/grapil.pl\/produkt\/bluza-damska-z-krotkim-rekawem-3\/#primaryimage\"},\"thumbnailUrl\":\"https:\/\/grapil.pl\/wp-content\/uploads\/2025\/04\/tunika-krotki-rekaw-kpoia.jpg\",\"datePublished\":\"2025-04-09T15:38:00+00:00\",\"dateModified\":\"2026-02-17T12:54:11+00:00\",\"breadcrumb\":{\"@id\":\"https:\/\/grapil.pl\/produkt\/bluza-damska-z-krotkim-rekawem-3\/#breadcrumb\"},\"inLanguage\":\"en-GB\",\"potentialAction\":[{\"@type\":\"ReadAction\",\"target\":[\"https:\/\/grapil.pl\/produkt\/bluza-damska-z-krotkim-rekawem-3\/\"]}]},{\"@type\":\"ImageObject\",\"inLanguage\":\"en-GB\",\"@id\":\"https:\/\/grapil.pl\/produkt\/bluza-damska-z-krotkim-rekawem-3\/#primaryimage\",\"url\":\"https:\/\/grapil.pl\/wp-content\/uploads\/2025\/04\/tunika-krotki-rekaw-kpoia.jpg\",\"contentUrl\":\"https:\/\/grapil.pl\/wp-content\/uploads\/2025\/04\/tunika-krotki-rekaw-kpoia.jpg\",\"width\":600,\"height\":799},{\"@type\":\"BreadcrumbList\",\"@id\":\"https:\/\/grapil.pl\/produkt\/bluza-damska-z-krotkim-rekawem-3\/#breadcrumb\",\"itemListElement\":[{\"@type\":\"ListItem\",\"position\":1,\"name\":\"Strona g\u0142\u00f3wna\",\"item\":\"https:\/\/grapil.pl\/\"},{\"@type\":\"ListItem\",\"position\":2,\"name\":\"sklep\",\"item\":\"https:\/\/grapil.pl\/sklep\/\"},{\"@type\":\"ListItem\",\"position\":3,\"name\":\"Bluza damska z kr\u00f3tkim r\u0119kawem\"}]},{\"@type\":\"WebSite\",\"@id\":\"https:\/\/grapil.pl\/#website\",\"url\":\"https:\/\/grapil.pl\/\",\"name\":\"Grapil.pl \u2013 Profesjonalna Odzie\u017c S\u0142u\u017cbowa dla Bran\u017cy Kelnerskiej, HoReCa i Medycyny\",\"description\":\"\",\"potentialAction\":[{\"@type\":\"SearchAction\",\"target\":{\"@type\":\"EntryPoint\",\"urlTemplate\":\"https:\/\/grapil.pl\/?s={search_term_string}\"},\"query-input\":{\"@type\":\"PropertyValueSpecification\",\"valueRequired\":true,\"valueName\":\"search_term_string\"}}],\"inLanguage\":\"en-GB\"}]}<\/script>\n<!-- \/ Yoast SEO plugin. -->","yoast_head_json":{"title":"Bluza damska z kr\u00f3tkim r\u0119kawem - Grapil.pl \u2013 Profesjonalna Odzie\u017c S\u0142u\u017cbowa dla Bran\u017cy Kelnerskiej, HoReCa i Medycyny","robots":{"index":"index","follow":"follow","max-snippet":"max-snippet:-1","max-image-preview":"max-image-preview:large","max-video-preview":"max-video-preview:-1"},"canonical":"https:\/\/grapil.pl\/en\/product\/womens-short-sleeve-sweatshirt-3\/","og_locale":"en_GB","og_type":"article","og_title":"Bluza damska z kr\u00f3tkim r\u0119kawem - Grapil.pl \u2013 Profesjonalna Odzie\u017c S\u0142u\u017cbowa dla Bran\u017cy Kelnerskiej, HoReCa i Medycyny","og_description":"Bluza damska z kr\u00f3tkim r\u0119kawem posiada swobodny kr\u00f3j u\u0142atwiaj\u0105cy poruszanie si\u0119. Dwie kieszenie dolne oraz g\u00f3rna kieszonka na lewej piersi","og_url":"https:\/\/grapil.pl\/en\/product\/womens-short-sleeve-sweatshirt-3\/","og_site_name":"Grapil.pl \u2013 Profesjonalna Odzie\u017c S\u0142u\u017cbowa dla Bran\u017cy Kelnerskiej, HoReCa i Medycyny","article_modified_time":"2026-02-17T12:54:11+00:00","og_image":[{"width":600,"height":799,"url":"https:\/\/grapil.pl\/wp-content\/uploads\/2025\/04\/tunika-krotki-rekaw-kpoia.jpg","type":"image\/jpeg"}],"twitter_card":"summary_large_image","twitter_misc":{"Estimated reading time":"1 minute"},"schema":{"@context":"https:\/\/schema.org","@graph":[{"@type":"WebPage","@id":"https:\/\/grapil.pl\/produkt\/bluza-damska-z-krotkim-rekawem-3\/","url":"https:\/\/grapil.pl\/produkt\/bluza-damska-z-krotkim-rekawem-3\/","name":"Bluza damska z kr\u00f3tkim r\u0119kawem - Grapil.pl \u2013 Profesjonalna Odzie\u017c S\u0142u\u017cbowa dla Bran\u017cy Kelnerskiej, HoReCa i Medycyny","isPartOf":{"@id":"https:\/\/grapil.pl\/#website"},"primaryImageOfPage":{"@id":"https:\/\/grapil.pl\/produkt\/bluza-damska-z-krotkim-rekawem-3\/#primaryimage"},"image":{"@id":"https:\/\/grapil.pl\/produkt\/bluza-damska-z-krotkim-rekawem-3\/#primaryimage"},"thumbnailUrl":"https:\/\/grapil.pl\/wp-content\/uploads\/2025\/04\/tunika-krotki-rekaw-kpoia.jpg","datePublished":"2025-04-09T15:38:00+00:00","dateModified":"2026-02-17T12:54:11+00:00","breadcrumb":{"@id":"https:\/\/grapil.pl\/produkt\/bluza-damska-z-krotkim-rekawem-3\/#breadcrumb"},"inLanguage":"en-GB","potentialAction":[{"@type":"ReadAction","target":["https:\/\/grapil.pl\/produkt\/bluza-damska-z-krotkim-rekawem-3\/"]}]},{"@type":"ImageObject","inLanguage":"en-GB","@id":"https:\/\/grapil.pl\/produkt\/bluza-damska-z-krotkim-rekawem-3\/#primaryimage","url":"https:\/\/grapil.pl\/wp-content\/uploads\/2025\/04\/tunika-krotki-rekaw-kpoia.jpg","contentUrl":"https:\/\/grapil.pl\/wp-content\/uploads\/2025\/04\/tunika-krotki-rekaw-kpoia.jpg","width":600,"height":799},{"@type":"BreadcrumbList","@id":"https:\/\/grapil.pl\/produkt\/bluza-damska-z-krotkim-rekawem-3\/#breadcrumb","itemListElement":[{"@type":"ListItem","position":1,"name":"Strona g\u0142\u00f3wna","item":"https:\/\/grapil.pl\/"},{"@type":"ListItem","position":2,"name":"sklep","item":"https:\/\/grapil.pl\/sklep\/"},{"@type":"ListItem","position":3,"name":"Bluza damska z kr\u00f3tkim r\u0119kawem"}]},{"@type":"WebSite","@id":"https:\/\/grapil.pl\/#website","url":"https:\/\/grapil.pl\/","name":"Grapil.pl \u2013 Profesjonalna Odzie\u017c S\u0142u\u017cbowa dla Bran\u017cy Kelnerskiej, HoReCa i Medycyny","description":"","potentialAction":[{"@type":"SearchAction","target":{"@type":"EntryPoint","urlTemplate":"https:\/\/grapil.pl\/?s={search_term_string}"},"query-input":{"@type":"PropertyValueSpecification","valueRequired":true,"valueName":"search_term_string"}}],"inLanguage":"en-GB"}]}},"_links":{"self":[{"href":"https:\/\/grapil.pl\/en\/wp-json\/wp\/v2\/product\/18611","targetHints":{"allow":["GET"]}}],"collection":[{"href":"https:\/\/grapil.pl\/en\/wp-json\/wp\/v2\/product"}],"about":[{"href":"https:\/\/grapil.pl\/en\/wp-json\/wp\/v2\/types\/product"}],"version-history":[{"count":2,"href":"https:\/\/grapil.pl\/en\/wp-json\/wp\/v2\/product\/18611\/revisions"}],"predecessor-version":[{"id":20905,"href":"https:\/\/grapil.pl\/en\/wp-json\/wp\/v2\/product\/18611\/revisions\/20905"}],"wp:featuredmedia":[{"embeddable":true,"href":"https:\/\/grapil.pl\/en\/wp-json\/wp\/v2\/media\/25422"}],"wp:attachment":[{"href":"https:\/\/grapil.pl\/en\/wp-json\/wp\/v2\/media?parent=18611"}],"wp:term":[{"taxonomy":"product_brand","embeddable":true,"href":"https:\/\/grapil.pl\/en\/wp-json\/wp\/v2\/product_brand?post=18611"},{"taxonomy":"product_cat","embeddable":true,"href":"https:\/\/grapil.pl\/en\/wp-json\/wp\/v2\/product_cat?post=18611"},{"taxonomy":"product_tag","embeddable":true,"href":"https:\/\/grapil.pl\/en\/wp-json\/wp\/v2\/product_tag?post=18611"}],"curies":[{"name":"wp","href":"https:\/\/api.w.org\/{rel}","templated":true}]}}