{"id":18628,"date":"2025-04-09T17:38:00","date_gmt":"2025-04-09T15:38:00","guid":{"rendered":"https:\/\/grapil.pl\/produkt\/spodnie-ostrzegawcze-do-pasa-flash-pomaranczowe\/"},"modified":"2025-04-09T17:38:16","modified_gmt":"2025-04-09T15:38:16","slug":"flash-orange-waist-high-warning-trousers","status":"publish","type":"product","link":"https:\/\/grapil.pl\/en\/product\/flash-orange-waist-high-warning-trousers\/","title":{"rendered":"Flash orange warning waist trousers"},"content":{"rendered":"<p>Flash warning waist trousers \u2013 attractive design, excellent functionality and great comfort of use.<\/p>\n<p>Made of high-quality specialist polyester-cotton fabric in fluorescent orange with 300D Oxford fabric inserts in black with additional three reflective stripes on the legs.<\/p>\n<p><strong>Characteristic:<\/strong><\/p>\n<ul>\n<li>professional sewing and aesthetic workmanship<\/li>\n<li>triple seams and numerous solid bolts additionally strengthening places particularly exposed to tearing<\/li>\n<li>9 pockets, including 2 with Velcro flaps,<\/li>\n<li>2 sewn-on knee pockets allowing the use of replaceable knee pads<\/li>\n<li>additional pocket reinforcements protecting them against punctures by sharp objects made of strong 300D polyester fabric.<\/li>\n<li>places particularly susceptible to dirt: leg ends, knee pockets made of 300 D Oxford polyester fabric in black<\/li>\n<li>color stability<\/li>\n<\/ul>\n<p><strong>Meets the requirements of the standard:<\/strong><\/p>\n<ul>\n<li><strong>EN ISO 20471:2013<\/strong>\u00a0\u2013 high visibility clothing<\/li>\n<li>Class 2 reflective and fluorescent material surface for Flash knee shorts<\/li>\n<li>Class 3 surface of reflective and fluorescent material for the Flash sweatshirt + Flash pants set.<\/li>\n<\/ul>\n<p>Flash warning clothing guarantees safety by providing high visibility of the user. Particularly recommended for road workers, drivers, surveyors, technical services, construction supervision, machine operators and for other work requiring high visibility of the user.<\/p>\n<p>Color: fluorescent orange, black knee pockets and black and silver reflective inserts<\/p>\n<p><strong>Weight:<\/strong><\/p>\n<ul>\n<li>Orange material (80% polyester, 20 % cotton) 200g\/m2<\/li>\n<li>Material black (100% polyester 300D Oxford) 160 g\/m2<\/li>\n<\/ul>","protected":false},"excerpt":{"rendered":"<p>Flash warning waist trousers \u2013 attractive design, excellent functionality and great comfort of use. Made of high-quality specialist fabric<\/p>","protected":false},"featured_media":18630,"template":"","meta":[],"product_brand":[91],"product_cat":[86,92,93],"product_tag":[],"class_list":{"0":"post-18628","1":"product","2":"type-product","3":"status-publish","4":"has-post-thumbnail","6":"product_brand-artmas","7":"product_cat-sklepbhp","8":"product_cat-odziez-robocza","9":"product_cat-spodnie-robocze","11":"first","12":"instock","13":"product-type-simple"},"yoast_head":"<!-- This site is optimized with the Yoast SEO plugin v25.3 - https:\/\/yoast.com\/wordpress\/plugins\/seo\/ -->\n<title>Spodnie ostrzegawcze do pasa Flash pomara\u0144czowe - Grapil.pl \u2013 Profesjonalna Odzie\u017c S\u0142u\u017cbowa dla Bran\u017cy Kelnerskiej, HoReCa i Medycyny<\/title>\n<meta name=\"robots\" content=\"index, follow, max-snippet:-1, max-image-preview:large, max-video-preview:-1\" \/>\n<link rel=\"canonical\" href=\"https:\/\/grapil.pl\/en\/product\/flash-orange-waist-high-warning-trousers\/\" \/>\n<meta property=\"og:locale\" content=\"en_GB\" \/>\n<meta property=\"og:type\" content=\"article\" \/>\n<meta property=\"og:title\" content=\"Spodnie ostrzegawcze do pasa Flash pomara\u0144czowe - Grapil.pl \u2013 Profesjonalna Odzie\u017c S\u0142u\u017cbowa dla Bran\u017cy Kelnerskiej, HoReCa i Medycyny\" \/>\n<meta property=\"og:description\" content=\"Spodnie do pasa Flash ostrzegawcze \u2013 atrakcyjne wzornictwo, doskona\u0142a funkcjonalno\u015b\u0107 i du\u017cy komfort u\u017cytkowania. Wykonane z wysokiej jako\u015bci specjalistycznej tkaniny\" \/>\n<meta property=\"og:url\" content=\"https:\/\/grapil.pl\/en\/product\/flash-orange-waist-high-warning-trousers\/\" \/>\n<meta property=\"og:site_name\" content=\"Grapil.pl \u2013 Profesjonalna Odzie\u017c S\u0142u\u017cbowa dla Bran\u017cy Kelnerskiej, HoReCa i Medycyny\" \/>\n<meta property=\"article:modified_time\" content=\"2025-04-09T15:38:16+00:00\" \/>\n<meta property=\"og:image\" content=\"https:\/\/grapil.pl\/wp-content\/uploads\/2025\/04\/9244.jpg\" \/>\n\t<meta property=\"og:image:width\" content=\"700\" \/>\n\t<meta property=\"og:image:height\" content=\"700\" \/>\n\t<meta property=\"og:image:type\" content=\"image\/jpeg\" \/>\n<meta name=\"twitter:card\" content=\"summary_large_image\" \/>\n<meta name=\"twitter:label1\" content=\"Estimated reading time\" \/>\n\t<meta name=\"twitter:data1\" content=\"1 minute\" \/>\n<script type=\"application\/ld+json\" class=\"yoast-schema-graph\">{\"@context\":\"https:\/\/schema.org\",\"@graph\":[{\"@type\":\"WebPage\",\"@id\":\"https:\/\/grapil.pl\/produkt\/spodnie-ostrzegawcze-do-pasa-flash-pomaranczowe\/\",\"url\":\"https:\/\/grapil.pl\/produkt\/spodnie-ostrzegawcze-do-pasa-flash-pomaranczowe\/\",\"name\":\"Spodnie ostrzegawcze do pasa Flash pomara\u0144czowe - Grapil.pl \u2013 Profesjonalna Odzie\u017c S\u0142u\u017cbowa dla Bran\u017cy Kelnerskiej, HoReCa i Medycyny\",\"isPartOf\":{\"@id\":\"https:\/\/grapil.pl\/#website\"},\"primaryImageOfPage\":{\"@id\":\"https:\/\/grapil.pl\/produkt\/spodnie-ostrzegawcze-do-pasa-flash-pomaranczowe\/#primaryimage\"},\"image\":{\"@id\":\"https:\/\/grapil.pl\/produkt\/spodnie-ostrzegawcze-do-pasa-flash-pomaranczowe\/#primaryimage\"},\"thumbnailUrl\":\"https:\/\/grapil.pl\/wp-content\/uploads\/2025\/04\/9244.jpg\",\"datePublished\":\"2025-04-09T15:38:00+00:00\",\"dateModified\":\"2025-04-09T15:38:16+00:00\",\"breadcrumb\":{\"@id\":\"https:\/\/grapil.pl\/produkt\/spodnie-ostrzegawcze-do-pasa-flash-pomaranczowe\/#breadcrumb\"},\"inLanguage\":\"en-GB\",\"potentialAction\":[{\"@type\":\"ReadAction\",\"target\":[\"https:\/\/grapil.pl\/produkt\/spodnie-ostrzegawcze-do-pasa-flash-pomaranczowe\/\"]}]},{\"@type\":\"ImageObject\",\"inLanguage\":\"en-GB\",\"@id\":\"https:\/\/grapil.pl\/produkt\/spodnie-ostrzegawcze-do-pasa-flash-pomaranczowe\/#primaryimage\",\"url\":\"https:\/\/grapil.pl\/wp-content\/uploads\/2025\/04\/9244.jpg\",\"contentUrl\":\"https:\/\/grapil.pl\/wp-content\/uploads\/2025\/04\/9244.jpg\",\"width\":700,\"height\":700},{\"@type\":\"BreadcrumbList\",\"@id\":\"https:\/\/grapil.pl\/produkt\/spodnie-ostrzegawcze-do-pasa-flash-pomaranczowe\/#breadcrumb\",\"itemListElement\":[{\"@type\":\"ListItem\",\"position\":1,\"name\":\"Strona g\u0142\u00f3wna\",\"item\":\"https:\/\/grapil.pl\/\"},{\"@type\":\"ListItem\",\"position\":2,\"name\":\"sklep\",\"item\":\"https:\/\/grapil.pl\/sklep\/\"},{\"@type\":\"ListItem\",\"position\":3,\"name\":\"Spodnie ostrzegawcze do pasa Flash pomara\u0144czowe\"}]},{\"@type\":\"WebSite\",\"@id\":\"https:\/\/grapil.pl\/#website\",\"url\":\"https:\/\/grapil.pl\/\",\"name\":\"Grapil.pl \u2013 Profesjonalna Odzie\u017c S\u0142u\u017cbowa dla Bran\u017cy Kelnerskiej, HoReCa i Medycyny\",\"description\":\"\",\"potentialAction\":[{\"@type\":\"SearchAction\",\"target\":{\"@type\":\"EntryPoint\",\"urlTemplate\":\"https:\/\/grapil.pl\/?s={search_term_string}\"},\"query-input\":{\"@type\":\"PropertyValueSpecification\",\"valueRequired\":true,\"valueName\":\"search_term_string\"}}],\"inLanguage\":\"en-GB\"}]}<\/script>\n<!-- \/ Yoast SEO plugin. -->","yoast_head_json":{"title":"Spodnie ostrzegawcze do pasa Flash pomara\u0144czowe - Grapil.pl \u2013 Profesjonalna Odzie\u017c S\u0142u\u017cbowa dla Bran\u017cy Kelnerskiej, HoReCa i Medycyny","robots":{"index":"index","follow":"follow","max-snippet":"max-snippet:-1","max-image-preview":"max-image-preview:large","max-video-preview":"max-video-preview:-1"},"canonical":"https:\/\/grapil.pl\/en\/product\/flash-orange-waist-high-warning-trousers\/","og_locale":"en_GB","og_type":"article","og_title":"Spodnie ostrzegawcze do pasa Flash pomara\u0144czowe - Grapil.pl \u2013 Profesjonalna Odzie\u017c S\u0142u\u017cbowa dla Bran\u017cy Kelnerskiej, HoReCa i Medycyny","og_description":"Spodnie do pasa Flash ostrzegawcze \u2013 atrakcyjne wzornictwo, doskona\u0142a funkcjonalno\u015b\u0107 i du\u017cy komfort u\u017cytkowania. Wykonane z wysokiej jako\u015bci specjalistycznej tkaniny","og_url":"https:\/\/grapil.pl\/en\/product\/flash-orange-waist-high-warning-trousers\/","og_site_name":"Grapil.pl \u2013 Profesjonalna Odzie\u017c S\u0142u\u017cbowa dla Bran\u017cy Kelnerskiej, HoReCa i Medycyny","article_modified_time":"2025-04-09T15:38:16+00:00","og_image":[{"width":700,"height":700,"url":"https:\/\/grapil.pl\/wp-content\/uploads\/2025\/04\/9244.jpg","type":"image\/jpeg"}],"twitter_card":"summary_large_image","twitter_misc":{"Estimated reading time":"1 minute"},"schema":{"@context":"https:\/\/schema.org","@graph":[{"@type":"WebPage","@id":"https:\/\/grapil.pl\/produkt\/spodnie-ostrzegawcze-do-pasa-flash-pomaranczowe\/","url":"https:\/\/grapil.pl\/produkt\/spodnie-ostrzegawcze-do-pasa-flash-pomaranczowe\/","name":"Spodnie ostrzegawcze do pasa Flash pomara\u0144czowe - Grapil.pl \u2013 Profesjonalna Odzie\u017c S\u0142u\u017cbowa dla Bran\u017cy Kelnerskiej, HoReCa i Medycyny","isPartOf":{"@id":"https:\/\/grapil.pl\/#website"},"primaryImageOfPage":{"@id":"https:\/\/grapil.pl\/produkt\/spodnie-ostrzegawcze-do-pasa-flash-pomaranczowe\/#primaryimage"},"image":{"@id":"https:\/\/grapil.pl\/produkt\/spodnie-ostrzegawcze-do-pasa-flash-pomaranczowe\/#primaryimage"},"thumbnailUrl":"https:\/\/grapil.pl\/wp-content\/uploads\/2025\/04\/9244.jpg","datePublished":"2025-04-09T15:38:00+00:00","dateModified":"2025-04-09T15:38:16+00:00","breadcrumb":{"@id":"https:\/\/grapil.pl\/produkt\/spodnie-ostrzegawcze-do-pasa-flash-pomaranczowe\/#breadcrumb"},"inLanguage":"en-GB","potentialAction":[{"@type":"ReadAction","target":["https:\/\/grapil.pl\/produkt\/spodnie-ostrzegawcze-do-pasa-flash-pomaranczowe\/"]}]},{"@type":"ImageObject","inLanguage":"en-GB","@id":"https:\/\/grapil.pl\/produkt\/spodnie-ostrzegawcze-do-pasa-flash-pomaranczowe\/#primaryimage","url":"https:\/\/grapil.pl\/wp-content\/uploads\/2025\/04\/9244.jpg","contentUrl":"https:\/\/grapil.pl\/wp-content\/uploads\/2025\/04\/9244.jpg","width":700,"height":700},{"@type":"BreadcrumbList","@id":"https:\/\/grapil.pl\/produkt\/spodnie-ostrzegawcze-do-pasa-flash-pomaranczowe\/#breadcrumb","itemListElement":[{"@type":"ListItem","position":1,"name":"Strona g\u0142\u00f3wna","item":"https:\/\/grapil.pl\/"},{"@type":"ListItem","position":2,"name":"sklep","item":"https:\/\/grapil.pl\/sklep\/"},{"@type":"ListItem","position":3,"name":"Spodnie ostrzegawcze do pasa Flash pomara\u0144czowe"}]},{"@type":"WebSite","@id":"https:\/\/grapil.pl\/#website","url":"https:\/\/grapil.pl\/","name":"Grapil.pl \u2013 Profesjonalna Odzie\u017c S\u0142u\u017cbowa dla Bran\u017cy Kelnerskiej, HoReCa i Medycyny","description":"","potentialAction":[{"@type":"SearchAction","target":{"@type":"EntryPoint","urlTemplate":"https:\/\/grapil.pl\/?s={search_term_string}"},"query-input":{"@type":"PropertyValueSpecification","valueRequired":true,"valueName":"search_term_string"}}],"inLanguage":"en-GB"}]}},"_links":{"self":[{"href":"https:\/\/grapil.pl\/en\/wp-json\/wp\/v2\/product\/18628","targetHints":{"allow":["GET"]}}],"collection":[{"href":"https:\/\/grapil.pl\/en\/wp-json\/wp\/v2\/product"}],"about":[{"href":"https:\/\/grapil.pl\/en\/wp-json\/wp\/v2\/types\/product"}],"version-history":[{"count":1,"href":"https:\/\/grapil.pl\/en\/wp-json\/wp\/v2\/product\/18628\/revisions"}],"predecessor-version":[{"id":18629,"href":"https:\/\/grapil.pl\/en\/wp-json\/wp\/v2\/product\/18628\/revisions\/18629"}],"wp:featuredmedia":[{"embeddable":true,"href":"https:\/\/grapil.pl\/en\/wp-json\/wp\/v2\/media\/18630"}],"wp:attachment":[{"href":"https:\/\/grapil.pl\/en\/wp-json\/wp\/v2\/media?parent=18628"}],"wp:term":[{"taxonomy":"product_brand","embeddable":true,"href":"https:\/\/grapil.pl\/en\/wp-json\/wp\/v2\/product_brand?post=18628"},{"taxonomy":"product_cat","embeddable":true,"href":"https:\/\/grapil.pl\/en\/wp-json\/wp\/v2\/product_cat?post=18628"},{"taxonomy":"product_tag","embeddable":true,"href":"https:\/\/grapil.pl\/en\/wp-json\/wp\/v2\/product_tag?post=18628"}],"curies":[{"name":"wp","href":"https:\/\/api.w.org\/{rel}","templated":true}]}}