{"id":18679,"date":"2025-04-09T17:38:17","date_gmt":"2025-04-09T15:38:17","guid":{"rendered":"https:\/\/grapil.pl\/produkt\/buty-robocze-btcrh\/"},"modified":"2025-04-09T17:38:23","modified_gmt":"2025-04-09T15:38:23","slug":"btcrh-work-boots","status":"publish","type":"product","link":"https:\/\/grapil.pl\/en\/product\/btcrh-work-boots\/","title":{"rendered":"BTCRH Work Shoes"},"content":{"rendered":"<p><strong>Safety shoe with an attractive modern design, made of Crazy Horse grain leather with a thickness of 2.0-2.2 mm\u00a0<\/strong><strong>and impregnated Oxford fabric,<\/strong><strong>\u00a0equipped\u00a0<\/strong><strong>in steel toe cap<\/strong><strong>, impact resistant with\u00a0<\/strong>energy of 200 J and crushing up to 15 kN<strong>.<\/strong><\/p>\n<p><strong>Protection category: S1.<\/strong><\/p>\n<ul>\n<li>\n<p><strong>Shank<\/strong>\u00a0made of brown and black grain leather, red accessories increase the visual appeal of the shoe,<\/p>\n<\/li>\n<li>\n<p>Oxford fabric elements and a comfortable lining made of breathable textile fabric in black and red increase ventilation,<\/p>\n<\/li>\n<li>\n<p><strong>High upper<\/strong>\u00a0and an additional reinforcing element made of black PVC at the rear of the upper guarantee optimal fit and stability of the foot.<\/p>\n<\/li>\n<\/ul>\n<ul>\n<li>\n<p><strong>The soft tongue and collar made of black Oxford fabric increase the comfort of use,<\/strong><\/p>\n<\/li>\n<li>\n<p><strong>5 pairs of strong lace holders,<\/strong><\/p>\n<\/li>\n<li>\n<p><strong>Replaceable insert,<\/strong><\/p>\n<\/li>\n<li>\n<p><strong><strong>Sculpted sole, two-layer PU\/PU with different density,<\/strong><\/strong><strong>\u00a0assembly by direct injection, resistant to oil, gasoline, grease and other organic solvents,<\/strong><\/p>\n<\/li>\n<li>\n<p><strong>protects against slipping\u00a0<\/strong><strong><strong>(SRC)<\/strong><\/strong><strong>,<\/strong><\/p>\n<\/li>\n<li>\n<p>higher on the toe with an anti-slip protector on the toe, increases the protection of the shoe against damage and additionally absorbs impacts,<\/p>\n<\/li>\n<\/ul>\n<ul>\n<li>\n<p><strong>Energy absorber in the heel,<\/strong><\/p>\n<\/li>\n<li>\n<p><strong>Antistatic footwear.<\/strong><\/p>\n<\/li>\n<\/ul>","protected":false},"excerpt":{"rendered":"<p><strong>Safety shoe with an attractive modern design, made of Crazy Horse grain leather with a thickness of 2.0-2.2 mm\u00a0<\/strong><strong>and impregnated Oxford fabric,<\/strong><strong>\u00a0equipped\u00a0<\/strong><strong>in steel toe cap<\/strong><strong>, impact resistant with\u00a0<\/strong>energy of 200 J and crushing up to 15 kN<strong>.<\/strong><\/p>","protected":false},"featured_media":18681,"template":"","meta":[],"product_brand":[91],"product_cat":[86,87,166],"product_tag":[],"class_list":{"0":"post-18679","1":"product","2":"type-product","3":"status-publish","4":"has-post-thumbnail","6":"product_brand-artmas","7":"product_cat-sklepbhp","8":"product_cat-obuwie-robocze","9":"product_cat-ocieplane-obuwie-robocze","11":"first","12":"instock","13":"product-type-simple"},"yoast_head":"<!-- This site is optimized with the Yoast SEO plugin v25.3 - https:\/\/yoast.com\/wordpress\/plugins\/seo\/ -->\n<title>Buty robocze BTCRH - Grapil.pl \u2013 Profesjonalna Odzie\u017c S\u0142u\u017cbowa dla Bran\u017cy Kelnerskiej, HoReCa i Medycyny<\/title>\n<meta name=\"robots\" content=\"index, follow, max-snippet:-1, max-image-preview:large, max-video-preview:-1\" \/>\n<link rel=\"canonical\" href=\"https:\/\/grapil.pl\/en\/product\/btcrh-work-boots\/\" \/>\n<meta property=\"og:locale\" content=\"en_GB\" \/>\n<meta property=\"og:type\" content=\"article\" \/>\n<meta property=\"og:title\" content=\"Buty robocze BTCRH - Grapil.pl \u2013 Profesjonalna Odzie\u017c S\u0142u\u017cbowa dla Bran\u017cy Kelnerskiej, HoReCa i Medycyny\" \/>\n<meta property=\"og:description\" content=\"Trzewik ochronny o atrakcyjnym nowoczesnym wzornictwie, wykonany ze sk\u00f3ry licowej Crazy Horse o grubo\u015bci 2,0-2,2 mm\u00a0oraz impregnowanej tkaniny Oxford,\u00a0wyposa\u017cony\u00a0w podnosek stalowy, wytrzyma\u0142y na uderzenia z\u00a0energi\u0105 200 J oraz zgniecenia do 15 kN.\" \/>\n<meta property=\"og:url\" content=\"https:\/\/grapil.pl\/en\/product\/btcrh-work-boots\/\" \/>\n<meta property=\"og:site_name\" content=\"Grapil.pl \u2013 Profesjonalna Odzie\u017c S\u0142u\u017cbowa dla Bran\u017cy Kelnerskiej, HoReCa i Medycyny\" \/>\n<meta property=\"article:modified_time\" content=\"2025-04-09T15:38:23+00:00\" \/>\n<meta property=\"og:image\" content=\"https:\/\/grapil.pl\/wp-content\/uploads\/2025\/04\/12371.jpg\" \/>\n\t<meta property=\"og:image:width\" content=\"700\" \/>\n\t<meta property=\"og:image:height\" content=\"700\" \/>\n\t<meta property=\"og:image:type\" content=\"image\/jpeg\" \/>\n<meta name=\"twitter:card\" content=\"summary_large_image\" \/>\n<meta name=\"twitter:label1\" content=\"Estimated reading time\" \/>\n\t<meta name=\"twitter:data1\" content=\"1 minute\" \/>\n<script type=\"application\/ld+json\" class=\"yoast-schema-graph\">{\"@context\":\"https:\/\/schema.org\",\"@graph\":[{\"@type\":\"WebPage\",\"@id\":\"https:\/\/grapil.pl\/produkt\/buty-robocze-btcrh\/\",\"url\":\"https:\/\/grapil.pl\/produkt\/buty-robocze-btcrh\/\",\"name\":\"Buty robocze BTCRH - Grapil.pl \u2013 Profesjonalna Odzie\u017c S\u0142u\u017cbowa dla Bran\u017cy Kelnerskiej, HoReCa i Medycyny\",\"isPartOf\":{\"@id\":\"https:\/\/grapil.pl\/#website\"},\"primaryImageOfPage\":{\"@id\":\"https:\/\/grapil.pl\/produkt\/buty-robocze-btcrh\/#primaryimage\"},\"image\":{\"@id\":\"https:\/\/grapil.pl\/produkt\/buty-robocze-btcrh\/#primaryimage\"},\"thumbnailUrl\":\"https:\/\/grapil.pl\/wp-content\/uploads\/2025\/04\/12371.jpg\",\"datePublished\":\"2025-04-09T15:38:17+00:00\",\"dateModified\":\"2025-04-09T15:38:23+00:00\",\"breadcrumb\":{\"@id\":\"https:\/\/grapil.pl\/produkt\/buty-robocze-btcrh\/#breadcrumb\"},\"inLanguage\":\"en-GB\",\"potentialAction\":[{\"@type\":\"ReadAction\",\"target\":[\"https:\/\/grapil.pl\/produkt\/buty-robocze-btcrh\/\"]}]},{\"@type\":\"ImageObject\",\"inLanguage\":\"en-GB\",\"@id\":\"https:\/\/grapil.pl\/produkt\/buty-robocze-btcrh\/#primaryimage\",\"url\":\"https:\/\/grapil.pl\/wp-content\/uploads\/2025\/04\/12371.jpg\",\"contentUrl\":\"https:\/\/grapil.pl\/wp-content\/uploads\/2025\/04\/12371.jpg\",\"width\":700,\"height\":700},{\"@type\":\"BreadcrumbList\",\"@id\":\"https:\/\/grapil.pl\/produkt\/buty-robocze-btcrh\/#breadcrumb\",\"itemListElement\":[{\"@type\":\"ListItem\",\"position\":1,\"name\":\"Strona g\u0142\u00f3wna\",\"item\":\"https:\/\/grapil.pl\/\"},{\"@type\":\"ListItem\",\"position\":2,\"name\":\"sklep\",\"item\":\"https:\/\/grapil.pl\/sklep\/\"},{\"@type\":\"ListItem\",\"position\":3,\"name\":\"Buty robocze BTCRH\"}]},{\"@type\":\"WebSite\",\"@id\":\"https:\/\/grapil.pl\/#website\",\"url\":\"https:\/\/grapil.pl\/\",\"name\":\"Grapil.pl \u2013 Profesjonalna Odzie\u017c S\u0142u\u017cbowa dla Bran\u017cy Kelnerskiej, HoReCa i Medycyny\",\"description\":\"\",\"potentialAction\":[{\"@type\":\"SearchAction\",\"target\":{\"@type\":\"EntryPoint\",\"urlTemplate\":\"https:\/\/grapil.pl\/?s={search_term_string}\"},\"query-input\":{\"@type\":\"PropertyValueSpecification\",\"valueRequired\":true,\"valueName\":\"search_term_string\"}}],\"inLanguage\":\"en-GB\"}]}<\/script>\n<!-- \/ Yoast SEO plugin. -->","yoast_head_json":{"title":"Buty robocze BTCRH - Grapil.pl \u2013 Profesjonalna Odzie\u017c S\u0142u\u017cbowa dla Bran\u017cy Kelnerskiej, HoReCa i Medycyny","robots":{"index":"index","follow":"follow","max-snippet":"max-snippet:-1","max-image-preview":"max-image-preview:large","max-video-preview":"max-video-preview:-1"},"canonical":"https:\/\/grapil.pl\/en\/product\/btcrh-work-boots\/","og_locale":"en_GB","og_type":"article","og_title":"Buty robocze BTCRH - Grapil.pl \u2013 Profesjonalna Odzie\u017c S\u0142u\u017cbowa dla Bran\u017cy Kelnerskiej, HoReCa i Medycyny","og_description":"Trzewik ochronny o atrakcyjnym nowoczesnym wzornictwie, wykonany ze sk\u00f3ry licowej Crazy Horse o grubo\u015bci 2,0-2,2 mm\u00a0oraz impregnowanej tkaniny Oxford,\u00a0wyposa\u017cony\u00a0w podnosek stalowy, wytrzyma\u0142y na uderzenia z\u00a0energi\u0105 200 J oraz zgniecenia do 15 kN.","og_url":"https:\/\/grapil.pl\/en\/product\/btcrh-work-boots\/","og_site_name":"Grapil.pl \u2013 Profesjonalna Odzie\u017c S\u0142u\u017cbowa dla Bran\u017cy Kelnerskiej, HoReCa i Medycyny","article_modified_time":"2025-04-09T15:38:23+00:00","og_image":[{"width":700,"height":700,"url":"https:\/\/grapil.pl\/wp-content\/uploads\/2025\/04\/12371.jpg","type":"image\/jpeg"}],"twitter_card":"summary_large_image","twitter_misc":{"Estimated reading time":"1 minute"},"schema":{"@context":"https:\/\/schema.org","@graph":[{"@type":"WebPage","@id":"https:\/\/grapil.pl\/produkt\/buty-robocze-btcrh\/","url":"https:\/\/grapil.pl\/produkt\/buty-robocze-btcrh\/","name":"Buty robocze BTCRH - Grapil.pl \u2013 Profesjonalna Odzie\u017c S\u0142u\u017cbowa dla Bran\u017cy Kelnerskiej, HoReCa i Medycyny","isPartOf":{"@id":"https:\/\/grapil.pl\/#website"},"primaryImageOfPage":{"@id":"https:\/\/grapil.pl\/produkt\/buty-robocze-btcrh\/#primaryimage"},"image":{"@id":"https:\/\/grapil.pl\/produkt\/buty-robocze-btcrh\/#primaryimage"},"thumbnailUrl":"https:\/\/grapil.pl\/wp-content\/uploads\/2025\/04\/12371.jpg","datePublished":"2025-04-09T15:38:17+00:00","dateModified":"2025-04-09T15:38:23+00:00","breadcrumb":{"@id":"https:\/\/grapil.pl\/produkt\/buty-robocze-btcrh\/#breadcrumb"},"inLanguage":"en-GB","potentialAction":[{"@type":"ReadAction","target":["https:\/\/grapil.pl\/produkt\/buty-robocze-btcrh\/"]}]},{"@type":"ImageObject","inLanguage":"en-GB","@id":"https:\/\/grapil.pl\/produkt\/buty-robocze-btcrh\/#primaryimage","url":"https:\/\/grapil.pl\/wp-content\/uploads\/2025\/04\/12371.jpg","contentUrl":"https:\/\/grapil.pl\/wp-content\/uploads\/2025\/04\/12371.jpg","width":700,"height":700},{"@type":"BreadcrumbList","@id":"https:\/\/grapil.pl\/produkt\/buty-robocze-btcrh\/#breadcrumb","itemListElement":[{"@type":"ListItem","position":1,"name":"Strona g\u0142\u00f3wna","item":"https:\/\/grapil.pl\/"},{"@type":"ListItem","position":2,"name":"sklep","item":"https:\/\/grapil.pl\/sklep\/"},{"@type":"ListItem","position":3,"name":"Buty robocze BTCRH"}]},{"@type":"WebSite","@id":"https:\/\/grapil.pl\/#website","url":"https:\/\/grapil.pl\/","name":"Grapil.pl \u2013 Profesjonalna Odzie\u017c S\u0142u\u017cbowa dla Bran\u017cy Kelnerskiej, HoReCa i Medycyny","description":"","potentialAction":[{"@type":"SearchAction","target":{"@type":"EntryPoint","urlTemplate":"https:\/\/grapil.pl\/?s={search_term_string}"},"query-input":{"@type":"PropertyValueSpecification","valueRequired":true,"valueName":"search_term_string"}}],"inLanguage":"en-GB"}]}},"_links":{"self":[{"href":"https:\/\/grapil.pl\/en\/wp-json\/wp\/v2\/product\/18679","targetHints":{"allow":["GET"]}}],"collection":[{"href":"https:\/\/grapil.pl\/en\/wp-json\/wp\/v2\/product"}],"about":[{"href":"https:\/\/grapil.pl\/en\/wp-json\/wp\/v2\/types\/product"}],"version-history":[{"count":1,"href":"https:\/\/grapil.pl\/en\/wp-json\/wp\/v2\/product\/18679\/revisions"}],"predecessor-version":[{"id":18680,"href":"https:\/\/grapil.pl\/en\/wp-json\/wp\/v2\/product\/18679\/revisions\/18680"}],"wp:featuredmedia":[{"embeddable":true,"href":"https:\/\/grapil.pl\/en\/wp-json\/wp\/v2\/media\/18681"}],"wp:attachment":[{"href":"https:\/\/grapil.pl\/en\/wp-json\/wp\/v2\/media?parent=18679"}],"wp:term":[{"taxonomy":"product_brand","embeddable":true,"href":"https:\/\/grapil.pl\/en\/wp-json\/wp\/v2\/product_brand?post=18679"},{"taxonomy":"product_cat","embeddable":true,"href":"https:\/\/grapil.pl\/en\/wp-json\/wp\/v2\/product_cat?post=18679"},{"taxonomy":"product_tag","embeddable":true,"href":"https:\/\/grapil.pl\/en\/wp-json\/wp\/v2\/product_tag?post=18679"}],"curies":[{"name":"wp","href":"https:\/\/api.w.org\/{rel}","templated":true}]}}