{"id":18697,"date":"2025-04-09T17:38:25","date_gmt":"2025-04-09T15:38:25","guid":{"rendered":"https:\/\/grapil.pl\/produkt\/tunika-na-stojce\/"},"modified":"2026-02-17T14:14:39","modified_gmt":"2026-02-17T13:14:39","slug":"a-stand-up-tunic","status":"publish","type":"product","link":"https:\/\/grapil.pl\/en\/product\/a-stand-up-tunic\/","title":{"rendered":"Tunic with a stand-up collar"},"content":{"rendered":"<p>Tunic with a stand-up collar. Fastened with a zipper in a contrasting color. It starts above the tunic line, creating an additional slit. Sides in the color of the zipper, slits on the sides at the bottom, two lower inset pockets. Short sleeve.<\/p>\n<p><strong>Fabric composition \u2013 65% polyester, 35% cotton.<\/strong><\/p>\n<p>Color beige + brown. Possibility of changing colors, matched to the client&#039;s colors.<\/p>\n<p><span style=\"color: #ff0000;\">Possibility of embroidery or screen printing \u2013 please contact us!<\/span><\/p>","protected":false},"excerpt":{"rendered":"<p>Tunic with a stand-up collar. Fastened with a zipper in a contrasting color. It starts above the line of the tunic, creating an additional slit. Sides in color<\/p>","protected":false},"featured_media":25419,"template":"","meta":[],"product_brand":[127],"product_cat":[119,135,106,110],"product_tag":[],"class_list":{"0":"post-18697","1":"product","2":"type-product","3":"status-publish","4":"has-post-thumbnail","6":"product_brand-produkt-na-zamowienie","7":"product_cat-housekeeping","8":"product_cat-bluzy","9":"product_cat-medycyna-i-kosmetyka","10":"product_cat-bluzy-i-tuniki","12":"first","13":"instock","14":"product-type-simple"},"yoast_head":"<!-- This site is optimized with the Yoast SEO plugin v25.3 - https:\/\/yoast.com\/wordpress\/plugins\/seo\/ -->\n<title>Tunika na st\u00f3jce - Grapil.pl \u2013 Profesjonalna Odzie\u017c S\u0142u\u017cbowa dla Bran\u017cy Kelnerskiej, HoReCa i Medycyny<\/title>\n<meta name=\"robots\" content=\"index, follow, max-snippet:-1, max-image-preview:large, max-video-preview:-1\" \/>\n<link rel=\"canonical\" href=\"https:\/\/grapil.pl\/en\/product\/a-stand-up-tunic\/\" \/>\n<meta property=\"og:locale\" content=\"en_GB\" \/>\n<meta property=\"og:type\" content=\"article\" \/>\n<meta property=\"og:title\" content=\"Tunika na st\u00f3jce - Grapil.pl \u2013 Profesjonalna Odzie\u017c S\u0142u\u017cbowa dla Bran\u017cy Kelnerskiej, HoReCa i Medycyny\" \/>\n<meta property=\"og:description\" content=\"Tunika na st\u00f3jce. Zapinana na zamek w kontrastowym kolorze. Zaczyna si\u0119 powy\u017cej linii tuniki, tworz\u0105c dodatkowy rozporek. Boki w kolorze\" \/>\n<meta property=\"og:url\" content=\"https:\/\/grapil.pl\/en\/product\/a-stand-up-tunic\/\" \/>\n<meta property=\"og:site_name\" content=\"Grapil.pl \u2013 Profesjonalna Odzie\u017c S\u0142u\u017cbowa dla Bran\u017cy Kelnerskiej, HoReCa i Medycyny\" \/>\n<meta property=\"article:modified_time\" content=\"2026-02-17T13:14:39+00:00\" \/>\n<meta property=\"og:image\" content=\"https:\/\/grapil.pl\/wp-content\/uploads\/2025\/04\/kamizelka-1.png\" \/>\n\t<meta property=\"og:image:width\" content=\"1024\" \/>\n\t<meta property=\"og:image:height\" content=\"1536\" \/>\n\t<meta property=\"og:image:type\" content=\"image\/png\" \/>\n<meta name=\"twitter:card\" content=\"summary_large_image\" \/>\n<meta name=\"twitter:label1\" content=\"Estimated reading time\" \/>\n\t<meta name=\"twitter:data1\" content=\"1 minute\" \/>\n<script type=\"application\/ld+json\" class=\"yoast-schema-graph\">{\"@context\":\"https:\/\/schema.org\",\"@graph\":[{\"@type\":\"WebPage\",\"@id\":\"https:\/\/grapil.pl\/produkt\/tunika-na-stojce\/\",\"url\":\"https:\/\/grapil.pl\/produkt\/tunika-na-stojce\/\",\"name\":\"Tunika na st\u00f3jce - Grapil.pl \u2013 Profesjonalna Odzie\u017c S\u0142u\u017cbowa dla Bran\u017cy Kelnerskiej, HoReCa i Medycyny\",\"isPartOf\":{\"@id\":\"https:\/\/grapil.pl\/#website\"},\"primaryImageOfPage\":{\"@id\":\"https:\/\/grapil.pl\/produkt\/tunika-na-stojce\/#primaryimage\"},\"image\":{\"@id\":\"https:\/\/grapil.pl\/produkt\/tunika-na-stojce\/#primaryimage\"},\"thumbnailUrl\":\"https:\/\/grapil.pl\/wp-content\/uploads\/2025\/04\/kamizelka-1.png\",\"datePublished\":\"2025-04-09T15:38:25+00:00\",\"dateModified\":\"2026-02-17T13:14:39+00:00\",\"breadcrumb\":{\"@id\":\"https:\/\/grapil.pl\/produkt\/tunika-na-stojce\/#breadcrumb\"},\"inLanguage\":\"en-GB\",\"potentialAction\":[{\"@type\":\"ReadAction\",\"target\":[\"https:\/\/grapil.pl\/produkt\/tunika-na-stojce\/\"]}]},{\"@type\":\"ImageObject\",\"inLanguage\":\"en-GB\",\"@id\":\"https:\/\/grapil.pl\/produkt\/tunika-na-stojce\/#primaryimage\",\"url\":\"https:\/\/grapil.pl\/wp-content\/uploads\/2025\/04\/kamizelka-1.png\",\"contentUrl\":\"https:\/\/grapil.pl\/wp-content\/uploads\/2025\/04\/kamizelka-1.png\",\"width\":1024,\"height\":1536},{\"@type\":\"BreadcrumbList\",\"@id\":\"https:\/\/grapil.pl\/produkt\/tunika-na-stojce\/#breadcrumb\",\"itemListElement\":[{\"@type\":\"ListItem\",\"position\":1,\"name\":\"Strona g\u0142\u00f3wna\",\"item\":\"https:\/\/grapil.pl\/\"},{\"@type\":\"ListItem\",\"position\":2,\"name\":\"sklep\",\"item\":\"https:\/\/grapil.pl\/sklep\/\"},{\"@type\":\"ListItem\",\"position\":3,\"name\":\"Tunika na st\u00f3jce\"}]},{\"@type\":\"WebSite\",\"@id\":\"https:\/\/grapil.pl\/#website\",\"url\":\"https:\/\/grapil.pl\/\",\"name\":\"Grapil.pl \u2013 Profesjonalna Odzie\u017c S\u0142u\u017cbowa dla Bran\u017cy Kelnerskiej, HoReCa i Medycyny\",\"description\":\"\",\"potentialAction\":[{\"@type\":\"SearchAction\",\"target\":{\"@type\":\"EntryPoint\",\"urlTemplate\":\"https:\/\/grapil.pl\/?s={search_term_string}\"},\"query-input\":{\"@type\":\"PropertyValueSpecification\",\"valueRequired\":true,\"valueName\":\"search_term_string\"}}],\"inLanguage\":\"en-GB\"}]}<\/script>\n<!-- \/ Yoast SEO plugin. -->","yoast_head_json":{"title":"Tunika na st\u00f3jce - Grapil.pl \u2013 Profesjonalna Odzie\u017c S\u0142u\u017cbowa dla Bran\u017cy Kelnerskiej, HoReCa i Medycyny","robots":{"index":"index","follow":"follow","max-snippet":"max-snippet:-1","max-image-preview":"max-image-preview:large","max-video-preview":"max-video-preview:-1"},"canonical":"https:\/\/grapil.pl\/en\/product\/a-stand-up-tunic\/","og_locale":"en_GB","og_type":"article","og_title":"Tunika na st\u00f3jce - Grapil.pl \u2013 Profesjonalna Odzie\u017c S\u0142u\u017cbowa dla Bran\u017cy Kelnerskiej, HoReCa i Medycyny","og_description":"Tunika na st\u00f3jce. Zapinana na zamek w kontrastowym kolorze. Zaczyna si\u0119 powy\u017cej linii tuniki, tworz\u0105c dodatkowy rozporek. Boki w kolorze","og_url":"https:\/\/grapil.pl\/en\/product\/a-stand-up-tunic\/","og_site_name":"Grapil.pl \u2013 Profesjonalna Odzie\u017c S\u0142u\u017cbowa dla Bran\u017cy Kelnerskiej, HoReCa i Medycyny","article_modified_time":"2026-02-17T13:14:39+00:00","og_image":[{"width":1024,"height":1536,"url":"https:\/\/grapil.pl\/wp-content\/uploads\/2025\/04\/kamizelka-1.png","type":"image\/png"}],"twitter_card":"summary_large_image","twitter_misc":{"Estimated reading time":"1 minute"},"schema":{"@context":"https:\/\/schema.org","@graph":[{"@type":"WebPage","@id":"https:\/\/grapil.pl\/produkt\/tunika-na-stojce\/","url":"https:\/\/grapil.pl\/produkt\/tunika-na-stojce\/","name":"Tunika na st\u00f3jce - Grapil.pl \u2013 Profesjonalna Odzie\u017c S\u0142u\u017cbowa dla Bran\u017cy Kelnerskiej, HoReCa i Medycyny","isPartOf":{"@id":"https:\/\/grapil.pl\/#website"},"primaryImageOfPage":{"@id":"https:\/\/grapil.pl\/produkt\/tunika-na-stojce\/#primaryimage"},"image":{"@id":"https:\/\/grapil.pl\/produkt\/tunika-na-stojce\/#primaryimage"},"thumbnailUrl":"https:\/\/grapil.pl\/wp-content\/uploads\/2025\/04\/kamizelka-1.png","datePublished":"2025-04-09T15:38:25+00:00","dateModified":"2026-02-17T13:14:39+00:00","breadcrumb":{"@id":"https:\/\/grapil.pl\/produkt\/tunika-na-stojce\/#breadcrumb"},"inLanguage":"en-GB","potentialAction":[{"@type":"ReadAction","target":["https:\/\/grapil.pl\/produkt\/tunika-na-stojce\/"]}]},{"@type":"ImageObject","inLanguage":"en-GB","@id":"https:\/\/grapil.pl\/produkt\/tunika-na-stojce\/#primaryimage","url":"https:\/\/grapil.pl\/wp-content\/uploads\/2025\/04\/kamizelka-1.png","contentUrl":"https:\/\/grapil.pl\/wp-content\/uploads\/2025\/04\/kamizelka-1.png","width":1024,"height":1536},{"@type":"BreadcrumbList","@id":"https:\/\/grapil.pl\/produkt\/tunika-na-stojce\/#breadcrumb","itemListElement":[{"@type":"ListItem","position":1,"name":"Strona g\u0142\u00f3wna","item":"https:\/\/grapil.pl\/"},{"@type":"ListItem","position":2,"name":"sklep","item":"https:\/\/grapil.pl\/sklep\/"},{"@type":"ListItem","position":3,"name":"Tunika na st\u00f3jce"}]},{"@type":"WebSite","@id":"https:\/\/grapil.pl\/#website","url":"https:\/\/grapil.pl\/","name":"Grapil.pl \u2013 Profesjonalna Odzie\u017c S\u0142u\u017cbowa dla Bran\u017cy Kelnerskiej, HoReCa i Medycyny","description":"","potentialAction":[{"@type":"SearchAction","target":{"@type":"EntryPoint","urlTemplate":"https:\/\/grapil.pl\/?s={search_term_string}"},"query-input":{"@type":"PropertyValueSpecification","valueRequired":true,"valueName":"search_term_string"}}],"inLanguage":"en-GB"}]}},"_links":{"self":[{"href":"https:\/\/grapil.pl\/en\/wp-json\/wp\/v2\/product\/18697","targetHints":{"allow":["GET"]}}],"collection":[{"href":"https:\/\/grapil.pl\/en\/wp-json\/wp\/v2\/product"}],"about":[{"href":"https:\/\/grapil.pl\/en\/wp-json\/wp\/v2\/types\/product"}],"version-history":[{"count":2,"href":"https:\/\/grapil.pl\/en\/wp-json\/wp\/v2\/product\/18697\/revisions"}],"predecessor-version":[{"id":20995,"href":"https:\/\/grapil.pl\/en\/wp-json\/wp\/v2\/product\/18697\/revisions\/20995"}],"wp:featuredmedia":[{"embeddable":true,"href":"https:\/\/grapil.pl\/en\/wp-json\/wp\/v2\/media\/25419"}],"wp:attachment":[{"href":"https:\/\/grapil.pl\/en\/wp-json\/wp\/v2\/media?parent=18697"}],"wp:term":[{"taxonomy":"product_brand","embeddable":true,"href":"https:\/\/grapil.pl\/en\/wp-json\/wp\/v2\/product_brand?post=18697"},{"taxonomy":"product_cat","embeddable":true,"href":"https:\/\/grapil.pl\/en\/wp-json\/wp\/v2\/product_cat?post=18697"},{"taxonomy":"product_tag","embeddable":true,"href":"https:\/\/grapil.pl\/en\/wp-json\/wp\/v2\/product_tag?post=18697"}],"curies":[{"name":"wp","href":"https:\/\/api.w.org\/{rel}","templated":true}]}}