{"id":18729,"date":"2025-04-09T17:38:25","date_gmt":"2025-04-09T15:38:25","guid":{"rendered":"https:\/\/grapil.pl\/produkt\/kurtka-ocieplana-classic-oxford-one\/"},"modified":"2025-04-09T17:38:33","modified_gmt":"2025-04-09T15:38:33","slug":"insulated-jacket-classic-oxford-one","status":"publish","type":"product","link":"https:\/\/grapil.pl\/en\/product\/insulated-jacket-classic-oxford-one\/","title":{"rendered":"Classic Oxford One Insulated Jacket"},"content":{"rendered":"<p><span style=\"font-size:12pt;\">Insulated jacket made of waterproof Oxford 300D polyester material with PU coating, in grey and black.<\/span><\/p>\n<p>160g\/m2 polyester insulation and quilted lining.<\/p>\n<p><strong>Characteristic:<\/strong><\/p>\n<ul>\n<li>\n<p>fastened with a zipper, covered with a strip with studs,<\/p>\n<\/li>\n<li>\n<p>chin protection,<\/p>\n<\/li>\n<li>\n<p>sleeves finished with cuffs with Velcro adjustment,<\/p>\n<\/li>\n<li>\n<p>adjustment of the bottom of the jacket with elastic strings and stoppers,<\/p>\n<\/li>\n<li>\n<p>detachable, insulated hood with reflective elements, tightened with an elastic cord and stoppers,<\/p>\n<\/li>\n<li>\n<p>collar \u2013 high stand-up collar finished with soft fleece on the inside,<\/p>\n<\/li>\n<li>\n<p>5 outer pockets - two side slip-in pockets, three on the chest - closed with a flap with Velcro and snap or with a zipper and a pocket for pens,<\/p>\n<\/li>\n<li>\n<p>3 inside pockets<\/p>\n<\/li>\n<li>\n<p>eyelet for easy mounting of various additional components, e.g. tools<\/p>\n<\/li>\n<li>\n<p>a tailored cut<br \/>\u00a0<\/p>\n<\/li>\n<\/ul>\n<p>Comfortable, does not restrict movement, insulated, high visibility in an attractive modern design.<\/p>\n<p>Perfect for work requiring increased user visibility in cold weather conditions.<\/p>","protected":false},"excerpt":{"rendered":"<p>Insulated jacket made of waterproof Oxford 300D polyester material with PU coating, in grey and black.<\/p>\n<p>160g\/m2 polyester insulation and quilted lining.<\/p>","protected":false},"featured_media":18731,"template":"","meta":[],"product_brand":[98],"product_cat":[86,92,123],"product_tag":[],"class_list":{"0":"post-18729","1":"product","2":"type-product","3":"status-publish","4":"has-post-thumbnail","6":"product_brand-grapil","7":"product_cat-sklepbhp","8":"product_cat-odziez-robocza","9":"product_cat-kurtki","11":"first","12":"instock","13":"product-type-simple"},"yoast_head":"<!-- This site is optimized with the Yoast SEO plugin v25.3 - https:\/\/yoast.com\/wordpress\/plugins\/seo\/ -->\n<title>Kurtka ocieplana Classic Oxford One - Grapil.pl \u2013 Profesjonalna Odzie\u017c S\u0142u\u017cbowa dla Bran\u017cy Kelnerskiej, HoReCa i Medycyny<\/title>\n<meta name=\"robots\" content=\"index, follow, max-snippet:-1, max-image-preview:large, max-video-preview:-1\" \/>\n<link rel=\"canonical\" href=\"https:\/\/grapil.pl\/en\/product\/insulated-jacket-classic-oxford-one\/\" \/>\n<meta property=\"og:locale\" content=\"en_GB\" \/>\n<meta property=\"og:type\" content=\"article\" \/>\n<meta property=\"og:title\" content=\"Kurtka ocieplana Classic Oxford One - Grapil.pl \u2013 Profesjonalna Odzie\u017c S\u0142u\u017cbowa dla Bran\u017cy Kelnerskiej, HoReCa i Medycyny\" \/>\n<meta property=\"og:description\" content=\"Ocieplana kurtka, wykonana z wodoodpornego materia\u0142u Oxford 300D poliester z pow\u0142ok\u0105 PU, w kolorze szarym i czarnym. Poliestrowa ocieplina 160g\/m2 i pikowana podszewka.\" \/>\n<meta property=\"og:url\" content=\"https:\/\/grapil.pl\/en\/product\/insulated-jacket-classic-oxford-one\/\" \/>\n<meta property=\"og:site_name\" content=\"Grapil.pl \u2013 Profesjonalna Odzie\u017c S\u0142u\u017cbowa dla Bran\u017cy Kelnerskiej, HoReCa i Medycyny\" \/>\n<meta property=\"article:modified_time\" content=\"2025-04-09T15:38:33+00:00\" \/>\n<meta property=\"og:image\" content=\"https:\/\/grapil.pl\/wp-content\/uploads\/2025\/04\/9737.jpg\" \/>\n\t<meta property=\"og:image:width\" content=\"700\" \/>\n\t<meta property=\"og:image:height\" content=\"700\" \/>\n\t<meta property=\"og:image:type\" content=\"image\/png\" \/>\n<meta name=\"twitter:card\" content=\"summary_large_image\" \/>\n<meta name=\"twitter:label1\" content=\"Estimated reading time\" \/>\n\t<meta name=\"twitter:data1\" content=\"1 minute\" \/>\n<script type=\"application\/ld+json\" class=\"yoast-schema-graph\">{\"@context\":\"https:\/\/schema.org\",\"@graph\":[{\"@type\":\"WebPage\",\"@id\":\"https:\/\/grapil.pl\/produkt\/kurtka-ocieplana-classic-oxford-one\/\",\"url\":\"https:\/\/grapil.pl\/produkt\/kurtka-ocieplana-classic-oxford-one\/\",\"name\":\"Kurtka ocieplana Classic Oxford One - Grapil.pl \u2013 Profesjonalna Odzie\u017c S\u0142u\u017cbowa dla Bran\u017cy Kelnerskiej, HoReCa i Medycyny\",\"isPartOf\":{\"@id\":\"https:\/\/grapil.pl\/#website\"},\"primaryImageOfPage\":{\"@id\":\"https:\/\/grapil.pl\/produkt\/kurtka-ocieplana-classic-oxford-one\/#primaryimage\"},\"image\":{\"@id\":\"https:\/\/grapil.pl\/produkt\/kurtka-ocieplana-classic-oxford-one\/#primaryimage\"},\"thumbnailUrl\":\"https:\/\/grapil.pl\/wp-content\/uploads\/2025\/04\/9737.jpg\",\"datePublished\":\"2025-04-09T15:38:25+00:00\",\"dateModified\":\"2025-04-09T15:38:33+00:00\",\"breadcrumb\":{\"@id\":\"https:\/\/grapil.pl\/produkt\/kurtka-ocieplana-classic-oxford-one\/#breadcrumb\"},\"inLanguage\":\"en-GB\",\"potentialAction\":[{\"@type\":\"ReadAction\",\"target\":[\"https:\/\/grapil.pl\/produkt\/kurtka-ocieplana-classic-oxford-one\/\"]}]},{\"@type\":\"ImageObject\",\"inLanguage\":\"en-GB\",\"@id\":\"https:\/\/grapil.pl\/produkt\/kurtka-ocieplana-classic-oxford-one\/#primaryimage\",\"url\":\"https:\/\/grapil.pl\/wp-content\/uploads\/2025\/04\/9737.jpg\",\"contentUrl\":\"https:\/\/grapil.pl\/wp-content\/uploads\/2025\/04\/9737.jpg\",\"width\":700,\"height\":700},{\"@type\":\"BreadcrumbList\",\"@id\":\"https:\/\/grapil.pl\/produkt\/kurtka-ocieplana-classic-oxford-one\/#breadcrumb\",\"itemListElement\":[{\"@type\":\"ListItem\",\"position\":1,\"name\":\"Strona g\u0142\u00f3wna\",\"item\":\"https:\/\/grapil.pl\/\"},{\"@type\":\"ListItem\",\"position\":2,\"name\":\"sklep\",\"item\":\"https:\/\/grapil.pl\/sklep\/\"},{\"@type\":\"ListItem\",\"position\":3,\"name\":\"Kurtka ocieplana Classic Oxford One\"}]},{\"@type\":\"WebSite\",\"@id\":\"https:\/\/grapil.pl\/#website\",\"url\":\"https:\/\/grapil.pl\/\",\"name\":\"Grapil.pl \u2013 Profesjonalna Odzie\u017c S\u0142u\u017cbowa dla Bran\u017cy Kelnerskiej, HoReCa i Medycyny\",\"description\":\"\",\"potentialAction\":[{\"@type\":\"SearchAction\",\"target\":{\"@type\":\"EntryPoint\",\"urlTemplate\":\"https:\/\/grapil.pl\/?s={search_term_string}\"},\"query-input\":{\"@type\":\"PropertyValueSpecification\",\"valueRequired\":true,\"valueName\":\"search_term_string\"}}],\"inLanguage\":\"en-GB\"}]}<\/script>\n<!-- \/ Yoast SEO plugin. -->","yoast_head_json":{"title":"Kurtka ocieplana Classic Oxford One - Grapil.pl \u2013 Profesjonalna Odzie\u017c S\u0142u\u017cbowa dla Bran\u017cy Kelnerskiej, HoReCa i Medycyny","robots":{"index":"index","follow":"follow","max-snippet":"max-snippet:-1","max-image-preview":"max-image-preview:large","max-video-preview":"max-video-preview:-1"},"canonical":"https:\/\/grapil.pl\/en\/product\/insulated-jacket-classic-oxford-one\/","og_locale":"en_GB","og_type":"article","og_title":"Kurtka ocieplana Classic Oxford One - Grapil.pl \u2013 Profesjonalna Odzie\u017c S\u0142u\u017cbowa dla Bran\u017cy Kelnerskiej, HoReCa i Medycyny","og_description":"Ocieplana kurtka, wykonana z wodoodpornego materia\u0142u Oxford 300D poliester z pow\u0142ok\u0105 PU, w kolorze szarym i czarnym. Poliestrowa ocieplina 160g\/m2 i pikowana podszewka.","og_url":"https:\/\/grapil.pl\/en\/product\/insulated-jacket-classic-oxford-one\/","og_site_name":"Grapil.pl \u2013 Profesjonalna Odzie\u017c S\u0142u\u017cbowa dla Bran\u017cy Kelnerskiej, HoReCa i Medycyny","article_modified_time":"2025-04-09T15:38:33+00:00","og_image":[{"width":700,"height":700,"url":"https:\/\/grapil.pl\/wp-content\/uploads\/2025\/04\/9737.jpg","type":"image\/png"}],"twitter_card":"summary_large_image","twitter_misc":{"Estimated reading time":"1 minute"},"schema":{"@context":"https:\/\/schema.org","@graph":[{"@type":"WebPage","@id":"https:\/\/grapil.pl\/produkt\/kurtka-ocieplana-classic-oxford-one\/","url":"https:\/\/grapil.pl\/produkt\/kurtka-ocieplana-classic-oxford-one\/","name":"Kurtka ocieplana Classic Oxford One - Grapil.pl \u2013 Profesjonalna Odzie\u017c S\u0142u\u017cbowa dla Bran\u017cy Kelnerskiej, HoReCa i Medycyny","isPartOf":{"@id":"https:\/\/grapil.pl\/#website"},"primaryImageOfPage":{"@id":"https:\/\/grapil.pl\/produkt\/kurtka-ocieplana-classic-oxford-one\/#primaryimage"},"image":{"@id":"https:\/\/grapil.pl\/produkt\/kurtka-ocieplana-classic-oxford-one\/#primaryimage"},"thumbnailUrl":"https:\/\/grapil.pl\/wp-content\/uploads\/2025\/04\/9737.jpg","datePublished":"2025-04-09T15:38:25+00:00","dateModified":"2025-04-09T15:38:33+00:00","breadcrumb":{"@id":"https:\/\/grapil.pl\/produkt\/kurtka-ocieplana-classic-oxford-one\/#breadcrumb"},"inLanguage":"en-GB","potentialAction":[{"@type":"ReadAction","target":["https:\/\/grapil.pl\/produkt\/kurtka-ocieplana-classic-oxford-one\/"]}]},{"@type":"ImageObject","inLanguage":"en-GB","@id":"https:\/\/grapil.pl\/produkt\/kurtka-ocieplana-classic-oxford-one\/#primaryimage","url":"https:\/\/grapil.pl\/wp-content\/uploads\/2025\/04\/9737.jpg","contentUrl":"https:\/\/grapil.pl\/wp-content\/uploads\/2025\/04\/9737.jpg","width":700,"height":700},{"@type":"BreadcrumbList","@id":"https:\/\/grapil.pl\/produkt\/kurtka-ocieplana-classic-oxford-one\/#breadcrumb","itemListElement":[{"@type":"ListItem","position":1,"name":"Strona g\u0142\u00f3wna","item":"https:\/\/grapil.pl\/"},{"@type":"ListItem","position":2,"name":"sklep","item":"https:\/\/grapil.pl\/sklep\/"},{"@type":"ListItem","position":3,"name":"Kurtka ocieplana Classic Oxford One"}]},{"@type":"WebSite","@id":"https:\/\/grapil.pl\/#website","url":"https:\/\/grapil.pl\/","name":"Grapil.pl \u2013 Profesjonalna Odzie\u017c S\u0142u\u017cbowa dla Bran\u017cy Kelnerskiej, HoReCa i Medycyny","description":"","potentialAction":[{"@type":"SearchAction","target":{"@type":"EntryPoint","urlTemplate":"https:\/\/grapil.pl\/?s={search_term_string}"},"query-input":{"@type":"PropertyValueSpecification","valueRequired":true,"valueName":"search_term_string"}}],"inLanguage":"en-GB"}]}},"_links":{"self":[{"href":"https:\/\/grapil.pl\/en\/wp-json\/wp\/v2\/product\/18729","targetHints":{"allow":["GET"]}}],"collection":[{"href":"https:\/\/grapil.pl\/en\/wp-json\/wp\/v2\/product"}],"about":[{"href":"https:\/\/grapil.pl\/en\/wp-json\/wp\/v2\/types\/product"}],"version-history":[{"count":1,"href":"https:\/\/grapil.pl\/en\/wp-json\/wp\/v2\/product\/18729\/revisions"}],"predecessor-version":[{"id":18730,"href":"https:\/\/grapil.pl\/en\/wp-json\/wp\/v2\/product\/18729\/revisions\/18730"}],"wp:featuredmedia":[{"embeddable":true,"href":"https:\/\/grapil.pl\/en\/wp-json\/wp\/v2\/media\/18731"}],"wp:attachment":[{"href":"https:\/\/grapil.pl\/en\/wp-json\/wp\/v2\/media?parent=18729"}],"wp:term":[{"taxonomy":"product_brand","embeddable":true,"href":"https:\/\/grapil.pl\/en\/wp-json\/wp\/v2\/product_brand?post=18729"},{"taxonomy":"product_cat","embeddable":true,"href":"https:\/\/grapil.pl\/en\/wp-json\/wp\/v2\/product_cat?post=18729"},{"taxonomy":"product_tag","embeddable":true,"href":"https:\/\/grapil.pl\/en\/wp-json\/wp\/v2\/product_tag?post=18729"}],"curies":[{"name":"wp","href":"https:\/\/api.w.org\/{rel}","templated":true}]}}