{"id":18738,"date":"2025-04-09T17:38:25","date_gmt":"2025-04-09T15:38:25","guid":{"rendered":"https:\/\/grapil.pl\/produkt\/spodnie-robocze-do-pasa-classic-maximus\/"},"modified":"2025-04-09T17:38:34","modified_gmt":"2025-04-09T15:38:34","slug":"classic-maximus-waist-work-trousers","status":"publish","type":"product","link":"https:\/\/grapil.pl\/en\/product\/classic-maximus-waist-work-trousers\/","title":{"rendered":"Classic Maximus waist work trousers"},"content":{"rendered":"<p><span style=\"font-size:14pt;\">Protective trousers <strong>CLASSIC MAXIMUS<\/strong>, waist-length, with an exceptionally attractive design and excellent functionality.<\/span><\/p>\n<p><span style=\"font-size:12pt;\">Made of very durable canvas fabric with a composition of 65% polyester and 35% cotton with a weight of 270 +\/- 10 g\/m<sup>2<\/sup>\u00a0and a strong, tight weave.<\/span><\/p>\n<p><strong>Characteristic:<\/strong><\/p>\n<ul>\n<li>professional sewing and aesthetic workmanship,<\/li>\n<li>triple seams and numerous solid bolts reinforcing places particularly exposed to tearing,<\/li>\n<li>reflective elements on the back and front of the trousers - increasing the user&#039;s safety<\/li>\n<li>10 functional pockets, pockets reinforced with black Oxford600D polyester fabric,<\/li>\n<li>2 knee pockets with an opening from the top for knee pads and a flap with Velcro fastening. Knee pad inserted from the top. Pockets are reinforced with 600D polyester Oxford fabric, which is characterized by high durability, abrasion and stretch resistance and water resistance,<\/li>\n<li>fastened at the front with a metal button and zipper,<\/li>\n<li>comfortable and practical waist adjustment system with elastic band at the waist,<\/li>\n<li>leg cuffs reinforced with durable 600D Oxford material for easy cleaning,<\/li>\n<li>very low shrinkage, even after repeated washing<\/li>\n<li>color stability<\/li>\n<\/ul>\n<p><strong>Color:<\/strong>\u00a0graphite black with blue inserts and reflective elements<\/p>\n<p><span style=\"font-size:14pt;\">The belt is not included with the pants.<\/span><\/p>","protected":false},"excerpt":{"rendered":"<p><span style=\"font-size:12pt;\">Protective trousers\u00a0<strong>CLASSIC MAXIMUS<\/strong>, waist-length, with an exceptionally attractive design and excellent functionality.<\/span><\/p>\n<p><span style=\"font-size:12pt;\">Made of very durable canvas fabric with a composition of 65% polyester and 35% cotton with a weight of 270 +\/- 10 g\/m<sup>2<\/sup>\u00a0and a strong, tight weave.<\/span><\/p>","protected":false},"featured_media":18740,"template":"","meta":[],"product_brand":[91],"product_cat":[86,92,93],"product_tag":[],"class_list":{"0":"post-18738","1":"product","2":"type-product","3":"status-publish","4":"has-post-thumbnail","6":"product_brand-artmas","7":"product_cat-sklepbhp","8":"product_cat-odziez-robocza","9":"product_cat-spodnie-robocze","11":"first","12":"instock","13":"product-type-simple"},"yoast_head":"<!-- This site is optimized with the Yoast SEO plugin v25.3 - https:\/\/yoast.com\/wordpress\/plugins\/seo\/ -->\n<title>Spodnie robocze do pasa Classic Maximus - Grapil.pl \u2013 Profesjonalna Odzie\u017c S\u0142u\u017cbowa dla Bran\u017cy Kelnerskiej, HoReCa i Medycyny<\/title>\n<meta name=\"robots\" content=\"index, follow, max-snippet:-1, max-image-preview:large, max-video-preview:-1\" \/>\n<link rel=\"canonical\" href=\"https:\/\/grapil.pl\/en\/product\/classic-maximus-waist-work-trousers\/\" \/>\n<meta property=\"og:locale\" content=\"en_GB\" \/>\n<meta property=\"og:type\" content=\"article\" \/>\n<meta property=\"og:title\" content=\"Spodnie robocze do pasa Classic Maximus - Grapil.pl \u2013 Profesjonalna Odzie\u017c S\u0142u\u017cbowa dla Bran\u017cy Kelnerskiej, HoReCa i Medycyny\" \/>\n<meta property=\"og:description\" content=\"Spodnie ochronne\u00a0CLASSIC MAXIMUS, do pasa, o wyj\u0105tkowo atrakcyjnym wzornictwie i doskona\u0142ej funkcjonalno\u015bci. Wykonane z bardzo wytrzyma\u0142ej tkaniny canvas o sk\u0142adzie 65% poliestru i 35% bawe\u0142ny o gramaturze 270 +\/-10 g\/m2\u00a0oraz mocnym zwartym splocie.\" \/>\n<meta property=\"og:url\" content=\"https:\/\/grapil.pl\/en\/product\/classic-maximus-waist-work-trousers\/\" \/>\n<meta property=\"og:site_name\" content=\"Grapil.pl \u2013 Profesjonalna Odzie\u017c S\u0142u\u017cbowa dla Bran\u017cy Kelnerskiej, HoReCa i Medycyny\" \/>\n<meta property=\"article:modified_time\" content=\"2025-04-09T15:38:34+00:00\" \/>\n<meta property=\"og:image\" content=\"https:\/\/grapil.pl\/wp-content\/uploads\/2025\/04\/9741.jpg\" \/>\n\t<meta property=\"og:image:width\" content=\"700\" \/>\n\t<meta property=\"og:image:height\" content=\"700\" \/>\n\t<meta property=\"og:image:type\" content=\"image\/png\" \/>\n<meta name=\"twitter:card\" content=\"summary_large_image\" \/>\n<meta name=\"twitter:label1\" content=\"Estimated reading time\" \/>\n\t<meta name=\"twitter:data1\" content=\"1 minute\" \/>\n<script type=\"application\/ld+json\" class=\"yoast-schema-graph\">{\"@context\":\"https:\/\/schema.org\",\"@graph\":[{\"@type\":\"WebPage\",\"@id\":\"https:\/\/grapil.pl\/produkt\/spodnie-robocze-do-pasa-classic-maximus\/\",\"url\":\"https:\/\/grapil.pl\/produkt\/spodnie-robocze-do-pasa-classic-maximus\/\",\"name\":\"Spodnie robocze do pasa Classic Maximus - Grapil.pl \u2013 Profesjonalna Odzie\u017c S\u0142u\u017cbowa dla Bran\u017cy Kelnerskiej, HoReCa i Medycyny\",\"isPartOf\":{\"@id\":\"https:\/\/grapil.pl\/#website\"},\"primaryImageOfPage\":{\"@id\":\"https:\/\/grapil.pl\/produkt\/spodnie-robocze-do-pasa-classic-maximus\/#primaryimage\"},\"image\":{\"@id\":\"https:\/\/grapil.pl\/produkt\/spodnie-robocze-do-pasa-classic-maximus\/#primaryimage\"},\"thumbnailUrl\":\"https:\/\/grapil.pl\/wp-content\/uploads\/2025\/04\/9741.jpg\",\"datePublished\":\"2025-04-09T15:38:25+00:00\",\"dateModified\":\"2025-04-09T15:38:34+00:00\",\"breadcrumb\":{\"@id\":\"https:\/\/grapil.pl\/produkt\/spodnie-robocze-do-pasa-classic-maximus\/#breadcrumb\"},\"inLanguage\":\"en-GB\",\"potentialAction\":[{\"@type\":\"ReadAction\",\"target\":[\"https:\/\/grapil.pl\/produkt\/spodnie-robocze-do-pasa-classic-maximus\/\"]}]},{\"@type\":\"ImageObject\",\"inLanguage\":\"en-GB\",\"@id\":\"https:\/\/grapil.pl\/produkt\/spodnie-robocze-do-pasa-classic-maximus\/#primaryimage\",\"url\":\"https:\/\/grapil.pl\/wp-content\/uploads\/2025\/04\/9741.jpg\",\"contentUrl\":\"https:\/\/grapil.pl\/wp-content\/uploads\/2025\/04\/9741.jpg\",\"width\":700,\"height\":700},{\"@type\":\"BreadcrumbList\",\"@id\":\"https:\/\/grapil.pl\/produkt\/spodnie-robocze-do-pasa-classic-maximus\/#breadcrumb\",\"itemListElement\":[{\"@type\":\"ListItem\",\"position\":1,\"name\":\"Strona g\u0142\u00f3wna\",\"item\":\"https:\/\/grapil.pl\/\"},{\"@type\":\"ListItem\",\"position\":2,\"name\":\"sklep\",\"item\":\"https:\/\/grapil.pl\/sklep\/\"},{\"@type\":\"ListItem\",\"position\":3,\"name\":\"Spodnie robocze do pasa Classic Maximus\"}]},{\"@type\":\"WebSite\",\"@id\":\"https:\/\/grapil.pl\/#website\",\"url\":\"https:\/\/grapil.pl\/\",\"name\":\"Grapil.pl \u2013 Profesjonalna Odzie\u017c S\u0142u\u017cbowa dla Bran\u017cy Kelnerskiej, HoReCa i Medycyny\",\"description\":\"\",\"potentialAction\":[{\"@type\":\"SearchAction\",\"target\":{\"@type\":\"EntryPoint\",\"urlTemplate\":\"https:\/\/grapil.pl\/?s={search_term_string}\"},\"query-input\":{\"@type\":\"PropertyValueSpecification\",\"valueRequired\":true,\"valueName\":\"search_term_string\"}}],\"inLanguage\":\"en-GB\"}]}<\/script>\n<!-- \/ Yoast SEO plugin. -->","yoast_head_json":{"title":"Spodnie robocze do pasa Classic Maximus - Grapil.pl \u2013 Profesjonalna Odzie\u017c S\u0142u\u017cbowa dla Bran\u017cy Kelnerskiej, HoReCa i Medycyny","robots":{"index":"index","follow":"follow","max-snippet":"max-snippet:-1","max-image-preview":"max-image-preview:large","max-video-preview":"max-video-preview:-1"},"canonical":"https:\/\/grapil.pl\/en\/product\/classic-maximus-waist-work-trousers\/","og_locale":"en_GB","og_type":"article","og_title":"Spodnie robocze do pasa Classic Maximus - Grapil.pl \u2013 Profesjonalna Odzie\u017c S\u0142u\u017cbowa dla Bran\u017cy Kelnerskiej, HoReCa i Medycyny","og_description":"Spodnie ochronne\u00a0CLASSIC MAXIMUS, do pasa, o wyj\u0105tkowo atrakcyjnym wzornictwie i doskona\u0142ej funkcjonalno\u015bci. Wykonane z bardzo wytrzyma\u0142ej tkaniny canvas o sk\u0142adzie 65% poliestru i 35% bawe\u0142ny o gramaturze 270 +\/-10 g\/m2\u00a0oraz mocnym zwartym splocie.","og_url":"https:\/\/grapil.pl\/en\/product\/classic-maximus-waist-work-trousers\/","og_site_name":"Grapil.pl \u2013 Profesjonalna Odzie\u017c S\u0142u\u017cbowa dla Bran\u017cy Kelnerskiej, HoReCa i Medycyny","article_modified_time":"2025-04-09T15:38:34+00:00","og_image":[{"width":700,"height":700,"url":"https:\/\/grapil.pl\/wp-content\/uploads\/2025\/04\/9741.jpg","type":"image\/png"}],"twitter_card":"summary_large_image","twitter_misc":{"Estimated reading time":"1 minute"},"schema":{"@context":"https:\/\/schema.org","@graph":[{"@type":"WebPage","@id":"https:\/\/grapil.pl\/produkt\/spodnie-robocze-do-pasa-classic-maximus\/","url":"https:\/\/grapil.pl\/produkt\/spodnie-robocze-do-pasa-classic-maximus\/","name":"Spodnie robocze do pasa Classic Maximus - Grapil.pl \u2013 Profesjonalna Odzie\u017c S\u0142u\u017cbowa dla Bran\u017cy Kelnerskiej, HoReCa i Medycyny","isPartOf":{"@id":"https:\/\/grapil.pl\/#website"},"primaryImageOfPage":{"@id":"https:\/\/grapil.pl\/produkt\/spodnie-robocze-do-pasa-classic-maximus\/#primaryimage"},"image":{"@id":"https:\/\/grapil.pl\/produkt\/spodnie-robocze-do-pasa-classic-maximus\/#primaryimage"},"thumbnailUrl":"https:\/\/grapil.pl\/wp-content\/uploads\/2025\/04\/9741.jpg","datePublished":"2025-04-09T15:38:25+00:00","dateModified":"2025-04-09T15:38:34+00:00","breadcrumb":{"@id":"https:\/\/grapil.pl\/produkt\/spodnie-robocze-do-pasa-classic-maximus\/#breadcrumb"},"inLanguage":"en-GB","potentialAction":[{"@type":"ReadAction","target":["https:\/\/grapil.pl\/produkt\/spodnie-robocze-do-pasa-classic-maximus\/"]}]},{"@type":"ImageObject","inLanguage":"en-GB","@id":"https:\/\/grapil.pl\/produkt\/spodnie-robocze-do-pasa-classic-maximus\/#primaryimage","url":"https:\/\/grapil.pl\/wp-content\/uploads\/2025\/04\/9741.jpg","contentUrl":"https:\/\/grapil.pl\/wp-content\/uploads\/2025\/04\/9741.jpg","width":700,"height":700},{"@type":"BreadcrumbList","@id":"https:\/\/grapil.pl\/produkt\/spodnie-robocze-do-pasa-classic-maximus\/#breadcrumb","itemListElement":[{"@type":"ListItem","position":1,"name":"Strona g\u0142\u00f3wna","item":"https:\/\/grapil.pl\/"},{"@type":"ListItem","position":2,"name":"sklep","item":"https:\/\/grapil.pl\/sklep\/"},{"@type":"ListItem","position":3,"name":"Spodnie robocze do pasa Classic Maximus"}]},{"@type":"WebSite","@id":"https:\/\/grapil.pl\/#website","url":"https:\/\/grapil.pl\/","name":"Grapil.pl \u2013 Profesjonalna Odzie\u017c S\u0142u\u017cbowa dla Bran\u017cy Kelnerskiej, HoReCa i Medycyny","description":"","potentialAction":[{"@type":"SearchAction","target":{"@type":"EntryPoint","urlTemplate":"https:\/\/grapil.pl\/?s={search_term_string}"},"query-input":{"@type":"PropertyValueSpecification","valueRequired":true,"valueName":"search_term_string"}}],"inLanguage":"en-GB"}]}},"_links":{"self":[{"href":"https:\/\/grapil.pl\/en\/wp-json\/wp\/v2\/product\/18738","targetHints":{"allow":["GET"]}}],"collection":[{"href":"https:\/\/grapil.pl\/en\/wp-json\/wp\/v2\/product"}],"about":[{"href":"https:\/\/grapil.pl\/en\/wp-json\/wp\/v2\/types\/product"}],"version-history":[{"count":1,"href":"https:\/\/grapil.pl\/en\/wp-json\/wp\/v2\/product\/18738\/revisions"}],"predecessor-version":[{"id":18739,"href":"https:\/\/grapil.pl\/en\/wp-json\/wp\/v2\/product\/18738\/revisions\/18739"}],"wp:featuredmedia":[{"embeddable":true,"href":"https:\/\/grapil.pl\/en\/wp-json\/wp\/v2\/media\/18740"}],"wp:attachment":[{"href":"https:\/\/grapil.pl\/en\/wp-json\/wp\/v2\/media?parent=18738"}],"wp:term":[{"taxonomy":"product_brand","embeddable":true,"href":"https:\/\/grapil.pl\/en\/wp-json\/wp\/v2\/product_brand?post=18738"},{"taxonomy":"product_cat","embeddable":true,"href":"https:\/\/grapil.pl\/en\/wp-json\/wp\/v2\/product_cat?post=18738"},{"taxonomy":"product_tag","embeddable":true,"href":"https:\/\/grapil.pl\/en\/wp-json\/wp\/v2\/product_tag?post=18738"}],"curies":[{"name":"wp","href":"https:\/\/api.w.org\/{rel}","templated":true}]}}