{"id":18807,"date":"2025-04-09T17:38:41","date_gmt":"2025-04-09T15:38:41","guid":{"rendered":"https:\/\/grapil.pl\/produkt\/polar-meski-swing-czerwony-z-granatowymi-wstawkami\/"},"modified":"2025-04-09T17:38:55","modified_gmt":"2025-04-09T15:38:55","slug":"mens-swing-fleece-red-with-navy-blue-inserts","status":"publish","type":"product","link":"https:\/\/grapil.pl\/en\/product\/mens-swing-fleece-red-with-navy-blue-inserts\/","title":{"rendered":"Men&#039;s Swing fleece red with navy blue inserts"},"content":{"rendered":"<p><span class=\"wstep\">Warm men&#039;s sweatshirt made of microfleece.<\/span><\/p>\n<div id=\"user_calosc\">Contrasting colour inserts; vertical shaping cuts; nylon main and pocket zippers; drawstring system at the bottom inside; elastic band sewn into the bottom and cuffs; anti-pilling material finish to prevent pilling.<\/div>\n<div>\n<ul class=\"elements\">\n<li><strong>WEIGHT:<\/strong>\u00a0280g\/m2, 420g\/m<\/li>\n<li><strong>COMPOSITION:<\/strong>\u00a0100% polyester<\/li>\n<\/ul><\/div>\n<div>\u00a0<\/div>\n<div>\n<table style=\"height:106px;\" width=\"557\">\n<tbody>\n<tr>\n<td style=\"width:73px;text-align:center;\">Size<\/td>\n<td style=\"width:73px;text-align:center;\">S<\/td>\n<td style=\"width:73px;text-align:center;\">M<\/td>\n<td style=\"width:73px;text-align:center;\">L<\/td>\n<td style=\"width:73px;text-align:center;\">XL<\/td>\n<td style=\"width:73px;text-align:center;\">XXL<\/td>\n<td style=\"width:73px;text-align:center;\">XXXL<\/td>\n<\/tr>\n<tr>\n<td style=\"width:73px;text-align:center;\">Growth<\/td>\n<td style=\"width:73px;text-align:center;\">168<\/td>\n<td style=\"width:73px;text-align:center;\">176<\/td>\n<td style=\"width:73px;text-align:center;\">182<\/td>\n<td style=\"width:73px;text-align:center;\">185<\/td>\n<td style=\"width:73px;text-align:center;\">188<\/td>\n<td style=\"width:73px;text-align:center;\">188<\/td>\n<\/tr>\n<tr>\n<td style=\"width:73px;text-align:center;\">Cage<\/td>\n<td style=\"width:73px;text-align:center;\">93<\/td>\n<td style=\"width:73px;text-align:center;\">99<\/td>\n<td style=\"width:73px;text-align:center;\">106<\/td>\n<td style=\"width:73px;text-align:center;\">113<\/td>\n<td style=\"width:73px;text-align:center;\">120<\/td>\n<td style=\"width:73px;text-align:center;\">128<\/td>\n<\/tr>\n<\/tbody>\n<\/table>\n<p>The size chart refers to the figure, not the product.<\/p>\n<\/p><\/div>","protected":false},"excerpt":{"rendered":"<p>Warm men&#039;s sweatshirt made of microfleece. Contrasting color inserts; vertical shaping cuts; nylon main and pocket zippers; drawstring system at the<\/p>","protected":false},"featured_media":18809,"template":"","meta":[],"product_brand":[94],"product_cat":[86,92,100],"product_tag":[],"class_list":{"0":"post-18807","1":"product","2":"type-product","3":"status-publish","4":"has-post-thumbnail","6":"product_brand-jhk","7":"product_cat-sklepbhp","8":"product_cat-odziez-robocza","9":"product_cat-polary-i-bluzy-robocze","11":"first","12":"instock","13":"product-type-simple"},"yoast_head":"<!-- This site is optimized with the Yoast SEO plugin v25.3 - https:\/\/yoast.com\/wordpress\/plugins\/seo\/ -->\n<title>Polar m\u0119ski Swing czerwony z granatowymi wstawkami - Grapil.pl \u2013 Profesjonalna Odzie\u017c S\u0142u\u017cbowa dla Bran\u017cy Kelnerskiej, HoReCa i Medycyny<\/title>\n<meta name=\"robots\" content=\"index, follow, max-snippet:-1, max-image-preview:large, max-video-preview:-1\" \/>\n<link rel=\"canonical\" href=\"https:\/\/grapil.pl\/en\/product\/mens-swing-fleece-red-with-navy-blue-inserts\/\" \/>\n<meta property=\"og:locale\" content=\"en_GB\" \/>\n<meta property=\"og:type\" content=\"article\" \/>\n<meta property=\"og:title\" content=\"Polar m\u0119ski Swing czerwony z granatowymi wstawkami - Grapil.pl \u2013 Profesjonalna Odzie\u017c S\u0142u\u017cbowa dla Bran\u017cy Kelnerskiej, HoReCa i Medycyny\" \/>\n<meta property=\"og:description\" content=\"Ciep\u0142a m\u0119ska\u00a0bluza wykonana z mikropolaru. Wstawki w kontrastowym kolorze; pionowe ci\u0119cia modeluj\u0105ce; zamek g\u0142\u00f3wny oraz kieszeni nylonowy; system \u015bci\u0105gaczy u\" \/>\n<meta property=\"og:url\" content=\"https:\/\/grapil.pl\/en\/product\/mens-swing-fleece-red-with-navy-blue-inserts\/\" \/>\n<meta property=\"og:site_name\" content=\"Grapil.pl \u2013 Profesjonalna Odzie\u017c S\u0142u\u017cbowa dla Bran\u017cy Kelnerskiej, HoReCa i Medycyny\" \/>\n<meta property=\"article:modified_time\" content=\"2025-04-09T15:38:55+00:00\" \/>\n<meta property=\"og:image\" content=\"https:\/\/grapil.pl\/wp-content\/uploads\/2025\/04\/12759.jpg\" \/>\n\t<meta property=\"og:image:width\" content=\"1920\" \/>\n\t<meta property=\"og:image:height\" content=\"1920\" \/>\n\t<meta property=\"og:image:type\" content=\"image\/jpeg\" \/>\n<meta name=\"twitter:card\" content=\"summary_large_image\" \/>\n<script type=\"application\/ld+json\" class=\"yoast-schema-graph\">{\"@context\":\"https:\/\/schema.org\",\"@graph\":[{\"@type\":\"WebPage\",\"@id\":\"https:\/\/grapil.pl\/produkt\/polar-meski-swing-czerwony-z-granatowymi-wstawkami\/\",\"url\":\"https:\/\/grapil.pl\/produkt\/polar-meski-swing-czerwony-z-granatowymi-wstawkami\/\",\"name\":\"Polar m\u0119ski Swing czerwony z granatowymi wstawkami - Grapil.pl \u2013 Profesjonalna Odzie\u017c S\u0142u\u017cbowa dla Bran\u017cy Kelnerskiej, HoReCa i Medycyny\",\"isPartOf\":{\"@id\":\"https:\/\/grapil.pl\/#website\"},\"primaryImageOfPage\":{\"@id\":\"https:\/\/grapil.pl\/produkt\/polar-meski-swing-czerwony-z-granatowymi-wstawkami\/#primaryimage\"},\"image\":{\"@id\":\"https:\/\/grapil.pl\/produkt\/polar-meski-swing-czerwony-z-granatowymi-wstawkami\/#primaryimage\"},\"thumbnailUrl\":\"https:\/\/grapil.pl\/wp-content\/uploads\/2025\/04\/12759.jpg\",\"datePublished\":\"2025-04-09T15:38:41+00:00\",\"dateModified\":\"2025-04-09T15:38:55+00:00\",\"breadcrumb\":{\"@id\":\"https:\/\/grapil.pl\/produkt\/polar-meski-swing-czerwony-z-granatowymi-wstawkami\/#breadcrumb\"},\"inLanguage\":\"en-GB\",\"potentialAction\":[{\"@type\":\"ReadAction\",\"target\":[\"https:\/\/grapil.pl\/produkt\/polar-meski-swing-czerwony-z-granatowymi-wstawkami\/\"]}]},{\"@type\":\"ImageObject\",\"inLanguage\":\"en-GB\",\"@id\":\"https:\/\/grapil.pl\/produkt\/polar-meski-swing-czerwony-z-granatowymi-wstawkami\/#primaryimage\",\"url\":\"https:\/\/grapil.pl\/wp-content\/uploads\/2025\/04\/12759.jpg\",\"contentUrl\":\"https:\/\/grapil.pl\/wp-content\/uploads\/2025\/04\/12759.jpg\",\"width\":1920,\"height\":1920},{\"@type\":\"BreadcrumbList\",\"@id\":\"https:\/\/grapil.pl\/produkt\/polar-meski-swing-czerwony-z-granatowymi-wstawkami\/#breadcrumb\",\"itemListElement\":[{\"@type\":\"ListItem\",\"position\":1,\"name\":\"Strona g\u0142\u00f3wna\",\"item\":\"https:\/\/grapil.pl\/\"},{\"@type\":\"ListItem\",\"position\":2,\"name\":\"sklep\",\"item\":\"https:\/\/grapil.pl\/sklep\/\"},{\"@type\":\"ListItem\",\"position\":3,\"name\":\"Polar m\u0119ski Swing czerwony z granatowymi wstawkami\"}]},{\"@type\":\"WebSite\",\"@id\":\"https:\/\/grapil.pl\/#website\",\"url\":\"https:\/\/grapil.pl\/\",\"name\":\"Grapil.pl \u2013 Profesjonalna Odzie\u017c S\u0142u\u017cbowa dla Bran\u017cy Kelnerskiej, HoReCa i Medycyny\",\"description\":\"\",\"potentialAction\":[{\"@type\":\"SearchAction\",\"target\":{\"@type\":\"EntryPoint\",\"urlTemplate\":\"https:\/\/grapil.pl\/?s={search_term_string}\"},\"query-input\":{\"@type\":\"PropertyValueSpecification\",\"valueRequired\":true,\"valueName\":\"search_term_string\"}}],\"inLanguage\":\"en-GB\"}]}<\/script>\n<!-- \/ Yoast SEO plugin. -->","yoast_head_json":{"title":"Polar m\u0119ski Swing czerwony z granatowymi wstawkami - Grapil.pl \u2013 Profesjonalna Odzie\u017c S\u0142u\u017cbowa dla Bran\u017cy Kelnerskiej, HoReCa i Medycyny","robots":{"index":"index","follow":"follow","max-snippet":"max-snippet:-1","max-image-preview":"max-image-preview:large","max-video-preview":"max-video-preview:-1"},"canonical":"https:\/\/grapil.pl\/en\/product\/mens-swing-fleece-red-with-navy-blue-inserts\/","og_locale":"en_GB","og_type":"article","og_title":"Polar m\u0119ski Swing czerwony z granatowymi wstawkami - Grapil.pl \u2013 Profesjonalna Odzie\u017c S\u0142u\u017cbowa dla Bran\u017cy Kelnerskiej, HoReCa i Medycyny","og_description":"Ciep\u0142a m\u0119ska\u00a0bluza wykonana z mikropolaru. Wstawki w kontrastowym kolorze; pionowe ci\u0119cia modeluj\u0105ce; zamek g\u0142\u00f3wny oraz kieszeni nylonowy; system \u015bci\u0105gaczy u","og_url":"https:\/\/grapil.pl\/en\/product\/mens-swing-fleece-red-with-navy-blue-inserts\/","og_site_name":"Grapil.pl \u2013 Profesjonalna Odzie\u017c S\u0142u\u017cbowa dla Bran\u017cy Kelnerskiej, HoReCa i Medycyny","article_modified_time":"2025-04-09T15:38:55+00:00","og_image":[{"width":1920,"height":1920,"url":"https:\/\/grapil.pl\/wp-content\/uploads\/2025\/04\/12759.jpg","type":"image\/jpeg"}],"twitter_card":"summary_large_image","schema":{"@context":"https:\/\/schema.org","@graph":[{"@type":"WebPage","@id":"https:\/\/grapil.pl\/produkt\/polar-meski-swing-czerwony-z-granatowymi-wstawkami\/","url":"https:\/\/grapil.pl\/produkt\/polar-meski-swing-czerwony-z-granatowymi-wstawkami\/","name":"Polar m\u0119ski Swing czerwony z granatowymi wstawkami - Grapil.pl \u2013 Profesjonalna Odzie\u017c S\u0142u\u017cbowa dla Bran\u017cy Kelnerskiej, HoReCa i Medycyny","isPartOf":{"@id":"https:\/\/grapil.pl\/#website"},"primaryImageOfPage":{"@id":"https:\/\/grapil.pl\/produkt\/polar-meski-swing-czerwony-z-granatowymi-wstawkami\/#primaryimage"},"image":{"@id":"https:\/\/grapil.pl\/produkt\/polar-meski-swing-czerwony-z-granatowymi-wstawkami\/#primaryimage"},"thumbnailUrl":"https:\/\/grapil.pl\/wp-content\/uploads\/2025\/04\/12759.jpg","datePublished":"2025-04-09T15:38:41+00:00","dateModified":"2025-04-09T15:38:55+00:00","breadcrumb":{"@id":"https:\/\/grapil.pl\/produkt\/polar-meski-swing-czerwony-z-granatowymi-wstawkami\/#breadcrumb"},"inLanguage":"en-GB","potentialAction":[{"@type":"ReadAction","target":["https:\/\/grapil.pl\/produkt\/polar-meski-swing-czerwony-z-granatowymi-wstawkami\/"]}]},{"@type":"ImageObject","inLanguage":"en-GB","@id":"https:\/\/grapil.pl\/produkt\/polar-meski-swing-czerwony-z-granatowymi-wstawkami\/#primaryimage","url":"https:\/\/grapil.pl\/wp-content\/uploads\/2025\/04\/12759.jpg","contentUrl":"https:\/\/grapil.pl\/wp-content\/uploads\/2025\/04\/12759.jpg","width":1920,"height":1920},{"@type":"BreadcrumbList","@id":"https:\/\/grapil.pl\/produkt\/polar-meski-swing-czerwony-z-granatowymi-wstawkami\/#breadcrumb","itemListElement":[{"@type":"ListItem","position":1,"name":"Strona g\u0142\u00f3wna","item":"https:\/\/grapil.pl\/"},{"@type":"ListItem","position":2,"name":"sklep","item":"https:\/\/grapil.pl\/sklep\/"},{"@type":"ListItem","position":3,"name":"Polar m\u0119ski Swing czerwony z granatowymi wstawkami"}]},{"@type":"WebSite","@id":"https:\/\/grapil.pl\/#website","url":"https:\/\/grapil.pl\/","name":"Grapil.pl \u2013 Profesjonalna Odzie\u017c S\u0142u\u017cbowa dla Bran\u017cy Kelnerskiej, HoReCa i Medycyny","description":"","potentialAction":[{"@type":"SearchAction","target":{"@type":"EntryPoint","urlTemplate":"https:\/\/grapil.pl\/?s={search_term_string}"},"query-input":{"@type":"PropertyValueSpecification","valueRequired":true,"valueName":"search_term_string"}}],"inLanguage":"en-GB"}]}},"_links":{"self":[{"href":"https:\/\/grapil.pl\/en\/wp-json\/wp\/v2\/product\/18807","targetHints":{"allow":["GET"]}}],"collection":[{"href":"https:\/\/grapil.pl\/en\/wp-json\/wp\/v2\/product"}],"about":[{"href":"https:\/\/grapil.pl\/en\/wp-json\/wp\/v2\/types\/product"}],"version-history":[{"count":1,"href":"https:\/\/grapil.pl\/en\/wp-json\/wp\/v2\/product\/18807\/revisions"}],"predecessor-version":[{"id":18808,"href":"https:\/\/grapil.pl\/en\/wp-json\/wp\/v2\/product\/18807\/revisions\/18808"}],"wp:featuredmedia":[{"embeddable":true,"href":"https:\/\/grapil.pl\/en\/wp-json\/wp\/v2\/media\/18809"}],"wp:attachment":[{"href":"https:\/\/grapil.pl\/en\/wp-json\/wp\/v2\/media?parent=18807"}],"wp:term":[{"taxonomy":"product_brand","embeddable":true,"href":"https:\/\/grapil.pl\/en\/wp-json\/wp\/v2\/product_brand?post=18807"},{"taxonomy":"product_cat","embeddable":true,"href":"https:\/\/grapil.pl\/en\/wp-json\/wp\/v2\/product_cat?post=18807"},{"taxonomy":"product_tag","embeddable":true,"href":"https:\/\/grapil.pl\/en\/wp-json\/wp\/v2\/product_tag?post=18807"}],"curies":[{"name":"wp","href":"https:\/\/api.w.org\/{rel}","templated":true}]}}