{"id":18972,"date":"2025-04-09T17:40:01","date_gmt":"2025-04-09T15:40:01","guid":{"rendered":"https:\/\/grapil.pl\/produkt\/bluza-robocza-elegance\/"},"modified":"2025-04-09T17:40:03","modified_gmt":"2025-04-09T15:40:03","slug":"elegance-work-blouse","status":"publish","type":"product","link":"https:\/\/grapil.pl\/en\/product\/elegance-work-blouse\/","title":{"rendered":"Elegance work sweatshirt"},"content":{"rendered":"<div class=\"_1voj4 _z9prt _1xzdi _ai5yc _5d6n2 _15lj1\">\n<div class=\"_2d49e_5pK0q\">\n<h1>Elegance fleece sweatshirt<\/h1>\n<p>Polar fleece weight\u00a0<strong>260g\/m2 +\/-10 g\/m2, made of 100% polyester.<\/strong><\/p>\n<p>Perfect for cold days, both for work and everyday use.<\/p>\n<p>Characteristic:<\/p>\n<ul>\n<li>fastened with a high-class zipper that protects against wind - also on the pockets<\/li>\n<li>adjustable bottom of the jacket with elastic string and stoppers - allows you to precisely adjust the jacket to your figure,<\/li>\n<li>sleeves finished with cuffs,<\/li>\n<li><strong>3 external pockets with zipper closure<\/strong>\u00a0including 2 side ones and 1 Napoleonic one (on the chest).<\/li>\n<\/ul>\n<p>Color: grey\/orange \u2013 grey with black and orange inserts.<\/p>\n<p>CE Cat.I EN ISO 13688:2013<\/p>\n<\/p><\/div>\n<\/p><\/div>\n<div class=\"_1voj4 _z9prt _1xzdi _ai5yc _5d6n2 _15lj1\">\u00a0<\/div>\n<div class=\"_1voj4 _z9prt _1xzdi _ai5yc _5d6n2 _15lj1\">\n<p><a href=\"https:\/\/grapil.pl\/en\/pl\/c\/fleeces-and-work-sweatshirts\/20\/\">Fleece work sweatshirt<\/a> is an excellent choice if you are looking for a universal, comfortable and warm sweatshirt for both work and everyday use.<\/p>\n<p>It is made of high-quality material, finished with an elastic string and stoppers allowing for width adjustment at the bottom.<\/p>\n<p>It has three practical pockets with zippers where you can store your phone, wallet, documents or keys. This means you don&#039;t have to worry about losing them while working.<\/p>\n<\/p><\/div>","protected":false},"excerpt":{"rendered":"<h1>Elegance fleece sweatshirt<\/h1>\n<p>Polar fleece weight\u00a0<strong>260g\/m2 +\/-10 g\/m2, made of 100% polyester.<\/strong><\/p>\n<p>Perfect for cold days, both for work and everyday use.<\/p>","protected":false},"featured_media":18974,"template":"","meta":[],"product_brand":[91],"product_cat":[86,92,100],"product_tag":[],"class_list":{"0":"post-18972","1":"product","2":"type-product","3":"status-publish","4":"has-post-thumbnail","6":"product_brand-artmas","7":"product_cat-sklepbhp","8":"product_cat-odziez-robocza","9":"product_cat-polary-i-bluzy-robocze","11":"first","12":"instock","13":"product-type-simple"},"yoast_head":"<!-- This site is optimized with the Yoast SEO plugin v25.3 - https:\/\/yoast.com\/wordpress\/plugins\/seo\/ -->\n<title>Bluza robocza Elegance - Grapil.pl \u2013 Profesjonalna Odzie\u017c S\u0142u\u017cbowa dla Bran\u017cy Kelnerskiej, HoReCa i Medycyny<\/title>\n<meta name=\"robots\" content=\"index, follow, max-snippet:-1, max-image-preview:large, max-video-preview:-1\" \/>\n<link rel=\"canonical\" href=\"https:\/\/grapil.pl\/en\/product\/elegance-work-blouse\/\" \/>\n<meta property=\"og:locale\" content=\"en_GB\" \/>\n<meta property=\"og:type\" content=\"article\" \/>\n<meta property=\"og:title\" content=\"Bluza robocza Elegance - Grapil.pl \u2013 Profesjonalna Odzie\u017c S\u0142u\u017cbowa dla Bran\u017cy Kelnerskiej, HoReCa i Medycyny\" \/>\n<meta property=\"og:description\" content=\"Bluza polarowa Elegance Polar o gramaturze\u00a0260g\/m2 +\/-10 g\/m2, wykonana z 100% poliestru. Idealna na ch\u0142odne dni, zar\u00f3wno do pracy jak i do codziennego u\u017cytku.\" \/>\n<meta property=\"og:url\" content=\"https:\/\/grapil.pl\/en\/product\/elegance-work-blouse\/\" \/>\n<meta property=\"og:site_name\" content=\"Grapil.pl \u2013 Profesjonalna Odzie\u017c S\u0142u\u017cbowa dla Bran\u017cy Kelnerskiej, HoReCa i Medycyny\" \/>\n<meta property=\"article:modified_time\" content=\"2025-04-09T15:40:03+00:00\" \/>\n<meta property=\"og:image\" content=\"https:\/\/grapil.pl\/wp-content\/uploads\/2025\/04\/19934.jpg\" \/>\n\t<meta property=\"og:image:width\" content=\"645\" \/>\n\t<meta property=\"og:image:height\" content=\"645\" \/>\n\t<meta property=\"og:image:type\" content=\"image\/jpeg\" \/>\n<meta name=\"twitter:card\" content=\"summary_large_image\" \/>\n<meta name=\"twitter:label1\" content=\"Estimated reading time\" \/>\n\t<meta name=\"twitter:data1\" content=\"1 minute\" \/>\n<script type=\"application\/ld+json\" class=\"yoast-schema-graph\">{\"@context\":\"https:\/\/schema.org\",\"@graph\":[{\"@type\":\"WebPage\",\"@id\":\"https:\/\/grapil.pl\/produkt\/bluza-robocza-elegance\/\",\"url\":\"https:\/\/grapil.pl\/produkt\/bluza-robocza-elegance\/\",\"name\":\"Bluza robocza Elegance - Grapil.pl \u2013 Profesjonalna Odzie\u017c S\u0142u\u017cbowa dla Bran\u017cy Kelnerskiej, HoReCa i Medycyny\",\"isPartOf\":{\"@id\":\"https:\/\/grapil.pl\/#website\"},\"primaryImageOfPage\":{\"@id\":\"https:\/\/grapil.pl\/produkt\/bluza-robocza-elegance\/#primaryimage\"},\"image\":{\"@id\":\"https:\/\/grapil.pl\/produkt\/bluza-robocza-elegance\/#primaryimage\"},\"thumbnailUrl\":\"https:\/\/grapil.pl\/wp-content\/uploads\/2025\/04\/19934.jpg\",\"datePublished\":\"2025-04-09T15:40:01+00:00\",\"dateModified\":\"2025-04-09T15:40:03+00:00\",\"breadcrumb\":{\"@id\":\"https:\/\/grapil.pl\/produkt\/bluza-robocza-elegance\/#breadcrumb\"},\"inLanguage\":\"en-GB\",\"potentialAction\":[{\"@type\":\"ReadAction\",\"target\":[\"https:\/\/grapil.pl\/produkt\/bluza-robocza-elegance\/\"]}]},{\"@type\":\"ImageObject\",\"inLanguage\":\"en-GB\",\"@id\":\"https:\/\/grapil.pl\/produkt\/bluza-robocza-elegance\/#primaryimage\",\"url\":\"https:\/\/grapil.pl\/wp-content\/uploads\/2025\/04\/19934.jpg\",\"contentUrl\":\"https:\/\/grapil.pl\/wp-content\/uploads\/2025\/04\/19934.jpg\",\"width\":645,\"height\":645},{\"@type\":\"BreadcrumbList\",\"@id\":\"https:\/\/grapil.pl\/produkt\/bluza-robocza-elegance\/#breadcrumb\",\"itemListElement\":[{\"@type\":\"ListItem\",\"position\":1,\"name\":\"Strona g\u0142\u00f3wna\",\"item\":\"https:\/\/grapil.pl\/\"},{\"@type\":\"ListItem\",\"position\":2,\"name\":\"sklep\",\"item\":\"https:\/\/grapil.pl\/sklep\/\"},{\"@type\":\"ListItem\",\"position\":3,\"name\":\"Bluza robocza Elegance\"}]},{\"@type\":\"WebSite\",\"@id\":\"https:\/\/grapil.pl\/#website\",\"url\":\"https:\/\/grapil.pl\/\",\"name\":\"Grapil.pl \u2013 Profesjonalna Odzie\u017c S\u0142u\u017cbowa dla Bran\u017cy Kelnerskiej, HoReCa i Medycyny\",\"description\":\"\",\"potentialAction\":[{\"@type\":\"SearchAction\",\"target\":{\"@type\":\"EntryPoint\",\"urlTemplate\":\"https:\/\/grapil.pl\/?s={search_term_string}\"},\"query-input\":{\"@type\":\"PropertyValueSpecification\",\"valueRequired\":true,\"valueName\":\"search_term_string\"}}],\"inLanguage\":\"en-GB\"}]}<\/script>\n<!-- \/ Yoast SEO plugin. -->","yoast_head_json":{"title":"Bluza robocza Elegance - Grapil.pl \u2013 Profesjonalna Odzie\u017c S\u0142u\u017cbowa dla Bran\u017cy Kelnerskiej, HoReCa i Medycyny","robots":{"index":"index","follow":"follow","max-snippet":"max-snippet:-1","max-image-preview":"max-image-preview:large","max-video-preview":"max-video-preview:-1"},"canonical":"https:\/\/grapil.pl\/en\/product\/elegance-work-blouse\/","og_locale":"en_GB","og_type":"article","og_title":"Bluza robocza Elegance - Grapil.pl \u2013 Profesjonalna Odzie\u017c S\u0142u\u017cbowa dla Bran\u017cy Kelnerskiej, HoReCa i Medycyny","og_description":"Bluza polarowa Elegance Polar o gramaturze\u00a0260g\/m2 +\/-10 g\/m2, wykonana z 100% poliestru. Idealna na ch\u0142odne dni, zar\u00f3wno do pracy jak i do codziennego u\u017cytku.","og_url":"https:\/\/grapil.pl\/en\/product\/elegance-work-blouse\/","og_site_name":"Grapil.pl \u2013 Profesjonalna Odzie\u017c S\u0142u\u017cbowa dla Bran\u017cy Kelnerskiej, HoReCa i Medycyny","article_modified_time":"2025-04-09T15:40:03+00:00","og_image":[{"width":645,"height":645,"url":"https:\/\/grapil.pl\/wp-content\/uploads\/2025\/04\/19934.jpg","type":"image\/jpeg"}],"twitter_card":"summary_large_image","twitter_misc":{"Estimated reading time":"1 minute"},"schema":{"@context":"https:\/\/schema.org","@graph":[{"@type":"WebPage","@id":"https:\/\/grapil.pl\/produkt\/bluza-robocza-elegance\/","url":"https:\/\/grapil.pl\/produkt\/bluza-robocza-elegance\/","name":"Bluza robocza Elegance - Grapil.pl \u2013 Profesjonalna Odzie\u017c S\u0142u\u017cbowa dla Bran\u017cy Kelnerskiej, HoReCa i Medycyny","isPartOf":{"@id":"https:\/\/grapil.pl\/#website"},"primaryImageOfPage":{"@id":"https:\/\/grapil.pl\/produkt\/bluza-robocza-elegance\/#primaryimage"},"image":{"@id":"https:\/\/grapil.pl\/produkt\/bluza-robocza-elegance\/#primaryimage"},"thumbnailUrl":"https:\/\/grapil.pl\/wp-content\/uploads\/2025\/04\/19934.jpg","datePublished":"2025-04-09T15:40:01+00:00","dateModified":"2025-04-09T15:40:03+00:00","breadcrumb":{"@id":"https:\/\/grapil.pl\/produkt\/bluza-robocza-elegance\/#breadcrumb"},"inLanguage":"en-GB","potentialAction":[{"@type":"ReadAction","target":["https:\/\/grapil.pl\/produkt\/bluza-robocza-elegance\/"]}]},{"@type":"ImageObject","inLanguage":"en-GB","@id":"https:\/\/grapil.pl\/produkt\/bluza-robocza-elegance\/#primaryimage","url":"https:\/\/grapil.pl\/wp-content\/uploads\/2025\/04\/19934.jpg","contentUrl":"https:\/\/grapil.pl\/wp-content\/uploads\/2025\/04\/19934.jpg","width":645,"height":645},{"@type":"BreadcrumbList","@id":"https:\/\/grapil.pl\/produkt\/bluza-robocza-elegance\/#breadcrumb","itemListElement":[{"@type":"ListItem","position":1,"name":"Strona g\u0142\u00f3wna","item":"https:\/\/grapil.pl\/"},{"@type":"ListItem","position":2,"name":"sklep","item":"https:\/\/grapil.pl\/sklep\/"},{"@type":"ListItem","position":3,"name":"Bluza robocza Elegance"}]},{"@type":"WebSite","@id":"https:\/\/grapil.pl\/#website","url":"https:\/\/grapil.pl\/","name":"Grapil.pl \u2013 Profesjonalna Odzie\u017c S\u0142u\u017cbowa dla Bran\u017cy Kelnerskiej, HoReCa i Medycyny","description":"","potentialAction":[{"@type":"SearchAction","target":{"@type":"EntryPoint","urlTemplate":"https:\/\/grapil.pl\/?s={search_term_string}"},"query-input":{"@type":"PropertyValueSpecification","valueRequired":true,"valueName":"search_term_string"}}],"inLanguage":"en-GB"}]}},"_links":{"self":[{"href":"https:\/\/grapil.pl\/en\/wp-json\/wp\/v2\/product\/18972","targetHints":{"allow":["GET"]}}],"collection":[{"href":"https:\/\/grapil.pl\/en\/wp-json\/wp\/v2\/product"}],"about":[{"href":"https:\/\/grapil.pl\/en\/wp-json\/wp\/v2\/types\/product"}],"version-history":[{"count":1,"href":"https:\/\/grapil.pl\/en\/wp-json\/wp\/v2\/product\/18972\/revisions"}],"predecessor-version":[{"id":18973,"href":"https:\/\/grapil.pl\/en\/wp-json\/wp\/v2\/product\/18972\/revisions\/18973"}],"wp:featuredmedia":[{"embeddable":true,"href":"https:\/\/grapil.pl\/en\/wp-json\/wp\/v2\/media\/18974"}],"wp:attachment":[{"href":"https:\/\/grapil.pl\/en\/wp-json\/wp\/v2\/media?parent=18972"}],"wp:term":[{"taxonomy":"product_brand","embeddable":true,"href":"https:\/\/grapil.pl\/en\/wp-json\/wp\/v2\/product_brand?post=18972"},{"taxonomy":"product_cat","embeddable":true,"href":"https:\/\/grapil.pl\/en\/wp-json\/wp\/v2\/product_cat?post=18972"},{"taxonomy":"product_tag","embeddable":true,"href":"https:\/\/grapil.pl\/en\/wp-json\/wp\/v2\/product_tag?post=18972"}],"curies":[{"name":"wp","href":"https:\/\/api.w.org\/{rel}","templated":true}]}}