{"id":19060,"date":"2025-04-09T17:40:14","date_gmt":"2025-04-09T15:40:14","guid":{"rendered":"https:\/\/grapil.pl\/produkt\/nausziniki-safelogic-em5002-b\/"},"modified":"2025-04-09T17:40:48","modified_gmt":"2025-04-09T15:40:48","slug":"earmuffs-safelogic-em5002-b","status":"publish","type":"product","link":"https:\/\/grapil.pl\/en\/product\/earmuffs-safelogic-em5002-b\/","title":{"rendered":"Safelogic EM5002 B earmuffs"},"content":{"rendered":"<h1>EM-5002A type anti-noise earmuffs.<\/h1>\n<p><strong>With metal band, PU coated<\/strong>, worn on the head. Bowls (shells) made of ABS plastic,\u00a0<strong>filling of pillows and bowls made of PU foam<\/strong>.Weight of ear defenders\u00a0<strong>288g<\/strong>.<\/p>\n<p>The wide headband covered with soft material ensures optimal comfort.\u00a0<strong>Thanks to the stepless adjustment, the earmuffs adapt to the shape of the head, do not press on the ears, perfectly isolate and do not cause discomfort during work.<\/strong><\/p>\n<p>They suppress ambient noise by an average of: 31 dB<\/p>\n<ul>\n<li>SNR: 31dB<\/li>\n<li>H: 33dB<\/li>\n<li>M: 28dB<\/li>\n<li>L: 22dB<\/li>\n<\/ul>\n<p>They are intended for use in noise-prone locations.<\/p>\n<p>When used and operated correctly, they provide high protection against harmful noise. Ear defenders useful for gardening, e.g. mowing grass, mechanical hedge trimming, lumberjacking, workshop work, warehouses, production halls, carpentry, engineering, etc.<\/p>\n<p>USEFUL LIFE: 4 YEARS FROM THE DATE OF PRODUCTION<\/p>\n<p>CE Certificate Category III EN 352-1: 2002<\/p>","protected":false},"excerpt":{"rendered":"<h1>EM-5002A type anti-noise earmuffs.<\/h1>","protected":false},"featured_media":19062,"template":"","meta":[],"product_brand":[91],"product_cat":[86,111,165],"product_tag":[],"class_list":{"0":"post-19060","1":"product","2":"type-product","3":"status-publish","4":"has-post-thumbnail","6":"product_brand-artmas","7":"product_cat-sklepbhp","8":"product_cat-srodki-ochrony-indywidualnej","9":"product_cat-ochrona-sluchu","11":"first","12":"instock","13":"product-type-simple"},"yoast_head":"<!-- This site is optimized with the Yoast SEO plugin v25.3 - https:\/\/yoast.com\/wordpress\/plugins\/seo\/ -->\n<title>Nausziniki Safelogic EM5002 B - Grapil.pl \u2013 Profesjonalna Odzie\u017c S\u0142u\u017cbowa dla Bran\u017cy Kelnerskiej, HoReCa i Medycyny<\/title>\n<meta name=\"robots\" content=\"index, follow, max-snippet:-1, max-image-preview:large, max-video-preview:-1\" \/>\n<link rel=\"canonical\" href=\"https:\/\/grapil.pl\/en\/product\/earmuffs-safelogic-em5002-b\/\" \/>\n<meta property=\"og:locale\" content=\"en_GB\" \/>\n<meta property=\"og:type\" content=\"article\" \/>\n<meta property=\"og:title\" content=\"Nausziniki Safelogic EM5002 B - Grapil.pl \u2013 Profesjonalna Odzie\u017c S\u0142u\u017cbowa dla Bran\u017cy Kelnerskiej, HoReCa i Medycyny\" \/>\n<meta property=\"og:description\" content=\"Nauszniki przeciwha\u0142asowe typu EM-5002A.\" \/>\n<meta property=\"og:url\" content=\"https:\/\/grapil.pl\/en\/product\/earmuffs-safelogic-em5002-b\/\" \/>\n<meta property=\"og:site_name\" content=\"Grapil.pl \u2013 Profesjonalna Odzie\u017c S\u0142u\u017cbowa dla Bran\u017cy Kelnerskiej, HoReCa i Medycyny\" \/>\n<meta property=\"article:modified_time\" content=\"2025-04-09T15:40:48+00:00\" \/>\n<meta property=\"og:image\" content=\"https:\/\/grapil.pl\/wp-content\/uploads\/2025\/04\/12659.jpg\" \/>\n\t<meta property=\"og:image:width\" content=\"700\" \/>\n\t<meta property=\"og:image:height\" content=\"700\" \/>\n\t<meta property=\"og:image:type\" content=\"image\/jpeg\" \/>\n<meta name=\"twitter:card\" content=\"summary_large_image\" \/>\n<meta name=\"twitter:label1\" content=\"Estimated reading time\" \/>\n\t<meta name=\"twitter:data1\" content=\"1 minute\" \/>\n<script type=\"application\/ld+json\" class=\"yoast-schema-graph\">{\"@context\":\"https:\/\/schema.org\",\"@graph\":[{\"@type\":\"WebPage\",\"@id\":\"https:\/\/grapil.pl\/produkt\/nausziniki-safelogic-em5002-b\/\",\"url\":\"https:\/\/grapil.pl\/produkt\/nausziniki-safelogic-em5002-b\/\",\"name\":\"Nausziniki Safelogic EM5002 B - Grapil.pl \u2013 Profesjonalna Odzie\u017c S\u0142u\u017cbowa dla Bran\u017cy Kelnerskiej, HoReCa i Medycyny\",\"isPartOf\":{\"@id\":\"https:\/\/grapil.pl\/#website\"},\"primaryImageOfPage\":{\"@id\":\"https:\/\/grapil.pl\/produkt\/nausziniki-safelogic-em5002-b\/#primaryimage\"},\"image\":{\"@id\":\"https:\/\/grapil.pl\/produkt\/nausziniki-safelogic-em5002-b\/#primaryimage\"},\"thumbnailUrl\":\"https:\/\/grapil.pl\/wp-content\/uploads\/2025\/04\/12659.jpg\",\"datePublished\":\"2025-04-09T15:40:14+00:00\",\"dateModified\":\"2025-04-09T15:40:48+00:00\",\"breadcrumb\":{\"@id\":\"https:\/\/grapil.pl\/produkt\/nausziniki-safelogic-em5002-b\/#breadcrumb\"},\"inLanguage\":\"en-GB\",\"potentialAction\":[{\"@type\":\"ReadAction\",\"target\":[\"https:\/\/grapil.pl\/produkt\/nausziniki-safelogic-em5002-b\/\"]}]},{\"@type\":\"ImageObject\",\"inLanguage\":\"en-GB\",\"@id\":\"https:\/\/grapil.pl\/produkt\/nausziniki-safelogic-em5002-b\/#primaryimage\",\"url\":\"https:\/\/grapil.pl\/wp-content\/uploads\/2025\/04\/12659.jpg\",\"contentUrl\":\"https:\/\/grapil.pl\/wp-content\/uploads\/2025\/04\/12659.jpg\",\"width\":700,\"height\":700},{\"@type\":\"BreadcrumbList\",\"@id\":\"https:\/\/grapil.pl\/produkt\/nausziniki-safelogic-em5002-b\/#breadcrumb\",\"itemListElement\":[{\"@type\":\"ListItem\",\"position\":1,\"name\":\"Strona g\u0142\u00f3wna\",\"item\":\"https:\/\/grapil.pl\/\"},{\"@type\":\"ListItem\",\"position\":2,\"name\":\"sklep\",\"item\":\"https:\/\/grapil.pl\/sklep\/\"},{\"@type\":\"ListItem\",\"position\":3,\"name\":\"Nausziniki Safelogic EM5002 B\"}]},{\"@type\":\"WebSite\",\"@id\":\"https:\/\/grapil.pl\/#website\",\"url\":\"https:\/\/grapil.pl\/\",\"name\":\"Grapil.pl \u2013 Profesjonalna Odzie\u017c S\u0142u\u017cbowa dla Bran\u017cy Kelnerskiej, HoReCa i Medycyny\",\"description\":\"\",\"potentialAction\":[{\"@type\":\"SearchAction\",\"target\":{\"@type\":\"EntryPoint\",\"urlTemplate\":\"https:\/\/grapil.pl\/?s={search_term_string}\"},\"query-input\":{\"@type\":\"PropertyValueSpecification\",\"valueRequired\":true,\"valueName\":\"search_term_string\"}}],\"inLanguage\":\"en-GB\"}]}<\/script>\n<!-- \/ Yoast SEO plugin. -->","yoast_head_json":{"title":"Nausziniki Safelogic EM5002 B - Grapil.pl \u2013 Profesjonalna Odzie\u017c S\u0142u\u017cbowa dla Bran\u017cy Kelnerskiej, HoReCa i Medycyny","robots":{"index":"index","follow":"follow","max-snippet":"max-snippet:-1","max-image-preview":"max-image-preview:large","max-video-preview":"max-video-preview:-1"},"canonical":"https:\/\/grapil.pl\/en\/product\/earmuffs-safelogic-em5002-b\/","og_locale":"en_GB","og_type":"article","og_title":"Nausziniki Safelogic EM5002 B - Grapil.pl \u2013 Profesjonalna Odzie\u017c S\u0142u\u017cbowa dla Bran\u017cy Kelnerskiej, HoReCa i Medycyny","og_description":"Nauszniki przeciwha\u0142asowe typu EM-5002A.","og_url":"https:\/\/grapil.pl\/en\/product\/earmuffs-safelogic-em5002-b\/","og_site_name":"Grapil.pl \u2013 Profesjonalna Odzie\u017c S\u0142u\u017cbowa dla Bran\u017cy Kelnerskiej, HoReCa i Medycyny","article_modified_time":"2025-04-09T15:40:48+00:00","og_image":[{"width":700,"height":700,"url":"https:\/\/grapil.pl\/wp-content\/uploads\/2025\/04\/12659.jpg","type":"image\/jpeg"}],"twitter_card":"summary_large_image","twitter_misc":{"Estimated reading time":"1 minute"},"schema":{"@context":"https:\/\/schema.org","@graph":[{"@type":"WebPage","@id":"https:\/\/grapil.pl\/produkt\/nausziniki-safelogic-em5002-b\/","url":"https:\/\/grapil.pl\/produkt\/nausziniki-safelogic-em5002-b\/","name":"Nausziniki Safelogic EM5002 B - Grapil.pl \u2013 Profesjonalna Odzie\u017c S\u0142u\u017cbowa dla Bran\u017cy Kelnerskiej, HoReCa i Medycyny","isPartOf":{"@id":"https:\/\/grapil.pl\/#website"},"primaryImageOfPage":{"@id":"https:\/\/grapil.pl\/produkt\/nausziniki-safelogic-em5002-b\/#primaryimage"},"image":{"@id":"https:\/\/grapil.pl\/produkt\/nausziniki-safelogic-em5002-b\/#primaryimage"},"thumbnailUrl":"https:\/\/grapil.pl\/wp-content\/uploads\/2025\/04\/12659.jpg","datePublished":"2025-04-09T15:40:14+00:00","dateModified":"2025-04-09T15:40:48+00:00","breadcrumb":{"@id":"https:\/\/grapil.pl\/produkt\/nausziniki-safelogic-em5002-b\/#breadcrumb"},"inLanguage":"en-GB","potentialAction":[{"@type":"ReadAction","target":["https:\/\/grapil.pl\/produkt\/nausziniki-safelogic-em5002-b\/"]}]},{"@type":"ImageObject","inLanguage":"en-GB","@id":"https:\/\/grapil.pl\/produkt\/nausziniki-safelogic-em5002-b\/#primaryimage","url":"https:\/\/grapil.pl\/wp-content\/uploads\/2025\/04\/12659.jpg","contentUrl":"https:\/\/grapil.pl\/wp-content\/uploads\/2025\/04\/12659.jpg","width":700,"height":700},{"@type":"BreadcrumbList","@id":"https:\/\/grapil.pl\/produkt\/nausziniki-safelogic-em5002-b\/#breadcrumb","itemListElement":[{"@type":"ListItem","position":1,"name":"Strona g\u0142\u00f3wna","item":"https:\/\/grapil.pl\/"},{"@type":"ListItem","position":2,"name":"sklep","item":"https:\/\/grapil.pl\/sklep\/"},{"@type":"ListItem","position":3,"name":"Nausziniki Safelogic EM5002 B"}]},{"@type":"WebSite","@id":"https:\/\/grapil.pl\/#website","url":"https:\/\/grapil.pl\/","name":"Grapil.pl \u2013 Profesjonalna Odzie\u017c S\u0142u\u017cbowa dla Bran\u017cy Kelnerskiej, HoReCa i Medycyny","description":"","potentialAction":[{"@type":"SearchAction","target":{"@type":"EntryPoint","urlTemplate":"https:\/\/grapil.pl\/?s={search_term_string}"},"query-input":{"@type":"PropertyValueSpecification","valueRequired":true,"valueName":"search_term_string"}}],"inLanguage":"en-GB"}]}},"_links":{"self":[{"href":"https:\/\/grapil.pl\/en\/wp-json\/wp\/v2\/product\/19060","targetHints":{"allow":["GET"]}}],"collection":[{"href":"https:\/\/grapil.pl\/en\/wp-json\/wp\/v2\/product"}],"about":[{"href":"https:\/\/grapil.pl\/en\/wp-json\/wp\/v2\/types\/product"}],"version-history":[{"count":1,"href":"https:\/\/grapil.pl\/en\/wp-json\/wp\/v2\/product\/19060\/revisions"}],"predecessor-version":[{"id":19061,"href":"https:\/\/grapil.pl\/en\/wp-json\/wp\/v2\/product\/19060\/revisions\/19061"}],"wp:featuredmedia":[{"embeddable":true,"href":"https:\/\/grapil.pl\/en\/wp-json\/wp\/v2\/media\/19062"}],"wp:attachment":[{"href":"https:\/\/grapil.pl\/en\/wp-json\/wp\/v2\/media?parent=19060"}],"wp:term":[{"taxonomy":"product_brand","embeddable":true,"href":"https:\/\/grapil.pl\/en\/wp-json\/wp\/v2\/product_brand?post=19060"},{"taxonomy":"product_cat","embeddable":true,"href":"https:\/\/grapil.pl\/en\/wp-json\/wp\/v2\/product_cat?post=19060"},{"taxonomy":"product_tag","embeddable":true,"href":"https:\/\/grapil.pl\/en\/wp-json\/wp\/v2\/product_tag?post=19060"}],"curies":[{"name":"wp","href":"https:\/\/api.w.org\/{rel}","templated":true}]}}