{"id":19110,"date":"2025-04-09T17:40:56","date_gmt":"2025-04-09T15:40:56","guid":{"rendered":"https:\/\/grapil.pl\/produkt\/gogle-ochronne-gb028\/"},"modified":"2025-04-09T17:40:57","modified_gmt":"2025-04-09T15:40:57","slug":"safety-goggles-gb028","status":"publish","type":"product","link":"https:\/\/grapil.pl\/en\/product\/safety-goggles-gb028\/","title":{"rendered":"Safety goggles GB028"},"content":{"rendered":"<h1>Safety goggles GB028<\/h1>\n<p>Eye protection against low-energy impact of solid fragments (impact speed up to 5.1 m\/s, ball with a diameter of 22 mm and a mass of 43 g), generated during manual or machine processing of wood, metal or plastics.<\/p>\n<ul>\n<li><strong>Indirect ventilation via 4 ventilation valves<\/strong>\u00a0in the upper and lower parts of the frame.<\/li>\n<li>Polycarbonate replacement lens.<\/li>\n<li>The design with soft lines guarantees tightness and pressure-free fit,<\/li>\n<li><strong>Wide fastening tape<\/strong>\u00a0guarantees maximum wearing comfort.<\/li>\n<\/ul>\n<p>CE CAT II EN-166:2001 certificate<\/p>","protected":false},"excerpt":{"rendered":"<p>Eye protection against low-energy impact from solid particles.<\/p>","protected":false},"featured_media":19112,"template":"","meta":[],"product_brand":[91],"product_cat":[86,111,114],"product_tag":[],"class_list":{"0":"post-19110","1":"product","2":"type-product","3":"status-publish","4":"has-post-thumbnail","6":"product_brand-artmas","7":"product_cat-sklepbhp","8":"product_cat-srodki-ochrony-indywidualnej","9":"product_cat-okulary-ochronne","11":"first","12":"instock","13":"product-type-simple"},"yoast_head":"<!-- This site is optimized with the Yoast SEO plugin v25.3 - https:\/\/yoast.com\/wordpress\/plugins\/seo\/ -->\n<title>Gogle ochronne GB028 - Grapil.pl \u2013 Profesjonalna Odzie\u017c S\u0142u\u017cbowa dla Bran\u017cy Kelnerskiej, HoReCa i Medycyny<\/title>\n<meta name=\"robots\" content=\"index, follow, max-snippet:-1, max-image-preview:large, max-video-preview:-1\" \/>\n<link rel=\"canonical\" href=\"https:\/\/grapil.pl\/en\/product\/safety-goggles-gb028\/\" \/>\n<meta property=\"og:locale\" content=\"en_GB\" \/>\n<meta property=\"og:type\" content=\"article\" \/>\n<meta property=\"og:title\" content=\"Gogle ochronne GB028 - Grapil.pl \u2013 Profesjonalna Odzie\u017c S\u0142u\u017cbowa dla Bran\u017cy Kelnerskiej, HoReCa i Medycyny\" \/>\n<meta property=\"og:description\" content=\"Ochrona oczu przed odpryskami cia\u0142 sta\u0142ych o niskiej energii uderzenia.\" \/>\n<meta property=\"og:url\" content=\"https:\/\/grapil.pl\/en\/product\/safety-goggles-gb028\/\" \/>\n<meta property=\"og:site_name\" content=\"Grapil.pl \u2013 Profesjonalna Odzie\u017c S\u0142u\u017cbowa dla Bran\u017cy Kelnerskiej, HoReCa i Medycyny\" \/>\n<meta property=\"article:modified_time\" content=\"2025-04-09T15:40:57+00:00\" \/>\n<meta property=\"og:image\" content=\"https:\/\/grapil.pl\/wp-content\/uploads\/2025\/04\/16163.jpg\" \/>\n\t<meta property=\"og:image:width\" content=\"687\" \/>\n\t<meta property=\"og:image:height\" content=\"437\" \/>\n\t<meta property=\"og:image:type\" content=\"image\/png\" \/>\n<meta name=\"twitter:card\" content=\"summary_large_image\" \/>\n<script type=\"application\/ld+json\" class=\"yoast-schema-graph\">{\"@context\":\"https:\/\/schema.org\",\"@graph\":[{\"@type\":\"WebPage\",\"@id\":\"https:\/\/grapil.pl\/produkt\/gogle-ochronne-gb028\/\",\"url\":\"https:\/\/grapil.pl\/produkt\/gogle-ochronne-gb028\/\",\"name\":\"Gogle ochronne GB028 - Grapil.pl \u2013 Profesjonalna Odzie\u017c S\u0142u\u017cbowa dla Bran\u017cy Kelnerskiej, HoReCa i Medycyny\",\"isPartOf\":{\"@id\":\"https:\/\/grapil.pl\/#website\"},\"primaryImageOfPage\":{\"@id\":\"https:\/\/grapil.pl\/produkt\/gogle-ochronne-gb028\/#primaryimage\"},\"image\":{\"@id\":\"https:\/\/grapil.pl\/produkt\/gogle-ochronne-gb028\/#primaryimage\"},\"thumbnailUrl\":\"https:\/\/grapil.pl\/wp-content\/uploads\/2025\/04\/16163.jpg\",\"datePublished\":\"2025-04-09T15:40:56+00:00\",\"dateModified\":\"2025-04-09T15:40:57+00:00\",\"breadcrumb\":{\"@id\":\"https:\/\/grapil.pl\/produkt\/gogle-ochronne-gb028\/#breadcrumb\"},\"inLanguage\":\"en-GB\",\"potentialAction\":[{\"@type\":\"ReadAction\",\"target\":[\"https:\/\/grapil.pl\/produkt\/gogle-ochronne-gb028\/\"]}]},{\"@type\":\"ImageObject\",\"inLanguage\":\"en-GB\",\"@id\":\"https:\/\/grapil.pl\/produkt\/gogle-ochronne-gb028\/#primaryimage\",\"url\":\"https:\/\/grapil.pl\/wp-content\/uploads\/2025\/04\/16163.jpg\",\"contentUrl\":\"https:\/\/grapil.pl\/wp-content\/uploads\/2025\/04\/16163.jpg\",\"width\":687,\"height\":437},{\"@type\":\"BreadcrumbList\",\"@id\":\"https:\/\/grapil.pl\/produkt\/gogle-ochronne-gb028\/#breadcrumb\",\"itemListElement\":[{\"@type\":\"ListItem\",\"position\":1,\"name\":\"Strona g\u0142\u00f3wna\",\"item\":\"https:\/\/grapil.pl\/\"},{\"@type\":\"ListItem\",\"position\":2,\"name\":\"sklep\",\"item\":\"https:\/\/grapil.pl\/sklep\/\"},{\"@type\":\"ListItem\",\"position\":3,\"name\":\"Gogle ochronne GB028\"}]},{\"@type\":\"WebSite\",\"@id\":\"https:\/\/grapil.pl\/#website\",\"url\":\"https:\/\/grapil.pl\/\",\"name\":\"Grapil.pl \u2013 Profesjonalna Odzie\u017c S\u0142u\u017cbowa dla Bran\u017cy Kelnerskiej, HoReCa i Medycyny\",\"description\":\"\",\"potentialAction\":[{\"@type\":\"SearchAction\",\"target\":{\"@type\":\"EntryPoint\",\"urlTemplate\":\"https:\/\/grapil.pl\/?s={search_term_string}\"},\"query-input\":{\"@type\":\"PropertyValueSpecification\",\"valueRequired\":true,\"valueName\":\"search_term_string\"}}],\"inLanguage\":\"en-GB\"}]}<\/script>\n<!-- \/ Yoast SEO plugin. -->","yoast_head_json":{"title":"Gogle ochronne GB028 - Grapil.pl \u2013 Profesjonalna Odzie\u017c S\u0142u\u017cbowa dla Bran\u017cy Kelnerskiej, HoReCa i Medycyny","robots":{"index":"index","follow":"follow","max-snippet":"max-snippet:-1","max-image-preview":"max-image-preview:large","max-video-preview":"max-video-preview:-1"},"canonical":"https:\/\/grapil.pl\/en\/product\/safety-goggles-gb028\/","og_locale":"en_GB","og_type":"article","og_title":"Gogle ochronne GB028 - Grapil.pl \u2013 Profesjonalna Odzie\u017c S\u0142u\u017cbowa dla Bran\u017cy Kelnerskiej, HoReCa i Medycyny","og_description":"Ochrona oczu przed odpryskami cia\u0142 sta\u0142ych o niskiej energii uderzenia.","og_url":"https:\/\/grapil.pl\/en\/product\/safety-goggles-gb028\/","og_site_name":"Grapil.pl \u2013 Profesjonalna Odzie\u017c S\u0142u\u017cbowa dla Bran\u017cy Kelnerskiej, HoReCa i Medycyny","article_modified_time":"2025-04-09T15:40:57+00:00","og_image":[{"width":687,"height":437,"url":"https:\/\/grapil.pl\/wp-content\/uploads\/2025\/04\/16163.jpg","type":"image\/png"}],"twitter_card":"summary_large_image","schema":{"@context":"https:\/\/schema.org","@graph":[{"@type":"WebPage","@id":"https:\/\/grapil.pl\/produkt\/gogle-ochronne-gb028\/","url":"https:\/\/grapil.pl\/produkt\/gogle-ochronne-gb028\/","name":"Gogle ochronne GB028 - Grapil.pl \u2013 Profesjonalna Odzie\u017c S\u0142u\u017cbowa dla Bran\u017cy Kelnerskiej, HoReCa i Medycyny","isPartOf":{"@id":"https:\/\/grapil.pl\/#website"},"primaryImageOfPage":{"@id":"https:\/\/grapil.pl\/produkt\/gogle-ochronne-gb028\/#primaryimage"},"image":{"@id":"https:\/\/grapil.pl\/produkt\/gogle-ochronne-gb028\/#primaryimage"},"thumbnailUrl":"https:\/\/grapil.pl\/wp-content\/uploads\/2025\/04\/16163.jpg","datePublished":"2025-04-09T15:40:56+00:00","dateModified":"2025-04-09T15:40:57+00:00","breadcrumb":{"@id":"https:\/\/grapil.pl\/produkt\/gogle-ochronne-gb028\/#breadcrumb"},"inLanguage":"en-GB","potentialAction":[{"@type":"ReadAction","target":["https:\/\/grapil.pl\/produkt\/gogle-ochronne-gb028\/"]}]},{"@type":"ImageObject","inLanguage":"en-GB","@id":"https:\/\/grapil.pl\/produkt\/gogle-ochronne-gb028\/#primaryimage","url":"https:\/\/grapil.pl\/wp-content\/uploads\/2025\/04\/16163.jpg","contentUrl":"https:\/\/grapil.pl\/wp-content\/uploads\/2025\/04\/16163.jpg","width":687,"height":437},{"@type":"BreadcrumbList","@id":"https:\/\/grapil.pl\/produkt\/gogle-ochronne-gb028\/#breadcrumb","itemListElement":[{"@type":"ListItem","position":1,"name":"Strona g\u0142\u00f3wna","item":"https:\/\/grapil.pl\/"},{"@type":"ListItem","position":2,"name":"sklep","item":"https:\/\/grapil.pl\/sklep\/"},{"@type":"ListItem","position":3,"name":"Gogle ochronne GB028"}]},{"@type":"WebSite","@id":"https:\/\/grapil.pl\/#website","url":"https:\/\/grapil.pl\/","name":"Grapil.pl \u2013 Profesjonalna Odzie\u017c S\u0142u\u017cbowa dla Bran\u017cy Kelnerskiej, HoReCa i Medycyny","description":"","potentialAction":[{"@type":"SearchAction","target":{"@type":"EntryPoint","urlTemplate":"https:\/\/grapil.pl\/?s={search_term_string}"},"query-input":{"@type":"PropertyValueSpecification","valueRequired":true,"valueName":"search_term_string"}}],"inLanguage":"en-GB"}]}},"_links":{"self":[{"href":"https:\/\/grapil.pl\/en\/wp-json\/wp\/v2\/product\/19110","targetHints":{"allow":["GET"]}}],"collection":[{"href":"https:\/\/grapil.pl\/en\/wp-json\/wp\/v2\/product"}],"about":[{"href":"https:\/\/grapil.pl\/en\/wp-json\/wp\/v2\/types\/product"}],"version-history":[{"count":1,"href":"https:\/\/grapil.pl\/en\/wp-json\/wp\/v2\/product\/19110\/revisions"}],"predecessor-version":[{"id":19111,"href":"https:\/\/grapil.pl\/en\/wp-json\/wp\/v2\/product\/19110\/revisions\/19111"}],"wp:featuredmedia":[{"embeddable":true,"href":"https:\/\/grapil.pl\/en\/wp-json\/wp\/v2\/media\/19112"}],"wp:attachment":[{"href":"https:\/\/grapil.pl\/en\/wp-json\/wp\/v2\/media?parent=19110"}],"wp:term":[{"taxonomy":"product_brand","embeddable":true,"href":"https:\/\/grapil.pl\/en\/wp-json\/wp\/v2\/product_brand?post=19110"},{"taxonomy":"product_cat","embeddable":true,"href":"https:\/\/grapil.pl\/en\/wp-json\/wp\/v2\/product_cat?post=19110"},{"taxonomy":"product_tag","embeddable":true,"href":"https:\/\/grapil.pl\/en\/wp-json\/wp\/v2\/product_tag?post=19110"}],"curies":[{"name":"wp","href":"https:\/\/api.w.org\/{rel}","templated":true}]}}