{"id":19246,"date":"2025-04-09T17:41:05","date_gmt":"2025-04-09T15:41:05","guid":{"rendered":"https:\/\/grapil.pl\/produkt\/spodnie-robocze-do-pasa-bialewariant1\/"},"modified":"2025-04-09T17:41:25","modified_gmt":"2025-04-09T15:41:25","slug":"work-trousers-to-the-waist-whitevariant1","status":"publish","type":"product","link":"https:\/\/grapil.pl\/en\/product\/work-trousers-to-the-waist-whitevariant1\/","title":{"rendered":"Waist-length work trousers white{variant 1}"},"content":{"rendered":"<h2>CXS LUXY JOSEF MEN&#039;S TROUSERS<\/h2>\n<ul>\n<li><strong>100% cotton<\/strong><\/li>\n<li><strong>side pocket<\/strong>\u00a0for mobile phone\/wallet<\/li>\n<li>at the back\u00a0<strong>sewn-in rubber<\/strong><\/li>\n<li>belt with\u00a0<strong>with belt loops<\/strong><\/li>\n<li><strong>front pockets<\/strong><\/li>\n<\/ul>\n<p>Recommended use: construction, light industry, logistics, warehouse, car services, maintenance, assembly, agriculture<\/p>\n<p>\u00a0<\/p>\n<p><img fetchpriority=\"high\" decoding=\"async\" alt=\"\" height=\"228\" src=\"\/userdata\/public\/assets\/\/CXS.PNG\" width=\"1200\" \/><\/p>\n<p>\u00a0<\/p>\n<p>A-size<\/p>\n<p>B-waist circumference<\/p>\n<p>C-leg length<\/p>\n<p>D-leg length from the crotch<\/p>\n<p>E-thigh width<\/p>\n<p>F-leg width at the bottom<\/p>\n<p>G-Growth<\/p>\n<p>\u00a0<\/p>\n<h2 style=\"margin-top:0cm;line-height:115%;\"><span style=\"font-size:16pt;line-height:115%;\">Waist-length work trousers white<\/span><\/h2>\n<p>The CXS LUXY JOSEF protective trousers in white are dedicated to manual workers who are looking for cheap and universal workwear that meets health and safety requirements.<\/p>\n<p>They were created for people working on construction sites, in light industry, in assembly, service or warehouse work. They will work great in the summer and in places with higher temperatures.<\/p>\n<p>CXS LUXY JOSEF men&#039;s work trousers are made of high-quality cotton. Thanks to this, they provide full comfort when worn - they wick away moisture well, are breathable, comfortable and fitted. Additionally, an elastic band is sewn into the waist at the back of the trousers, which makes it easier to adjust them to the figure and provides full freedom of movement.<\/p>\n<p>Taking into account the nature of work trousers, this model has been given additional reinforcements on the knees. Thanks to this, the trousers will not wear out too quickly - they will not rub or tear.<\/p>\n<p>For the convenience of the employee, the trousers also have several pockets - on the side, front and one on the back. All are closed with Velcro, so you can keep your wallet or phone in them without worrying about it falling out during work. The trousers are also available in black.<\/p>","protected":false},"excerpt":{"rendered":"<p>CXS LUXY JOSEF MEN&#039;S TROUSERS 100% cotton side pocket for mobile phone\/wallet sewn-in elastic on the back waistband with belt loops<\/p>","protected":false},"featured_media":19248,"template":"","meta":[],"product_brand":[],"product_cat":[86,92,93],"product_tag":[],"class_list":{"0":"post-19246","1":"product","2":"type-product","3":"status-publish","4":"has-post-thumbnail","6":"product_cat-sklepbhp","7":"product_cat-odziez-robocza","8":"product_cat-spodnie-robocze","10":"first","11":"instock","12":"product-type-simple"},"yoast_head":"<!-- This site is optimized with the Yoast SEO plugin v25.3 - https:\/\/yoast.com\/wordpress\/plugins\/seo\/ -->\n<title>Spodnie robocze do pasa bia\u0142e{wariant1} - Grapil.pl \u2013 Profesjonalna Odzie\u017c S\u0142u\u017cbowa dla Bran\u017cy Kelnerskiej, HoReCa i Medycyny<\/title>\n<meta name=\"robots\" content=\"index, follow, max-snippet:-1, max-image-preview:large, max-video-preview:-1\" \/>\n<link rel=\"canonical\" href=\"https:\/\/grapil.pl\/en\/product\/work-trousers-to-the-waist-whitevariant1\/\" \/>\n<meta property=\"og:locale\" content=\"en_GB\" \/>\n<meta property=\"og:type\" content=\"article\" \/>\n<meta property=\"og:title\" content=\"Spodnie robocze do pasa bia\u0142e{wariant1} - Grapil.pl \u2013 Profesjonalna Odzie\u017c S\u0142u\u017cbowa dla Bran\u017cy Kelnerskiej, HoReCa i Medycyny\" \/>\n<meta property=\"og:description\" content=\"SPODNIE CXS LUXY JOSEF M\u0118SKIE 100% bawe\u0142na kiesze\u0144 boczna\u00a0na telefon kom\u00f3rkowy \/ portfel z ty\u0142u\u00a0wszyta guma pas ze\u00a0szlufkami na pasek\" \/>\n<meta property=\"og:url\" content=\"https:\/\/grapil.pl\/en\/product\/work-trousers-to-the-waist-whitevariant1\/\" \/>\n<meta property=\"og:site_name\" content=\"Grapil.pl \u2013 Profesjonalna Odzie\u017c S\u0142u\u017cbowa dla Bran\u017cy Kelnerskiej, HoReCa i Medycyny\" \/>\n<meta property=\"article:modified_time\" content=\"2025-04-09T15:41:25+00:00\" \/>\n<meta property=\"og:image\" content=\"https:\/\/grapil.pl\/wp-content\/uploads\/2025\/04\/19743.jpg\" \/>\n\t<meta property=\"og:image:width\" content=\"369\" \/>\n\t<meta property=\"og:image:height\" content=\"768\" \/>\n\t<meta property=\"og:image:type\" content=\"image\/jpeg\" \/>\n<meta name=\"twitter:card\" content=\"summary_large_image\" \/>\n<meta name=\"twitter:label1\" content=\"Estimated reading time\" \/>\n\t<meta name=\"twitter:data1\" content=\"1 minute\" \/>\n<script type=\"application\/ld+json\" class=\"yoast-schema-graph\">{\"@context\":\"https:\/\/schema.org\",\"@graph\":[{\"@type\":\"WebPage\",\"@id\":\"https:\/\/grapil.pl\/produkt\/spodnie-robocze-do-pasa-bialewariant1\/\",\"url\":\"https:\/\/grapil.pl\/produkt\/spodnie-robocze-do-pasa-bialewariant1\/\",\"name\":\"Spodnie robocze do pasa bia\u0142e{wariant1} - Grapil.pl \u2013 Profesjonalna Odzie\u017c S\u0142u\u017cbowa dla Bran\u017cy Kelnerskiej, HoReCa i Medycyny\",\"isPartOf\":{\"@id\":\"https:\/\/grapil.pl\/#website\"},\"primaryImageOfPage\":{\"@id\":\"https:\/\/grapil.pl\/produkt\/spodnie-robocze-do-pasa-bialewariant1\/#primaryimage\"},\"image\":{\"@id\":\"https:\/\/grapil.pl\/produkt\/spodnie-robocze-do-pasa-bialewariant1\/#primaryimage\"},\"thumbnailUrl\":\"https:\/\/grapil.pl\/wp-content\/uploads\/2025\/04\/19743.jpg\",\"datePublished\":\"2025-04-09T15:41:05+00:00\",\"dateModified\":\"2025-04-09T15:41:25+00:00\",\"breadcrumb\":{\"@id\":\"https:\/\/grapil.pl\/produkt\/spodnie-robocze-do-pasa-bialewariant1\/#breadcrumb\"},\"inLanguage\":\"en-GB\",\"potentialAction\":[{\"@type\":\"ReadAction\",\"target\":[\"https:\/\/grapil.pl\/produkt\/spodnie-robocze-do-pasa-bialewariant1\/\"]}]},{\"@type\":\"ImageObject\",\"inLanguage\":\"en-GB\",\"@id\":\"https:\/\/grapil.pl\/produkt\/spodnie-robocze-do-pasa-bialewariant1\/#primaryimage\",\"url\":\"https:\/\/grapil.pl\/wp-content\/uploads\/2025\/04\/19743.jpg\",\"contentUrl\":\"https:\/\/grapil.pl\/wp-content\/uploads\/2025\/04\/19743.jpg\",\"width\":369,\"height\":768},{\"@type\":\"BreadcrumbList\",\"@id\":\"https:\/\/grapil.pl\/produkt\/spodnie-robocze-do-pasa-bialewariant1\/#breadcrumb\",\"itemListElement\":[{\"@type\":\"ListItem\",\"position\":1,\"name\":\"Strona g\u0142\u00f3wna\",\"item\":\"https:\/\/grapil.pl\/\"},{\"@type\":\"ListItem\",\"position\":2,\"name\":\"sklep\",\"item\":\"https:\/\/grapil.pl\/sklep\/\"},{\"@type\":\"ListItem\",\"position\":3,\"name\":\"Spodnie robocze do pasa bia\u0142e{wariant1}\"}]},{\"@type\":\"WebSite\",\"@id\":\"https:\/\/grapil.pl\/#website\",\"url\":\"https:\/\/grapil.pl\/\",\"name\":\"Grapil.pl \u2013 Profesjonalna Odzie\u017c S\u0142u\u017cbowa dla Bran\u017cy Kelnerskiej, HoReCa i Medycyny\",\"description\":\"\",\"potentialAction\":[{\"@type\":\"SearchAction\",\"target\":{\"@type\":\"EntryPoint\",\"urlTemplate\":\"https:\/\/grapil.pl\/?s={search_term_string}\"},\"query-input\":{\"@type\":\"PropertyValueSpecification\",\"valueRequired\":true,\"valueName\":\"search_term_string\"}}],\"inLanguage\":\"en-GB\"}]}<\/script>\n<!-- \/ Yoast SEO plugin. -->","yoast_head_json":{"title":"Spodnie robocze do pasa bia\u0142e{wariant1} - Grapil.pl \u2013 Profesjonalna Odzie\u017c S\u0142u\u017cbowa dla Bran\u017cy Kelnerskiej, HoReCa i Medycyny","robots":{"index":"index","follow":"follow","max-snippet":"max-snippet:-1","max-image-preview":"max-image-preview:large","max-video-preview":"max-video-preview:-1"},"canonical":"https:\/\/grapil.pl\/en\/product\/work-trousers-to-the-waist-whitevariant1\/","og_locale":"en_GB","og_type":"article","og_title":"Spodnie robocze do pasa bia\u0142e{wariant1} - Grapil.pl \u2013 Profesjonalna Odzie\u017c S\u0142u\u017cbowa dla Bran\u017cy Kelnerskiej, HoReCa i Medycyny","og_description":"SPODNIE CXS LUXY JOSEF M\u0118SKIE 100% bawe\u0142na kiesze\u0144 boczna\u00a0na telefon kom\u00f3rkowy \/ portfel z ty\u0142u\u00a0wszyta guma pas ze\u00a0szlufkami na pasek","og_url":"https:\/\/grapil.pl\/en\/product\/work-trousers-to-the-waist-whitevariant1\/","og_site_name":"Grapil.pl \u2013 Profesjonalna Odzie\u017c S\u0142u\u017cbowa dla Bran\u017cy Kelnerskiej, HoReCa i Medycyny","article_modified_time":"2025-04-09T15:41:25+00:00","og_image":[{"width":369,"height":768,"url":"https:\/\/grapil.pl\/wp-content\/uploads\/2025\/04\/19743.jpg","type":"image\/jpeg"}],"twitter_card":"summary_large_image","twitter_misc":{"Estimated reading time":"1 minute"},"schema":{"@context":"https:\/\/schema.org","@graph":[{"@type":"WebPage","@id":"https:\/\/grapil.pl\/produkt\/spodnie-robocze-do-pasa-bialewariant1\/","url":"https:\/\/grapil.pl\/produkt\/spodnie-robocze-do-pasa-bialewariant1\/","name":"Spodnie robocze do pasa bia\u0142e{wariant1} - Grapil.pl \u2013 Profesjonalna Odzie\u017c S\u0142u\u017cbowa dla Bran\u017cy Kelnerskiej, HoReCa i Medycyny","isPartOf":{"@id":"https:\/\/grapil.pl\/#website"},"primaryImageOfPage":{"@id":"https:\/\/grapil.pl\/produkt\/spodnie-robocze-do-pasa-bialewariant1\/#primaryimage"},"image":{"@id":"https:\/\/grapil.pl\/produkt\/spodnie-robocze-do-pasa-bialewariant1\/#primaryimage"},"thumbnailUrl":"https:\/\/grapil.pl\/wp-content\/uploads\/2025\/04\/19743.jpg","datePublished":"2025-04-09T15:41:05+00:00","dateModified":"2025-04-09T15:41:25+00:00","breadcrumb":{"@id":"https:\/\/grapil.pl\/produkt\/spodnie-robocze-do-pasa-bialewariant1\/#breadcrumb"},"inLanguage":"en-GB","potentialAction":[{"@type":"ReadAction","target":["https:\/\/grapil.pl\/produkt\/spodnie-robocze-do-pasa-bialewariant1\/"]}]},{"@type":"ImageObject","inLanguage":"en-GB","@id":"https:\/\/grapil.pl\/produkt\/spodnie-robocze-do-pasa-bialewariant1\/#primaryimage","url":"https:\/\/grapil.pl\/wp-content\/uploads\/2025\/04\/19743.jpg","contentUrl":"https:\/\/grapil.pl\/wp-content\/uploads\/2025\/04\/19743.jpg","width":369,"height":768},{"@type":"BreadcrumbList","@id":"https:\/\/grapil.pl\/produkt\/spodnie-robocze-do-pasa-bialewariant1\/#breadcrumb","itemListElement":[{"@type":"ListItem","position":1,"name":"Strona g\u0142\u00f3wna","item":"https:\/\/grapil.pl\/"},{"@type":"ListItem","position":2,"name":"sklep","item":"https:\/\/grapil.pl\/sklep\/"},{"@type":"ListItem","position":3,"name":"Spodnie robocze do pasa bia\u0142e{wariant1}"}]},{"@type":"WebSite","@id":"https:\/\/grapil.pl\/#website","url":"https:\/\/grapil.pl\/","name":"Grapil.pl \u2013 Profesjonalna Odzie\u017c S\u0142u\u017cbowa dla Bran\u017cy Kelnerskiej, HoReCa i Medycyny","description":"","potentialAction":[{"@type":"SearchAction","target":{"@type":"EntryPoint","urlTemplate":"https:\/\/grapil.pl\/?s={search_term_string}"},"query-input":{"@type":"PropertyValueSpecification","valueRequired":true,"valueName":"search_term_string"}}],"inLanguage":"en-GB"}]}},"_links":{"self":[{"href":"https:\/\/grapil.pl\/en\/wp-json\/wp\/v2\/product\/19246","targetHints":{"allow":["GET"]}}],"collection":[{"href":"https:\/\/grapil.pl\/en\/wp-json\/wp\/v2\/product"}],"about":[{"href":"https:\/\/grapil.pl\/en\/wp-json\/wp\/v2\/types\/product"}],"version-history":[{"count":1,"href":"https:\/\/grapil.pl\/en\/wp-json\/wp\/v2\/product\/19246\/revisions"}],"predecessor-version":[{"id":19247,"href":"https:\/\/grapil.pl\/en\/wp-json\/wp\/v2\/product\/19246\/revisions\/19247"}],"wp:featuredmedia":[{"embeddable":true,"href":"https:\/\/grapil.pl\/en\/wp-json\/wp\/v2\/media\/19248"}],"wp:attachment":[{"href":"https:\/\/grapil.pl\/en\/wp-json\/wp\/v2\/media?parent=19246"}],"wp:term":[{"taxonomy":"product_brand","embeddable":true,"href":"https:\/\/grapil.pl\/en\/wp-json\/wp\/v2\/product_brand?post=19246"},{"taxonomy":"product_cat","embeddable":true,"href":"https:\/\/grapil.pl\/en\/wp-json\/wp\/v2\/product_cat?post=19246"},{"taxonomy":"product_tag","embeddable":true,"href":"https:\/\/grapil.pl\/en\/wp-json\/wp\/v2\/product_tag?post=19246"}],"curies":[{"name":"wp","href":"https:\/\/api.w.org\/{rel}","templated":true}]}}