{"id":19323,"date":"2025-04-09T17:41:28","date_gmt":"2025-04-09T15:41:28","guid":{"rendered":"https:\/\/grapil.pl\/produkt\/koszula-flanelowa-modar-szarawariant1\/"},"modified":"2025-04-15T10:18:19","modified_gmt":"2025-04-15T08:18:19","slug":"flannel-shirt-modar-grayvariant1","status":"publish","type":"product","link":"https:\/\/grapil.pl\/en\/product\/flannel-shirt-modar-grayvariant1\/","title":{"rendered":"Modar flannel shirt gray"},"content":{"rendered":"<p>Product Features:<\/p>\n<ul>\n<li>100% cotton<\/li>\n<li>Button-up shirt<\/li>\n<li>Buttoned cuffs<\/li>\n<li>Pocket on the heart<\/li>\n<li>Sizes XS to 4XL<\/li>\n<\/ul>\n<p>&nbsp;<\/p>\n<p><a title=\"Work shirt\" href=\"https:\/\/grapil.pl\/en\/pl\/c\/shirts\/70\/\">Flannel Work Shirt<\/a> It is a universal equipment for employees in various positions. It works well both indoors and outdoors, in spring and autumn.<\/p>\n<p>Natural cotton is soft and pleasant to the touch, while allowing the skin to breathe and reducing sweating. This makes it perfect for wearing directly on the skin, and in lower temperature environments it can be worn with a T-shirt or vest.<\/p>\n<p>Men&#039;s flannel work shirt, thanks to the thickness of the material, provides effective protection of the body against injuries, abrasions or hypothermia. It can be used at a repair or assembly workstation, when working with a saw or machines for processing materials that generate sparks or chips.<\/p>\n<p>The insulated flannel work shirt meets all the requirements for occupational health and safety clothing. It is comfortable to wear, easy to wash, warm and does not restrict the employee&#039;s movements.<\/p>","protected":false},"excerpt":{"rendered":"<p>Product Features: 100% cotton Button-up shirt Button-up cuffs Heart pocket Sizes XS to 4XL &nbsp;<\/p>","protected":false},"featured_media":19325,"template":"","meta":[],"product_brand":[],"product_cat":[86,92,147],"product_tag":[],"class_list":{"0":"post-19323","1":"product","2":"type-product","3":"status-publish","4":"has-post-thumbnail","6":"product_cat-sklepbhp","7":"product_cat-odziez-robocza","8":"product_cat-koszule-odziez-robocza","10":"first","11":"instock","12":"product-type-variable","13":"wvs-archive-product-wrapper"},"yoast_head":"<!-- This site is optimized with the Yoast SEO plugin v25.3 - https:\/\/yoast.com\/wordpress\/plugins\/seo\/ -->\n<title>Koszula flanelowa Modar szara - Grapil.pl \u2013 Profesjonalna Odzie\u017c S\u0142u\u017cbowa dla Bran\u017cy Kelnerskiej, HoReCa i Medycyny<\/title>\n<meta name=\"robots\" content=\"index, follow, max-snippet:-1, max-image-preview:large, max-video-preview:-1\" \/>\n<link rel=\"canonical\" href=\"https:\/\/grapil.pl\/en\/product\/flannel-shirt-modar-grayvariant1\/\" \/>\n<meta property=\"og:locale\" content=\"en_GB\" \/>\n<meta property=\"og:type\" content=\"article\" \/>\n<meta property=\"og:title\" content=\"Koszula flanelowa Modar szara - Grapil.pl \u2013 Profesjonalna Odzie\u017c S\u0142u\u017cbowa dla Bran\u017cy Kelnerskiej, HoReCa i Medycyny\" \/>\n<meta property=\"og:description\" content=\"Cechy produktu: 100% bawe\u0142na Koszula zapinana na guziki Mankiety zapinane na guziki Kiesze\u0144 na sercu Rozmiary od\u00a0XS do 4XL &nbsp;\" \/>\n<meta property=\"og:url\" content=\"https:\/\/grapil.pl\/en\/product\/flannel-shirt-modar-grayvariant1\/\" \/>\n<meta property=\"og:site_name\" content=\"Grapil.pl \u2013 Profesjonalna Odzie\u017c S\u0142u\u017cbowa dla Bran\u017cy Kelnerskiej, HoReCa i Medycyny\" \/>\n<meta property=\"article:modified_time\" content=\"2025-04-15T08:18:19+00:00\" \/>\n<meta property=\"og:image\" content=\"https:\/\/grapil.pl\/wp-content\/uploads\/2025\/04\/18443.jpg\" \/>\n\t<meta property=\"og:image:width\" content=\"700\" \/>\n\t<meta property=\"og:image:height\" content=\"700\" \/>\n\t<meta property=\"og:image:type\" content=\"image\/jpeg\" \/>\n<meta name=\"twitter:card\" content=\"summary_large_image\" \/>\n<meta name=\"twitter:label1\" content=\"Estimated reading time\" \/>\n\t<meta name=\"twitter:data1\" content=\"2 minutes\" \/>\n<script type=\"application\/ld+json\" class=\"yoast-schema-graph\">{\"@context\":\"https:\/\/schema.org\",\"@graph\":[{\"@type\":\"WebPage\",\"@id\":\"https:\/\/grapil.pl\/produkt\/koszula-flanelowa-modar-szarawariant1\/\",\"url\":\"https:\/\/grapil.pl\/produkt\/koszula-flanelowa-modar-szarawariant1\/\",\"name\":\"Koszula flanelowa Modar szara - Grapil.pl \u2013 Profesjonalna Odzie\u017c S\u0142u\u017cbowa dla Bran\u017cy Kelnerskiej, HoReCa i Medycyny\",\"isPartOf\":{\"@id\":\"https:\/\/grapil.pl\/#website\"},\"primaryImageOfPage\":{\"@id\":\"https:\/\/grapil.pl\/produkt\/koszula-flanelowa-modar-szarawariant1\/#primaryimage\"},\"image\":{\"@id\":\"https:\/\/grapil.pl\/produkt\/koszula-flanelowa-modar-szarawariant1\/#primaryimage\"},\"thumbnailUrl\":\"https:\/\/grapil.pl\/wp-content\/uploads\/2025\/04\/18443.jpg\",\"datePublished\":\"2025-04-09T15:41:28+00:00\",\"dateModified\":\"2025-04-15T08:18:19+00:00\",\"breadcrumb\":{\"@id\":\"https:\/\/grapil.pl\/produkt\/koszula-flanelowa-modar-szarawariant1\/#breadcrumb\"},\"inLanguage\":\"en-GB\",\"potentialAction\":[{\"@type\":\"ReadAction\",\"target\":[\"https:\/\/grapil.pl\/produkt\/koszula-flanelowa-modar-szarawariant1\/\"]}]},{\"@type\":\"ImageObject\",\"inLanguage\":\"en-GB\",\"@id\":\"https:\/\/grapil.pl\/produkt\/koszula-flanelowa-modar-szarawariant1\/#primaryimage\",\"url\":\"https:\/\/grapil.pl\/wp-content\/uploads\/2025\/04\/18443.jpg\",\"contentUrl\":\"https:\/\/grapil.pl\/wp-content\/uploads\/2025\/04\/18443.jpg\",\"width\":700,\"height\":700},{\"@type\":\"BreadcrumbList\",\"@id\":\"https:\/\/grapil.pl\/produkt\/koszula-flanelowa-modar-szarawariant1\/#breadcrumb\",\"itemListElement\":[{\"@type\":\"ListItem\",\"position\":1,\"name\":\"Strona g\u0142\u00f3wna\",\"item\":\"https:\/\/grapil.pl\/\"},{\"@type\":\"ListItem\",\"position\":2,\"name\":\"sklep\",\"item\":\"https:\/\/grapil.pl\/sklep\/\"},{\"@type\":\"ListItem\",\"position\":3,\"name\":\"Koszula flanelowa Modar szara\"}]},{\"@type\":\"WebSite\",\"@id\":\"https:\/\/grapil.pl\/#website\",\"url\":\"https:\/\/grapil.pl\/\",\"name\":\"Grapil.pl \u2013 Profesjonalna Odzie\u017c S\u0142u\u017cbowa dla Bran\u017cy Kelnerskiej, HoReCa i Medycyny\",\"description\":\"\",\"potentialAction\":[{\"@type\":\"SearchAction\",\"target\":{\"@type\":\"EntryPoint\",\"urlTemplate\":\"https:\/\/grapil.pl\/?s={search_term_string}\"},\"query-input\":{\"@type\":\"PropertyValueSpecification\",\"valueRequired\":true,\"valueName\":\"search_term_string\"}}],\"inLanguage\":\"en-GB\"}]}<\/script>\n<!-- \/ Yoast SEO plugin. -->","yoast_head_json":{"title":"Koszula flanelowa Modar szara - Grapil.pl \u2013 Profesjonalna Odzie\u017c S\u0142u\u017cbowa dla Bran\u017cy Kelnerskiej, HoReCa i Medycyny","robots":{"index":"index","follow":"follow","max-snippet":"max-snippet:-1","max-image-preview":"max-image-preview:large","max-video-preview":"max-video-preview:-1"},"canonical":"https:\/\/grapil.pl\/en\/product\/flannel-shirt-modar-grayvariant1\/","og_locale":"en_GB","og_type":"article","og_title":"Koszula flanelowa Modar szara - Grapil.pl \u2013 Profesjonalna Odzie\u017c S\u0142u\u017cbowa dla Bran\u017cy Kelnerskiej, HoReCa i Medycyny","og_description":"Cechy produktu: 100% bawe\u0142na Koszula zapinana na guziki Mankiety zapinane na guziki Kiesze\u0144 na sercu Rozmiary od\u00a0XS do 4XL &nbsp;","og_url":"https:\/\/grapil.pl\/en\/product\/flannel-shirt-modar-grayvariant1\/","og_site_name":"Grapil.pl \u2013 Profesjonalna Odzie\u017c S\u0142u\u017cbowa dla Bran\u017cy Kelnerskiej, HoReCa i Medycyny","article_modified_time":"2025-04-15T08:18:19+00:00","og_image":[{"width":700,"height":700,"url":"https:\/\/grapil.pl\/wp-content\/uploads\/2025\/04\/18443.jpg","type":"image\/jpeg"}],"twitter_card":"summary_large_image","twitter_misc":{"Estimated reading time":"2 minutes"},"schema":{"@context":"https:\/\/schema.org","@graph":[{"@type":"WebPage","@id":"https:\/\/grapil.pl\/produkt\/koszula-flanelowa-modar-szarawariant1\/","url":"https:\/\/grapil.pl\/produkt\/koszula-flanelowa-modar-szarawariant1\/","name":"Koszula flanelowa Modar szara - Grapil.pl \u2013 Profesjonalna Odzie\u017c S\u0142u\u017cbowa dla Bran\u017cy Kelnerskiej, HoReCa i Medycyny","isPartOf":{"@id":"https:\/\/grapil.pl\/#website"},"primaryImageOfPage":{"@id":"https:\/\/grapil.pl\/produkt\/koszula-flanelowa-modar-szarawariant1\/#primaryimage"},"image":{"@id":"https:\/\/grapil.pl\/produkt\/koszula-flanelowa-modar-szarawariant1\/#primaryimage"},"thumbnailUrl":"https:\/\/grapil.pl\/wp-content\/uploads\/2025\/04\/18443.jpg","datePublished":"2025-04-09T15:41:28+00:00","dateModified":"2025-04-15T08:18:19+00:00","breadcrumb":{"@id":"https:\/\/grapil.pl\/produkt\/koszula-flanelowa-modar-szarawariant1\/#breadcrumb"},"inLanguage":"en-GB","potentialAction":[{"@type":"ReadAction","target":["https:\/\/grapil.pl\/produkt\/koszula-flanelowa-modar-szarawariant1\/"]}]},{"@type":"ImageObject","inLanguage":"en-GB","@id":"https:\/\/grapil.pl\/produkt\/koszula-flanelowa-modar-szarawariant1\/#primaryimage","url":"https:\/\/grapil.pl\/wp-content\/uploads\/2025\/04\/18443.jpg","contentUrl":"https:\/\/grapil.pl\/wp-content\/uploads\/2025\/04\/18443.jpg","width":700,"height":700},{"@type":"BreadcrumbList","@id":"https:\/\/grapil.pl\/produkt\/koszula-flanelowa-modar-szarawariant1\/#breadcrumb","itemListElement":[{"@type":"ListItem","position":1,"name":"Strona g\u0142\u00f3wna","item":"https:\/\/grapil.pl\/"},{"@type":"ListItem","position":2,"name":"sklep","item":"https:\/\/grapil.pl\/sklep\/"},{"@type":"ListItem","position":3,"name":"Koszula flanelowa Modar szara"}]},{"@type":"WebSite","@id":"https:\/\/grapil.pl\/#website","url":"https:\/\/grapil.pl\/","name":"Grapil.pl \u2013 Profesjonalna Odzie\u017c S\u0142u\u017cbowa dla Bran\u017cy Kelnerskiej, HoReCa i Medycyny","description":"","potentialAction":[{"@type":"SearchAction","target":{"@type":"EntryPoint","urlTemplate":"https:\/\/grapil.pl\/?s={search_term_string}"},"query-input":{"@type":"PropertyValueSpecification","valueRequired":true,"valueName":"search_term_string"}}],"inLanguage":"en-GB"}]}},"_links":{"self":[{"href":"https:\/\/grapil.pl\/en\/wp-json\/wp\/v2\/product\/19323","targetHints":{"allow":["GET"]}}],"collection":[{"href":"https:\/\/grapil.pl\/en\/wp-json\/wp\/v2\/product"}],"about":[{"href":"https:\/\/grapil.pl\/en\/wp-json\/wp\/v2\/types\/product"}],"version-history":[{"count":3,"href":"https:\/\/grapil.pl\/en\/wp-json\/wp\/v2\/product\/19323\/revisions"}],"predecessor-version":[{"id":20518,"href":"https:\/\/grapil.pl\/en\/wp-json\/wp\/v2\/product\/19323\/revisions\/20518"}],"wp:featuredmedia":[{"embeddable":true,"href":"https:\/\/grapil.pl\/en\/wp-json\/wp\/v2\/media\/19325"}],"wp:attachment":[{"href":"https:\/\/grapil.pl\/en\/wp-json\/wp\/v2\/media?parent=19323"}],"wp:term":[{"taxonomy":"product_brand","embeddable":true,"href":"https:\/\/grapil.pl\/en\/wp-json\/wp\/v2\/product_brand?post=19323"},{"taxonomy":"product_cat","embeddable":true,"href":"https:\/\/grapil.pl\/en\/wp-json\/wp\/v2\/product_cat?post=19323"},{"taxonomy":"product_tag","embeddable":true,"href":"https:\/\/grapil.pl\/en\/wp-json\/wp\/v2\/product_tag?post=19323"}],"curies":[{"name":"wp","href":"https:\/\/api.w.org\/{rel}","templated":true}]}}