{"id":19381,"date":"2025-04-09T17:41:44","date_gmt":"2025-04-09T15:41:44","guid":{"rendered":"https:\/\/grapil.pl\/produkt\/cieply-polar-roboczy-jhk-z-kapturem-szarywariant1\/"},"modified":"2025-04-15T10:10:09","modified_gmt":"2025-04-15T08:10:09","slug":"warm-jhk-work-fleece-with-hood-gray-variant-1","status":"publish","type":"product","link":"https:\/\/grapil.pl\/en\/product\/warm-jhk-work-fleece-with-hood-gray-variant-1\/","title":{"rendered":"Warm JHK work fleece with hood, gray"},"content":{"rendered":"<h1>Characteristic:<\/h1>\n<ul>\n<li>Sweatshirt made of\u00a0<strong>fleece<\/strong><\/li>\n<li>It has\u00a0<strong>thermal properties<\/strong><\/li>\n<li><strong>Pockets<\/strong>\u00a0with zipper<\/li>\n<li><strong>Chest pocket<\/strong><\/li>\n<li><strong>Reinforcements<\/strong>\u00a0on the shoulders, elbows, neck<\/li>\n<li><strong>Regulation<\/strong>\u00a0on rubber<\/li>\n<li>Weight\u00a0<strong>340 gr.- 360 gr<\/strong><\/li>\n<li><strong>Composition:<\/strong>\u00a0100% polyester<\/li>\n<\/ul>","protected":false},"excerpt":{"rendered":"<p>Characteristics: Fleece sweatshirt Has thermal properties Pockets with zippers Chest pocket Reinforcements on shoulders, elbows, neck Elastic adjustment Weight 340 gr.-<\/p>","protected":false},"featured_media":19383,"template":"","meta":[],"product_brand":[],"product_cat":[86,92,100],"product_tag":[],"class_list":{"0":"post-19381","1":"product","2":"type-product","3":"status-publish","4":"has-post-thumbnail","6":"product_cat-sklepbhp","7":"product_cat-odziez-robocza","8":"product_cat-polary-i-bluzy-robocze","10":"first","11":"outofstock","12":"product-type-variable","13":"wvs-archive-product-wrapper"},"yoast_head":"<!-- This site is optimized with the Yoast SEO plugin v25.3 - https:\/\/yoast.com\/wordpress\/plugins\/seo\/ -->\n<title>Ciep\u0142y polar roboczy JHK z kapturem szary - Grapil.pl \u2013 Profesjonalna Odzie\u017c S\u0142u\u017cbowa dla Bran\u017cy Kelnerskiej, HoReCa i Medycyny<\/title>\n<meta name=\"robots\" content=\"index, follow, max-snippet:-1, max-image-preview:large, max-video-preview:-1\" \/>\n<link rel=\"canonical\" href=\"https:\/\/grapil.pl\/en\/product\/warm-jhk-work-fleece-with-hood-gray-variant-1\/\" \/>\n<meta property=\"og:locale\" content=\"en_GB\" \/>\n<meta property=\"og:type\" content=\"article\" \/>\n<meta property=\"og:title\" content=\"Ciep\u0142y polar roboczy JHK z kapturem szary - Grapil.pl \u2013 Profesjonalna Odzie\u017c S\u0142u\u017cbowa dla Bran\u017cy Kelnerskiej, HoReCa i Medycyny\" \/>\n<meta property=\"og:description\" content=\"Charakterystyka: Bluza wykonana z\u00a0polaru Posiada\u00a0w\u0142a\u015bciwo\u015bci cieplne Kieszenie\u00a0z zamkiem b\u0142yskawicznym Kiesze\u0144 na piersi Wzmocnienia\u00a0na barkach, \u0142okciach, karku Regulacja\u00a0na gum\u0119 Gramatura\u00a0340 gr.-\" \/>\n<meta property=\"og:url\" content=\"https:\/\/grapil.pl\/en\/product\/warm-jhk-work-fleece-with-hood-gray-variant-1\/\" \/>\n<meta property=\"og:site_name\" content=\"Grapil.pl \u2013 Profesjonalna Odzie\u017c S\u0142u\u017cbowa dla Bran\u017cy Kelnerskiej, HoReCa i Medycyny\" \/>\n<meta property=\"article:modified_time\" content=\"2025-04-15T08:10:09+00:00\" \/>\n<meta property=\"og:image\" content=\"https:\/\/grapil.pl\/wp-content\/uploads\/2025\/04\/17832.jpg\" \/>\n\t<meta property=\"og:image:width\" content=\"2000\" \/>\n\t<meta property=\"og:image:height\" content=\"2000\" \/>\n\t<meta property=\"og:image:type\" content=\"image\/jpeg\" \/>\n<meta name=\"twitter:card\" content=\"summary_large_image\" \/>\n<meta name=\"twitter:label1\" content=\"Estimated reading time\" \/>\n\t<meta name=\"twitter:data1\" content=\"1 minute\" \/>\n<script type=\"application\/ld+json\" class=\"yoast-schema-graph\">{\"@context\":\"https:\/\/schema.org\",\"@graph\":[{\"@type\":\"WebPage\",\"@id\":\"https:\/\/grapil.pl\/produkt\/cieply-polar-roboczy-jhk-z-kapturem-szarywariant1\/\",\"url\":\"https:\/\/grapil.pl\/produkt\/cieply-polar-roboczy-jhk-z-kapturem-szarywariant1\/\",\"name\":\"Ciep\u0142y polar roboczy JHK z kapturem szary - Grapil.pl \u2013 Profesjonalna Odzie\u017c S\u0142u\u017cbowa dla Bran\u017cy Kelnerskiej, HoReCa i Medycyny\",\"isPartOf\":{\"@id\":\"https:\/\/grapil.pl\/#website\"},\"primaryImageOfPage\":{\"@id\":\"https:\/\/grapil.pl\/produkt\/cieply-polar-roboczy-jhk-z-kapturem-szarywariant1\/#primaryimage\"},\"image\":{\"@id\":\"https:\/\/grapil.pl\/produkt\/cieply-polar-roboczy-jhk-z-kapturem-szarywariant1\/#primaryimage\"},\"thumbnailUrl\":\"https:\/\/grapil.pl\/wp-content\/uploads\/2025\/04\/17832.jpg\",\"datePublished\":\"2025-04-09T15:41:44+00:00\",\"dateModified\":\"2025-04-15T08:10:09+00:00\",\"breadcrumb\":{\"@id\":\"https:\/\/grapil.pl\/produkt\/cieply-polar-roboczy-jhk-z-kapturem-szarywariant1\/#breadcrumb\"},\"inLanguage\":\"en-GB\",\"potentialAction\":[{\"@type\":\"ReadAction\",\"target\":[\"https:\/\/grapil.pl\/produkt\/cieply-polar-roboczy-jhk-z-kapturem-szarywariant1\/\"]}]},{\"@type\":\"ImageObject\",\"inLanguage\":\"en-GB\",\"@id\":\"https:\/\/grapil.pl\/produkt\/cieply-polar-roboczy-jhk-z-kapturem-szarywariant1\/#primaryimage\",\"url\":\"https:\/\/grapil.pl\/wp-content\/uploads\/2025\/04\/17832.jpg\",\"contentUrl\":\"https:\/\/grapil.pl\/wp-content\/uploads\/2025\/04\/17832.jpg\",\"width\":2000,\"height\":2000},{\"@type\":\"BreadcrumbList\",\"@id\":\"https:\/\/grapil.pl\/produkt\/cieply-polar-roboczy-jhk-z-kapturem-szarywariant1\/#breadcrumb\",\"itemListElement\":[{\"@type\":\"ListItem\",\"position\":1,\"name\":\"Strona g\u0142\u00f3wna\",\"item\":\"https:\/\/grapil.pl\/\"},{\"@type\":\"ListItem\",\"position\":2,\"name\":\"sklep\",\"item\":\"https:\/\/grapil.pl\/sklep\/\"},{\"@type\":\"ListItem\",\"position\":3,\"name\":\"Ciep\u0142y polar roboczy JHK z kapturem szary\"}]},{\"@type\":\"WebSite\",\"@id\":\"https:\/\/grapil.pl\/#website\",\"url\":\"https:\/\/grapil.pl\/\",\"name\":\"Grapil.pl \u2013 Profesjonalna Odzie\u017c S\u0142u\u017cbowa dla Bran\u017cy Kelnerskiej, HoReCa i Medycyny\",\"description\":\"\",\"potentialAction\":[{\"@type\":\"SearchAction\",\"target\":{\"@type\":\"EntryPoint\",\"urlTemplate\":\"https:\/\/grapil.pl\/?s={search_term_string}\"},\"query-input\":{\"@type\":\"PropertyValueSpecification\",\"valueRequired\":true,\"valueName\":\"search_term_string\"}}],\"inLanguage\":\"en-GB\"}]}<\/script>\n<!-- \/ Yoast SEO plugin. -->","yoast_head_json":{"title":"Ciep\u0142y polar roboczy JHK z kapturem szary - Grapil.pl \u2013 Profesjonalna Odzie\u017c S\u0142u\u017cbowa dla Bran\u017cy Kelnerskiej, HoReCa i Medycyny","robots":{"index":"index","follow":"follow","max-snippet":"max-snippet:-1","max-image-preview":"max-image-preview:large","max-video-preview":"max-video-preview:-1"},"canonical":"https:\/\/grapil.pl\/en\/product\/warm-jhk-work-fleece-with-hood-gray-variant-1\/","og_locale":"en_GB","og_type":"article","og_title":"Ciep\u0142y polar roboczy JHK z kapturem szary - Grapil.pl \u2013 Profesjonalna Odzie\u017c S\u0142u\u017cbowa dla Bran\u017cy Kelnerskiej, HoReCa i Medycyny","og_description":"Charakterystyka: Bluza wykonana z\u00a0polaru Posiada\u00a0w\u0142a\u015bciwo\u015bci cieplne Kieszenie\u00a0z zamkiem b\u0142yskawicznym Kiesze\u0144 na piersi Wzmocnienia\u00a0na barkach, \u0142okciach, karku Regulacja\u00a0na gum\u0119 Gramatura\u00a0340 gr.-","og_url":"https:\/\/grapil.pl\/en\/product\/warm-jhk-work-fleece-with-hood-gray-variant-1\/","og_site_name":"Grapil.pl \u2013 Profesjonalna Odzie\u017c S\u0142u\u017cbowa dla Bran\u017cy Kelnerskiej, HoReCa i Medycyny","article_modified_time":"2025-04-15T08:10:09+00:00","og_image":[{"width":2000,"height":2000,"url":"https:\/\/grapil.pl\/wp-content\/uploads\/2025\/04\/17832.jpg","type":"image\/jpeg"}],"twitter_card":"summary_large_image","twitter_misc":{"Estimated reading time":"1 minute"},"schema":{"@context":"https:\/\/schema.org","@graph":[{"@type":"WebPage","@id":"https:\/\/grapil.pl\/produkt\/cieply-polar-roboczy-jhk-z-kapturem-szarywariant1\/","url":"https:\/\/grapil.pl\/produkt\/cieply-polar-roboczy-jhk-z-kapturem-szarywariant1\/","name":"Ciep\u0142y polar roboczy JHK z kapturem szary - Grapil.pl \u2013 Profesjonalna Odzie\u017c S\u0142u\u017cbowa dla Bran\u017cy Kelnerskiej, HoReCa i Medycyny","isPartOf":{"@id":"https:\/\/grapil.pl\/#website"},"primaryImageOfPage":{"@id":"https:\/\/grapil.pl\/produkt\/cieply-polar-roboczy-jhk-z-kapturem-szarywariant1\/#primaryimage"},"image":{"@id":"https:\/\/grapil.pl\/produkt\/cieply-polar-roboczy-jhk-z-kapturem-szarywariant1\/#primaryimage"},"thumbnailUrl":"https:\/\/grapil.pl\/wp-content\/uploads\/2025\/04\/17832.jpg","datePublished":"2025-04-09T15:41:44+00:00","dateModified":"2025-04-15T08:10:09+00:00","breadcrumb":{"@id":"https:\/\/grapil.pl\/produkt\/cieply-polar-roboczy-jhk-z-kapturem-szarywariant1\/#breadcrumb"},"inLanguage":"en-GB","potentialAction":[{"@type":"ReadAction","target":["https:\/\/grapil.pl\/produkt\/cieply-polar-roboczy-jhk-z-kapturem-szarywariant1\/"]}]},{"@type":"ImageObject","inLanguage":"en-GB","@id":"https:\/\/grapil.pl\/produkt\/cieply-polar-roboczy-jhk-z-kapturem-szarywariant1\/#primaryimage","url":"https:\/\/grapil.pl\/wp-content\/uploads\/2025\/04\/17832.jpg","contentUrl":"https:\/\/grapil.pl\/wp-content\/uploads\/2025\/04\/17832.jpg","width":2000,"height":2000},{"@type":"BreadcrumbList","@id":"https:\/\/grapil.pl\/produkt\/cieply-polar-roboczy-jhk-z-kapturem-szarywariant1\/#breadcrumb","itemListElement":[{"@type":"ListItem","position":1,"name":"Strona g\u0142\u00f3wna","item":"https:\/\/grapil.pl\/"},{"@type":"ListItem","position":2,"name":"sklep","item":"https:\/\/grapil.pl\/sklep\/"},{"@type":"ListItem","position":3,"name":"Ciep\u0142y polar roboczy JHK z kapturem szary"}]},{"@type":"WebSite","@id":"https:\/\/grapil.pl\/#website","url":"https:\/\/grapil.pl\/","name":"Grapil.pl \u2013 Profesjonalna Odzie\u017c S\u0142u\u017cbowa dla Bran\u017cy Kelnerskiej, HoReCa i Medycyny","description":"","potentialAction":[{"@type":"SearchAction","target":{"@type":"EntryPoint","urlTemplate":"https:\/\/grapil.pl\/?s={search_term_string}"},"query-input":{"@type":"PropertyValueSpecification","valueRequired":true,"valueName":"search_term_string"}}],"inLanguage":"en-GB"}]}},"_links":{"self":[{"href":"https:\/\/grapil.pl\/en\/wp-json\/wp\/v2\/product\/19381","targetHints":{"allow":["GET"]}}],"collection":[{"href":"https:\/\/grapil.pl\/en\/wp-json\/wp\/v2\/product"}],"about":[{"href":"https:\/\/grapil.pl\/en\/wp-json\/wp\/v2\/types\/product"}],"version-history":[{"count":3,"href":"https:\/\/grapil.pl\/en\/wp-json\/wp\/v2\/product\/19381\/revisions"}],"predecessor-version":[{"id":20446,"href":"https:\/\/grapil.pl\/en\/wp-json\/wp\/v2\/product\/19381\/revisions\/20446"}],"wp:featuredmedia":[{"embeddable":true,"href":"https:\/\/grapil.pl\/en\/wp-json\/wp\/v2\/media\/19383"}],"wp:attachment":[{"href":"https:\/\/grapil.pl\/en\/wp-json\/wp\/v2\/media?parent=19381"}],"wp:term":[{"taxonomy":"product_brand","embeddable":true,"href":"https:\/\/grapil.pl\/en\/wp-json\/wp\/v2\/product_brand?post=19381"},{"taxonomy":"product_cat","embeddable":true,"href":"https:\/\/grapil.pl\/en\/wp-json\/wp\/v2\/product_cat?post=19381"},{"taxonomy":"product_tag","embeddable":true,"href":"https:\/\/grapil.pl\/en\/wp-json\/wp\/v2\/product_tag?post=19381"}],"curies":[{"name":"wp","href":"https:\/\/api.w.org\/{rel}","templated":true}]}}