{"id":19410,"date":"2025-04-09T17:42:06","date_gmt":"2025-04-09T15:42:06","guid":{"rendered":"https:\/\/grapil.pl\/produkt\/bielizna-termoaktywna-komplet-koszulka-kalesony\/"},"modified":"2025-04-14T14:46:27","modified_gmt":"2025-04-14T12:46:27","slug":"thermal-underwear-set-t-shirt-long-johns","status":"publish","type":"product","link":"https:\/\/grapil.pl\/en\/product\/thermal-underwear-set-t-shirt-long-johns\/","title":{"rendered":"Thermal underwear set: T-shirt, pants"},"content":{"rendered":"<p>Thermal underwear, a set consisting of a T-shirt and long johns VIKEN ACTIVE made of\u00a0<strong>64% nylon, 28% polyester, 8 % spandex<\/strong>. Very flexible, fits well to the body, provides\u00a0<strong>thermal protection<\/strong>:\u00a0<strong>removes excess moisture and heat<\/strong>, while maintaining the same\u00a0<strong>protection\u00a0<\/strong>against the cold, without restricting movement. It dries quickly and is super light.<\/p>\n<p>The undershirt is long sleeved and has a seamless torso. It is very functional for everyday use, indoors and outdoors, rain or shine.<\/p>\n<p><strong>Men&#039;s thermal underwear<\/strong> It is suitable for various types of sports involving high physical effort. It can also be worn at work if the tasks performed involve intensive outdoor movement.<\/p>\n<p>The thermal shirt will effectively protect against freezing thanks to the technology of removing heat and moisture. The set of men&#039;s thermal underwear is also extremely comfortable, because it is not felt or visible through outer clothing. It can therefore be worn in any situation in which the body is exposed to cooling.<\/p>","protected":false},"excerpt":{"rendered":"<p>Thermal underwear, a set consisting of a T-shirt and long johns VIKEN ACTIVE made of 64% nylon, 28% polyester, 8 % spandex. Very<\/p>","protected":false},"featured_media":19412,"template":"","meta":[],"product_brand":[91],"product_cat":[86,92,174],"product_tag":[],"class_list":{"0":"post-19410","1":"product","2":"type-product","3":"status-publish","4":"has-post-thumbnail","6":"product_brand-artmas","7":"product_cat-sklepbhp","8":"product_cat-odziez-robocza","9":"product_cat-bielizna","11":"first","12":"instock","13":"product-type-variable","14":"wvs-archive-product-wrapper"},"yoast_head":"<!-- This site is optimized with the Yoast SEO plugin v25.3 - https:\/\/yoast.com\/wordpress\/plugins\/seo\/ -->\n<title>Bielizna termoaktywna komplet: koszulka spodnie - Grapil.pl \u2013 Profesjonalna Odzie\u017c S\u0142u\u017cbowa dla Bran\u017cy Kelnerskiej, HoReCa i Medycyny<\/title>\n<meta name=\"robots\" content=\"index, follow, max-snippet:-1, max-image-preview:large, max-video-preview:-1\" \/>\n<link rel=\"canonical\" href=\"https:\/\/grapil.pl\/en\/product\/thermal-underwear-set-t-shirt-long-johns\/\" \/>\n<meta property=\"og:locale\" content=\"en_GB\" \/>\n<meta property=\"og:type\" content=\"article\" \/>\n<meta property=\"og:title\" content=\"Bielizna termoaktywna komplet: koszulka spodnie - Grapil.pl \u2013 Profesjonalna Odzie\u017c S\u0142u\u017cbowa dla Bran\u017cy Kelnerskiej, HoReCa i Medycyny\" \/>\n<meta property=\"og:description\" content=\"Bielizna termoaktywna, komplet sk\u0142adaj\u0105cy si\u0119 z podkoszulki i kaleson\u00f3w VIKEN ACTIVE wykonany z\u00a064% nylon, 28% poliester, 8 % spandex. Bardzo\" \/>\n<meta property=\"og:url\" content=\"https:\/\/grapil.pl\/en\/product\/thermal-underwear-set-t-shirt-long-johns\/\" \/>\n<meta property=\"og:site_name\" content=\"Grapil.pl \u2013 Profesjonalna Odzie\u017c S\u0142u\u017cbowa dla Bran\u017cy Kelnerskiej, HoReCa i Medycyny\" \/>\n<meta property=\"article:modified_time\" content=\"2025-04-14T12:46:27+00:00\" \/>\n<meta property=\"og:image\" content=\"https:\/\/grapil.pl\/wp-content\/uploads\/2025\/04\/18361.jpg\" \/>\n\t<meta property=\"og:image:width\" content=\"660\" \/>\n\t<meta property=\"og:image:height\" content=\"655\" \/>\n\t<meta property=\"og:image:type\" content=\"image\/jpeg\" \/>\n<meta name=\"twitter:card\" content=\"summary_large_image\" \/>\n<meta name=\"twitter:label1\" content=\"Estimated reading time\" \/>\n\t<meta name=\"twitter:data1\" content=\"2 minutes\" \/>\n<script type=\"application\/ld+json\" class=\"yoast-schema-graph\">{\"@context\":\"https:\/\/schema.org\",\"@graph\":[{\"@type\":\"WebPage\",\"@id\":\"https:\/\/grapil.pl\/produkt\/bielizna-termoaktywna-komplet-koszulka-kalesony\/\",\"url\":\"https:\/\/grapil.pl\/produkt\/bielizna-termoaktywna-komplet-koszulka-kalesony\/\",\"name\":\"Bielizna termoaktywna komplet: koszulka spodnie - Grapil.pl \u2013 Profesjonalna Odzie\u017c S\u0142u\u017cbowa dla Bran\u017cy Kelnerskiej, HoReCa i Medycyny\",\"isPartOf\":{\"@id\":\"https:\/\/grapil.pl\/#website\"},\"primaryImageOfPage\":{\"@id\":\"https:\/\/grapil.pl\/produkt\/bielizna-termoaktywna-komplet-koszulka-kalesony\/#primaryimage\"},\"image\":{\"@id\":\"https:\/\/grapil.pl\/produkt\/bielizna-termoaktywna-komplet-koszulka-kalesony\/#primaryimage\"},\"thumbnailUrl\":\"https:\/\/grapil.pl\/wp-content\/uploads\/2025\/04\/18361.jpg\",\"datePublished\":\"2025-04-09T15:42:06+00:00\",\"dateModified\":\"2025-04-14T12:46:27+00:00\",\"breadcrumb\":{\"@id\":\"https:\/\/grapil.pl\/produkt\/bielizna-termoaktywna-komplet-koszulka-kalesony\/#breadcrumb\"},\"inLanguage\":\"en-GB\",\"potentialAction\":[{\"@type\":\"ReadAction\",\"target\":[\"https:\/\/grapil.pl\/produkt\/bielizna-termoaktywna-komplet-koszulka-kalesony\/\"]}]},{\"@type\":\"ImageObject\",\"inLanguage\":\"en-GB\",\"@id\":\"https:\/\/grapil.pl\/produkt\/bielizna-termoaktywna-komplet-koszulka-kalesony\/#primaryimage\",\"url\":\"https:\/\/grapil.pl\/wp-content\/uploads\/2025\/04\/18361.jpg\",\"contentUrl\":\"https:\/\/grapil.pl\/wp-content\/uploads\/2025\/04\/18361.jpg\",\"width\":660,\"height\":655},{\"@type\":\"BreadcrumbList\",\"@id\":\"https:\/\/grapil.pl\/produkt\/bielizna-termoaktywna-komplet-koszulka-kalesony\/#breadcrumb\",\"itemListElement\":[{\"@type\":\"ListItem\",\"position\":1,\"name\":\"Strona g\u0142\u00f3wna\",\"item\":\"https:\/\/grapil.pl\/\"},{\"@type\":\"ListItem\",\"position\":2,\"name\":\"sklep\",\"item\":\"https:\/\/grapil.pl\/sklep\/\"},{\"@type\":\"ListItem\",\"position\":3,\"name\":\"Bielizna termoaktywna komplet: koszulka spodnie\"}]},{\"@type\":\"WebSite\",\"@id\":\"https:\/\/grapil.pl\/#website\",\"url\":\"https:\/\/grapil.pl\/\",\"name\":\"Grapil.pl \u2013 Profesjonalna Odzie\u017c S\u0142u\u017cbowa dla Bran\u017cy Kelnerskiej, HoReCa i Medycyny\",\"description\":\"\",\"potentialAction\":[{\"@type\":\"SearchAction\",\"target\":{\"@type\":\"EntryPoint\",\"urlTemplate\":\"https:\/\/grapil.pl\/?s={search_term_string}\"},\"query-input\":{\"@type\":\"PropertyValueSpecification\",\"valueRequired\":true,\"valueName\":\"search_term_string\"}}],\"inLanguage\":\"en-GB\"}]}<\/script>\n<!-- \/ Yoast SEO plugin. -->","yoast_head_json":{"title":"Bielizna termoaktywna komplet: koszulka spodnie - Grapil.pl \u2013 Profesjonalna Odzie\u017c S\u0142u\u017cbowa dla Bran\u017cy Kelnerskiej, HoReCa i Medycyny","robots":{"index":"index","follow":"follow","max-snippet":"max-snippet:-1","max-image-preview":"max-image-preview:large","max-video-preview":"max-video-preview:-1"},"canonical":"https:\/\/grapil.pl\/en\/product\/thermal-underwear-set-t-shirt-long-johns\/","og_locale":"en_GB","og_type":"article","og_title":"Bielizna termoaktywna komplet: koszulka spodnie - Grapil.pl \u2013 Profesjonalna Odzie\u017c S\u0142u\u017cbowa dla Bran\u017cy Kelnerskiej, HoReCa i Medycyny","og_description":"Bielizna termoaktywna, komplet sk\u0142adaj\u0105cy si\u0119 z podkoszulki i kaleson\u00f3w VIKEN ACTIVE wykonany z\u00a064% nylon, 28% poliester, 8 % spandex. Bardzo","og_url":"https:\/\/grapil.pl\/en\/product\/thermal-underwear-set-t-shirt-long-johns\/","og_site_name":"Grapil.pl \u2013 Profesjonalna Odzie\u017c S\u0142u\u017cbowa dla Bran\u017cy Kelnerskiej, HoReCa i Medycyny","article_modified_time":"2025-04-14T12:46:27+00:00","og_image":[{"width":660,"height":655,"url":"https:\/\/grapil.pl\/wp-content\/uploads\/2025\/04\/18361.jpg","type":"image\/jpeg"}],"twitter_card":"summary_large_image","twitter_misc":{"Estimated reading time":"2 minutes"},"schema":{"@context":"https:\/\/schema.org","@graph":[{"@type":"WebPage","@id":"https:\/\/grapil.pl\/produkt\/bielizna-termoaktywna-komplet-koszulka-kalesony\/","url":"https:\/\/grapil.pl\/produkt\/bielizna-termoaktywna-komplet-koszulka-kalesony\/","name":"Bielizna termoaktywna komplet: koszulka spodnie - Grapil.pl \u2013 Profesjonalna Odzie\u017c S\u0142u\u017cbowa dla Bran\u017cy Kelnerskiej, HoReCa i Medycyny","isPartOf":{"@id":"https:\/\/grapil.pl\/#website"},"primaryImageOfPage":{"@id":"https:\/\/grapil.pl\/produkt\/bielizna-termoaktywna-komplet-koszulka-kalesony\/#primaryimage"},"image":{"@id":"https:\/\/grapil.pl\/produkt\/bielizna-termoaktywna-komplet-koszulka-kalesony\/#primaryimage"},"thumbnailUrl":"https:\/\/grapil.pl\/wp-content\/uploads\/2025\/04\/18361.jpg","datePublished":"2025-04-09T15:42:06+00:00","dateModified":"2025-04-14T12:46:27+00:00","breadcrumb":{"@id":"https:\/\/grapil.pl\/produkt\/bielizna-termoaktywna-komplet-koszulka-kalesony\/#breadcrumb"},"inLanguage":"en-GB","potentialAction":[{"@type":"ReadAction","target":["https:\/\/grapil.pl\/produkt\/bielizna-termoaktywna-komplet-koszulka-kalesony\/"]}]},{"@type":"ImageObject","inLanguage":"en-GB","@id":"https:\/\/grapil.pl\/produkt\/bielizna-termoaktywna-komplet-koszulka-kalesony\/#primaryimage","url":"https:\/\/grapil.pl\/wp-content\/uploads\/2025\/04\/18361.jpg","contentUrl":"https:\/\/grapil.pl\/wp-content\/uploads\/2025\/04\/18361.jpg","width":660,"height":655},{"@type":"BreadcrumbList","@id":"https:\/\/grapil.pl\/produkt\/bielizna-termoaktywna-komplet-koszulka-kalesony\/#breadcrumb","itemListElement":[{"@type":"ListItem","position":1,"name":"Strona g\u0142\u00f3wna","item":"https:\/\/grapil.pl\/"},{"@type":"ListItem","position":2,"name":"sklep","item":"https:\/\/grapil.pl\/sklep\/"},{"@type":"ListItem","position":3,"name":"Bielizna termoaktywna komplet: koszulka spodnie"}]},{"@type":"WebSite","@id":"https:\/\/grapil.pl\/#website","url":"https:\/\/grapil.pl\/","name":"Grapil.pl \u2013 Profesjonalna Odzie\u017c S\u0142u\u017cbowa dla Bran\u017cy Kelnerskiej, HoReCa i Medycyny","description":"","potentialAction":[{"@type":"SearchAction","target":{"@type":"EntryPoint","urlTemplate":"https:\/\/grapil.pl\/?s={search_term_string}"},"query-input":{"@type":"PropertyValueSpecification","valueRequired":true,"valueName":"search_term_string"}}],"inLanguage":"en-GB"}]}},"_links":{"self":[{"href":"https:\/\/grapil.pl\/en\/wp-json\/wp\/v2\/product\/19410","targetHints":{"allow":["GET"]}}],"collection":[{"href":"https:\/\/grapil.pl\/en\/wp-json\/wp\/v2\/product"}],"about":[{"href":"https:\/\/grapil.pl\/en\/wp-json\/wp\/v2\/types\/product"}],"version-history":[{"count":2,"href":"https:\/\/grapil.pl\/en\/wp-json\/wp\/v2\/product\/19410\/revisions"}],"predecessor-version":[{"id":20227,"href":"https:\/\/grapil.pl\/en\/wp-json\/wp\/v2\/product\/19410\/revisions\/20227"}],"wp:featuredmedia":[{"embeddable":true,"href":"https:\/\/grapil.pl\/en\/wp-json\/wp\/v2\/media\/19412"}],"wp:attachment":[{"href":"https:\/\/grapil.pl\/en\/wp-json\/wp\/v2\/media?parent=19410"}],"wp:term":[{"taxonomy":"product_brand","embeddable":true,"href":"https:\/\/grapil.pl\/en\/wp-json\/wp\/v2\/product_brand?post=19410"},{"taxonomy":"product_cat","embeddable":true,"href":"https:\/\/grapil.pl\/en\/wp-json\/wp\/v2\/product_cat?post=19410"},{"taxonomy":"product_tag","embeddable":true,"href":"https:\/\/grapil.pl\/en\/wp-json\/wp\/v2\/product_tag?post=19410"}],"curies":[{"name":"wp","href":"https:\/\/api.w.org\/{rel}","templated":true}]}}