{"id":19428,"date":"2025-04-09T17:42:06","date_gmt":"2025-04-09T15:42:06","guid":{"rendered":"https:\/\/grapil.pl\/produkt\/nakolanniki-piankowe-ochraniacze-wklady-do-spodni\/"},"modified":"2025-04-09T17:42:08","modified_gmt":"2025-04-09T15:42:08","slug":"foam-knee-pads-protectors-trouser-inserts","status":"publish","type":"product","link":"https:\/\/grapil.pl\/en\/product\/foam-knee-pads-protectors-trouser-inserts\/","title":{"rendered":"Foam knee pads protectors inserts for trousers"},"content":{"rendered":"<h2 style=\"font-size:2em;\">Foam knee pads<\/h2>\n<p>\u2013 foam knee pads protect the knees when kneeling and do not restrict movement when walking<\/p>\n<p>\u2013 high ergonomics<\/p>\n<p>\u2013 quality and comfort according to EU standards<\/p>\n<p>Art.MaSter\u00ae<\/p>\n<p><strong>CE cat.1<\/strong><\/p>\n<p>\u00a0<\/p>\n<p>Foam knee pads are a great way to protect your knees when kneeling. The material they are made of and the way they are worn are conducive to intensive use and free walking.<\/p>\n<p>Protective foam knee pads are lightweight, ergonomic and do not restrict movement. Thanks to this, you can work in them for many hours without feeling uncomfortable. The knee pads we offer are made in accordance with EU standards and health and safety regulations. They will be useful during renovation, construction or road work.<\/p>","protected":false},"excerpt":{"rendered":"<p>Wk\u0142adki nakolannikowe piankowe &#8211; nakolanniki piankowe chroni\u0105 kolana podczas kl\u0119kania, nie krepuj\u0105 ruch\u00f3w podczas chodzenia &#8211; wysoka ergonomia &#8211; jako\u015b\u0107<\/p>","protected":false},"featured_media":19430,"template":"","meta":[],"product_brand":[],"product_cat":[86,111,175],"product_tag":[],"class_list":{"0":"post-19428","1":"product","2":"type-product","3":"status-publish","4":"has-post-thumbnail","6":"product_cat-sklepbhp","7":"product_cat-srodki-ochrony-indywidualnej","8":"product_cat-ochrona-kolan","10":"first","11":"instock","12":"product-type-simple"},"yoast_head":"<!-- This site is optimized with the Yoast SEO plugin v25.3 - https:\/\/yoast.com\/wordpress\/plugins\/seo\/ -->\n<title>Nakolanniki piankowe ochraniacze wk\u0142ady do spodni - Grapil.pl \u2013 Profesjonalna Odzie\u017c S\u0142u\u017cbowa dla Bran\u017cy Kelnerskiej, HoReCa i Medycyny<\/title>\n<meta name=\"robots\" content=\"index, follow, max-snippet:-1, max-image-preview:large, max-video-preview:-1\" \/>\n<link rel=\"canonical\" href=\"https:\/\/grapil.pl\/en\/product\/foam-knee-pads-protectors-trouser-inserts\/\" \/>\n<meta property=\"og:locale\" content=\"en_GB\" \/>\n<meta property=\"og:type\" content=\"article\" \/>\n<meta property=\"og:title\" content=\"Nakolanniki piankowe ochraniacze wk\u0142ady do spodni - Grapil.pl \u2013 Profesjonalna Odzie\u017c S\u0142u\u017cbowa dla Bran\u017cy Kelnerskiej, HoReCa i Medycyny\" \/>\n<meta property=\"og:description\" content=\"Wk\u0142adki nakolannikowe piankowe &#8211; nakolanniki piankowe chroni\u0105 kolana podczas kl\u0119kania, nie krepuj\u0105 ruch\u00f3w podczas chodzenia &#8211; wysoka ergonomia &#8211; jako\u015b\u0107\" \/>\n<meta property=\"og:url\" content=\"https:\/\/grapil.pl\/en\/product\/foam-knee-pads-protectors-trouser-inserts\/\" \/>\n<meta property=\"og:site_name\" content=\"Grapil.pl \u2013 Profesjonalna Odzie\u017c S\u0142u\u017cbowa dla Bran\u017cy Kelnerskiej, HoReCa i Medycyny\" \/>\n<meta property=\"article:modified_time\" content=\"2025-04-09T15:42:08+00:00\" \/>\n<meta property=\"og:image\" content=\"https:\/\/grapil.pl\/wp-content\/uploads\/2025\/04\/19998.jpg\" \/>\n\t<meta property=\"og:image:width\" content=\"700\" \/>\n\t<meta property=\"og:image:height\" content=\"700\" \/>\n\t<meta property=\"og:image:type\" content=\"image\/jpeg\" \/>\n<meta name=\"twitter:card\" content=\"summary_large_image\" \/>\n<meta name=\"twitter:label1\" content=\"Estimated reading time\" \/>\n\t<meta name=\"twitter:data1\" content=\"1 minute\" \/>\n<script type=\"application\/ld+json\" class=\"yoast-schema-graph\">{\"@context\":\"https:\/\/schema.org\",\"@graph\":[{\"@type\":\"WebPage\",\"@id\":\"https:\/\/grapil.pl\/produkt\/nakolanniki-piankowe-ochraniacze-wklady-do-spodni\/\",\"url\":\"https:\/\/grapil.pl\/produkt\/nakolanniki-piankowe-ochraniacze-wklady-do-spodni\/\",\"name\":\"Nakolanniki piankowe ochraniacze wk\u0142ady do spodni - Grapil.pl \u2013 Profesjonalna Odzie\u017c S\u0142u\u017cbowa dla Bran\u017cy Kelnerskiej, HoReCa i Medycyny\",\"isPartOf\":{\"@id\":\"https:\/\/grapil.pl\/#website\"},\"primaryImageOfPage\":{\"@id\":\"https:\/\/grapil.pl\/produkt\/nakolanniki-piankowe-ochraniacze-wklady-do-spodni\/#primaryimage\"},\"image\":{\"@id\":\"https:\/\/grapil.pl\/produkt\/nakolanniki-piankowe-ochraniacze-wklady-do-spodni\/#primaryimage\"},\"thumbnailUrl\":\"https:\/\/grapil.pl\/wp-content\/uploads\/2025\/04\/19998.jpg\",\"datePublished\":\"2025-04-09T15:42:06+00:00\",\"dateModified\":\"2025-04-09T15:42:08+00:00\",\"breadcrumb\":{\"@id\":\"https:\/\/grapil.pl\/produkt\/nakolanniki-piankowe-ochraniacze-wklady-do-spodni\/#breadcrumb\"},\"inLanguage\":\"en-GB\",\"potentialAction\":[{\"@type\":\"ReadAction\",\"target\":[\"https:\/\/grapil.pl\/produkt\/nakolanniki-piankowe-ochraniacze-wklady-do-spodni\/\"]}]},{\"@type\":\"ImageObject\",\"inLanguage\":\"en-GB\",\"@id\":\"https:\/\/grapil.pl\/produkt\/nakolanniki-piankowe-ochraniacze-wklady-do-spodni\/#primaryimage\",\"url\":\"https:\/\/grapil.pl\/wp-content\/uploads\/2025\/04\/19998.jpg\",\"contentUrl\":\"https:\/\/grapil.pl\/wp-content\/uploads\/2025\/04\/19998.jpg\",\"width\":700,\"height\":700},{\"@type\":\"BreadcrumbList\",\"@id\":\"https:\/\/grapil.pl\/produkt\/nakolanniki-piankowe-ochraniacze-wklady-do-spodni\/#breadcrumb\",\"itemListElement\":[{\"@type\":\"ListItem\",\"position\":1,\"name\":\"Strona g\u0142\u00f3wna\",\"item\":\"https:\/\/grapil.pl\/\"},{\"@type\":\"ListItem\",\"position\":2,\"name\":\"sklep\",\"item\":\"https:\/\/grapil.pl\/sklep\/\"},{\"@type\":\"ListItem\",\"position\":3,\"name\":\"Nakolanniki piankowe ochraniacze wk\u0142ady do spodni\"}]},{\"@type\":\"WebSite\",\"@id\":\"https:\/\/grapil.pl\/#website\",\"url\":\"https:\/\/grapil.pl\/\",\"name\":\"Grapil.pl \u2013 Profesjonalna Odzie\u017c S\u0142u\u017cbowa dla Bran\u017cy Kelnerskiej, HoReCa i Medycyny\",\"description\":\"\",\"potentialAction\":[{\"@type\":\"SearchAction\",\"target\":{\"@type\":\"EntryPoint\",\"urlTemplate\":\"https:\/\/grapil.pl\/?s={search_term_string}\"},\"query-input\":{\"@type\":\"PropertyValueSpecification\",\"valueRequired\":true,\"valueName\":\"search_term_string\"}}],\"inLanguage\":\"en-GB\"}]}<\/script>\n<!-- \/ Yoast SEO plugin. -->","yoast_head_json":{"title":"Nakolanniki piankowe ochraniacze wk\u0142ady do spodni - Grapil.pl \u2013 Profesjonalna Odzie\u017c S\u0142u\u017cbowa dla Bran\u017cy Kelnerskiej, HoReCa i Medycyny","robots":{"index":"index","follow":"follow","max-snippet":"max-snippet:-1","max-image-preview":"max-image-preview:large","max-video-preview":"max-video-preview:-1"},"canonical":"https:\/\/grapil.pl\/en\/product\/foam-knee-pads-protectors-trouser-inserts\/","og_locale":"en_GB","og_type":"article","og_title":"Nakolanniki piankowe ochraniacze wk\u0142ady do spodni - Grapil.pl \u2013 Profesjonalna Odzie\u017c S\u0142u\u017cbowa dla Bran\u017cy Kelnerskiej, HoReCa i Medycyny","og_description":"Wk\u0142adki nakolannikowe piankowe &#8211; nakolanniki piankowe chroni\u0105 kolana podczas kl\u0119kania, nie krepuj\u0105 ruch\u00f3w podczas chodzenia &#8211; wysoka ergonomia &#8211; jako\u015b\u0107","og_url":"https:\/\/grapil.pl\/en\/product\/foam-knee-pads-protectors-trouser-inserts\/","og_site_name":"Grapil.pl \u2013 Profesjonalna Odzie\u017c S\u0142u\u017cbowa dla Bran\u017cy Kelnerskiej, HoReCa i Medycyny","article_modified_time":"2025-04-09T15:42:08+00:00","og_image":[{"width":700,"height":700,"url":"https:\/\/grapil.pl\/wp-content\/uploads\/2025\/04\/19998.jpg","type":"image\/jpeg"}],"twitter_card":"summary_large_image","twitter_misc":{"Estimated reading time":"1 minute"},"schema":{"@context":"https:\/\/schema.org","@graph":[{"@type":"WebPage","@id":"https:\/\/grapil.pl\/produkt\/nakolanniki-piankowe-ochraniacze-wklady-do-spodni\/","url":"https:\/\/grapil.pl\/produkt\/nakolanniki-piankowe-ochraniacze-wklady-do-spodni\/","name":"Nakolanniki piankowe ochraniacze wk\u0142ady do spodni - Grapil.pl \u2013 Profesjonalna Odzie\u017c S\u0142u\u017cbowa dla Bran\u017cy Kelnerskiej, HoReCa i Medycyny","isPartOf":{"@id":"https:\/\/grapil.pl\/#website"},"primaryImageOfPage":{"@id":"https:\/\/grapil.pl\/produkt\/nakolanniki-piankowe-ochraniacze-wklady-do-spodni\/#primaryimage"},"image":{"@id":"https:\/\/grapil.pl\/produkt\/nakolanniki-piankowe-ochraniacze-wklady-do-spodni\/#primaryimage"},"thumbnailUrl":"https:\/\/grapil.pl\/wp-content\/uploads\/2025\/04\/19998.jpg","datePublished":"2025-04-09T15:42:06+00:00","dateModified":"2025-04-09T15:42:08+00:00","breadcrumb":{"@id":"https:\/\/grapil.pl\/produkt\/nakolanniki-piankowe-ochraniacze-wklady-do-spodni\/#breadcrumb"},"inLanguage":"en-GB","potentialAction":[{"@type":"ReadAction","target":["https:\/\/grapil.pl\/produkt\/nakolanniki-piankowe-ochraniacze-wklady-do-spodni\/"]}]},{"@type":"ImageObject","inLanguage":"en-GB","@id":"https:\/\/grapil.pl\/produkt\/nakolanniki-piankowe-ochraniacze-wklady-do-spodni\/#primaryimage","url":"https:\/\/grapil.pl\/wp-content\/uploads\/2025\/04\/19998.jpg","contentUrl":"https:\/\/grapil.pl\/wp-content\/uploads\/2025\/04\/19998.jpg","width":700,"height":700},{"@type":"BreadcrumbList","@id":"https:\/\/grapil.pl\/produkt\/nakolanniki-piankowe-ochraniacze-wklady-do-spodni\/#breadcrumb","itemListElement":[{"@type":"ListItem","position":1,"name":"Strona g\u0142\u00f3wna","item":"https:\/\/grapil.pl\/"},{"@type":"ListItem","position":2,"name":"sklep","item":"https:\/\/grapil.pl\/sklep\/"},{"@type":"ListItem","position":3,"name":"Nakolanniki piankowe ochraniacze wk\u0142ady do spodni"}]},{"@type":"WebSite","@id":"https:\/\/grapil.pl\/#website","url":"https:\/\/grapil.pl\/","name":"Grapil.pl \u2013 Profesjonalna Odzie\u017c S\u0142u\u017cbowa dla Bran\u017cy Kelnerskiej, HoReCa i Medycyny","description":"","potentialAction":[{"@type":"SearchAction","target":{"@type":"EntryPoint","urlTemplate":"https:\/\/grapil.pl\/?s={search_term_string}"},"query-input":{"@type":"PropertyValueSpecification","valueRequired":true,"valueName":"search_term_string"}}],"inLanguage":"en-GB"}]}},"_links":{"self":[{"href":"https:\/\/grapil.pl\/en\/wp-json\/wp\/v2\/product\/19428","targetHints":{"allow":["GET"]}}],"collection":[{"href":"https:\/\/grapil.pl\/en\/wp-json\/wp\/v2\/product"}],"about":[{"href":"https:\/\/grapil.pl\/en\/wp-json\/wp\/v2\/types\/product"}],"version-history":[{"count":1,"href":"https:\/\/grapil.pl\/en\/wp-json\/wp\/v2\/product\/19428\/revisions"}],"predecessor-version":[{"id":19429,"href":"https:\/\/grapil.pl\/en\/wp-json\/wp\/v2\/product\/19428\/revisions\/19429"}],"wp:featuredmedia":[{"embeddable":true,"href":"https:\/\/grapil.pl\/en\/wp-json\/wp\/v2\/media\/19430"}],"wp:attachment":[{"href":"https:\/\/grapil.pl\/en\/wp-json\/wp\/v2\/media?parent=19428"}],"wp:term":[{"taxonomy":"product_brand","embeddable":true,"href":"https:\/\/grapil.pl\/en\/wp-json\/wp\/v2\/product_brand?post=19428"},{"taxonomy":"product_cat","embeddable":true,"href":"https:\/\/grapil.pl\/en\/wp-json\/wp\/v2\/product_cat?post=19428"},{"taxonomy":"product_tag","embeddable":true,"href":"https:\/\/grapil.pl\/en\/wp-json\/wp\/v2\/product_tag?post=19428"}],"curies":[{"name":"wp","href":"https:\/\/api.w.org\/{rel}","templated":true}]}}