{"id":19434,"date":"2025-04-09T17:42:06","date_gmt":"2025-04-09T15:42:06","guid":{"rendered":"https:\/\/grapil.pl\/produkt\/kamizelka-robocza-classicwariant1\/"},"modified":"2025-04-14T12:58:36","modified_gmt":"2025-04-14T10:58:36","slug":"classic-work-vestvariant1","status":"publish","type":"product","link":"https:\/\/grapil.pl\/en\/product\/classic-work-vestvariant1\/","title":{"rendered":"Classic Work Vest"},"content":{"rendered":"<h1>CLASSIC Vest<\/h1>\n<p>It is characterized by\u00a0<strong>attractive<\/strong>\u00a0design and excellent\u00a0<strong>functionality<\/strong>.<\/p>\n<p>Made of very\u00a0<strong>durable<\/strong>\u00a0specialist fabric \u2013 canvas (80% polyester and 20% cotton)\u00a0<strong>very high<\/strong>\u00a0weight of 270 +\/-10 grams\/m2 and a strong, dense weave.<\/p>\n<h2>Characteristic:<\/h2>\n<ul>\n<li><strong>professional<\/strong>\u00a0sewing and\u00a0<strong>aesthetics<\/strong>\u00a0execution<\/li>\n<li><strong>triple stitching<\/strong>\u00a0and numerous solid bolts additionally reinforcing places particularly exposed to tearing<\/li>\n<li>fastened with a zipper<\/li>\n<li><strong>10 pockets,<\/strong>\u00a0including 8 with Velcro fastening flaps<\/li>\n<li>additional\u00a0<strong>pocket reinforcements<\/strong>\u00a0protecting them against punctures by sharp objects made of strong 600d polyester fabric.<\/li>\n<li>appropriately selected width of the yoke to make a print under it at the right height<\/li>\n<li>very low shrinkage, even after repeated washing<\/li>\n<li><strong>color stability<\/strong><\/li>\n<\/ul>\n<p><strong>CE Cat.I PN-EN ISO 13688:2013<\/strong><\/p>","protected":false},"excerpt":{"rendered":"<p>Kamizelka CLASSIC Charakteryzuje si\u0119\u00a0atrakcyjnym\u00a0wzornictwem i doskona\u0142\u0105\u00a0funkcjonalno\u015bci\u0105. Wykonane z bardzo\u00a0wytrzyma\u0142ej\u00a0specjalistycznej tkaniny &#8211; p\u0142\u00f3tno (80% poliestru i 20% bawe\u0142ny) o\u00a0bardzo wysokiej\u00a0gramaturze 270<\/p>","protected":false},"featured_media":19436,"template":"","meta":[],"product_brand":[91],"product_cat":[86,92,122],"product_tag":[],"class_list":{"0":"post-19434","1":"product","2":"type-product","3":"status-publish","4":"has-post-thumbnail","6":"product_brand-artmas","7":"product_cat-sklepbhp","8":"product_cat-odziez-robocza","9":"product_cat-kamizelki","11":"first","12":"instock","13":"product-type-variable","14":"wvs-archive-product-wrapper"},"yoast_head":"<!-- This site is optimized with the Yoast SEO plugin v25.3 - https:\/\/yoast.com\/wordpress\/plugins\/seo\/ -->\n<title>Kamizelka robocza Classic - Grapil.pl \u2013 Profesjonalna Odzie\u017c S\u0142u\u017cbowa dla Bran\u017cy Kelnerskiej, HoReCa i Medycyny<\/title>\n<meta name=\"robots\" content=\"index, follow, max-snippet:-1, max-image-preview:large, max-video-preview:-1\" \/>\n<link rel=\"canonical\" href=\"https:\/\/grapil.pl\/en\/product\/classic-work-vestvariant1\/\" \/>\n<meta property=\"og:locale\" content=\"en_GB\" \/>\n<meta property=\"og:type\" content=\"article\" \/>\n<meta property=\"og:title\" content=\"Kamizelka robocza Classic - Grapil.pl \u2013 Profesjonalna Odzie\u017c S\u0142u\u017cbowa dla Bran\u017cy Kelnerskiej, HoReCa i Medycyny\" \/>\n<meta property=\"og:description\" content=\"Kamizelka CLASSIC Charakteryzuje si\u0119\u00a0atrakcyjnym\u00a0wzornictwem i doskona\u0142\u0105\u00a0funkcjonalno\u015bci\u0105. Wykonane z bardzo\u00a0wytrzyma\u0142ej\u00a0specjalistycznej tkaniny &#8211; p\u0142\u00f3tno (80% poliestru i 20% bawe\u0142ny) o\u00a0bardzo wysokiej\u00a0gramaturze 270\" \/>\n<meta property=\"og:url\" content=\"https:\/\/grapil.pl\/en\/product\/classic-work-vestvariant1\/\" \/>\n<meta property=\"og:site_name\" content=\"Grapil.pl \u2013 Profesjonalna Odzie\u017c S\u0142u\u017cbowa dla Bran\u017cy Kelnerskiej, HoReCa i Medycyny\" \/>\n<meta property=\"article:modified_time\" content=\"2025-04-14T10:58:36+00:00\" \/>\n<meta property=\"og:image\" content=\"https:\/\/grapil.pl\/wp-content\/uploads\/2025\/04\/19802.jpg\" \/>\n\t<meta property=\"og:image:width\" content=\"700\" \/>\n\t<meta property=\"og:image:height\" content=\"700\" \/>\n\t<meta property=\"og:image:type\" content=\"image\/jpeg\" \/>\n<meta name=\"twitter:card\" content=\"summary_large_image\" \/>\n<meta name=\"twitter:label1\" content=\"Estimated reading time\" \/>\n\t<meta name=\"twitter:data1\" content=\"1 minute\" \/>\n<script type=\"application\/ld+json\" class=\"yoast-schema-graph\">{\"@context\":\"https:\/\/schema.org\",\"@graph\":[{\"@type\":\"WebPage\",\"@id\":\"https:\/\/grapil.pl\/produkt\/kamizelka-robocza-classicwariant1\/\",\"url\":\"https:\/\/grapil.pl\/produkt\/kamizelka-robocza-classicwariant1\/\",\"name\":\"Kamizelka robocza Classic - Grapil.pl \u2013 Profesjonalna Odzie\u017c S\u0142u\u017cbowa dla Bran\u017cy Kelnerskiej, HoReCa i Medycyny\",\"isPartOf\":{\"@id\":\"https:\/\/grapil.pl\/#website\"},\"primaryImageOfPage\":{\"@id\":\"https:\/\/grapil.pl\/produkt\/kamizelka-robocza-classicwariant1\/#primaryimage\"},\"image\":{\"@id\":\"https:\/\/grapil.pl\/produkt\/kamizelka-robocza-classicwariant1\/#primaryimage\"},\"thumbnailUrl\":\"https:\/\/grapil.pl\/wp-content\/uploads\/2025\/04\/19802.jpg\",\"datePublished\":\"2025-04-09T15:42:06+00:00\",\"dateModified\":\"2025-04-14T10:58:36+00:00\",\"breadcrumb\":{\"@id\":\"https:\/\/grapil.pl\/produkt\/kamizelka-robocza-classicwariant1\/#breadcrumb\"},\"inLanguage\":\"en-GB\",\"potentialAction\":[{\"@type\":\"ReadAction\",\"target\":[\"https:\/\/grapil.pl\/produkt\/kamizelka-robocza-classicwariant1\/\"]}]},{\"@type\":\"ImageObject\",\"inLanguage\":\"en-GB\",\"@id\":\"https:\/\/grapil.pl\/produkt\/kamizelka-robocza-classicwariant1\/#primaryimage\",\"url\":\"https:\/\/grapil.pl\/wp-content\/uploads\/2025\/04\/19802.jpg\",\"contentUrl\":\"https:\/\/grapil.pl\/wp-content\/uploads\/2025\/04\/19802.jpg\",\"width\":700,\"height\":700},{\"@type\":\"BreadcrumbList\",\"@id\":\"https:\/\/grapil.pl\/produkt\/kamizelka-robocza-classicwariant1\/#breadcrumb\",\"itemListElement\":[{\"@type\":\"ListItem\",\"position\":1,\"name\":\"Strona g\u0142\u00f3wna\",\"item\":\"https:\/\/grapil.pl\/\"},{\"@type\":\"ListItem\",\"position\":2,\"name\":\"sklep\",\"item\":\"https:\/\/grapil.pl\/sklep\/\"},{\"@type\":\"ListItem\",\"position\":3,\"name\":\"Kamizelka robocza Classic\"}]},{\"@type\":\"WebSite\",\"@id\":\"https:\/\/grapil.pl\/#website\",\"url\":\"https:\/\/grapil.pl\/\",\"name\":\"Grapil.pl \u2013 Profesjonalna Odzie\u017c S\u0142u\u017cbowa dla Bran\u017cy Kelnerskiej, HoReCa i Medycyny\",\"description\":\"\",\"potentialAction\":[{\"@type\":\"SearchAction\",\"target\":{\"@type\":\"EntryPoint\",\"urlTemplate\":\"https:\/\/grapil.pl\/?s={search_term_string}\"},\"query-input\":{\"@type\":\"PropertyValueSpecification\",\"valueRequired\":true,\"valueName\":\"search_term_string\"}}],\"inLanguage\":\"en-GB\"}]}<\/script>\n<!-- \/ Yoast SEO plugin. -->","yoast_head_json":{"title":"Kamizelka robocza Classic - Grapil.pl \u2013 Profesjonalna Odzie\u017c S\u0142u\u017cbowa dla Bran\u017cy Kelnerskiej, HoReCa i Medycyny","robots":{"index":"index","follow":"follow","max-snippet":"max-snippet:-1","max-image-preview":"max-image-preview:large","max-video-preview":"max-video-preview:-1"},"canonical":"https:\/\/grapil.pl\/en\/product\/classic-work-vestvariant1\/","og_locale":"en_GB","og_type":"article","og_title":"Kamizelka robocza Classic - Grapil.pl \u2013 Profesjonalna Odzie\u017c S\u0142u\u017cbowa dla Bran\u017cy Kelnerskiej, HoReCa i Medycyny","og_description":"Kamizelka CLASSIC Charakteryzuje si\u0119\u00a0atrakcyjnym\u00a0wzornictwem i doskona\u0142\u0105\u00a0funkcjonalno\u015bci\u0105. Wykonane z bardzo\u00a0wytrzyma\u0142ej\u00a0specjalistycznej tkaniny &#8211; p\u0142\u00f3tno (80% poliestru i 20% bawe\u0142ny) o\u00a0bardzo wysokiej\u00a0gramaturze 270","og_url":"https:\/\/grapil.pl\/en\/product\/classic-work-vestvariant1\/","og_site_name":"Grapil.pl \u2013 Profesjonalna Odzie\u017c S\u0142u\u017cbowa dla Bran\u017cy Kelnerskiej, HoReCa i Medycyny","article_modified_time":"2025-04-14T10:58:36+00:00","og_image":[{"width":700,"height":700,"url":"https:\/\/grapil.pl\/wp-content\/uploads\/2025\/04\/19802.jpg","type":"image\/jpeg"}],"twitter_card":"summary_large_image","twitter_misc":{"Estimated reading time":"1 minute"},"schema":{"@context":"https:\/\/schema.org","@graph":[{"@type":"WebPage","@id":"https:\/\/grapil.pl\/produkt\/kamizelka-robocza-classicwariant1\/","url":"https:\/\/grapil.pl\/produkt\/kamizelka-robocza-classicwariant1\/","name":"Kamizelka robocza Classic - Grapil.pl \u2013 Profesjonalna Odzie\u017c S\u0142u\u017cbowa dla Bran\u017cy Kelnerskiej, HoReCa i Medycyny","isPartOf":{"@id":"https:\/\/grapil.pl\/#website"},"primaryImageOfPage":{"@id":"https:\/\/grapil.pl\/produkt\/kamizelka-robocza-classicwariant1\/#primaryimage"},"image":{"@id":"https:\/\/grapil.pl\/produkt\/kamizelka-robocza-classicwariant1\/#primaryimage"},"thumbnailUrl":"https:\/\/grapil.pl\/wp-content\/uploads\/2025\/04\/19802.jpg","datePublished":"2025-04-09T15:42:06+00:00","dateModified":"2025-04-14T10:58:36+00:00","breadcrumb":{"@id":"https:\/\/grapil.pl\/produkt\/kamizelka-robocza-classicwariant1\/#breadcrumb"},"inLanguage":"en-GB","potentialAction":[{"@type":"ReadAction","target":["https:\/\/grapil.pl\/produkt\/kamizelka-robocza-classicwariant1\/"]}]},{"@type":"ImageObject","inLanguage":"en-GB","@id":"https:\/\/grapil.pl\/produkt\/kamizelka-robocza-classicwariant1\/#primaryimage","url":"https:\/\/grapil.pl\/wp-content\/uploads\/2025\/04\/19802.jpg","contentUrl":"https:\/\/grapil.pl\/wp-content\/uploads\/2025\/04\/19802.jpg","width":700,"height":700},{"@type":"BreadcrumbList","@id":"https:\/\/grapil.pl\/produkt\/kamizelka-robocza-classicwariant1\/#breadcrumb","itemListElement":[{"@type":"ListItem","position":1,"name":"Strona g\u0142\u00f3wna","item":"https:\/\/grapil.pl\/"},{"@type":"ListItem","position":2,"name":"sklep","item":"https:\/\/grapil.pl\/sklep\/"},{"@type":"ListItem","position":3,"name":"Kamizelka robocza Classic"}]},{"@type":"WebSite","@id":"https:\/\/grapil.pl\/#website","url":"https:\/\/grapil.pl\/","name":"Grapil.pl \u2013 Profesjonalna Odzie\u017c S\u0142u\u017cbowa dla Bran\u017cy Kelnerskiej, HoReCa i Medycyny","description":"","potentialAction":[{"@type":"SearchAction","target":{"@type":"EntryPoint","urlTemplate":"https:\/\/grapil.pl\/?s={search_term_string}"},"query-input":{"@type":"PropertyValueSpecification","valueRequired":true,"valueName":"search_term_string"}}],"inLanguage":"en-GB"}]}},"_links":{"self":[{"href":"https:\/\/grapil.pl\/en\/wp-json\/wp\/v2\/product\/19434","targetHints":{"allow":["GET"]}}],"collection":[{"href":"https:\/\/grapil.pl\/en\/wp-json\/wp\/v2\/product"}],"about":[{"href":"https:\/\/grapil.pl\/en\/wp-json\/wp\/v2\/types\/product"}],"version-history":[{"count":2,"href":"https:\/\/grapil.pl\/en\/wp-json\/wp\/v2\/product\/19434\/revisions"}],"predecessor-version":[{"id":20072,"href":"https:\/\/grapil.pl\/en\/wp-json\/wp\/v2\/product\/19434\/revisions\/20072"}],"wp:featuredmedia":[{"embeddable":true,"href":"https:\/\/grapil.pl\/en\/wp-json\/wp\/v2\/media\/19436"}],"wp:attachment":[{"href":"https:\/\/grapil.pl\/en\/wp-json\/wp\/v2\/media?parent=19434"}],"wp:term":[{"taxonomy":"product_brand","embeddable":true,"href":"https:\/\/grapil.pl\/en\/wp-json\/wp\/v2\/product_brand?post=19434"},{"taxonomy":"product_cat","embeddable":true,"href":"https:\/\/grapil.pl\/en\/wp-json\/wp\/v2\/product_cat?post=19434"},{"taxonomy":"product_tag","embeddable":true,"href":"https:\/\/grapil.pl\/en\/wp-json\/wp\/v2\/product_tag?post=19434"}],"curies":[{"name":"wp","href":"https:\/\/api.w.org\/{rel}","templated":true}]}}