{"id":19446,"date":"2025-04-09T17:42:06","date_gmt":"2025-04-09T15:42:06","guid":{"rendered":"https:\/\/grapil.pl\/produkt\/bluza-dresowa-jhk-chabrowawariant1\/"},"modified":"2025-04-14T14:38:28","modified_gmt":"2025-04-14T12:38:28","slug":"jhk-sweatshirt-cornflowervariant1","status":"publish","type":"product","link":"https:\/\/grapil.pl\/en\/product\/jhk-sweatshirt-cornflowervariant1\/","title":{"rendered":"JHK cornflower blue sweatshirt"},"content":{"rendered":"<p><strong>Warm black sweatshirt<\/strong>. It will work well on cold days at work and beyond! The sweatshirt adapts to the silhouette, ensuring comfort during use.<\/p>\n<p><strong>Double stitching on cuffs and sleeves<\/strong>. Pullers reinforced with Lycra.<\/p>\n<p><span style=\"color: #ff0000;\">Possibility of computer embroidery.<\/span><\/p>\n<p><strong>Characteristic:<\/strong><\/p>\n<ul>\n<li>material:\u00a0<strong>35% cotton \u2013 65% polyester<\/strong><\/li>\n<li>weight:\u00a0<strong>290 g\/m2<\/strong><\/li>\n<\/ul>\n<p><strong>Size chart:<\/strong><\/p>\n<table style=\"height: 82px;\" width=\"594\">\n<tbody>\n<tr>\n<td style=\"width: 82px; text-align: center;\">Size<\/td>\n<td style=\"width: 64px; text-align: center;\">XS<\/td>\n<td style=\"width: 65px; text-align: center;\">S<\/td>\n<td style=\"width: 66px; text-align: center;\">M<\/td>\n<td style=\"width: 66px; text-align: center;\">L<\/td>\n<td style=\"width: 66px; text-align: center;\">XL<\/td>\n<td style=\"width: 66px; text-align: center;\">XXL<\/td>\n<td style=\"width: 67px; text-align: center;\">XXXL<\/td>\n<\/tr>\n<tr>\n<td style=\"width: 82px; text-align: center;\">Length<\/td>\n<td style=\"width: 64px; text-align: center;\">63<\/td>\n<td style=\"width: 65px; text-align: center;\">66<\/td>\n<td style=\"width: 66px; text-align: center;\">69<\/td>\n<td style=\"width: 66px; text-align: center;\">72<\/td>\n<td style=\"width: 66px; text-align: center;\">76<\/td>\n<td style=\"width: 66px; text-align: center;\">78<\/td>\n<td style=\"width: 67px; text-align: center;\">81<\/td>\n<\/tr>\n<tr>\n<td style=\"width: 82px; text-align: center;\">Width<\/td>\n<td style=\"width: 64px; text-align: center;\">51<\/td>\n<td style=\"width: 65px; text-align: center;\">54<\/td>\n<td style=\"width: 66px; text-align: center;\">57<\/td>\n<td style=\"width: 66px; text-align: center;\">60<\/td>\n<td style=\"width: 66px; text-align: center;\">63<\/td>\n<td style=\"width: 66px; text-align: center;\">66<\/td>\n<td style=\"width: 67px; text-align: center;\">70<\/td>\n<\/tr>\n<\/tbody>\n<\/table>","protected":false},"excerpt":{"rendered":"<p>Warm sweatshirt in black. It will be perfect for cold days at work and beyond! The sweatshirt adapts to<\/p>","protected":false},"featured_media":19448,"template":"","meta":[],"product_brand":[],"product_cat":[86,92,100,120],"product_tag":[],"class_list":{"0":"post-19446","1":"product","2":"type-product","3":"status-publish","4":"has-post-thumbnail","6":"product_cat-sklepbhp","7":"product_cat-odziez-robocza","8":"product_cat-polary-i-bluzy-robocze","9":"product_cat-polary-i-bluzy-meskie","11":"first","12":"outofstock","13":"product-type-variable","14":"wvs-archive-product-wrapper"},"yoast_head":"<!-- This site is optimized with the Yoast SEO plugin v25.3 - https:\/\/yoast.com\/wordpress\/plugins\/seo\/ -->\n<title>Bluza dresowa JHK chabrowa - Grapil.pl \u2013 Profesjonalna Odzie\u017c S\u0142u\u017cbowa dla Bran\u017cy Kelnerskiej, HoReCa i Medycyny<\/title>\n<meta name=\"robots\" content=\"index, follow, max-snippet:-1, max-image-preview:large, max-video-preview:-1\" \/>\n<link rel=\"canonical\" href=\"https:\/\/grapil.pl\/en\/product\/jhk-sweatshirt-cornflowervariant1\/\" \/>\n<meta property=\"og:locale\" content=\"en_GB\" \/>\n<meta property=\"og:type\" content=\"article\" \/>\n<meta property=\"og:title\" content=\"Bluza dresowa JHK chabrowa - Grapil.pl \u2013 Profesjonalna Odzie\u017c S\u0142u\u017cbowa dla Bran\u017cy Kelnerskiej, HoReCa i Medycyny\" \/>\n<meta property=\"og:description\" content=\"Ciep\u0142a bluza dresowa w kolorze czarnym. Sprawdzi si\u0119 w zimne dni w pracy i nie tylko! Bluza dopasowuje si\u0119 do\" \/>\n<meta property=\"og:url\" content=\"https:\/\/grapil.pl\/en\/product\/jhk-sweatshirt-cornflowervariant1\/\" \/>\n<meta property=\"og:site_name\" content=\"Grapil.pl \u2013 Profesjonalna Odzie\u017c S\u0142u\u017cbowa dla Bran\u017cy Kelnerskiej, HoReCa i Medycyny\" \/>\n<meta property=\"article:modified_time\" content=\"2025-04-14T12:38:28+00:00\" \/>\n<meta property=\"og:image\" content=\"https:\/\/grapil.pl\/wp-content\/uploads\/2025\/04\/20167.jpg\" \/>\n\t<meta property=\"og:image:width\" content=\"378\" \/>\n\t<meta property=\"og:image:height\" content=\"475\" \/>\n\t<meta property=\"og:image:type\" content=\"image\/jpeg\" \/>\n<meta name=\"twitter:card\" content=\"summary_large_image\" \/>\n<meta name=\"twitter:label1\" content=\"Estimated reading time\" \/>\n\t<meta name=\"twitter:data1\" content=\"1 minute\" \/>\n<script type=\"application\/ld+json\" class=\"yoast-schema-graph\">{\"@context\":\"https:\/\/schema.org\",\"@graph\":[{\"@type\":\"WebPage\",\"@id\":\"https:\/\/grapil.pl\/produkt\/bluza-dresowa-jhk-chabrowawariant1\/\",\"url\":\"https:\/\/grapil.pl\/produkt\/bluza-dresowa-jhk-chabrowawariant1\/\",\"name\":\"Bluza dresowa JHK chabrowa - Grapil.pl \u2013 Profesjonalna Odzie\u017c S\u0142u\u017cbowa dla Bran\u017cy Kelnerskiej, HoReCa i Medycyny\",\"isPartOf\":{\"@id\":\"https:\/\/grapil.pl\/#website\"},\"primaryImageOfPage\":{\"@id\":\"https:\/\/grapil.pl\/produkt\/bluza-dresowa-jhk-chabrowawariant1\/#primaryimage\"},\"image\":{\"@id\":\"https:\/\/grapil.pl\/produkt\/bluza-dresowa-jhk-chabrowawariant1\/#primaryimage\"},\"thumbnailUrl\":\"https:\/\/grapil.pl\/wp-content\/uploads\/2025\/04\/20167.jpg\",\"datePublished\":\"2025-04-09T15:42:06+00:00\",\"dateModified\":\"2025-04-14T12:38:28+00:00\",\"breadcrumb\":{\"@id\":\"https:\/\/grapil.pl\/produkt\/bluza-dresowa-jhk-chabrowawariant1\/#breadcrumb\"},\"inLanguage\":\"en-GB\",\"potentialAction\":[{\"@type\":\"ReadAction\",\"target\":[\"https:\/\/grapil.pl\/produkt\/bluza-dresowa-jhk-chabrowawariant1\/\"]}]},{\"@type\":\"ImageObject\",\"inLanguage\":\"en-GB\",\"@id\":\"https:\/\/grapil.pl\/produkt\/bluza-dresowa-jhk-chabrowawariant1\/#primaryimage\",\"url\":\"https:\/\/grapil.pl\/wp-content\/uploads\/2025\/04\/20167.jpg\",\"contentUrl\":\"https:\/\/grapil.pl\/wp-content\/uploads\/2025\/04\/20167.jpg\",\"width\":378,\"height\":475},{\"@type\":\"BreadcrumbList\",\"@id\":\"https:\/\/grapil.pl\/produkt\/bluza-dresowa-jhk-chabrowawariant1\/#breadcrumb\",\"itemListElement\":[{\"@type\":\"ListItem\",\"position\":1,\"name\":\"Strona g\u0142\u00f3wna\",\"item\":\"https:\/\/grapil.pl\/\"},{\"@type\":\"ListItem\",\"position\":2,\"name\":\"sklep\",\"item\":\"https:\/\/grapil.pl\/sklep\/\"},{\"@type\":\"ListItem\",\"position\":3,\"name\":\"Bluza dresowa JHK chabrowa\"}]},{\"@type\":\"WebSite\",\"@id\":\"https:\/\/grapil.pl\/#website\",\"url\":\"https:\/\/grapil.pl\/\",\"name\":\"Grapil.pl \u2013 Profesjonalna Odzie\u017c S\u0142u\u017cbowa dla Bran\u017cy Kelnerskiej, HoReCa i Medycyny\",\"description\":\"\",\"potentialAction\":[{\"@type\":\"SearchAction\",\"target\":{\"@type\":\"EntryPoint\",\"urlTemplate\":\"https:\/\/grapil.pl\/?s={search_term_string}\"},\"query-input\":{\"@type\":\"PropertyValueSpecification\",\"valueRequired\":true,\"valueName\":\"search_term_string\"}}],\"inLanguage\":\"en-GB\"}]}<\/script>\n<!-- \/ Yoast SEO plugin. -->","yoast_head_json":{"title":"Bluza dresowa JHK chabrowa - Grapil.pl \u2013 Profesjonalna Odzie\u017c S\u0142u\u017cbowa dla Bran\u017cy Kelnerskiej, HoReCa i Medycyny","robots":{"index":"index","follow":"follow","max-snippet":"max-snippet:-1","max-image-preview":"max-image-preview:large","max-video-preview":"max-video-preview:-1"},"canonical":"https:\/\/grapil.pl\/en\/product\/jhk-sweatshirt-cornflowervariant1\/","og_locale":"en_GB","og_type":"article","og_title":"Bluza dresowa JHK chabrowa - Grapil.pl \u2013 Profesjonalna Odzie\u017c S\u0142u\u017cbowa dla Bran\u017cy Kelnerskiej, HoReCa i Medycyny","og_description":"Ciep\u0142a bluza dresowa w kolorze czarnym. Sprawdzi si\u0119 w zimne dni w pracy i nie tylko! Bluza dopasowuje si\u0119 do","og_url":"https:\/\/grapil.pl\/en\/product\/jhk-sweatshirt-cornflowervariant1\/","og_site_name":"Grapil.pl \u2013 Profesjonalna Odzie\u017c S\u0142u\u017cbowa dla Bran\u017cy Kelnerskiej, HoReCa i Medycyny","article_modified_time":"2025-04-14T12:38:28+00:00","og_image":[{"width":378,"height":475,"url":"https:\/\/grapil.pl\/wp-content\/uploads\/2025\/04\/20167.jpg","type":"image\/jpeg"}],"twitter_card":"summary_large_image","twitter_misc":{"Estimated reading time":"1 minute"},"schema":{"@context":"https:\/\/schema.org","@graph":[{"@type":"WebPage","@id":"https:\/\/grapil.pl\/produkt\/bluza-dresowa-jhk-chabrowawariant1\/","url":"https:\/\/grapil.pl\/produkt\/bluza-dresowa-jhk-chabrowawariant1\/","name":"Bluza dresowa JHK chabrowa - Grapil.pl \u2013 Profesjonalna Odzie\u017c S\u0142u\u017cbowa dla Bran\u017cy Kelnerskiej, HoReCa i Medycyny","isPartOf":{"@id":"https:\/\/grapil.pl\/#website"},"primaryImageOfPage":{"@id":"https:\/\/grapil.pl\/produkt\/bluza-dresowa-jhk-chabrowawariant1\/#primaryimage"},"image":{"@id":"https:\/\/grapil.pl\/produkt\/bluza-dresowa-jhk-chabrowawariant1\/#primaryimage"},"thumbnailUrl":"https:\/\/grapil.pl\/wp-content\/uploads\/2025\/04\/20167.jpg","datePublished":"2025-04-09T15:42:06+00:00","dateModified":"2025-04-14T12:38:28+00:00","breadcrumb":{"@id":"https:\/\/grapil.pl\/produkt\/bluza-dresowa-jhk-chabrowawariant1\/#breadcrumb"},"inLanguage":"en-GB","potentialAction":[{"@type":"ReadAction","target":["https:\/\/grapil.pl\/produkt\/bluza-dresowa-jhk-chabrowawariant1\/"]}]},{"@type":"ImageObject","inLanguage":"en-GB","@id":"https:\/\/grapil.pl\/produkt\/bluza-dresowa-jhk-chabrowawariant1\/#primaryimage","url":"https:\/\/grapil.pl\/wp-content\/uploads\/2025\/04\/20167.jpg","contentUrl":"https:\/\/grapil.pl\/wp-content\/uploads\/2025\/04\/20167.jpg","width":378,"height":475},{"@type":"BreadcrumbList","@id":"https:\/\/grapil.pl\/produkt\/bluza-dresowa-jhk-chabrowawariant1\/#breadcrumb","itemListElement":[{"@type":"ListItem","position":1,"name":"Strona g\u0142\u00f3wna","item":"https:\/\/grapil.pl\/"},{"@type":"ListItem","position":2,"name":"sklep","item":"https:\/\/grapil.pl\/sklep\/"},{"@type":"ListItem","position":3,"name":"Bluza dresowa JHK chabrowa"}]},{"@type":"WebSite","@id":"https:\/\/grapil.pl\/#website","url":"https:\/\/grapil.pl\/","name":"Grapil.pl \u2013 Profesjonalna Odzie\u017c S\u0142u\u017cbowa dla Bran\u017cy Kelnerskiej, HoReCa i Medycyny","description":"","potentialAction":[{"@type":"SearchAction","target":{"@type":"EntryPoint","urlTemplate":"https:\/\/grapil.pl\/?s={search_term_string}"},"query-input":{"@type":"PropertyValueSpecification","valueRequired":true,"valueName":"search_term_string"}}],"inLanguage":"en-GB"}]}},"_links":{"self":[{"href":"https:\/\/grapil.pl\/en\/wp-json\/wp\/v2\/product\/19446","targetHints":{"allow":["GET"]}}],"collection":[{"href":"https:\/\/grapil.pl\/en\/wp-json\/wp\/v2\/product"}],"about":[{"href":"https:\/\/grapil.pl\/en\/wp-json\/wp\/v2\/types\/product"}],"version-history":[{"count":2,"href":"https:\/\/grapil.pl\/en\/wp-json\/wp\/v2\/product\/19446\/revisions"}],"predecessor-version":[{"id":20206,"href":"https:\/\/grapil.pl\/en\/wp-json\/wp\/v2\/product\/19446\/revisions\/20206"}],"wp:featuredmedia":[{"embeddable":true,"href":"https:\/\/grapil.pl\/en\/wp-json\/wp\/v2\/media\/19448"}],"wp:attachment":[{"href":"https:\/\/grapil.pl\/en\/wp-json\/wp\/v2\/media?parent=19446"}],"wp:term":[{"taxonomy":"product_brand","embeddable":true,"href":"https:\/\/grapil.pl\/en\/wp-json\/wp\/v2\/product_brand?post=19446"},{"taxonomy":"product_cat","embeddable":true,"href":"https:\/\/grapil.pl\/en\/wp-json\/wp\/v2\/product_cat?post=19446"},{"taxonomy":"product_tag","embeddable":true,"href":"https:\/\/grapil.pl\/en\/wp-json\/wp\/v2\/product_tag?post=19446"}],"curies":[{"name":"wp","href":"https:\/\/api.w.org\/{rel}","templated":true}]}}