{"id":19505,"date":"2025-04-09T17:42:14","date_gmt":"2025-04-09T15:42:14","guid":{"rendered":"https:\/\/grapil.pl\/produkt\/spodnie-robocze-do-pasa-bezowe-bojowki-typu-slimwariant1\/"},"modified":"2025-04-14T13:11:39","modified_gmt":"2025-04-14T11:11:39","slug":"work-trousers-to-the-waist-beige-combat-slim-type-variant1","status":"publish","type":"product","link":"https:\/\/grapil.pl\/en\/product\/work-trousers-to-the-waist-beige-combat-slim-type-variant1\/","title":{"rendered":"Work trousers to the waist, beige, slim combat trousers"},"content":{"rendered":"<p><span style=\"font-size: 14pt;\">The Lahti Pro combat trousers model L40515 are classic combat trousers modeled on the trousers of the American army. They are perfect for everyday use and also ideal for extreme conditions.<\/span><\/p>\n<ul>\n<li>MATERIAL: <strong>35% cotton, 65% polyester<\/strong><\/li>\n<li>Durable rip-stop fabric<\/li>\n<li><strong>8 pockets, including 4 with Velcro closure<\/strong><\/li>\n<li><strong>Double stitching<\/strong><\/li>\n<li>Additional reinforcement of seams in the crotch<\/li>\n<li>Waist width adjustment with elastic band<\/li>\n<li>Possibility of lengthening the legs (+2.5 cm)<\/li>\n<li>Keychain<\/li>\n<li>Belt loops<\/li>\n<li>Knee reinforcement with double layer of material<\/li>\n<li><strong>Slim fit cut<\/strong><\/li>\n<li>Fashionable and interesting design<\/li>\n<li>Identification tag<\/li>\n<li>STANDARD: EN ISO 13688<\/li>\n<\/ul>\n<p>&nbsp;<\/p>","protected":false},"excerpt":{"rendered":"<p>The Lahti Pro combat trousers model L40515 are classic combat trousers modeled on the trousers of the American army. They are perfect for everyday use and also ideal for extreme conditions.<\/p>","protected":false},"featured_media":19507,"template":"","meta":[],"product_brand":[156],"product_cat":[86,92,93],"product_tag":[],"class_list":{"0":"post-19505","1":"product","2":"type-product","3":"status-publish","4":"has-post-thumbnail","6":"product_brand-lahtipro","7":"product_cat-sklepbhp","8":"product_cat-odziez-robocza","9":"product_cat-spodnie-robocze","11":"first","12":"instock","13":"product-type-variable","14":"wvs-archive-product-wrapper"},"yoast_head":"<!-- This site is optimized with the Yoast SEO plugin v25.3 - https:\/\/yoast.com\/wordpress\/plugins\/seo\/ -->\n<title>Spodnie robocze do pasa be\u017cowe boj\u00f3wki slim - Grapil.pl \u2013 Profesjonalna Odzie\u017c S\u0142u\u017cbowa dla Bran\u017cy Kelnerskiej, HoReCa i Medycyny<\/title>\n<meta name=\"robots\" content=\"index, follow, max-snippet:-1, max-image-preview:large, max-video-preview:-1\" \/>\n<link rel=\"canonical\" href=\"https:\/\/grapil.pl\/en\/product\/work-trousers-to-the-waist-beige-combat-slim-type-variant1\/\" \/>\n<meta property=\"og:locale\" content=\"en_GB\" \/>\n<meta property=\"og:type\" content=\"article\" \/>\n<meta property=\"og:title\" content=\"Spodnie robocze do pasa be\u017cowe boj\u00f3wki slim - Grapil.pl \u2013 Profesjonalna Odzie\u017c S\u0142u\u017cbowa dla Bran\u017cy Kelnerskiej, HoReCa i Medycyny\" \/>\n<meta property=\"og:description\" content=\"Spodnie boj\u00f3wki Lahti Pro model L40515 to klasyczne boj\u00f3wki wzorowane na spodniach ameryka\u0144skiej armii. Doskonale nadaj\u0105 si\u0119 do codziennego u\u017cytku a tak\u017ce idealnie sprawdzaj\u0105 si\u0119 w ekstremalnych warunkach.\" \/>\n<meta property=\"og:url\" content=\"https:\/\/grapil.pl\/en\/product\/work-trousers-to-the-waist-beige-combat-slim-type-variant1\/\" \/>\n<meta property=\"og:site_name\" content=\"Grapil.pl \u2013 Profesjonalna Odzie\u017c S\u0142u\u017cbowa dla Bran\u017cy Kelnerskiej, HoReCa i Medycyny\" \/>\n<meta property=\"article:modified_time\" content=\"2025-04-14T11:11:39+00:00\" \/>\n<meta property=\"og:image\" content=\"https:\/\/grapil.pl\/wp-content\/uploads\/2025\/04\/20750.jpg\" \/>\n\t<meta property=\"og:image:width\" content=\"494\" \/>\n\t<meta property=\"og:image:height\" content=\"1200\" \/>\n\t<meta property=\"og:image:type\" content=\"image\/jpeg\" \/>\n<meta name=\"twitter:card\" content=\"summary_large_image\" \/>\n<meta name=\"twitter:label1\" content=\"Estimated reading time\" \/>\n\t<meta name=\"twitter:data1\" content=\"1 minute\" \/>\n<script type=\"application\/ld+json\" class=\"yoast-schema-graph\">{\"@context\":\"https:\/\/schema.org\",\"@graph\":[{\"@type\":\"WebPage\",\"@id\":\"https:\/\/grapil.pl\/produkt\/spodnie-robocze-do-pasa-bezowe-bojowki-typu-slimwariant1\/\",\"url\":\"https:\/\/grapil.pl\/produkt\/spodnie-robocze-do-pasa-bezowe-bojowki-typu-slimwariant1\/\",\"name\":\"Spodnie robocze do pasa be\u017cowe boj\u00f3wki slim - Grapil.pl \u2013 Profesjonalna Odzie\u017c S\u0142u\u017cbowa dla Bran\u017cy Kelnerskiej, HoReCa i Medycyny\",\"isPartOf\":{\"@id\":\"https:\/\/grapil.pl\/#website\"},\"primaryImageOfPage\":{\"@id\":\"https:\/\/grapil.pl\/produkt\/spodnie-robocze-do-pasa-bezowe-bojowki-typu-slimwariant1\/#primaryimage\"},\"image\":{\"@id\":\"https:\/\/grapil.pl\/produkt\/spodnie-robocze-do-pasa-bezowe-bojowki-typu-slimwariant1\/#primaryimage\"},\"thumbnailUrl\":\"https:\/\/grapil.pl\/wp-content\/uploads\/2025\/04\/20750.jpg\",\"datePublished\":\"2025-04-09T15:42:14+00:00\",\"dateModified\":\"2025-04-14T11:11:39+00:00\",\"breadcrumb\":{\"@id\":\"https:\/\/grapil.pl\/produkt\/spodnie-robocze-do-pasa-bezowe-bojowki-typu-slimwariant1\/#breadcrumb\"},\"inLanguage\":\"en-GB\",\"potentialAction\":[{\"@type\":\"ReadAction\",\"target\":[\"https:\/\/grapil.pl\/produkt\/spodnie-robocze-do-pasa-bezowe-bojowki-typu-slimwariant1\/\"]}]},{\"@type\":\"ImageObject\",\"inLanguage\":\"en-GB\",\"@id\":\"https:\/\/grapil.pl\/produkt\/spodnie-robocze-do-pasa-bezowe-bojowki-typu-slimwariant1\/#primaryimage\",\"url\":\"https:\/\/grapil.pl\/wp-content\/uploads\/2025\/04\/20750.jpg\",\"contentUrl\":\"https:\/\/grapil.pl\/wp-content\/uploads\/2025\/04\/20750.jpg\",\"width\":494,\"height\":1200},{\"@type\":\"BreadcrumbList\",\"@id\":\"https:\/\/grapil.pl\/produkt\/spodnie-robocze-do-pasa-bezowe-bojowki-typu-slimwariant1\/#breadcrumb\",\"itemListElement\":[{\"@type\":\"ListItem\",\"position\":1,\"name\":\"Strona g\u0142\u00f3wna\",\"item\":\"https:\/\/grapil.pl\/\"},{\"@type\":\"ListItem\",\"position\":2,\"name\":\"sklep\",\"item\":\"https:\/\/grapil.pl\/sklep\/\"},{\"@type\":\"ListItem\",\"position\":3,\"name\":\"Spodnie robocze do pasa be\u017cowe boj\u00f3wki slim\"}]},{\"@type\":\"WebSite\",\"@id\":\"https:\/\/grapil.pl\/#website\",\"url\":\"https:\/\/grapil.pl\/\",\"name\":\"Grapil.pl \u2013 Profesjonalna Odzie\u017c S\u0142u\u017cbowa dla Bran\u017cy Kelnerskiej, HoReCa i Medycyny\",\"description\":\"\",\"potentialAction\":[{\"@type\":\"SearchAction\",\"target\":{\"@type\":\"EntryPoint\",\"urlTemplate\":\"https:\/\/grapil.pl\/?s={search_term_string}\"},\"query-input\":{\"@type\":\"PropertyValueSpecification\",\"valueRequired\":true,\"valueName\":\"search_term_string\"}}],\"inLanguage\":\"en-GB\"}]}<\/script>\n<!-- \/ Yoast SEO plugin. -->","yoast_head_json":{"title":"Spodnie robocze do pasa be\u017cowe boj\u00f3wki slim - Grapil.pl \u2013 Profesjonalna Odzie\u017c S\u0142u\u017cbowa dla Bran\u017cy Kelnerskiej, HoReCa i Medycyny","robots":{"index":"index","follow":"follow","max-snippet":"max-snippet:-1","max-image-preview":"max-image-preview:large","max-video-preview":"max-video-preview:-1"},"canonical":"https:\/\/grapil.pl\/en\/product\/work-trousers-to-the-waist-beige-combat-slim-type-variant1\/","og_locale":"en_GB","og_type":"article","og_title":"Spodnie robocze do pasa be\u017cowe boj\u00f3wki slim - Grapil.pl \u2013 Profesjonalna Odzie\u017c S\u0142u\u017cbowa dla Bran\u017cy Kelnerskiej, HoReCa i Medycyny","og_description":"Spodnie boj\u00f3wki Lahti Pro model L40515 to klasyczne boj\u00f3wki wzorowane na spodniach ameryka\u0144skiej armii. Doskonale nadaj\u0105 si\u0119 do codziennego u\u017cytku a tak\u017ce idealnie sprawdzaj\u0105 si\u0119 w ekstremalnych warunkach.","og_url":"https:\/\/grapil.pl\/en\/product\/work-trousers-to-the-waist-beige-combat-slim-type-variant1\/","og_site_name":"Grapil.pl \u2013 Profesjonalna Odzie\u017c S\u0142u\u017cbowa dla Bran\u017cy Kelnerskiej, HoReCa i Medycyny","article_modified_time":"2025-04-14T11:11:39+00:00","og_image":[{"width":494,"height":1200,"url":"https:\/\/grapil.pl\/wp-content\/uploads\/2025\/04\/20750.jpg","type":"image\/jpeg"}],"twitter_card":"summary_large_image","twitter_misc":{"Estimated reading time":"1 minute"},"schema":{"@context":"https:\/\/schema.org","@graph":[{"@type":"WebPage","@id":"https:\/\/grapil.pl\/produkt\/spodnie-robocze-do-pasa-bezowe-bojowki-typu-slimwariant1\/","url":"https:\/\/grapil.pl\/produkt\/spodnie-robocze-do-pasa-bezowe-bojowki-typu-slimwariant1\/","name":"Spodnie robocze do pasa be\u017cowe boj\u00f3wki slim - Grapil.pl \u2013 Profesjonalna Odzie\u017c S\u0142u\u017cbowa dla Bran\u017cy Kelnerskiej, HoReCa i Medycyny","isPartOf":{"@id":"https:\/\/grapil.pl\/#website"},"primaryImageOfPage":{"@id":"https:\/\/grapil.pl\/produkt\/spodnie-robocze-do-pasa-bezowe-bojowki-typu-slimwariant1\/#primaryimage"},"image":{"@id":"https:\/\/grapil.pl\/produkt\/spodnie-robocze-do-pasa-bezowe-bojowki-typu-slimwariant1\/#primaryimage"},"thumbnailUrl":"https:\/\/grapil.pl\/wp-content\/uploads\/2025\/04\/20750.jpg","datePublished":"2025-04-09T15:42:14+00:00","dateModified":"2025-04-14T11:11:39+00:00","breadcrumb":{"@id":"https:\/\/grapil.pl\/produkt\/spodnie-robocze-do-pasa-bezowe-bojowki-typu-slimwariant1\/#breadcrumb"},"inLanguage":"en-GB","potentialAction":[{"@type":"ReadAction","target":["https:\/\/grapil.pl\/produkt\/spodnie-robocze-do-pasa-bezowe-bojowki-typu-slimwariant1\/"]}]},{"@type":"ImageObject","inLanguage":"en-GB","@id":"https:\/\/grapil.pl\/produkt\/spodnie-robocze-do-pasa-bezowe-bojowki-typu-slimwariant1\/#primaryimage","url":"https:\/\/grapil.pl\/wp-content\/uploads\/2025\/04\/20750.jpg","contentUrl":"https:\/\/grapil.pl\/wp-content\/uploads\/2025\/04\/20750.jpg","width":494,"height":1200},{"@type":"BreadcrumbList","@id":"https:\/\/grapil.pl\/produkt\/spodnie-robocze-do-pasa-bezowe-bojowki-typu-slimwariant1\/#breadcrumb","itemListElement":[{"@type":"ListItem","position":1,"name":"Strona g\u0142\u00f3wna","item":"https:\/\/grapil.pl\/"},{"@type":"ListItem","position":2,"name":"sklep","item":"https:\/\/grapil.pl\/sklep\/"},{"@type":"ListItem","position":3,"name":"Spodnie robocze do pasa be\u017cowe boj\u00f3wki slim"}]},{"@type":"WebSite","@id":"https:\/\/grapil.pl\/#website","url":"https:\/\/grapil.pl\/","name":"Grapil.pl \u2013 Profesjonalna Odzie\u017c S\u0142u\u017cbowa dla Bran\u017cy Kelnerskiej, HoReCa i Medycyny","description":"","potentialAction":[{"@type":"SearchAction","target":{"@type":"EntryPoint","urlTemplate":"https:\/\/grapil.pl\/?s={search_term_string}"},"query-input":{"@type":"PropertyValueSpecification","valueRequired":true,"valueName":"search_term_string"}}],"inLanguage":"en-GB"}]}},"_links":{"self":[{"href":"https:\/\/grapil.pl\/en\/wp-json\/wp\/v2\/product\/19505","targetHints":{"allow":["GET"]}}],"collection":[{"href":"https:\/\/grapil.pl\/en\/wp-json\/wp\/v2\/product"}],"about":[{"href":"https:\/\/grapil.pl\/en\/wp-json\/wp\/v2\/types\/product"}],"version-history":[{"count":2,"href":"https:\/\/grapil.pl\/en\/wp-json\/wp\/v2\/product\/19505\/revisions"}],"predecessor-version":[{"id":20087,"href":"https:\/\/grapil.pl\/en\/wp-json\/wp\/v2\/product\/19505\/revisions\/20087"}],"wp:featuredmedia":[{"embeddable":true,"href":"https:\/\/grapil.pl\/en\/wp-json\/wp\/v2\/media\/19507"}],"wp:attachment":[{"href":"https:\/\/grapil.pl\/en\/wp-json\/wp\/v2\/media?parent=19505"}],"wp:term":[{"taxonomy":"product_brand","embeddable":true,"href":"https:\/\/grapil.pl\/en\/wp-json\/wp\/v2\/product_brand?post=19505"},{"taxonomy":"product_cat","embeddable":true,"href":"https:\/\/grapil.pl\/en\/wp-json\/wp\/v2\/product_cat?post=19505"},{"taxonomy":"product_tag","embeddable":true,"href":"https:\/\/grapil.pl\/en\/wp-json\/wp\/v2\/product_tag?post=19505"}],"curies":[{"name":"wp","href":"https:\/\/api.w.org\/{rel}","templated":true}]}}