{"id":19555,"date":"2025-04-09T17:42:14","date_gmt":"2025-04-09T15:42:14","guid":{"rendered":"https:\/\/grapil.pl\/produkt\/buty-robocze-sportowe-x250-fluowariant1\/"},"modified":"2025-04-14T12:42:20","modified_gmt":"2025-04-14T10:42:20","slug":"sports-work-shoes-x250-fluovariant1","status":"publish","type":"product","link":"https:\/\/grapil.pl\/en\/product\/sports-work-shoes-x250-fluovariant1\/","title":{"rendered":"Work shoes sports x250 Fluo"},"content":{"rendered":"<h1>Sports, urban shoe, made of textile materials.<\/h1>\n<p><strong>D<\/strong><strong>The grain upper (with additional lining throughout) reduces the weight of the shoe and provides excellent ventilation.<\/strong>\u00a0<strong>Soft sole - EVA foam -<\/strong>\u00a0<strong>increases cushioning and adhesion to the ground.<\/strong><\/p>\n<p>Characteristic:<\/p>\n<ul>\n<li>shoe without toe cap,<\/li>\n<li>soft tongue and collar for increased comfort,<\/li>\n<li>laced shoes,<\/li>\n<li>glued sole,<\/li>\n<li>replaceable insert.<\/li>\n<\/ul>\n<p>&nbsp;<\/p>\n<p><strong>X250 FLUO is a sports work shoe<\/strong>, which provide users with maximum comfort during work. They are made of textile materials, which means that they provide feet with optimal air permeability. This property is especially important in the summer, during hot days.<\/p>\n<p>The low weight that distinguishes the presented sports work shoes guarantees comfort to those wearing them. This is an advantage that will be appreciated especially by those employees who work a shift lasting a dozen or so hours.<\/p>\n<p>A very big plus of the X250 FLUO model are also the fluorescent elements that stand out in semi-dark conditions. The person wearing them is visible from a greater distance, which eliminates the risk of a potential accident at work.<\/p>\n<p>The glued sole has an impact on the durability of the shoes and their ability to be used for a long time. In turn, the replaceable insole ensures comfort for the feet and no risk of developing diseases.<\/p>\n<p>The shoes are available in different sizes, so they will be suitable for both women and men. To choose the right model, simply measure your foot and choose the product, guided by the information in the table.<\/p>","protected":false},"excerpt":{"rendered":"<p>Sports, city shoe, made of textile materials. Knitted upper (with additional lining throughout) reduces the weight of the shoes and provides<\/p>","protected":false},"featured_media":19557,"template":"","meta":[],"product_brand":[91],"product_cat":[86,87,89],"product_tag":[],"class_list":{"0":"post-19555","1":"product","2":"type-product","3":"status-publish","4":"has-post-thumbnail","6":"product_brand-artmas","7":"product_cat-sklepbhp","8":"product_cat-obuwie-robocze","9":"product_cat-polbuty","11":"first","12":"instock","13":"product-type-variable","14":"wvs-archive-product-wrapper"},"yoast_head":"<!-- This site is optimized with the Yoast SEO plugin v25.3 - https:\/\/yoast.com\/wordpress\/plugins\/seo\/ -->\n<title>Buty robocze sportowe x250 Fluo - Grapil.pl \u2013 Profesjonalna Odzie\u017c S\u0142u\u017cbowa dla Bran\u017cy Kelnerskiej, HoReCa i Medycyny<\/title>\n<meta name=\"robots\" content=\"index, follow, max-snippet:-1, max-image-preview:large, max-video-preview:-1\" \/>\n<link rel=\"canonical\" href=\"https:\/\/grapil.pl\/en\/product\/sports-work-shoes-x250-fluovariant1\/\" \/>\n<meta property=\"og:locale\" content=\"en_GB\" \/>\n<meta property=\"og:type\" content=\"article\" \/>\n<meta property=\"og:title\" content=\"Buty robocze sportowe x250 Fluo - Grapil.pl \u2013 Profesjonalna Odzie\u017c S\u0142u\u017cbowa dla Bran\u017cy Kelnerskiej, HoReCa i Medycyny\" \/>\n<meta property=\"og:description\" content=\"P\u00f3\u0142but sportowy, miejski, wykonany z materia\u0142\u00f3w tekstylnych. Dzianinowa cholewka (z dodatkow\u0105 podszewk\u0105 na ca\u0142ym obszarze) obni\u017ca wag\u0119 but\u00f3w i zapewnia\" \/>\n<meta property=\"og:url\" content=\"https:\/\/grapil.pl\/en\/product\/sports-work-shoes-x250-fluovariant1\/\" \/>\n<meta property=\"og:site_name\" content=\"Grapil.pl \u2013 Profesjonalna Odzie\u017c S\u0142u\u017cbowa dla Bran\u017cy Kelnerskiej, HoReCa i Medycyny\" \/>\n<meta property=\"article:modified_time\" content=\"2025-04-14T10:42:20+00:00\" \/>\n<meta property=\"og:image\" content=\"https:\/\/grapil.pl\/wp-content\/uploads\/2025\/04\/20830.jpg\" \/>\n\t<meta property=\"og:image:width\" content=\"700\" \/>\n\t<meta property=\"og:image:height\" content=\"700\" \/>\n\t<meta property=\"og:image:type\" content=\"image\/jpeg\" \/>\n<meta name=\"twitter:card\" content=\"summary_large_image\" \/>\n<meta name=\"twitter:label1\" content=\"Estimated reading time\" \/>\n\t<meta name=\"twitter:data1\" content=\"2 minutes\" \/>\n<script type=\"application\/ld+json\" class=\"yoast-schema-graph\">{\"@context\":\"https:\/\/schema.org\",\"@graph\":[{\"@type\":\"WebPage\",\"@id\":\"https:\/\/grapil.pl\/produkt\/buty-robocze-sportowe-x250-fluowariant1\/\",\"url\":\"https:\/\/grapil.pl\/produkt\/buty-robocze-sportowe-x250-fluowariant1\/\",\"name\":\"Buty robocze sportowe x250 Fluo - Grapil.pl \u2013 Profesjonalna Odzie\u017c S\u0142u\u017cbowa dla Bran\u017cy Kelnerskiej, HoReCa i Medycyny\",\"isPartOf\":{\"@id\":\"https:\/\/grapil.pl\/#website\"},\"primaryImageOfPage\":{\"@id\":\"https:\/\/grapil.pl\/produkt\/buty-robocze-sportowe-x250-fluowariant1\/#primaryimage\"},\"image\":{\"@id\":\"https:\/\/grapil.pl\/produkt\/buty-robocze-sportowe-x250-fluowariant1\/#primaryimage\"},\"thumbnailUrl\":\"https:\/\/grapil.pl\/wp-content\/uploads\/2025\/04\/20830.jpg\",\"datePublished\":\"2025-04-09T15:42:14+00:00\",\"dateModified\":\"2025-04-14T10:42:20+00:00\",\"breadcrumb\":{\"@id\":\"https:\/\/grapil.pl\/produkt\/buty-robocze-sportowe-x250-fluowariant1\/#breadcrumb\"},\"inLanguage\":\"en-GB\",\"potentialAction\":[{\"@type\":\"ReadAction\",\"target\":[\"https:\/\/grapil.pl\/produkt\/buty-robocze-sportowe-x250-fluowariant1\/\"]}]},{\"@type\":\"ImageObject\",\"inLanguage\":\"en-GB\",\"@id\":\"https:\/\/grapil.pl\/produkt\/buty-robocze-sportowe-x250-fluowariant1\/#primaryimage\",\"url\":\"https:\/\/grapil.pl\/wp-content\/uploads\/2025\/04\/20830.jpg\",\"contentUrl\":\"https:\/\/grapil.pl\/wp-content\/uploads\/2025\/04\/20830.jpg\",\"width\":700,\"height\":700},{\"@type\":\"BreadcrumbList\",\"@id\":\"https:\/\/grapil.pl\/produkt\/buty-robocze-sportowe-x250-fluowariant1\/#breadcrumb\",\"itemListElement\":[{\"@type\":\"ListItem\",\"position\":1,\"name\":\"Strona g\u0142\u00f3wna\",\"item\":\"https:\/\/grapil.pl\/\"},{\"@type\":\"ListItem\",\"position\":2,\"name\":\"sklep\",\"item\":\"https:\/\/grapil.pl\/sklep\/\"},{\"@type\":\"ListItem\",\"position\":3,\"name\":\"Buty robocze sportowe x250 Fluo\"}]},{\"@type\":\"WebSite\",\"@id\":\"https:\/\/grapil.pl\/#website\",\"url\":\"https:\/\/grapil.pl\/\",\"name\":\"Grapil.pl \u2013 Profesjonalna Odzie\u017c S\u0142u\u017cbowa dla Bran\u017cy Kelnerskiej, HoReCa i Medycyny\",\"description\":\"\",\"potentialAction\":[{\"@type\":\"SearchAction\",\"target\":{\"@type\":\"EntryPoint\",\"urlTemplate\":\"https:\/\/grapil.pl\/?s={search_term_string}\"},\"query-input\":{\"@type\":\"PropertyValueSpecification\",\"valueRequired\":true,\"valueName\":\"search_term_string\"}}],\"inLanguage\":\"en-GB\"}]}<\/script>\n<!-- \/ Yoast SEO plugin. -->","yoast_head_json":{"title":"Buty robocze sportowe x250 Fluo - Grapil.pl \u2013 Profesjonalna Odzie\u017c S\u0142u\u017cbowa dla Bran\u017cy Kelnerskiej, HoReCa i Medycyny","robots":{"index":"index","follow":"follow","max-snippet":"max-snippet:-1","max-image-preview":"max-image-preview:large","max-video-preview":"max-video-preview:-1"},"canonical":"https:\/\/grapil.pl\/en\/product\/sports-work-shoes-x250-fluovariant1\/","og_locale":"en_GB","og_type":"article","og_title":"Buty robocze sportowe x250 Fluo - Grapil.pl \u2013 Profesjonalna Odzie\u017c S\u0142u\u017cbowa dla Bran\u017cy Kelnerskiej, HoReCa i Medycyny","og_description":"P\u00f3\u0142but sportowy, miejski, wykonany z materia\u0142\u00f3w tekstylnych. Dzianinowa cholewka (z dodatkow\u0105 podszewk\u0105 na ca\u0142ym obszarze) obni\u017ca wag\u0119 but\u00f3w i zapewnia","og_url":"https:\/\/grapil.pl\/en\/product\/sports-work-shoes-x250-fluovariant1\/","og_site_name":"Grapil.pl \u2013 Profesjonalna Odzie\u017c S\u0142u\u017cbowa dla Bran\u017cy Kelnerskiej, HoReCa i Medycyny","article_modified_time":"2025-04-14T10:42:20+00:00","og_image":[{"width":700,"height":700,"url":"https:\/\/grapil.pl\/wp-content\/uploads\/2025\/04\/20830.jpg","type":"image\/jpeg"}],"twitter_card":"summary_large_image","twitter_misc":{"Estimated reading time":"2 minutes"},"schema":{"@context":"https:\/\/schema.org","@graph":[{"@type":"WebPage","@id":"https:\/\/grapil.pl\/produkt\/buty-robocze-sportowe-x250-fluowariant1\/","url":"https:\/\/grapil.pl\/produkt\/buty-robocze-sportowe-x250-fluowariant1\/","name":"Buty robocze sportowe x250 Fluo - Grapil.pl \u2013 Profesjonalna Odzie\u017c S\u0142u\u017cbowa dla Bran\u017cy Kelnerskiej, HoReCa i Medycyny","isPartOf":{"@id":"https:\/\/grapil.pl\/#website"},"primaryImageOfPage":{"@id":"https:\/\/grapil.pl\/produkt\/buty-robocze-sportowe-x250-fluowariant1\/#primaryimage"},"image":{"@id":"https:\/\/grapil.pl\/produkt\/buty-robocze-sportowe-x250-fluowariant1\/#primaryimage"},"thumbnailUrl":"https:\/\/grapil.pl\/wp-content\/uploads\/2025\/04\/20830.jpg","datePublished":"2025-04-09T15:42:14+00:00","dateModified":"2025-04-14T10:42:20+00:00","breadcrumb":{"@id":"https:\/\/grapil.pl\/produkt\/buty-robocze-sportowe-x250-fluowariant1\/#breadcrumb"},"inLanguage":"en-GB","potentialAction":[{"@type":"ReadAction","target":["https:\/\/grapil.pl\/produkt\/buty-robocze-sportowe-x250-fluowariant1\/"]}]},{"@type":"ImageObject","inLanguage":"en-GB","@id":"https:\/\/grapil.pl\/produkt\/buty-robocze-sportowe-x250-fluowariant1\/#primaryimage","url":"https:\/\/grapil.pl\/wp-content\/uploads\/2025\/04\/20830.jpg","contentUrl":"https:\/\/grapil.pl\/wp-content\/uploads\/2025\/04\/20830.jpg","width":700,"height":700},{"@type":"BreadcrumbList","@id":"https:\/\/grapil.pl\/produkt\/buty-robocze-sportowe-x250-fluowariant1\/#breadcrumb","itemListElement":[{"@type":"ListItem","position":1,"name":"Strona g\u0142\u00f3wna","item":"https:\/\/grapil.pl\/"},{"@type":"ListItem","position":2,"name":"sklep","item":"https:\/\/grapil.pl\/sklep\/"},{"@type":"ListItem","position":3,"name":"Buty robocze sportowe x250 Fluo"}]},{"@type":"WebSite","@id":"https:\/\/grapil.pl\/#website","url":"https:\/\/grapil.pl\/","name":"Grapil.pl \u2013 Profesjonalna Odzie\u017c S\u0142u\u017cbowa dla Bran\u017cy Kelnerskiej, HoReCa i Medycyny","description":"","potentialAction":[{"@type":"SearchAction","target":{"@type":"EntryPoint","urlTemplate":"https:\/\/grapil.pl\/?s={search_term_string}"},"query-input":{"@type":"PropertyValueSpecification","valueRequired":true,"valueName":"search_term_string"}}],"inLanguage":"en-GB"}]}},"_links":{"self":[{"href":"https:\/\/grapil.pl\/en\/wp-json\/wp\/v2\/product\/19555","targetHints":{"allow":["GET"]}}],"collection":[{"href":"https:\/\/grapil.pl\/en\/wp-json\/wp\/v2\/product"}],"about":[{"href":"https:\/\/grapil.pl\/en\/wp-json\/wp\/v2\/types\/product"}],"version-history":[{"count":3,"href":"https:\/\/grapil.pl\/en\/wp-json\/wp\/v2\/product\/19555\/revisions"}],"predecessor-version":[{"id":20045,"href":"https:\/\/grapil.pl\/en\/wp-json\/wp\/v2\/product\/19555\/revisions\/20045"}],"wp:featuredmedia":[{"embeddable":true,"href":"https:\/\/grapil.pl\/en\/wp-json\/wp\/v2\/media\/19557"}],"wp:attachment":[{"href":"https:\/\/grapil.pl\/en\/wp-json\/wp\/v2\/media?parent=19555"}],"wp:term":[{"taxonomy":"product_brand","embeddable":true,"href":"https:\/\/grapil.pl\/en\/wp-json\/wp\/v2\/product_brand?post=19555"},{"taxonomy":"product_cat","embeddable":true,"href":"https:\/\/grapil.pl\/en\/wp-json\/wp\/v2\/product_cat?post=19555"},{"taxonomy":"product_tag","embeddable":true,"href":"https:\/\/grapil.pl\/en\/wp-json\/wp\/v2\/product_tag?post=19555"}],"curies":[{"name":"wp","href":"https:\/\/api.w.org\/{rel}","templated":true}]}}