{"id":19687,"date":"2025-04-09T17:42:59","date_gmt":"2025-04-09T15:42:59","guid":{"rendered":"https:\/\/grapil.pl\/produkt\/bluza-kucharska-meska-krotki-rekaw\/"},"modified":"2026-02-17T13:55:37","modified_gmt":"2026-02-17T12:55:37","slug":"mens-short-sleeve-chefs-blouse","status":"publish","type":"product","link":"https:\/\/grapil.pl\/en\/product\/mens-short-sleeve-chefs-blouse\/","title":{"rendered":"Men&#039;s short sleeve chef&#039;s sweatshirt"},"content":{"rendered":"<p><span style=\"font-size: 12pt;\"><strong>Men&#039;s short sleeve chef&#039;s sweatshirt<\/strong><\/span><\/p>\n<p>Men&#039;s chef&#039;s jacket with a stand-up collar, short sleeves, single-breasted, fastened with covered snaps.<\/p>\n<p>Breathable mesh on the sides, contrasting color piping on the stand-up collar and side seams on the mesh on the front and back. Pocket on the left sleeve.<\/p>\n<p>Fabric composition \u2013 cotton\/polyester blend in various variants 35\/65, 40\/60, 50\/50<\/p>\n<p>Other color configurations are possible after agreeing the details with the customer.<\/p>\n<p>Additional paid items:<\/p>\n<p>\u2013 embroidery (location to be determined \u2013 suggestions e.g. left breast, on the front pocket, on the sleeves \u2013 upper part)<\/p>\n<p>- custom size<\/p>\n<p>- long sleeve version<\/p>\n<p><span style=\"color: #ff0000;\">The price is agreed individually with the client.<\/span><\/p>","protected":false},"excerpt":{"rendered":"<p>Men&#039;s chef&#039;s blouse, short sleeves Men&#039;s chef&#039;s blouse with a stand-up collar, short sleeves, single-breasted, fastened with covered springs. Breathable on the sides<\/p>","protected":false},"featured_media":25197,"template":"","meta":[],"product_brand":[127],"product_cat":[79,128],"product_tag":[],"class_list":{"0":"post-19687","1":"product","2":"type-product","3":"status-publish","4":"has-post-thumbnail","6":"product_brand-produkt-na-zamowienie","7":"product_cat-gastronomia","8":"product_cat-bluzy-i-kitle","10":"first","11":"instock","12":"product-type-simple"},"yoast_head":"<!-- This site is optimized with the Yoast SEO plugin v25.3 - https:\/\/yoast.com\/wordpress\/plugins\/seo\/ -->\n<title>Bluza kucharska m\u0119ska kr\u00f3tki r\u0119kaw - Grapil.pl \u2013 Profesjonalna Odzie\u017c S\u0142u\u017cbowa dla Bran\u017cy Kelnerskiej, HoReCa i Medycyny<\/title>\n<meta name=\"robots\" content=\"index, follow, max-snippet:-1, max-image-preview:large, max-video-preview:-1\" \/>\n<link rel=\"canonical\" href=\"https:\/\/grapil.pl\/en\/product\/mens-short-sleeve-chefs-blouse\/\" \/>\n<meta property=\"og:locale\" content=\"en_GB\" \/>\n<meta property=\"og:type\" content=\"article\" \/>\n<meta property=\"og:title\" content=\"Bluza kucharska m\u0119ska kr\u00f3tki r\u0119kaw - Grapil.pl \u2013 Profesjonalna Odzie\u017c S\u0142u\u017cbowa dla Bran\u017cy Kelnerskiej, HoReCa i Medycyny\" \/>\n<meta property=\"og:description\" content=\"Bluza kucharska m\u0119ska kr\u00f3tki r\u0119kaw Bluza kucharska m\u0119ska na st\u00f3jce, \u00a0kr\u00f3tki r\u0119kaw jednorz\u0119dowa zapinana na kryte springi. Po bokach oddychaj\u0105ca\" \/>\n<meta property=\"og:url\" content=\"https:\/\/grapil.pl\/en\/product\/mens-short-sleeve-chefs-blouse\/\" \/>\n<meta property=\"og:site_name\" content=\"Grapil.pl \u2013 Profesjonalna Odzie\u017c S\u0142u\u017cbowa dla Bran\u017cy Kelnerskiej, HoReCa i Medycyny\" \/>\n<meta property=\"article:modified_time\" content=\"2026-02-17T12:55:37+00:00\" \/>\n<meta property=\"og:image\" content=\"https:\/\/grapil.pl\/wp-content\/uploads\/2025\/04\/bluza-kucharska-kopia.jpg\" \/>\n\t<meta property=\"og:image:width\" content=\"600\" \/>\n\t<meta property=\"og:image:height\" content=\"800\" \/>\n\t<meta property=\"og:image:type\" content=\"image\/jpeg\" \/>\n<meta name=\"twitter:card\" content=\"summary_large_image\" \/>\n<meta name=\"twitter:label1\" content=\"Estimated reading time\" \/>\n\t<meta name=\"twitter:data1\" content=\"1 minute\" \/>\n<script type=\"application\/ld+json\" class=\"yoast-schema-graph\">{\"@context\":\"https:\/\/schema.org\",\"@graph\":[{\"@type\":\"WebPage\",\"@id\":\"https:\/\/grapil.pl\/produkt\/bluza-kucharska-meska-krotki-rekaw\/\",\"url\":\"https:\/\/grapil.pl\/produkt\/bluza-kucharska-meska-krotki-rekaw\/\",\"name\":\"Bluza kucharska m\u0119ska kr\u00f3tki r\u0119kaw - Grapil.pl \u2013 Profesjonalna Odzie\u017c S\u0142u\u017cbowa dla Bran\u017cy Kelnerskiej, HoReCa i Medycyny\",\"isPartOf\":{\"@id\":\"https:\/\/grapil.pl\/#website\"},\"primaryImageOfPage\":{\"@id\":\"https:\/\/grapil.pl\/produkt\/bluza-kucharska-meska-krotki-rekaw\/#primaryimage\"},\"image\":{\"@id\":\"https:\/\/grapil.pl\/produkt\/bluza-kucharska-meska-krotki-rekaw\/#primaryimage\"},\"thumbnailUrl\":\"https:\/\/grapil.pl\/wp-content\/uploads\/2025\/04\/bluza-kucharska-kopia.jpg\",\"datePublished\":\"2025-04-09T15:42:59+00:00\",\"dateModified\":\"2026-02-17T12:55:37+00:00\",\"breadcrumb\":{\"@id\":\"https:\/\/grapil.pl\/produkt\/bluza-kucharska-meska-krotki-rekaw\/#breadcrumb\"},\"inLanguage\":\"en-GB\",\"potentialAction\":[{\"@type\":\"ReadAction\",\"target\":[\"https:\/\/grapil.pl\/produkt\/bluza-kucharska-meska-krotki-rekaw\/\"]}]},{\"@type\":\"ImageObject\",\"inLanguage\":\"en-GB\",\"@id\":\"https:\/\/grapil.pl\/produkt\/bluza-kucharska-meska-krotki-rekaw\/#primaryimage\",\"url\":\"https:\/\/grapil.pl\/wp-content\/uploads\/2025\/04\/bluza-kucharska-kopia.jpg\",\"contentUrl\":\"https:\/\/grapil.pl\/wp-content\/uploads\/2025\/04\/bluza-kucharska-kopia.jpg\",\"width\":600,\"height\":800},{\"@type\":\"BreadcrumbList\",\"@id\":\"https:\/\/grapil.pl\/produkt\/bluza-kucharska-meska-krotki-rekaw\/#breadcrumb\",\"itemListElement\":[{\"@type\":\"ListItem\",\"position\":1,\"name\":\"Strona g\u0142\u00f3wna\",\"item\":\"https:\/\/grapil.pl\/\"},{\"@type\":\"ListItem\",\"position\":2,\"name\":\"sklep\",\"item\":\"https:\/\/grapil.pl\/sklep\/\"},{\"@type\":\"ListItem\",\"position\":3,\"name\":\"Bluza kucharska m\u0119ska kr\u00f3tki r\u0119kaw\"}]},{\"@type\":\"WebSite\",\"@id\":\"https:\/\/grapil.pl\/#website\",\"url\":\"https:\/\/grapil.pl\/\",\"name\":\"Grapil.pl \u2013 Profesjonalna Odzie\u017c S\u0142u\u017cbowa dla Bran\u017cy Kelnerskiej, HoReCa i Medycyny\",\"description\":\"\",\"potentialAction\":[{\"@type\":\"SearchAction\",\"target\":{\"@type\":\"EntryPoint\",\"urlTemplate\":\"https:\/\/grapil.pl\/?s={search_term_string}\"},\"query-input\":{\"@type\":\"PropertyValueSpecification\",\"valueRequired\":true,\"valueName\":\"search_term_string\"}}],\"inLanguage\":\"en-GB\"}]}<\/script>\n<!-- \/ Yoast SEO plugin. -->","yoast_head_json":{"title":"Bluza kucharska m\u0119ska kr\u00f3tki r\u0119kaw - Grapil.pl \u2013 Profesjonalna Odzie\u017c S\u0142u\u017cbowa dla Bran\u017cy Kelnerskiej, HoReCa i Medycyny","robots":{"index":"index","follow":"follow","max-snippet":"max-snippet:-1","max-image-preview":"max-image-preview:large","max-video-preview":"max-video-preview:-1"},"canonical":"https:\/\/grapil.pl\/en\/product\/mens-short-sleeve-chefs-blouse\/","og_locale":"en_GB","og_type":"article","og_title":"Bluza kucharska m\u0119ska kr\u00f3tki r\u0119kaw - Grapil.pl \u2013 Profesjonalna Odzie\u017c S\u0142u\u017cbowa dla Bran\u017cy Kelnerskiej, HoReCa i Medycyny","og_description":"Bluza kucharska m\u0119ska kr\u00f3tki r\u0119kaw Bluza kucharska m\u0119ska na st\u00f3jce, \u00a0kr\u00f3tki r\u0119kaw jednorz\u0119dowa zapinana na kryte springi. Po bokach oddychaj\u0105ca","og_url":"https:\/\/grapil.pl\/en\/product\/mens-short-sleeve-chefs-blouse\/","og_site_name":"Grapil.pl \u2013 Profesjonalna Odzie\u017c S\u0142u\u017cbowa dla Bran\u017cy Kelnerskiej, HoReCa i Medycyny","article_modified_time":"2026-02-17T12:55:37+00:00","og_image":[{"width":600,"height":800,"url":"https:\/\/grapil.pl\/wp-content\/uploads\/2025\/04\/bluza-kucharska-kopia.jpg","type":"image\/jpeg"}],"twitter_card":"summary_large_image","twitter_misc":{"Estimated reading time":"1 minute"},"schema":{"@context":"https:\/\/schema.org","@graph":[{"@type":"WebPage","@id":"https:\/\/grapil.pl\/produkt\/bluza-kucharska-meska-krotki-rekaw\/","url":"https:\/\/grapil.pl\/produkt\/bluza-kucharska-meska-krotki-rekaw\/","name":"Bluza kucharska m\u0119ska kr\u00f3tki r\u0119kaw - Grapil.pl \u2013 Profesjonalna Odzie\u017c S\u0142u\u017cbowa dla Bran\u017cy Kelnerskiej, HoReCa i Medycyny","isPartOf":{"@id":"https:\/\/grapil.pl\/#website"},"primaryImageOfPage":{"@id":"https:\/\/grapil.pl\/produkt\/bluza-kucharska-meska-krotki-rekaw\/#primaryimage"},"image":{"@id":"https:\/\/grapil.pl\/produkt\/bluza-kucharska-meska-krotki-rekaw\/#primaryimage"},"thumbnailUrl":"https:\/\/grapil.pl\/wp-content\/uploads\/2025\/04\/bluza-kucharska-kopia.jpg","datePublished":"2025-04-09T15:42:59+00:00","dateModified":"2026-02-17T12:55:37+00:00","breadcrumb":{"@id":"https:\/\/grapil.pl\/produkt\/bluza-kucharska-meska-krotki-rekaw\/#breadcrumb"},"inLanguage":"en-GB","potentialAction":[{"@type":"ReadAction","target":["https:\/\/grapil.pl\/produkt\/bluza-kucharska-meska-krotki-rekaw\/"]}]},{"@type":"ImageObject","inLanguage":"en-GB","@id":"https:\/\/grapil.pl\/produkt\/bluza-kucharska-meska-krotki-rekaw\/#primaryimage","url":"https:\/\/grapil.pl\/wp-content\/uploads\/2025\/04\/bluza-kucharska-kopia.jpg","contentUrl":"https:\/\/grapil.pl\/wp-content\/uploads\/2025\/04\/bluza-kucharska-kopia.jpg","width":600,"height":800},{"@type":"BreadcrumbList","@id":"https:\/\/grapil.pl\/produkt\/bluza-kucharska-meska-krotki-rekaw\/#breadcrumb","itemListElement":[{"@type":"ListItem","position":1,"name":"Strona g\u0142\u00f3wna","item":"https:\/\/grapil.pl\/"},{"@type":"ListItem","position":2,"name":"sklep","item":"https:\/\/grapil.pl\/sklep\/"},{"@type":"ListItem","position":3,"name":"Bluza kucharska m\u0119ska kr\u00f3tki r\u0119kaw"}]},{"@type":"WebSite","@id":"https:\/\/grapil.pl\/#website","url":"https:\/\/grapil.pl\/","name":"Grapil.pl \u2013 Profesjonalna Odzie\u017c S\u0142u\u017cbowa dla Bran\u017cy Kelnerskiej, HoReCa i Medycyny","description":"","potentialAction":[{"@type":"SearchAction","target":{"@type":"EntryPoint","urlTemplate":"https:\/\/grapil.pl\/?s={search_term_string}"},"query-input":{"@type":"PropertyValueSpecification","valueRequired":true,"valueName":"search_term_string"}}],"inLanguage":"en-GB"}]}},"_links":{"self":[{"href":"https:\/\/grapil.pl\/en\/wp-json\/wp\/v2\/product\/19687","targetHints":{"allow":["GET"]}}],"collection":[{"href":"https:\/\/grapil.pl\/en\/wp-json\/wp\/v2\/product"}],"about":[{"href":"https:\/\/grapil.pl\/en\/wp-json\/wp\/v2\/types\/product"}],"version-history":[{"count":2,"href":"https:\/\/grapil.pl\/en\/wp-json\/wp\/v2\/product\/19687\/revisions"}],"predecessor-version":[{"id":20977,"href":"https:\/\/grapil.pl\/en\/wp-json\/wp\/v2\/product\/19687\/revisions\/20977"}],"wp:featuredmedia":[{"embeddable":true,"href":"https:\/\/grapil.pl\/en\/wp-json\/wp\/v2\/media\/25197"}],"wp:attachment":[{"href":"https:\/\/grapil.pl\/en\/wp-json\/wp\/v2\/media?parent=19687"}],"wp:term":[{"taxonomy":"product_brand","embeddable":true,"href":"https:\/\/grapil.pl\/en\/wp-json\/wp\/v2\/product_brand?post=19687"},{"taxonomy":"product_cat","embeddable":true,"href":"https:\/\/grapil.pl\/en\/wp-json\/wp\/v2\/product_cat?post=19687"},{"taxonomy":"product_tag","embeddable":true,"href":"https:\/\/grapil.pl\/en\/wp-json\/wp\/v2\/product_tag?post=19687"}],"curies":[{"name":"wp","href":"https:\/\/api.w.org\/{rel}","templated":true}]}}