{"id":19692,"date":"2025-04-09T17:42:59","date_gmt":"2025-04-09T15:42:59","guid":{"rendered":"https:\/\/grapil.pl\/produkt\/sukienka-z-asymetrycznym-zapieciem\/"},"modified":"2026-02-17T14:13:35","modified_gmt":"2026-02-17T13:13:35","slug":"dress-with-asymmetrical-fastening","status":"publish","type":"product","link":"https:\/\/grapil.pl\/en\/product\/dress-with-asymmetrical-fastening\/","title":{"rendered":"Dress with asymmetrical fastening"},"content":{"rendered":"<p><span style=\"font-size: 12pt;\"><strong>Dress with asymmetrical fastening<\/strong><\/span><\/p>\n<p>Short sleeve dress, fastened with three decorative buttons at the top and along the fastening and covered springs. It is distinguished by the asymmetry of the fronts with an oriental character.<\/p>\n<p>A characteristic detail is the contrasting piping sewn into the stand-up collar, along the fastening, down the sleeve and into the pocket.<\/p>\n<p>A model with darts tailored to the silhouette.<\/p>\n<p>Color suggestion: burgundy + white accessories.<\/p>\n<p>Other color configurations are possible after agreeing the details with the customer.<\/p>\n<p><strong>Additional paid items:<\/strong><\/p>\n<p>\u2013 embroidery (location to be determined \u2013 suggestions e.g. left breast or on a pocket, sleeve)<\/p>\n<p>\u2013 custom size.<\/p>\n<p><span style=\"color: #ff0000;\">The price is agreed individually with the client.<\/span><\/p>","protected":false},"excerpt":{"rendered":"<p>Dress with asymmetrical fastening Short-sleeved dress, fastened with three decorative buttons at the top and along the fastening and covered springs.<\/p>","protected":false},"featured_media":25417,"template":"","meta":[],"product_brand":[127],"product_cat":[119,135,106,132],"product_tag":[],"class_list":{"0":"post-19692","1":"product","2":"type-product","3":"status-publish","4":"has-post-thumbnail","6":"product_brand-produkt-na-zamowienie","7":"product_cat-housekeeping","8":"product_cat-bluzy","9":"product_cat-medycyna-i-kosmetyka","10":"product_cat-fartuchy","12":"first","13":"instock","14":"product-type-simple"},"yoast_head":"<!-- This site is optimized with the Yoast SEO plugin v25.3 - https:\/\/yoast.com\/wordpress\/plugins\/seo\/ -->\n<title>Sukienka z asymetrycznym zapi\u0119ciem - Grapil.pl \u2013 Profesjonalna Odzie\u017c S\u0142u\u017cbowa dla Bran\u017cy Kelnerskiej, HoReCa i Medycyny<\/title>\n<meta name=\"robots\" content=\"index, follow, max-snippet:-1, max-image-preview:large, max-video-preview:-1\" \/>\n<link rel=\"canonical\" href=\"https:\/\/grapil.pl\/en\/product\/dress-with-asymmetrical-fastening\/\" \/>\n<meta property=\"og:locale\" content=\"en_GB\" \/>\n<meta property=\"og:type\" content=\"article\" \/>\n<meta property=\"og:title\" content=\"Sukienka z asymetrycznym zapi\u0119ciem - Grapil.pl \u2013 Profesjonalna Odzie\u017c S\u0142u\u017cbowa dla Bran\u017cy Kelnerskiej, HoReCa i Medycyny\" \/>\n<meta property=\"og:description\" content=\"Sukienka z asymetrycznym zapi\u0119ciem Sukienka kr\u00f3tki \u00a0r\u0119kaw, \u00a0zapinana na trzy ozdobne \u00a0guziki u g\u00f3ry i wzd\u0142u\u017c zapi\u0119cia oraz kryte springi.\" \/>\n<meta property=\"og:url\" content=\"https:\/\/grapil.pl\/en\/product\/dress-with-asymmetrical-fastening\/\" \/>\n<meta property=\"og:site_name\" content=\"Grapil.pl \u2013 Profesjonalna Odzie\u017c S\u0142u\u017cbowa dla Bran\u017cy Kelnerskiej, HoReCa i Medycyny\" \/>\n<meta property=\"article:modified_time\" content=\"2026-02-17T13:13:35+00:00\" \/>\n<meta property=\"og:image\" content=\"https:\/\/grapil.pl\/wp-content\/uploads\/2025\/04\/sukienka-medyczna-czerwonaa-kopia.jpg\" \/>\n\t<meta property=\"og:image:width\" content=\"600\" \/>\n\t<meta property=\"og:image:height\" content=\"800\" \/>\n\t<meta property=\"og:image:type\" content=\"image\/jpeg\" \/>\n<meta name=\"twitter:card\" content=\"summary_large_image\" \/>\n<meta name=\"twitter:label1\" content=\"Estimated reading time\" \/>\n\t<meta name=\"twitter:data1\" content=\"1 minute\" \/>\n<script type=\"application\/ld+json\" class=\"yoast-schema-graph\">{\"@context\":\"https:\/\/schema.org\",\"@graph\":[{\"@type\":\"WebPage\",\"@id\":\"https:\/\/grapil.pl\/produkt\/sukienka-z-asymetrycznym-zapieciem\/\",\"url\":\"https:\/\/grapil.pl\/produkt\/sukienka-z-asymetrycznym-zapieciem\/\",\"name\":\"Sukienka z asymetrycznym zapi\u0119ciem - Grapil.pl \u2013 Profesjonalna Odzie\u017c S\u0142u\u017cbowa dla Bran\u017cy Kelnerskiej, HoReCa i Medycyny\",\"isPartOf\":{\"@id\":\"https:\/\/grapil.pl\/#website\"},\"primaryImageOfPage\":{\"@id\":\"https:\/\/grapil.pl\/produkt\/sukienka-z-asymetrycznym-zapieciem\/#primaryimage\"},\"image\":{\"@id\":\"https:\/\/grapil.pl\/produkt\/sukienka-z-asymetrycznym-zapieciem\/#primaryimage\"},\"thumbnailUrl\":\"https:\/\/grapil.pl\/wp-content\/uploads\/2025\/04\/sukienka-medyczna-czerwonaa-kopia.jpg\",\"datePublished\":\"2025-04-09T15:42:59+00:00\",\"dateModified\":\"2026-02-17T13:13:35+00:00\",\"breadcrumb\":{\"@id\":\"https:\/\/grapil.pl\/produkt\/sukienka-z-asymetrycznym-zapieciem\/#breadcrumb\"},\"inLanguage\":\"en-GB\",\"potentialAction\":[{\"@type\":\"ReadAction\",\"target\":[\"https:\/\/grapil.pl\/produkt\/sukienka-z-asymetrycznym-zapieciem\/\"]}]},{\"@type\":\"ImageObject\",\"inLanguage\":\"en-GB\",\"@id\":\"https:\/\/grapil.pl\/produkt\/sukienka-z-asymetrycznym-zapieciem\/#primaryimage\",\"url\":\"https:\/\/grapil.pl\/wp-content\/uploads\/2025\/04\/sukienka-medyczna-czerwonaa-kopia.jpg\",\"contentUrl\":\"https:\/\/grapil.pl\/wp-content\/uploads\/2025\/04\/sukienka-medyczna-czerwonaa-kopia.jpg\",\"width\":600,\"height\":800},{\"@type\":\"BreadcrumbList\",\"@id\":\"https:\/\/grapil.pl\/produkt\/sukienka-z-asymetrycznym-zapieciem\/#breadcrumb\",\"itemListElement\":[{\"@type\":\"ListItem\",\"position\":1,\"name\":\"Strona g\u0142\u00f3wna\",\"item\":\"https:\/\/grapil.pl\/\"},{\"@type\":\"ListItem\",\"position\":2,\"name\":\"sklep\",\"item\":\"https:\/\/grapil.pl\/sklep\/\"},{\"@type\":\"ListItem\",\"position\":3,\"name\":\"Sukienka z asymetrycznym zapi\u0119ciem\"}]},{\"@type\":\"WebSite\",\"@id\":\"https:\/\/grapil.pl\/#website\",\"url\":\"https:\/\/grapil.pl\/\",\"name\":\"Grapil.pl \u2013 Profesjonalna Odzie\u017c S\u0142u\u017cbowa dla Bran\u017cy Kelnerskiej, HoReCa i Medycyny\",\"description\":\"\",\"potentialAction\":[{\"@type\":\"SearchAction\",\"target\":{\"@type\":\"EntryPoint\",\"urlTemplate\":\"https:\/\/grapil.pl\/?s={search_term_string}\"},\"query-input\":{\"@type\":\"PropertyValueSpecification\",\"valueRequired\":true,\"valueName\":\"search_term_string\"}}],\"inLanguage\":\"en-GB\"}]}<\/script>\n<!-- \/ Yoast SEO plugin. -->","yoast_head_json":{"title":"Sukienka z asymetrycznym zapi\u0119ciem - Grapil.pl \u2013 Profesjonalna Odzie\u017c S\u0142u\u017cbowa dla Bran\u017cy Kelnerskiej, HoReCa i Medycyny","robots":{"index":"index","follow":"follow","max-snippet":"max-snippet:-1","max-image-preview":"max-image-preview:large","max-video-preview":"max-video-preview:-1"},"canonical":"https:\/\/grapil.pl\/en\/product\/dress-with-asymmetrical-fastening\/","og_locale":"en_GB","og_type":"article","og_title":"Sukienka z asymetrycznym zapi\u0119ciem - Grapil.pl \u2013 Profesjonalna Odzie\u017c S\u0142u\u017cbowa dla Bran\u017cy Kelnerskiej, HoReCa i Medycyny","og_description":"Sukienka z asymetrycznym zapi\u0119ciem Sukienka kr\u00f3tki \u00a0r\u0119kaw, \u00a0zapinana na trzy ozdobne \u00a0guziki u g\u00f3ry i wzd\u0142u\u017c zapi\u0119cia oraz kryte springi.","og_url":"https:\/\/grapil.pl\/en\/product\/dress-with-asymmetrical-fastening\/","og_site_name":"Grapil.pl \u2013 Profesjonalna Odzie\u017c S\u0142u\u017cbowa dla Bran\u017cy Kelnerskiej, HoReCa i Medycyny","article_modified_time":"2026-02-17T13:13:35+00:00","og_image":[{"width":600,"height":800,"url":"https:\/\/grapil.pl\/wp-content\/uploads\/2025\/04\/sukienka-medyczna-czerwonaa-kopia.jpg","type":"image\/jpeg"}],"twitter_card":"summary_large_image","twitter_misc":{"Estimated reading time":"1 minute"},"schema":{"@context":"https:\/\/schema.org","@graph":[{"@type":"WebPage","@id":"https:\/\/grapil.pl\/produkt\/sukienka-z-asymetrycznym-zapieciem\/","url":"https:\/\/grapil.pl\/produkt\/sukienka-z-asymetrycznym-zapieciem\/","name":"Sukienka z asymetrycznym zapi\u0119ciem - Grapil.pl \u2013 Profesjonalna Odzie\u017c S\u0142u\u017cbowa dla Bran\u017cy Kelnerskiej, HoReCa i Medycyny","isPartOf":{"@id":"https:\/\/grapil.pl\/#website"},"primaryImageOfPage":{"@id":"https:\/\/grapil.pl\/produkt\/sukienka-z-asymetrycznym-zapieciem\/#primaryimage"},"image":{"@id":"https:\/\/grapil.pl\/produkt\/sukienka-z-asymetrycznym-zapieciem\/#primaryimage"},"thumbnailUrl":"https:\/\/grapil.pl\/wp-content\/uploads\/2025\/04\/sukienka-medyczna-czerwonaa-kopia.jpg","datePublished":"2025-04-09T15:42:59+00:00","dateModified":"2026-02-17T13:13:35+00:00","breadcrumb":{"@id":"https:\/\/grapil.pl\/produkt\/sukienka-z-asymetrycznym-zapieciem\/#breadcrumb"},"inLanguage":"en-GB","potentialAction":[{"@type":"ReadAction","target":["https:\/\/grapil.pl\/produkt\/sukienka-z-asymetrycznym-zapieciem\/"]}]},{"@type":"ImageObject","inLanguage":"en-GB","@id":"https:\/\/grapil.pl\/produkt\/sukienka-z-asymetrycznym-zapieciem\/#primaryimage","url":"https:\/\/grapil.pl\/wp-content\/uploads\/2025\/04\/sukienka-medyczna-czerwonaa-kopia.jpg","contentUrl":"https:\/\/grapil.pl\/wp-content\/uploads\/2025\/04\/sukienka-medyczna-czerwonaa-kopia.jpg","width":600,"height":800},{"@type":"BreadcrumbList","@id":"https:\/\/grapil.pl\/produkt\/sukienka-z-asymetrycznym-zapieciem\/#breadcrumb","itemListElement":[{"@type":"ListItem","position":1,"name":"Strona g\u0142\u00f3wna","item":"https:\/\/grapil.pl\/"},{"@type":"ListItem","position":2,"name":"sklep","item":"https:\/\/grapil.pl\/sklep\/"},{"@type":"ListItem","position":3,"name":"Sukienka z asymetrycznym zapi\u0119ciem"}]},{"@type":"WebSite","@id":"https:\/\/grapil.pl\/#website","url":"https:\/\/grapil.pl\/","name":"Grapil.pl \u2013 Profesjonalna Odzie\u017c S\u0142u\u017cbowa dla Bran\u017cy Kelnerskiej, HoReCa i Medycyny","description":"","potentialAction":[{"@type":"SearchAction","target":{"@type":"EntryPoint","urlTemplate":"https:\/\/grapil.pl\/?s={search_term_string}"},"query-input":{"@type":"PropertyValueSpecification","valueRequired":true,"valueName":"search_term_string"}}],"inLanguage":"en-GB"}]}},"_links":{"self":[{"href":"https:\/\/grapil.pl\/en\/wp-json\/wp\/v2\/product\/19692","targetHints":{"allow":["GET"]}}],"collection":[{"href":"https:\/\/grapil.pl\/en\/wp-json\/wp\/v2\/product"}],"about":[{"href":"https:\/\/grapil.pl\/en\/wp-json\/wp\/v2\/types\/product"}],"version-history":[{"count":2,"href":"https:\/\/grapil.pl\/en\/wp-json\/wp\/v2\/product\/19692\/revisions"}],"predecessor-version":[{"id":20911,"href":"https:\/\/grapil.pl\/en\/wp-json\/wp\/v2\/product\/19692\/revisions\/20911"}],"wp:featuredmedia":[{"embeddable":true,"href":"https:\/\/grapil.pl\/en\/wp-json\/wp\/v2\/media\/25417"}],"wp:attachment":[{"href":"https:\/\/grapil.pl\/en\/wp-json\/wp\/v2\/media?parent=19692"}],"wp:term":[{"taxonomy":"product_brand","embeddable":true,"href":"https:\/\/grapil.pl\/en\/wp-json\/wp\/v2\/product_brand?post=19692"},{"taxonomy":"product_cat","embeddable":true,"href":"https:\/\/grapil.pl\/en\/wp-json\/wp\/v2\/product_cat?post=19692"},{"taxonomy":"product_tag","embeddable":true,"href":"https:\/\/grapil.pl\/en\/wp-json\/wp\/v2\/product_tag?post=19692"}],"curies":[{"name":"wp","href":"https:\/\/api.w.org\/{rel}","templated":true}]}}