{"id":19709,"date":"2025-04-09T17:42:59","date_gmt":"2025-04-09T15:42:59","guid":{"rendered":"https:\/\/grapil.pl\/produkt\/spodnie-robocze-dresowe-artflex-greywariant1\/"},"modified":"2025-04-14T12:21:14","modified_gmt":"2025-04-14T10:21:14","slug":"artflex-grey-sweatpantsvariant1","status":"publish","type":"product","link":"https:\/\/grapil.pl\/en\/product\/artflex-grey-sweatpantsvariant1\/","title":{"rendered":"ARTFLEX work sweatpants"},"content":{"rendered":"<h1>ARTFLEX GREY Work Sweatpants<\/h1>\n<p>Type\u00a0<strong>jogger<\/strong>\u00a0oh exceptionally\u00a0<strong>attractive<\/strong>\u00a0pattern and\u00a0<strong>excellent functionality<\/strong>. Made of\u00a0<strong>highest quality<\/strong>\u00a0knitwear composition:\u00a0<strong>60%<\/strong>\u00a0cotton,\u00a0<strong>38%<\/strong>\u00a0polyester,\u00a0<strong>2%<\/strong>\u00a0elastane weight\u00a0<strong>320 +\/-10 g\/m2<\/strong>.<\/p>\n<div class=\"mpof_ki myre_zn myre_8v_l _0d3bd_YrWCD\">\n<div class=\"mp4t_16_s mryx_16_s mr3m_1 mli2_1 mh85_56 mh85_0_l\">\n<div class=\"mgn2_16 _0d3bd_5pK0q\">\n<h1><span style=\"font-size: 14pt;\">Characteristic:<\/span><\/h1>\n<ul>\n<li><strong>comfortable,<\/strong>\u00a0<strong>trendy<\/strong>\u00a0cut, fits perfectly to the figure,<\/li>\n<li><strong>soft and flexible<\/strong>\u00a0French terry knit fabric,<\/li>\n<li><strong>professional<\/strong>\u00a0sewing and aesthetics of workmanship,<\/li>\n<li>knees reinforced with durable black fabric with an opening at the bottom for knee pads, fastened with Velcro,<\/li>\n<li><strong>convenient and practical<\/strong>\u00a0elastic waistband with drawstring, has an additional<strong>\u00a0adjustable<\/strong>\u00a0with a string,<\/li>\n<li>trouser legs\u00a0<strong>finished with a drawstring<\/strong>\u00a0on the rubber band,<\/li>\n<li>7 functional pockets, 2 front pockets contain\u00a0<strong>additional assembly pockets<\/strong>,<\/li>\n<li><strong>detachable pockets,<\/strong><\/li>\n<li>Very\u00a0<strong>low shrinkage<\/strong>, even after repeated washing,<\/li>\n<li><strong>color stability<\/strong><\/li>\n<\/ul>\n<\/div>\n<\/div>\n<\/div>\n<div class=\"mpof_ki myre_zn myre_8v_l _0d3bd_YrWCD\">\n<div class=\"mp4t_16_s mryx_16_s mr3m_1 mli2_1 mh85_56 mh85_0_l\">\n<div class=\"mgn2_16 _0d3bd_5pK0q\">\n<p><strong>Color:<\/strong>\u00a0<strong>gray with black inserts<\/strong><\/p>\n<p>CE cat.1\u00a0<strong>EN ISO 13688:2013<\/strong><\/p>\n<\/div>\n<\/div>\n<\/div>","protected":false},"excerpt":{"rendered":"<h1>ARTFLEX GREY Work Sweatpants<\/h1>\n<p>Type\u00a0<strong>jogger<\/strong>\u00a0oh exceptionally\u00a0<strong>attractive<\/strong>\u00a0pattern and\u00a0<strong>excellent functionality<\/strong>. Made of\u00a0<strong>highest quality<\/strong>\u00a0knitwear composition:\u00a0<strong>60%<\/strong>\u00a0cotton,\u00a0<strong>38%<\/strong>\u00a0polyester,\u00a0<strong>2%<\/strong>\u00a0elastane weight\u00a0<strong>320 +\/-10 g\/m2<\/strong>.<\/p>","protected":false},"featured_media":19711,"template":"","meta":[],"product_brand":[91],"product_cat":[86,92,93],"product_tag":[],"class_list":{"0":"post-19709","1":"product","2":"type-product","3":"status-publish","4":"has-post-thumbnail","6":"product_brand-artmas","7":"product_cat-sklepbhp","8":"product_cat-odziez-robocza","9":"product_cat-spodnie-robocze","11":"first","12":"instock","13":"product-type-variable","14":"wvs-archive-product-wrapper"},"yoast_head":"<!-- This site is optimized with the Yoast SEO plugin v25.3 - https:\/\/yoast.com\/wordpress\/plugins\/seo\/ -->\n<title>Spodnie robocze dresowe ARTFLEX - Grapil.pl \u2013 Profesjonalna Odzie\u017c S\u0142u\u017cbowa dla Bran\u017cy Kelnerskiej, HoReCa i Medycyny<\/title>\n<meta name=\"robots\" content=\"index, follow, max-snippet:-1, max-image-preview:large, max-video-preview:-1\" \/>\n<link rel=\"canonical\" href=\"https:\/\/grapil.pl\/en\/product\/artflex-grey-sweatpantsvariant1\/\" \/>\n<meta property=\"og:locale\" content=\"en_GB\" \/>\n<meta property=\"og:type\" content=\"article\" \/>\n<meta property=\"og:title\" content=\"Spodnie robocze dresowe ARTFLEX - Grapil.pl \u2013 Profesjonalna Odzie\u017c S\u0142u\u017cbowa dla Bran\u017cy Kelnerskiej, HoReCa i Medycyny\" \/>\n<meta property=\"og:description\" content=\"Spodnie robocze dresowe ARTFLEX GREY Typ\u00a0jogger\u00a0o wyj\u0105tkowo\u00a0atrakcyjnym\u00a0wzorze i\u00a0doskona\u0142ej funkcjonalno\u015bci. Wykonane z\u00a0najwy\u017cszej jako\u015bci\u00a0dzianiny o sk\u0142adzie:\u00a060%\u00a0bawe\u0142na,\u00a038%\u00a0poliester,\u00a02%\u00a0elastan o gramaturze\u00a0320 +\/-10 g\/m2.\" \/>\n<meta property=\"og:url\" content=\"https:\/\/grapil.pl\/en\/product\/artflex-grey-sweatpantsvariant1\/\" \/>\n<meta property=\"og:site_name\" content=\"Grapil.pl \u2013 Profesjonalna Odzie\u017c S\u0142u\u017cbowa dla Bran\u017cy Kelnerskiej, HoReCa i Medycyny\" \/>\n<meta property=\"article:modified_time\" content=\"2025-04-14T10:21:14+00:00\" \/>\n<meta property=\"og:image\" content=\"https:\/\/grapil.pl\/wp-content\/uploads\/2025\/04\/20990.jpg\" \/>\n\t<meta property=\"og:image:width\" content=\"602\" \/>\n\t<meta property=\"og:image:height\" content=\"768\" \/>\n\t<meta property=\"og:image:type\" content=\"image\/jpeg\" \/>\n<meta name=\"twitter:card\" content=\"summary_large_image\" \/>\n<meta name=\"twitter:label1\" content=\"Estimated reading time\" \/>\n\t<meta name=\"twitter:data1\" content=\"1 minute\" \/>\n<script type=\"application\/ld+json\" class=\"yoast-schema-graph\">{\"@context\":\"https:\/\/schema.org\",\"@graph\":[{\"@type\":\"WebPage\",\"@id\":\"https:\/\/grapil.pl\/produkt\/spodnie-robocze-dresowe-artflex-greywariant1\/\",\"url\":\"https:\/\/grapil.pl\/produkt\/spodnie-robocze-dresowe-artflex-greywariant1\/\",\"name\":\"Spodnie robocze dresowe ARTFLEX - Grapil.pl \u2013 Profesjonalna Odzie\u017c S\u0142u\u017cbowa dla Bran\u017cy Kelnerskiej, HoReCa i Medycyny\",\"isPartOf\":{\"@id\":\"https:\/\/grapil.pl\/#website\"},\"primaryImageOfPage\":{\"@id\":\"https:\/\/grapil.pl\/produkt\/spodnie-robocze-dresowe-artflex-greywariant1\/#primaryimage\"},\"image\":{\"@id\":\"https:\/\/grapil.pl\/produkt\/spodnie-robocze-dresowe-artflex-greywariant1\/#primaryimage\"},\"thumbnailUrl\":\"https:\/\/grapil.pl\/wp-content\/uploads\/2025\/04\/20990.jpg\",\"datePublished\":\"2025-04-09T15:42:59+00:00\",\"dateModified\":\"2025-04-14T10:21:14+00:00\",\"breadcrumb\":{\"@id\":\"https:\/\/grapil.pl\/produkt\/spodnie-robocze-dresowe-artflex-greywariant1\/#breadcrumb\"},\"inLanguage\":\"en-GB\",\"potentialAction\":[{\"@type\":\"ReadAction\",\"target\":[\"https:\/\/grapil.pl\/produkt\/spodnie-robocze-dresowe-artflex-greywariant1\/\"]}]},{\"@type\":\"ImageObject\",\"inLanguage\":\"en-GB\",\"@id\":\"https:\/\/grapil.pl\/produkt\/spodnie-robocze-dresowe-artflex-greywariant1\/#primaryimage\",\"url\":\"https:\/\/grapil.pl\/wp-content\/uploads\/2025\/04\/20990.jpg\",\"contentUrl\":\"https:\/\/grapil.pl\/wp-content\/uploads\/2025\/04\/20990.jpg\",\"width\":602,\"height\":768},{\"@type\":\"BreadcrumbList\",\"@id\":\"https:\/\/grapil.pl\/produkt\/spodnie-robocze-dresowe-artflex-greywariant1\/#breadcrumb\",\"itemListElement\":[{\"@type\":\"ListItem\",\"position\":1,\"name\":\"Strona g\u0142\u00f3wna\",\"item\":\"https:\/\/grapil.pl\/\"},{\"@type\":\"ListItem\",\"position\":2,\"name\":\"sklep\",\"item\":\"https:\/\/grapil.pl\/sklep\/\"},{\"@type\":\"ListItem\",\"position\":3,\"name\":\"Spodnie robocze dresowe ARTFLEX\"}]},{\"@type\":\"WebSite\",\"@id\":\"https:\/\/grapil.pl\/#website\",\"url\":\"https:\/\/grapil.pl\/\",\"name\":\"Grapil.pl \u2013 Profesjonalna Odzie\u017c S\u0142u\u017cbowa dla Bran\u017cy Kelnerskiej, HoReCa i Medycyny\",\"description\":\"\",\"potentialAction\":[{\"@type\":\"SearchAction\",\"target\":{\"@type\":\"EntryPoint\",\"urlTemplate\":\"https:\/\/grapil.pl\/?s={search_term_string}\"},\"query-input\":{\"@type\":\"PropertyValueSpecification\",\"valueRequired\":true,\"valueName\":\"search_term_string\"}}],\"inLanguage\":\"en-GB\"}]}<\/script>\n<!-- \/ Yoast SEO plugin. -->","yoast_head_json":{"title":"Spodnie robocze dresowe ARTFLEX - Grapil.pl \u2013 Profesjonalna Odzie\u017c S\u0142u\u017cbowa dla Bran\u017cy Kelnerskiej, HoReCa i Medycyny","robots":{"index":"index","follow":"follow","max-snippet":"max-snippet:-1","max-image-preview":"max-image-preview:large","max-video-preview":"max-video-preview:-1"},"canonical":"https:\/\/grapil.pl\/en\/product\/artflex-grey-sweatpantsvariant1\/","og_locale":"en_GB","og_type":"article","og_title":"Spodnie robocze dresowe ARTFLEX - Grapil.pl \u2013 Profesjonalna Odzie\u017c S\u0142u\u017cbowa dla Bran\u017cy Kelnerskiej, HoReCa i Medycyny","og_description":"Spodnie robocze dresowe ARTFLEX GREY Typ\u00a0jogger\u00a0o wyj\u0105tkowo\u00a0atrakcyjnym\u00a0wzorze i\u00a0doskona\u0142ej funkcjonalno\u015bci. Wykonane z\u00a0najwy\u017cszej jako\u015bci\u00a0dzianiny o sk\u0142adzie:\u00a060%\u00a0bawe\u0142na,\u00a038%\u00a0poliester,\u00a02%\u00a0elastan o gramaturze\u00a0320 +\/-10 g\/m2.","og_url":"https:\/\/grapil.pl\/en\/product\/artflex-grey-sweatpantsvariant1\/","og_site_name":"Grapil.pl \u2013 Profesjonalna Odzie\u017c S\u0142u\u017cbowa dla Bran\u017cy Kelnerskiej, HoReCa i Medycyny","article_modified_time":"2025-04-14T10:21:14+00:00","og_image":[{"width":602,"height":768,"url":"https:\/\/grapil.pl\/wp-content\/uploads\/2025\/04\/20990.jpg","type":"image\/jpeg"}],"twitter_card":"summary_large_image","twitter_misc":{"Estimated reading time":"1 minute"},"schema":{"@context":"https:\/\/schema.org","@graph":[{"@type":"WebPage","@id":"https:\/\/grapil.pl\/produkt\/spodnie-robocze-dresowe-artflex-greywariant1\/","url":"https:\/\/grapil.pl\/produkt\/spodnie-robocze-dresowe-artflex-greywariant1\/","name":"Spodnie robocze dresowe ARTFLEX - Grapil.pl \u2013 Profesjonalna Odzie\u017c S\u0142u\u017cbowa dla Bran\u017cy Kelnerskiej, HoReCa i Medycyny","isPartOf":{"@id":"https:\/\/grapil.pl\/#website"},"primaryImageOfPage":{"@id":"https:\/\/grapil.pl\/produkt\/spodnie-robocze-dresowe-artflex-greywariant1\/#primaryimage"},"image":{"@id":"https:\/\/grapil.pl\/produkt\/spodnie-robocze-dresowe-artflex-greywariant1\/#primaryimage"},"thumbnailUrl":"https:\/\/grapil.pl\/wp-content\/uploads\/2025\/04\/20990.jpg","datePublished":"2025-04-09T15:42:59+00:00","dateModified":"2025-04-14T10:21:14+00:00","breadcrumb":{"@id":"https:\/\/grapil.pl\/produkt\/spodnie-robocze-dresowe-artflex-greywariant1\/#breadcrumb"},"inLanguage":"en-GB","potentialAction":[{"@type":"ReadAction","target":["https:\/\/grapil.pl\/produkt\/spodnie-robocze-dresowe-artflex-greywariant1\/"]}]},{"@type":"ImageObject","inLanguage":"en-GB","@id":"https:\/\/grapil.pl\/produkt\/spodnie-robocze-dresowe-artflex-greywariant1\/#primaryimage","url":"https:\/\/grapil.pl\/wp-content\/uploads\/2025\/04\/20990.jpg","contentUrl":"https:\/\/grapil.pl\/wp-content\/uploads\/2025\/04\/20990.jpg","width":602,"height":768},{"@type":"BreadcrumbList","@id":"https:\/\/grapil.pl\/produkt\/spodnie-robocze-dresowe-artflex-greywariant1\/#breadcrumb","itemListElement":[{"@type":"ListItem","position":1,"name":"Strona g\u0142\u00f3wna","item":"https:\/\/grapil.pl\/"},{"@type":"ListItem","position":2,"name":"sklep","item":"https:\/\/grapil.pl\/sklep\/"},{"@type":"ListItem","position":3,"name":"Spodnie robocze dresowe ARTFLEX"}]},{"@type":"WebSite","@id":"https:\/\/grapil.pl\/#website","url":"https:\/\/grapil.pl\/","name":"Grapil.pl \u2013 Profesjonalna Odzie\u017c S\u0142u\u017cbowa dla Bran\u017cy Kelnerskiej, HoReCa i Medycyny","description":"","potentialAction":[{"@type":"SearchAction","target":{"@type":"EntryPoint","urlTemplate":"https:\/\/grapil.pl\/?s={search_term_string}"},"query-input":{"@type":"PropertyValueSpecification","valueRequired":true,"valueName":"search_term_string"}}],"inLanguage":"en-GB"}]}},"_links":{"self":[{"href":"https:\/\/grapil.pl\/en\/wp-json\/wp\/v2\/product\/19709","targetHints":{"allow":["GET"]}}],"collection":[{"href":"https:\/\/grapil.pl\/en\/wp-json\/wp\/v2\/product"}],"about":[{"href":"https:\/\/grapil.pl\/en\/wp-json\/wp\/v2\/types\/product"}],"version-history":[{"count":2,"href":"https:\/\/grapil.pl\/en\/wp-json\/wp\/v2\/product\/19709\/revisions"}],"predecessor-version":[{"id":19996,"href":"https:\/\/grapil.pl\/en\/wp-json\/wp\/v2\/product\/19709\/revisions\/19996"}],"wp:featuredmedia":[{"embeddable":true,"href":"https:\/\/grapil.pl\/en\/wp-json\/wp\/v2\/media\/19711"}],"wp:attachment":[{"href":"https:\/\/grapil.pl\/en\/wp-json\/wp\/v2\/media?parent=19709"}],"wp:term":[{"taxonomy":"product_brand","embeddable":true,"href":"https:\/\/grapil.pl\/en\/wp-json\/wp\/v2\/product_brand?post=19709"},{"taxonomy":"product_cat","embeddable":true,"href":"https:\/\/grapil.pl\/en\/wp-json\/wp\/v2\/product_cat?post=19709"},{"taxonomy":"product_tag","embeddable":true,"href":"https:\/\/grapil.pl\/en\/wp-json\/wp\/v2\/product_tag?post=19709"}],"curies":[{"name":"wp","href":"https:\/\/api.w.org\/{rel}","templated":true}]}}