{"id":19728,"date":"2025-04-09T17:43:26","date_gmt":"2025-04-09T15:43:26","guid":{"rendered":"https:\/\/grapil.pl\/produkt\/polar-roboczy-refus-zoltywariant1\/"},"modified":"2025-04-14T12:09:16","modified_gmt":"2025-04-14T10:09:16","slug":"refus-work-fleece-yellowvariant1","status":"publish","type":"product","link":"https:\/\/grapil.pl\/en\/product\/refus-work-fleece-yellowvariant1\/","title":{"rendered":"Refus work fleece yellow"},"content":{"rendered":"<h1>Flouorescent fleece sweatshirt<\/h1>\n<p><strong>weight 300g\/m 2<\/strong>\u00a0, made of 100% polyester.<\/p>\n<h2>Characteristic:<\/h2>\n<ul>\n<li><strong>sewn-in reflective stripes<\/strong>\u00a0on the torso and sleeves - increasing the user&#039;s safety<\/li>\n<li>fastened with a zipper<\/li>\n<li><strong>sleeve finished with rubber band - this limits the passage of cold air underneath<\/strong><\/li>\n<li>bottom of the sweatshirt is adjustable with an elastic string<\/li>\n<li>collar \u2013 high stand-up collar<\/li>\n<li><strong>3 external pockets with zipper closure<\/strong>, including 2 side ones and 1 Napoleonic one (on the chest),<\/li>\n<\/ul>\n<p>Perfect for work requiring increased user visibility.<\/p>\n<p>CE Cat.I EN ISO 13688:2013<\/p>\n<p>Reflective fleece is designed for workers performing tasks in places with limited visibility or where machines are in motion. It will work well on loading ramps, at overhead cranes, on construction sites or by roads.<\/p>\n<p>The work fleece sweatshirt is very warm, which protects the body from cooling down at low air temperatures. The polyester knit is resistant to absorbing persistent dirt. It can be washed in water with detergent and dried in a very short time. This is due to the fact that polyester fibers do not absorb water.<\/p>\n<p><a title=\"Work fleece\" href=\"https:\/\/grapil.pl\/en\/pl\/c\/fleeces-and-work-sweatshirts\/20\/\">Work fleece<\/a> Refus is comfortable to wear and functional to use, thanks to zippers. The pockets equipped with them are completely safe, and the items in them will not fall out even when taking an unusual position.<\/p>\n<p>In addition to wind resistance, the fleece is also fitted to the body with a drawstring, elastic bands in the sleeves and a stand-up collar, which improves thermal comfort. In addition, the fluorescent sweatshirt effectively protects against accidental injuries and abrasions.<\/p>","protected":false},"excerpt":{"rendered":"<p>Flouorescent fleece sweatshirt with a weight of 300 g\/m 2 , made of 100% polyester. Characteristics: sewn-on reflective stripes on the torso and sleeves - increasing safety<\/p>","protected":false},"featured_media":19730,"template":"","meta":[],"product_brand":[91],"product_cat":[86,92,100,120],"product_tag":[],"class_list":{"0":"post-19728","1":"product","2":"type-product","3":"status-publish","4":"has-post-thumbnail","6":"product_brand-artmas","7":"product_cat-sklepbhp","8":"product_cat-odziez-robocza","9":"product_cat-polary-i-bluzy-robocze","10":"product_cat-polary-i-bluzy-meskie","12":"first","13":"instock","14":"product-type-variable","15":"wvs-archive-product-wrapper"},"yoast_head":"<!-- This site is optimized with the Yoast SEO plugin v25.3 - https:\/\/yoast.com\/wordpress\/plugins\/seo\/ -->\n<title>Polar roboczy Refus \u017c\u00f3\u0142ty - Grapil.pl \u2013 Profesjonalna Odzie\u017c S\u0142u\u017cbowa dla Bran\u017cy Kelnerskiej, HoReCa i Medycyny<\/title>\n<meta name=\"robots\" content=\"index, follow, max-snippet:-1, max-image-preview:large, max-video-preview:-1\" \/>\n<link rel=\"canonical\" href=\"https:\/\/grapil.pl\/en\/product\/refus-work-fleece-yellowvariant1\/\" \/>\n<meta property=\"og:locale\" content=\"en_GB\" \/>\n<meta property=\"og:type\" content=\"article\" \/>\n<meta property=\"og:title\" content=\"Polar roboczy Refus \u017c\u00f3\u0142ty - Grapil.pl \u2013 Profesjonalna Odzie\u017c S\u0142u\u017cbowa dla Bran\u017cy Kelnerskiej, HoReCa i Medycyny\" \/>\n<meta property=\"og:description\" content=\"Flouorescencyjna bluza polarowa o gramaturze 300g\/m 2\u00a0, wykonana z 100% poliestru. Charakterystyka: naszyte pasy odblaskowe\u00a0na torsie i r\u0119kawach- podnosz\u0105ce bezpiecze\u0144stwo\" \/>\n<meta property=\"og:url\" content=\"https:\/\/grapil.pl\/en\/product\/refus-work-fleece-yellowvariant1\/\" \/>\n<meta property=\"og:site_name\" content=\"Grapil.pl \u2013 Profesjonalna Odzie\u017c S\u0142u\u017cbowa dla Bran\u017cy Kelnerskiej, HoReCa i Medycyny\" \/>\n<meta property=\"article:modified_time\" content=\"2025-04-14T10:09:16+00:00\" \/>\n<meta property=\"og:image\" content=\"https:\/\/grapil.pl\/wp-content\/uploads\/2025\/04\/21032.jpg\" \/>\n\t<meta property=\"og:image:width\" content=\"700\" \/>\n\t<meta property=\"og:image:height\" content=\"700\" \/>\n\t<meta property=\"og:image:type\" content=\"image\/jpeg\" \/>\n<meta name=\"twitter:card\" content=\"summary_large_image\" \/>\n<meta name=\"twitter:label1\" content=\"Estimated reading time\" \/>\n\t<meta name=\"twitter:data1\" content=\"2 minutes\" \/>\n<script type=\"application\/ld+json\" class=\"yoast-schema-graph\">{\"@context\":\"https:\/\/schema.org\",\"@graph\":[{\"@type\":\"WebPage\",\"@id\":\"https:\/\/grapil.pl\/produkt\/polar-roboczy-refus-zoltywariant1\/\",\"url\":\"https:\/\/grapil.pl\/produkt\/polar-roboczy-refus-zoltywariant1\/\",\"name\":\"Polar roboczy Refus \u017c\u00f3\u0142ty - Grapil.pl \u2013 Profesjonalna Odzie\u017c S\u0142u\u017cbowa dla Bran\u017cy Kelnerskiej, HoReCa i Medycyny\",\"isPartOf\":{\"@id\":\"https:\/\/grapil.pl\/#website\"},\"primaryImageOfPage\":{\"@id\":\"https:\/\/grapil.pl\/produkt\/polar-roboczy-refus-zoltywariant1\/#primaryimage\"},\"image\":{\"@id\":\"https:\/\/grapil.pl\/produkt\/polar-roboczy-refus-zoltywariant1\/#primaryimage\"},\"thumbnailUrl\":\"https:\/\/grapil.pl\/wp-content\/uploads\/2025\/04\/21032.jpg\",\"datePublished\":\"2025-04-09T15:43:26+00:00\",\"dateModified\":\"2025-04-14T10:09:16+00:00\",\"breadcrumb\":{\"@id\":\"https:\/\/grapil.pl\/produkt\/polar-roboczy-refus-zoltywariant1\/#breadcrumb\"},\"inLanguage\":\"en-GB\",\"potentialAction\":[{\"@type\":\"ReadAction\",\"target\":[\"https:\/\/grapil.pl\/produkt\/polar-roboczy-refus-zoltywariant1\/\"]}]},{\"@type\":\"ImageObject\",\"inLanguage\":\"en-GB\",\"@id\":\"https:\/\/grapil.pl\/produkt\/polar-roboczy-refus-zoltywariant1\/#primaryimage\",\"url\":\"https:\/\/grapil.pl\/wp-content\/uploads\/2025\/04\/21032.jpg\",\"contentUrl\":\"https:\/\/grapil.pl\/wp-content\/uploads\/2025\/04\/21032.jpg\",\"width\":700,\"height\":700},{\"@type\":\"BreadcrumbList\",\"@id\":\"https:\/\/grapil.pl\/produkt\/polar-roboczy-refus-zoltywariant1\/#breadcrumb\",\"itemListElement\":[{\"@type\":\"ListItem\",\"position\":1,\"name\":\"Strona g\u0142\u00f3wna\",\"item\":\"https:\/\/grapil.pl\/\"},{\"@type\":\"ListItem\",\"position\":2,\"name\":\"sklep\",\"item\":\"https:\/\/grapil.pl\/sklep\/\"},{\"@type\":\"ListItem\",\"position\":3,\"name\":\"Polar roboczy Refus \u017c\u00f3\u0142ty\"}]},{\"@type\":\"WebSite\",\"@id\":\"https:\/\/grapil.pl\/#website\",\"url\":\"https:\/\/grapil.pl\/\",\"name\":\"Grapil.pl \u2013 Profesjonalna Odzie\u017c S\u0142u\u017cbowa dla Bran\u017cy Kelnerskiej, HoReCa i Medycyny\",\"description\":\"\",\"potentialAction\":[{\"@type\":\"SearchAction\",\"target\":{\"@type\":\"EntryPoint\",\"urlTemplate\":\"https:\/\/grapil.pl\/?s={search_term_string}\"},\"query-input\":{\"@type\":\"PropertyValueSpecification\",\"valueRequired\":true,\"valueName\":\"search_term_string\"}}],\"inLanguage\":\"en-GB\"}]}<\/script>\n<!-- \/ Yoast SEO plugin. -->","yoast_head_json":{"title":"Polar roboczy Refus \u017c\u00f3\u0142ty - Grapil.pl \u2013 Profesjonalna Odzie\u017c S\u0142u\u017cbowa dla Bran\u017cy Kelnerskiej, HoReCa i Medycyny","robots":{"index":"index","follow":"follow","max-snippet":"max-snippet:-1","max-image-preview":"max-image-preview:large","max-video-preview":"max-video-preview:-1"},"canonical":"https:\/\/grapil.pl\/en\/product\/refus-work-fleece-yellowvariant1\/","og_locale":"en_GB","og_type":"article","og_title":"Polar roboczy Refus \u017c\u00f3\u0142ty - Grapil.pl \u2013 Profesjonalna Odzie\u017c S\u0142u\u017cbowa dla Bran\u017cy Kelnerskiej, HoReCa i Medycyny","og_description":"Flouorescencyjna bluza polarowa o gramaturze 300g\/m 2\u00a0, wykonana z 100% poliestru. Charakterystyka: naszyte pasy odblaskowe\u00a0na torsie i r\u0119kawach- podnosz\u0105ce bezpiecze\u0144stwo","og_url":"https:\/\/grapil.pl\/en\/product\/refus-work-fleece-yellowvariant1\/","og_site_name":"Grapil.pl \u2013 Profesjonalna Odzie\u017c S\u0142u\u017cbowa dla Bran\u017cy Kelnerskiej, HoReCa i Medycyny","article_modified_time":"2025-04-14T10:09:16+00:00","og_image":[{"width":700,"height":700,"url":"https:\/\/grapil.pl\/wp-content\/uploads\/2025\/04\/21032.jpg","type":"image\/jpeg"}],"twitter_card":"summary_large_image","twitter_misc":{"Estimated reading time":"2 minutes"},"schema":{"@context":"https:\/\/schema.org","@graph":[{"@type":"WebPage","@id":"https:\/\/grapil.pl\/produkt\/polar-roboczy-refus-zoltywariant1\/","url":"https:\/\/grapil.pl\/produkt\/polar-roboczy-refus-zoltywariant1\/","name":"Polar roboczy Refus \u017c\u00f3\u0142ty - Grapil.pl \u2013 Profesjonalna Odzie\u017c S\u0142u\u017cbowa dla Bran\u017cy Kelnerskiej, HoReCa i Medycyny","isPartOf":{"@id":"https:\/\/grapil.pl\/#website"},"primaryImageOfPage":{"@id":"https:\/\/grapil.pl\/produkt\/polar-roboczy-refus-zoltywariant1\/#primaryimage"},"image":{"@id":"https:\/\/grapil.pl\/produkt\/polar-roboczy-refus-zoltywariant1\/#primaryimage"},"thumbnailUrl":"https:\/\/grapil.pl\/wp-content\/uploads\/2025\/04\/21032.jpg","datePublished":"2025-04-09T15:43:26+00:00","dateModified":"2025-04-14T10:09:16+00:00","breadcrumb":{"@id":"https:\/\/grapil.pl\/produkt\/polar-roboczy-refus-zoltywariant1\/#breadcrumb"},"inLanguage":"en-GB","potentialAction":[{"@type":"ReadAction","target":["https:\/\/grapil.pl\/produkt\/polar-roboczy-refus-zoltywariant1\/"]}]},{"@type":"ImageObject","inLanguage":"en-GB","@id":"https:\/\/grapil.pl\/produkt\/polar-roboczy-refus-zoltywariant1\/#primaryimage","url":"https:\/\/grapil.pl\/wp-content\/uploads\/2025\/04\/21032.jpg","contentUrl":"https:\/\/grapil.pl\/wp-content\/uploads\/2025\/04\/21032.jpg","width":700,"height":700},{"@type":"BreadcrumbList","@id":"https:\/\/grapil.pl\/produkt\/polar-roboczy-refus-zoltywariant1\/#breadcrumb","itemListElement":[{"@type":"ListItem","position":1,"name":"Strona g\u0142\u00f3wna","item":"https:\/\/grapil.pl\/"},{"@type":"ListItem","position":2,"name":"sklep","item":"https:\/\/grapil.pl\/sklep\/"},{"@type":"ListItem","position":3,"name":"Polar roboczy Refus \u017c\u00f3\u0142ty"}]},{"@type":"WebSite","@id":"https:\/\/grapil.pl\/#website","url":"https:\/\/grapil.pl\/","name":"Grapil.pl \u2013 Profesjonalna Odzie\u017c S\u0142u\u017cbowa dla Bran\u017cy Kelnerskiej, HoReCa i Medycyny","description":"","potentialAction":[{"@type":"SearchAction","target":{"@type":"EntryPoint","urlTemplate":"https:\/\/grapil.pl\/?s={search_term_string}"},"query-input":{"@type":"PropertyValueSpecification","valueRequired":true,"valueName":"search_term_string"}}],"inLanguage":"en-GB"}]}},"_links":{"self":[{"href":"https:\/\/grapil.pl\/en\/wp-json\/wp\/v2\/product\/19728","targetHints":{"allow":["GET"]}}],"collection":[{"href":"https:\/\/grapil.pl\/en\/wp-json\/wp\/v2\/product"}],"about":[{"href":"https:\/\/grapil.pl\/en\/wp-json\/wp\/v2\/types\/product"}],"version-history":[{"count":2,"href":"https:\/\/grapil.pl\/en\/wp-json\/wp\/v2\/product\/19728\/revisions"}],"predecessor-version":[{"id":19965,"href":"https:\/\/grapil.pl\/en\/wp-json\/wp\/v2\/product\/19728\/revisions\/19965"}],"wp:featuredmedia":[{"embeddable":true,"href":"https:\/\/grapil.pl\/en\/wp-json\/wp\/v2\/media\/19730"}],"wp:attachment":[{"href":"https:\/\/grapil.pl\/en\/wp-json\/wp\/v2\/media?parent=19728"}],"wp:term":[{"taxonomy":"product_brand","embeddable":true,"href":"https:\/\/grapil.pl\/en\/wp-json\/wp\/v2\/product_brand?post=19728"},{"taxonomy":"product_cat","embeddable":true,"href":"https:\/\/grapil.pl\/en\/wp-json\/wp\/v2\/product_cat?post=19728"},{"taxonomy":"product_tag","embeddable":true,"href":"https:\/\/grapil.pl\/en\/wp-json\/wp\/v2\/product_tag?post=19728"}],"curies":[{"name":"wp","href":"https:\/\/api.w.org\/{rel}","templated":true}]}}