{"id":19731,"date":"2025-04-09T17:43:26","date_gmt":"2025-04-09T15:43:26","guid":{"rendered":"https:\/\/grapil.pl\/produkt\/polar-roboczy-odblaskowy-ref-pomaranczowywariant1\/"},"modified":"2025-04-14T12:11:15","modified_gmt":"2025-04-14T10:11:15","slug":"reflective-work-fleece-ref-orangevariant1","status":"publish","type":"product","link":"https:\/\/grapil.pl\/en\/product\/reflective-work-fleece-ref-orangevariant1\/","title":{"rendered":"REF orange reflective work fleece"},"content":{"rendered":"<h1>Fleece REF ORANGE<\/h1>\n<p>Reflective fleece is a work uniform that meets all health and safety requirements. On the one hand, it improves the visibility of the employee on the road or in the workplace of machines and forklifts. On the other hand, the soft and thick fleece fabric provides effective protection against the cold while maintaining full freedom of movement.<\/p>\n<p>In addition to its intense green color, the reflective fleece is equipped with additional stripes that are perfectly visible in poor lighting or in semi-darkness. The sweatshirt is carefully finished with double seams and equipped with practical zipped pockets. The reflective fleece can be adjusted to any figure thanks to 5 available sizes.<\/p>\n<p><strong>Fluorescent<\/strong>\u00a0fleece sweatshirt,\u00a0<strong>thick<\/strong>\u00a0&#8211;\u00a0<strong>heavy weight<\/strong>\u00a0400g\/m2, made of 100% polyester.<\/p>\n<p>Perfect for work requiring increased\u00a0<strong>user visibility.<\/strong><\/p>\n<h2>Characteristic:<\/h2>\n<ul>\n<li>sewn-in reflective stripes on the torso and sleeves,<\/li>\n<li>fastened with a zipper<\/li>\n<li>sleeve finished with rubber band - this limits the passage of cold air underneath<\/li>\n<li>bottom of the sweatshirt is adjustable with an elastic string<\/li>\n<li>collar \u2013 high stand-up collar<\/li>\n<li>2 outer pockets with zipper,<\/li>\n<\/ul>","protected":false},"excerpt":{"rendered":"<p>Polar REF ORANGE Reflective fleece is a work outfit that meets all health and safety requirements. On the one hand, it improves the employee&#039;s visibility on the road<\/p>","protected":false},"featured_media":19733,"template":"","meta":[],"product_brand":[91],"product_cat":[86,92,100,120],"product_tag":[],"class_list":{"0":"post-19731","1":"product","2":"type-product","3":"status-publish","4":"has-post-thumbnail","6":"product_brand-artmas","7":"product_cat-sklepbhp","8":"product_cat-odziez-robocza","9":"product_cat-polary-i-bluzy-robocze","10":"product_cat-polary-i-bluzy-meskie","12":"first","13":"instock","14":"product-type-variable","15":"wvs-archive-product-wrapper"},"yoast_head":"<!-- This site is optimized with the Yoast SEO plugin v25.3 - https:\/\/yoast.com\/wordpress\/plugins\/seo\/ -->\n<title>Polar roboczy odblaskowy REF pomara\u0144czowy - Grapil.pl \u2013 Profesjonalna Odzie\u017c S\u0142u\u017cbowa dla Bran\u017cy Kelnerskiej, HoReCa i Medycyny<\/title>\n<meta name=\"robots\" content=\"index, follow, max-snippet:-1, max-image-preview:large, max-video-preview:-1\" \/>\n<link rel=\"canonical\" href=\"https:\/\/grapil.pl\/en\/product\/reflective-work-fleece-ref-orangevariant1\/\" \/>\n<meta property=\"og:locale\" content=\"en_GB\" \/>\n<meta property=\"og:type\" content=\"article\" \/>\n<meta property=\"og:title\" content=\"Polar roboczy odblaskowy REF pomara\u0144czowy - Grapil.pl \u2013 Profesjonalna Odzie\u017c S\u0142u\u017cbowa dla Bran\u017cy Kelnerskiej, HoReCa i Medycyny\" \/>\n<meta property=\"og:description\" content=\"Polar REF\u00a0ORANGE Polar odblaskowy jest strojem roboczym, kt\u00f3ry spe\u0142nia wszystkie wymogi BHP. Z jednej strony poprawia widoczno\u015b\u0107 pracownika na drodze\" \/>\n<meta property=\"og:url\" content=\"https:\/\/grapil.pl\/en\/product\/reflective-work-fleece-ref-orangevariant1\/\" \/>\n<meta property=\"og:site_name\" content=\"Grapil.pl \u2013 Profesjonalna Odzie\u017c S\u0142u\u017cbowa dla Bran\u017cy Kelnerskiej, HoReCa i Medycyny\" \/>\n<meta property=\"article:modified_time\" content=\"2025-04-14T10:11:15+00:00\" \/>\n<meta property=\"og:image\" content=\"https:\/\/grapil.pl\/wp-content\/uploads\/2025\/04\/21028.jpg\" \/>\n\t<meta property=\"og:image:width\" content=\"700\" \/>\n\t<meta property=\"og:image:height\" content=\"700\" \/>\n\t<meta property=\"og:image:type\" content=\"image\/jpeg\" \/>\n<meta name=\"twitter:card\" content=\"summary_large_image\" \/>\n<meta name=\"twitter:label1\" content=\"Estimated reading time\" \/>\n\t<meta name=\"twitter:data1\" content=\"2 minutes\" \/>\n<script type=\"application\/ld+json\" class=\"yoast-schema-graph\">{\"@context\":\"https:\/\/schema.org\",\"@graph\":[{\"@type\":\"WebPage\",\"@id\":\"https:\/\/grapil.pl\/produkt\/polar-roboczy-odblaskowy-ref-pomaranczowywariant1\/\",\"url\":\"https:\/\/grapil.pl\/produkt\/polar-roboczy-odblaskowy-ref-pomaranczowywariant1\/\",\"name\":\"Polar roboczy odblaskowy REF pomara\u0144czowy - Grapil.pl \u2013 Profesjonalna Odzie\u017c S\u0142u\u017cbowa dla Bran\u017cy Kelnerskiej, HoReCa i Medycyny\",\"isPartOf\":{\"@id\":\"https:\/\/grapil.pl\/#website\"},\"primaryImageOfPage\":{\"@id\":\"https:\/\/grapil.pl\/produkt\/polar-roboczy-odblaskowy-ref-pomaranczowywariant1\/#primaryimage\"},\"image\":{\"@id\":\"https:\/\/grapil.pl\/produkt\/polar-roboczy-odblaskowy-ref-pomaranczowywariant1\/#primaryimage\"},\"thumbnailUrl\":\"https:\/\/grapil.pl\/wp-content\/uploads\/2025\/04\/21028.jpg\",\"datePublished\":\"2025-04-09T15:43:26+00:00\",\"dateModified\":\"2025-04-14T10:11:15+00:00\",\"breadcrumb\":{\"@id\":\"https:\/\/grapil.pl\/produkt\/polar-roboczy-odblaskowy-ref-pomaranczowywariant1\/#breadcrumb\"},\"inLanguage\":\"en-GB\",\"potentialAction\":[{\"@type\":\"ReadAction\",\"target\":[\"https:\/\/grapil.pl\/produkt\/polar-roboczy-odblaskowy-ref-pomaranczowywariant1\/\"]}]},{\"@type\":\"ImageObject\",\"inLanguage\":\"en-GB\",\"@id\":\"https:\/\/grapil.pl\/produkt\/polar-roboczy-odblaskowy-ref-pomaranczowywariant1\/#primaryimage\",\"url\":\"https:\/\/grapil.pl\/wp-content\/uploads\/2025\/04\/21028.jpg\",\"contentUrl\":\"https:\/\/grapil.pl\/wp-content\/uploads\/2025\/04\/21028.jpg\",\"width\":700,\"height\":700},{\"@type\":\"BreadcrumbList\",\"@id\":\"https:\/\/grapil.pl\/produkt\/polar-roboczy-odblaskowy-ref-pomaranczowywariant1\/#breadcrumb\",\"itemListElement\":[{\"@type\":\"ListItem\",\"position\":1,\"name\":\"Strona g\u0142\u00f3wna\",\"item\":\"https:\/\/grapil.pl\/\"},{\"@type\":\"ListItem\",\"position\":2,\"name\":\"sklep\",\"item\":\"https:\/\/grapil.pl\/sklep\/\"},{\"@type\":\"ListItem\",\"position\":3,\"name\":\"Polar roboczy odblaskowy REF pomara\u0144czowy\"}]},{\"@type\":\"WebSite\",\"@id\":\"https:\/\/grapil.pl\/#website\",\"url\":\"https:\/\/grapil.pl\/\",\"name\":\"Grapil.pl \u2013 Profesjonalna Odzie\u017c S\u0142u\u017cbowa dla Bran\u017cy Kelnerskiej, HoReCa i Medycyny\",\"description\":\"\",\"potentialAction\":[{\"@type\":\"SearchAction\",\"target\":{\"@type\":\"EntryPoint\",\"urlTemplate\":\"https:\/\/grapil.pl\/?s={search_term_string}\"},\"query-input\":{\"@type\":\"PropertyValueSpecification\",\"valueRequired\":true,\"valueName\":\"search_term_string\"}}],\"inLanguage\":\"en-GB\"}]}<\/script>\n<!-- \/ Yoast SEO plugin. -->","yoast_head_json":{"title":"Polar roboczy odblaskowy REF pomara\u0144czowy - Grapil.pl \u2013 Profesjonalna Odzie\u017c S\u0142u\u017cbowa dla Bran\u017cy Kelnerskiej, HoReCa i Medycyny","robots":{"index":"index","follow":"follow","max-snippet":"max-snippet:-1","max-image-preview":"max-image-preview:large","max-video-preview":"max-video-preview:-1"},"canonical":"https:\/\/grapil.pl\/en\/product\/reflective-work-fleece-ref-orangevariant1\/","og_locale":"en_GB","og_type":"article","og_title":"Polar roboczy odblaskowy REF pomara\u0144czowy - Grapil.pl \u2013 Profesjonalna Odzie\u017c S\u0142u\u017cbowa dla Bran\u017cy Kelnerskiej, HoReCa i Medycyny","og_description":"Polar REF\u00a0ORANGE Polar odblaskowy jest strojem roboczym, kt\u00f3ry spe\u0142nia wszystkie wymogi BHP. Z jednej strony poprawia widoczno\u015b\u0107 pracownika na drodze","og_url":"https:\/\/grapil.pl\/en\/product\/reflective-work-fleece-ref-orangevariant1\/","og_site_name":"Grapil.pl \u2013 Profesjonalna Odzie\u017c S\u0142u\u017cbowa dla Bran\u017cy Kelnerskiej, HoReCa i Medycyny","article_modified_time":"2025-04-14T10:11:15+00:00","og_image":[{"width":700,"height":700,"url":"https:\/\/grapil.pl\/wp-content\/uploads\/2025\/04\/21028.jpg","type":"image\/jpeg"}],"twitter_card":"summary_large_image","twitter_misc":{"Estimated reading time":"2 minutes"},"schema":{"@context":"https:\/\/schema.org","@graph":[{"@type":"WebPage","@id":"https:\/\/grapil.pl\/produkt\/polar-roboczy-odblaskowy-ref-pomaranczowywariant1\/","url":"https:\/\/grapil.pl\/produkt\/polar-roboczy-odblaskowy-ref-pomaranczowywariant1\/","name":"Polar roboczy odblaskowy REF pomara\u0144czowy - Grapil.pl \u2013 Profesjonalna Odzie\u017c S\u0142u\u017cbowa dla Bran\u017cy Kelnerskiej, HoReCa i Medycyny","isPartOf":{"@id":"https:\/\/grapil.pl\/#website"},"primaryImageOfPage":{"@id":"https:\/\/grapil.pl\/produkt\/polar-roboczy-odblaskowy-ref-pomaranczowywariant1\/#primaryimage"},"image":{"@id":"https:\/\/grapil.pl\/produkt\/polar-roboczy-odblaskowy-ref-pomaranczowywariant1\/#primaryimage"},"thumbnailUrl":"https:\/\/grapil.pl\/wp-content\/uploads\/2025\/04\/21028.jpg","datePublished":"2025-04-09T15:43:26+00:00","dateModified":"2025-04-14T10:11:15+00:00","breadcrumb":{"@id":"https:\/\/grapil.pl\/produkt\/polar-roboczy-odblaskowy-ref-pomaranczowywariant1\/#breadcrumb"},"inLanguage":"en-GB","potentialAction":[{"@type":"ReadAction","target":["https:\/\/grapil.pl\/produkt\/polar-roboczy-odblaskowy-ref-pomaranczowywariant1\/"]}]},{"@type":"ImageObject","inLanguage":"en-GB","@id":"https:\/\/grapil.pl\/produkt\/polar-roboczy-odblaskowy-ref-pomaranczowywariant1\/#primaryimage","url":"https:\/\/grapil.pl\/wp-content\/uploads\/2025\/04\/21028.jpg","contentUrl":"https:\/\/grapil.pl\/wp-content\/uploads\/2025\/04\/21028.jpg","width":700,"height":700},{"@type":"BreadcrumbList","@id":"https:\/\/grapil.pl\/produkt\/polar-roboczy-odblaskowy-ref-pomaranczowywariant1\/#breadcrumb","itemListElement":[{"@type":"ListItem","position":1,"name":"Strona g\u0142\u00f3wna","item":"https:\/\/grapil.pl\/"},{"@type":"ListItem","position":2,"name":"sklep","item":"https:\/\/grapil.pl\/sklep\/"},{"@type":"ListItem","position":3,"name":"Polar roboczy odblaskowy REF pomara\u0144czowy"}]},{"@type":"WebSite","@id":"https:\/\/grapil.pl\/#website","url":"https:\/\/grapil.pl\/","name":"Grapil.pl \u2013 Profesjonalna Odzie\u017c S\u0142u\u017cbowa dla Bran\u017cy Kelnerskiej, HoReCa i Medycyny","description":"","potentialAction":[{"@type":"SearchAction","target":{"@type":"EntryPoint","urlTemplate":"https:\/\/grapil.pl\/?s={search_term_string}"},"query-input":{"@type":"PropertyValueSpecification","valueRequired":true,"valueName":"search_term_string"}}],"inLanguage":"en-GB"}]}},"_links":{"self":[{"href":"https:\/\/grapil.pl\/en\/wp-json\/wp\/v2\/product\/19731","targetHints":{"allow":["GET"]}}],"collection":[{"href":"https:\/\/grapil.pl\/en\/wp-json\/wp\/v2\/product"}],"about":[{"href":"https:\/\/grapil.pl\/en\/wp-json\/wp\/v2\/types\/product"}],"version-history":[{"count":2,"href":"https:\/\/grapil.pl\/en\/wp-json\/wp\/v2\/product\/19731\/revisions"}],"predecessor-version":[{"id":19973,"href":"https:\/\/grapil.pl\/en\/wp-json\/wp\/v2\/product\/19731\/revisions\/19973"}],"wp:featuredmedia":[{"embeddable":true,"href":"https:\/\/grapil.pl\/en\/wp-json\/wp\/v2\/media\/19733"}],"wp:attachment":[{"href":"https:\/\/grapil.pl\/en\/wp-json\/wp\/v2\/media?parent=19731"}],"wp:term":[{"taxonomy":"product_brand","embeddable":true,"href":"https:\/\/grapil.pl\/en\/wp-json\/wp\/v2\/product_brand?post=19731"},{"taxonomy":"product_cat","embeddable":true,"href":"https:\/\/grapil.pl\/en\/wp-json\/wp\/v2\/product_cat?post=19731"},{"taxonomy":"product_tag","embeddable":true,"href":"https:\/\/grapil.pl\/en\/wp-json\/wp\/v2\/product_tag?post=19731"}],"curies":[{"name":"wp","href":"https:\/\/api.w.org\/{rel}","templated":true}]}}