{"id":19734,"date":"2025-04-09T17:43:26","date_gmt":"2025-04-09T15:43:26","guid":{"rendered":"https:\/\/grapil.pl\/produkt\/polar-roboczy-odblaskowy-ref-zoltywariant1\/"},"modified":"2025-04-14T11:31:24","modified_gmt":"2025-04-14T09:31:24","slug":"reflective-work-fleece-ref-yellowvariant1","status":"publish","type":"product","link":"https:\/\/grapil.pl\/en\/product\/reflective-work-fleece-ref-yellowvariant1\/","title":{"rendered":"Reflective work fleece REF yellow"},"content":{"rendered":"<p><strong>Fluorescent<\/strong>\u00a0fleece sweatshirt,\u00a0<strong>thick<\/strong>\u00a0&#8211;\u00a0<strong>heavy weight<\/strong>\u00a0400g\/m2, made of 100% polyester.<\/p>\n<p>Perfect for work requiring increased\u00a0<strong>user visibility.<\/strong><\/p>\n<p>Reflective fleece is a work uniform that meets all health and safety requirements. On the one hand, it improves the visibility of the employee on the road or in the workplace of machines and forklifts. On the other hand, the soft and thick fleece fabric provides effective protection against the cold while maintaining full freedom of movement.<\/p>\n<p>In addition to its intense green color, the reflective fleece is equipped with additional stripes that are perfectly visible in poor lighting or in semi-darkness. The sweatshirt is carefully finished with double seams and equipped with practical zipped pockets. The reflective fleece can be adjusted to any figure thanks to 5 available sizes.<\/p>\n<p><strong>Characteristic:<\/strong><\/p>\n<ul>\n<li>sewn-in reflective stripes on the torso and sleeves,<\/li>\n<li>fastened with a zipper<\/li>\n<li>sleeve finished with rubber band - this limits the passage of cold air underneath<\/li>\n<li>bottom of the sweatshirt is adjustable with an elastic string<\/li>\n<li>collar \u2013 high stand-up collar<\/li>\n<li>2 outer pockets with zipper,<\/li>\n<\/ul>","protected":false},"excerpt":{"rendered":"<p>Fluorescent fleece sweatshirt, thick - high grammage 400g\/m2, made of 100% polyester. Perfect for work requiring increased user visibility. Reflective fleece is a work outfit that<\/p>","protected":false},"featured_media":19736,"template":"","meta":[],"product_brand":[91],"product_cat":[86,92,100,120],"product_tag":[],"class_list":{"0":"post-19734","1":"product","2":"type-product","3":"status-publish","4":"has-post-thumbnail","6":"product_brand-artmas","7":"product_cat-sklepbhp","8":"product_cat-odziez-robocza","9":"product_cat-polary-i-bluzy-robocze","10":"product_cat-polary-i-bluzy-meskie","12":"first","13":"instock","14":"product-type-variable","15":"wvs-archive-product-wrapper"},"yoast_head":"<!-- This site is optimized with the Yoast SEO plugin v25.3 - https:\/\/yoast.com\/wordpress\/plugins\/seo\/ -->\n<title>Polar roboczy odblaskowy REF \u017c\u00f3\u0142ty - Grapil.pl \u2013 Profesjonalna Odzie\u017c S\u0142u\u017cbowa dla Bran\u017cy Kelnerskiej, HoReCa i Medycyny<\/title>\n<meta name=\"robots\" content=\"index, follow, max-snippet:-1, max-image-preview:large, max-video-preview:-1\" \/>\n<link rel=\"canonical\" href=\"https:\/\/grapil.pl\/en\/product\/reflective-work-fleece-ref-yellowvariant1\/\" \/>\n<meta property=\"og:locale\" content=\"en_GB\" \/>\n<meta property=\"og:type\" content=\"article\" \/>\n<meta property=\"og:title\" content=\"Polar roboczy odblaskowy REF \u017c\u00f3\u0142ty - Grapil.pl \u2013 Profesjonalna Odzie\u017c S\u0142u\u017cbowa dla Bran\u017cy Kelnerskiej, HoReCa i Medycyny\" \/>\n<meta property=\"og:description\" content=\"Flouorescencyjna\u00a0bluza polarowa,\u00a0gruba\u00a0&#8211;\u00a0o wysokiej gramaturze\u00a0400g\/m2, wykonana z 100% poliestru. Doskona\u0142a do prac wymagaj\u0105cych podwy\u017cszonej\u00a0widoczno\u015bci u\u017cytkownika. Polar odblaskowy jest strojem roboczym, kt\u00f3ry\" \/>\n<meta property=\"og:url\" content=\"https:\/\/grapil.pl\/en\/product\/reflective-work-fleece-ref-yellowvariant1\/\" \/>\n<meta property=\"og:site_name\" content=\"Grapil.pl \u2013 Profesjonalna Odzie\u017c S\u0142u\u017cbowa dla Bran\u017cy Kelnerskiej, HoReCa i Medycyny\" \/>\n<meta property=\"article:modified_time\" content=\"2025-04-14T09:31:24+00:00\" \/>\n<meta property=\"og:image\" content=\"https:\/\/grapil.pl\/wp-content\/uploads\/2025\/04\/21031.jpg\" \/>\n\t<meta property=\"og:image:width\" content=\"700\" \/>\n\t<meta property=\"og:image:height\" content=\"700\" \/>\n\t<meta property=\"og:image:type\" content=\"image\/jpeg\" \/>\n<meta name=\"twitter:card\" content=\"summary_large_image\" \/>\n<meta name=\"twitter:label1\" content=\"Estimated reading time\" \/>\n\t<meta name=\"twitter:data1\" content=\"2 minutes\" \/>\n<script type=\"application\/ld+json\" class=\"yoast-schema-graph\">{\"@context\":\"https:\/\/schema.org\",\"@graph\":[{\"@type\":\"WebPage\",\"@id\":\"https:\/\/grapil.pl\/produkt\/polar-roboczy-odblaskowy-ref-zoltywariant1\/\",\"url\":\"https:\/\/grapil.pl\/produkt\/polar-roboczy-odblaskowy-ref-zoltywariant1\/\",\"name\":\"Polar roboczy odblaskowy REF \u017c\u00f3\u0142ty - Grapil.pl \u2013 Profesjonalna Odzie\u017c S\u0142u\u017cbowa dla Bran\u017cy Kelnerskiej, HoReCa i Medycyny\",\"isPartOf\":{\"@id\":\"https:\/\/grapil.pl\/#website\"},\"primaryImageOfPage\":{\"@id\":\"https:\/\/grapil.pl\/produkt\/polar-roboczy-odblaskowy-ref-zoltywariant1\/#primaryimage\"},\"image\":{\"@id\":\"https:\/\/grapil.pl\/produkt\/polar-roboczy-odblaskowy-ref-zoltywariant1\/#primaryimage\"},\"thumbnailUrl\":\"https:\/\/grapil.pl\/wp-content\/uploads\/2025\/04\/21031.jpg\",\"datePublished\":\"2025-04-09T15:43:26+00:00\",\"dateModified\":\"2025-04-14T09:31:24+00:00\",\"breadcrumb\":{\"@id\":\"https:\/\/grapil.pl\/produkt\/polar-roboczy-odblaskowy-ref-zoltywariant1\/#breadcrumb\"},\"inLanguage\":\"en-GB\",\"potentialAction\":[{\"@type\":\"ReadAction\",\"target\":[\"https:\/\/grapil.pl\/produkt\/polar-roboczy-odblaskowy-ref-zoltywariant1\/\"]}]},{\"@type\":\"ImageObject\",\"inLanguage\":\"en-GB\",\"@id\":\"https:\/\/grapil.pl\/produkt\/polar-roboczy-odblaskowy-ref-zoltywariant1\/#primaryimage\",\"url\":\"https:\/\/grapil.pl\/wp-content\/uploads\/2025\/04\/21031.jpg\",\"contentUrl\":\"https:\/\/grapil.pl\/wp-content\/uploads\/2025\/04\/21031.jpg\",\"width\":700,\"height\":700},{\"@type\":\"BreadcrumbList\",\"@id\":\"https:\/\/grapil.pl\/produkt\/polar-roboczy-odblaskowy-ref-zoltywariant1\/#breadcrumb\",\"itemListElement\":[{\"@type\":\"ListItem\",\"position\":1,\"name\":\"Strona g\u0142\u00f3wna\",\"item\":\"https:\/\/grapil.pl\/\"},{\"@type\":\"ListItem\",\"position\":2,\"name\":\"sklep\",\"item\":\"https:\/\/grapil.pl\/sklep\/\"},{\"@type\":\"ListItem\",\"position\":3,\"name\":\"Polar roboczy odblaskowy REF \u017c\u00f3\u0142ty\"}]},{\"@type\":\"WebSite\",\"@id\":\"https:\/\/grapil.pl\/#website\",\"url\":\"https:\/\/grapil.pl\/\",\"name\":\"Grapil.pl \u2013 Profesjonalna Odzie\u017c S\u0142u\u017cbowa dla Bran\u017cy Kelnerskiej, HoReCa i Medycyny\",\"description\":\"\",\"potentialAction\":[{\"@type\":\"SearchAction\",\"target\":{\"@type\":\"EntryPoint\",\"urlTemplate\":\"https:\/\/grapil.pl\/?s={search_term_string}\"},\"query-input\":{\"@type\":\"PropertyValueSpecification\",\"valueRequired\":true,\"valueName\":\"search_term_string\"}}],\"inLanguage\":\"en-GB\"}]}<\/script>\n<!-- \/ Yoast SEO plugin. -->","yoast_head_json":{"title":"Polar roboczy odblaskowy REF \u017c\u00f3\u0142ty - Grapil.pl \u2013 Profesjonalna Odzie\u017c S\u0142u\u017cbowa dla Bran\u017cy Kelnerskiej, HoReCa i Medycyny","robots":{"index":"index","follow":"follow","max-snippet":"max-snippet:-1","max-image-preview":"max-image-preview:large","max-video-preview":"max-video-preview:-1"},"canonical":"https:\/\/grapil.pl\/en\/product\/reflective-work-fleece-ref-yellowvariant1\/","og_locale":"en_GB","og_type":"article","og_title":"Polar roboczy odblaskowy REF \u017c\u00f3\u0142ty - Grapil.pl \u2013 Profesjonalna Odzie\u017c S\u0142u\u017cbowa dla Bran\u017cy Kelnerskiej, HoReCa i Medycyny","og_description":"Flouorescencyjna\u00a0bluza polarowa,\u00a0gruba\u00a0&#8211;\u00a0o wysokiej gramaturze\u00a0400g\/m2, wykonana z 100% poliestru. Doskona\u0142a do prac wymagaj\u0105cych podwy\u017cszonej\u00a0widoczno\u015bci u\u017cytkownika. Polar odblaskowy jest strojem roboczym, kt\u00f3ry","og_url":"https:\/\/grapil.pl\/en\/product\/reflective-work-fleece-ref-yellowvariant1\/","og_site_name":"Grapil.pl \u2013 Profesjonalna Odzie\u017c S\u0142u\u017cbowa dla Bran\u017cy Kelnerskiej, HoReCa i Medycyny","article_modified_time":"2025-04-14T09:31:24+00:00","og_image":[{"width":700,"height":700,"url":"https:\/\/grapil.pl\/wp-content\/uploads\/2025\/04\/21031.jpg","type":"image\/jpeg"}],"twitter_card":"summary_large_image","twitter_misc":{"Estimated reading time":"2 minutes"},"schema":{"@context":"https:\/\/schema.org","@graph":[{"@type":"WebPage","@id":"https:\/\/grapil.pl\/produkt\/polar-roboczy-odblaskowy-ref-zoltywariant1\/","url":"https:\/\/grapil.pl\/produkt\/polar-roboczy-odblaskowy-ref-zoltywariant1\/","name":"Polar roboczy odblaskowy REF \u017c\u00f3\u0142ty - Grapil.pl \u2013 Profesjonalna Odzie\u017c S\u0142u\u017cbowa dla Bran\u017cy Kelnerskiej, HoReCa i Medycyny","isPartOf":{"@id":"https:\/\/grapil.pl\/#website"},"primaryImageOfPage":{"@id":"https:\/\/grapil.pl\/produkt\/polar-roboczy-odblaskowy-ref-zoltywariant1\/#primaryimage"},"image":{"@id":"https:\/\/grapil.pl\/produkt\/polar-roboczy-odblaskowy-ref-zoltywariant1\/#primaryimage"},"thumbnailUrl":"https:\/\/grapil.pl\/wp-content\/uploads\/2025\/04\/21031.jpg","datePublished":"2025-04-09T15:43:26+00:00","dateModified":"2025-04-14T09:31:24+00:00","breadcrumb":{"@id":"https:\/\/grapil.pl\/produkt\/polar-roboczy-odblaskowy-ref-zoltywariant1\/#breadcrumb"},"inLanguage":"en-GB","potentialAction":[{"@type":"ReadAction","target":["https:\/\/grapil.pl\/produkt\/polar-roboczy-odblaskowy-ref-zoltywariant1\/"]}]},{"@type":"ImageObject","inLanguage":"en-GB","@id":"https:\/\/grapil.pl\/produkt\/polar-roboczy-odblaskowy-ref-zoltywariant1\/#primaryimage","url":"https:\/\/grapil.pl\/wp-content\/uploads\/2025\/04\/21031.jpg","contentUrl":"https:\/\/grapil.pl\/wp-content\/uploads\/2025\/04\/21031.jpg","width":700,"height":700},{"@type":"BreadcrumbList","@id":"https:\/\/grapil.pl\/produkt\/polar-roboczy-odblaskowy-ref-zoltywariant1\/#breadcrumb","itemListElement":[{"@type":"ListItem","position":1,"name":"Strona g\u0142\u00f3wna","item":"https:\/\/grapil.pl\/"},{"@type":"ListItem","position":2,"name":"sklep","item":"https:\/\/grapil.pl\/sklep\/"},{"@type":"ListItem","position":3,"name":"Polar roboczy odblaskowy REF \u017c\u00f3\u0142ty"}]},{"@type":"WebSite","@id":"https:\/\/grapil.pl\/#website","url":"https:\/\/grapil.pl\/","name":"Grapil.pl \u2013 Profesjonalna Odzie\u017c S\u0142u\u017cbowa dla Bran\u017cy Kelnerskiej, HoReCa i Medycyny","description":"","potentialAction":[{"@type":"SearchAction","target":{"@type":"EntryPoint","urlTemplate":"https:\/\/grapil.pl\/?s={search_term_string}"},"query-input":{"@type":"PropertyValueSpecification","valueRequired":true,"valueName":"search_term_string"}}],"inLanguage":"en-GB"}]}},"_links":{"self":[{"href":"https:\/\/grapil.pl\/en\/wp-json\/wp\/v2\/product\/19734","targetHints":{"allow":["GET"]}}],"collection":[{"href":"https:\/\/grapil.pl\/en\/wp-json\/wp\/v2\/product"}],"about":[{"href":"https:\/\/grapil.pl\/en\/wp-json\/wp\/v2\/types\/product"}],"version-history":[{"count":4,"href":"https:\/\/grapil.pl\/en\/wp-json\/wp\/v2\/product\/19734\/revisions"}],"predecessor-version":[{"id":19949,"href":"https:\/\/grapil.pl\/en\/wp-json\/wp\/v2\/product\/19734\/revisions\/19949"}],"wp:featuredmedia":[{"embeddable":true,"href":"https:\/\/grapil.pl\/en\/wp-json\/wp\/v2\/media\/19736"}],"wp:attachment":[{"href":"https:\/\/grapil.pl\/en\/wp-json\/wp\/v2\/media?parent=19734"}],"wp:term":[{"taxonomy":"product_brand","embeddable":true,"href":"https:\/\/grapil.pl\/en\/wp-json\/wp\/v2\/product_brand?post=19734"},{"taxonomy":"product_cat","embeddable":true,"href":"https:\/\/grapil.pl\/en\/wp-json\/wp\/v2\/product_cat?post=19734"},{"taxonomy":"product_tag","embeddable":true,"href":"https:\/\/grapil.pl\/en\/wp-json\/wp\/v2\/product_tag?post=19734"}],"curies":[{"name":"wp","href":"https:\/\/api.w.org\/{rel}","templated":true}]}}