{"id":20811,"date":"2025-05-15T15:29:07","date_gmt":"2025-05-15T13:29:07","guid":{"rendered":"https:\/\/grapil.pl\/?post_type=product&#038;p=20811"},"modified":"2026-02-17T13:59:26","modified_gmt":"2026-02-17T12:59:26","slug":"medical-apron-4","status":"publish","type":"product","link":"https:\/\/grapil.pl\/en\/product\/medical-apron-4\/","title":{"rendered":"Medical apron"},"content":{"rendered":"<p>Medical apron with a neckline with a stand-up collar and a delicate V-shaped cut. There are two pockets at the front at hip height and one at the top. The pockets will easily hold all the necessary things. Additional comfort and freedom of movement are provided by the slits on the side. There is an eyelet for an ID card on the left side by the pocket.<\/p>\n<p>Thanks to the fabric used, which is easy to care for and resistant to creasing, the apron always looks very good.<\/p>\n<p>&nbsp;<\/p>\n<p>The model presented is functional and at the same time stylish.<\/p>\n<p>&nbsp;<\/p>\n<p>Fabric:<\/p>\n<p>72% polyester<\/p>\n<p>23% rayon<\/p>\n<p>5% spandex<\/p>","protected":false},"excerpt":{"rendered":"<p>Medical apron with a stand-up collar and a delicate V-shaped cut. There are two pockets at the front at hip level.<\/p>","protected":false},"featured_media":20889,"template":"","meta":[],"product_brand":[],"product_cat":[106,110],"product_tag":[],"class_list":{"0":"post-20811","1":"product","2":"type-product","3":"status-publish","4":"has-post-thumbnail","6":"product_cat-medycyna-i-kosmetyka","7":"product_cat-bluzy-i-tuniki","9":"first","10":"instock","11":"taxable","12":"shipping-taxable","13":"product-type-simple"},"yoast_head":"<!-- This site is optimized with the Yoast SEO plugin v25.3 - https:\/\/yoast.com\/wordpress\/plugins\/seo\/ -->\n<title>Fartuszek medyczny - Grapil.pl \u2013 Profesjonalna Odzie\u017c S\u0142u\u017cbowa dla Bran\u017cy Kelnerskiej, HoReCa i Medycyny<\/title>\n<meta name=\"robots\" content=\"index, follow, max-snippet:-1, max-image-preview:large, max-video-preview:-1\" \/>\n<link rel=\"canonical\" href=\"https:\/\/grapil.pl\/en\/product\/medical-apron-4\/\" \/>\n<meta property=\"og:locale\" content=\"en_GB\" \/>\n<meta property=\"og:type\" content=\"article\" \/>\n<meta property=\"og:title\" content=\"Fartuszek medyczny - Grapil.pl \u2013 Profesjonalna Odzie\u017c S\u0142u\u017cbowa dla Bran\u017cy Kelnerskiej, HoReCa i Medycyny\" \/>\n<meta property=\"og:description\" content=\"Fartuszek medyczny z dekoltem posiadaj\u0105cym st\u00f3jk\u0119 oraz delikatne wyci\u0119cie w liter\u0119 V. Z przodu na wysoko\u015bci bioder znajduj\u0105 si\u0119 dwie\" \/>\n<meta property=\"og:url\" content=\"https:\/\/grapil.pl\/en\/product\/medical-apron-4\/\" \/>\n<meta property=\"og:site_name\" content=\"Grapil.pl \u2013 Profesjonalna Odzie\u017c S\u0142u\u017cbowa dla Bran\u017cy Kelnerskiej, HoReCa i Medycyny\" \/>\n<meta property=\"article:modified_time\" content=\"2026-02-17T12:59:26+00:00\" \/>\n<meta property=\"og:image\" content=\"https:\/\/grapil.pl\/wp-content\/uploads\/2025\/05\/4-1.jpg\" \/>\n\t<meta property=\"og:image:width\" content=\"649\" \/>\n\t<meta property=\"og:image:height\" content=\"742\" \/>\n\t<meta property=\"og:image:type\" content=\"image\/jpeg\" \/>\n<meta name=\"twitter:card\" content=\"summary_large_image\" \/>\n<meta name=\"twitter:label1\" content=\"Estimated reading time\" \/>\n\t<meta name=\"twitter:data1\" content=\"1 minute\" \/>\n<script type=\"application\/ld+json\" class=\"yoast-schema-graph\">{\"@context\":\"https:\/\/schema.org\",\"@graph\":[{\"@type\":\"WebPage\",\"@id\":\"https:\/\/grapil.pl\/produkt\/fartuszek-medyczny-4\/\",\"url\":\"https:\/\/grapil.pl\/produkt\/fartuszek-medyczny-4\/\",\"name\":\"Fartuszek medyczny - Grapil.pl \u2013 Profesjonalna Odzie\u017c S\u0142u\u017cbowa dla Bran\u017cy Kelnerskiej, HoReCa i Medycyny\",\"isPartOf\":{\"@id\":\"https:\/\/grapil.pl\/#website\"},\"primaryImageOfPage\":{\"@id\":\"https:\/\/grapil.pl\/produkt\/fartuszek-medyczny-4\/#primaryimage\"},\"image\":{\"@id\":\"https:\/\/grapil.pl\/produkt\/fartuszek-medyczny-4\/#primaryimage\"},\"thumbnailUrl\":\"https:\/\/grapil.pl\/wp-content\/uploads\/2025\/05\/4-1.jpg\",\"datePublished\":\"2025-05-15T13:29:07+00:00\",\"dateModified\":\"2026-02-17T12:59:26+00:00\",\"breadcrumb\":{\"@id\":\"https:\/\/grapil.pl\/produkt\/fartuszek-medyczny-4\/#breadcrumb\"},\"inLanguage\":\"en-GB\",\"potentialAction\":[{\"@type\":\"ReadAction\",\"target\":[\"https:\/\/grapil.pl\/produkt\/fartuszek-medyczny-4\/\"]}]},{\"@type\":\"ImageObject\",\"inLanguage\":\"en-GB\",\"@id\":\"https:\/\/grapil.pl\/produkt\/fartuszek-medyczny-4\/#primaryimage\",\"url\":\"https:\/\/grapil.pl\/wp-content\/uploads\/2025\/05\/4-1.jpg\",\"contentUrl\":\"https:\/\/grapil.pl\/wp-content\/uploads\/2025\/05\/4-1.jpg\",\"width\":649,\"height\":742},{\"@type\":\"BreadcrumbList\",\"@id\":\"https:\/\/grapil.pl\/produkt\/fartuszek-medyczny-4\/#breadcrumb\",\"itemListElement\":[{\"@type\":\"ListItem\",\"position\":1,\"name\":\"Strona g\u0142\u00f3wna\",\"item\":\"https:\/\/grapil.pl\/\"},{\"@type\":\"ListItem\",\"position\":2,\"name\":\"sklep\",\"item\":\"https:\/\/grapil.pl\/sklep\/\"},{\"@type\":\"ListItem\",\"position\":3,\"name\":\"Fartuszek medyczny\"}]},{\"@type\":\"WebSite\",\"@id\":\"https:\/\/grapil.pl\/#website\",\"url\":\"https:\/\/grapil.pl\/\",\"name\":\"Grapil.pl \u2013 Profesjonalna Odzie\u017c S\u0142u\u017cbowa dla Bran\u017cy Kelnerskiej, HoReCa i Medycyny\",\"description\":\"\",\"potentialAction\":[{\"@type\":\"SearchAction\",\"target\":{\"@type\":\"EntryPoint\",\"urlTemplate\":\"https:\/\/grapil.pl\/?s={search_term_string}\"},\"query-input\":{\"@type\":\"PropertyValueSpecification\",\"valueRequired\":true,\"valueName\":\"search_term_string\"}}],\"inLanguage\":\"en-GB\"}]}<\/script>\n<!-- \/ Yoast SEO plugin. -->","yoast_head_json":{"title":"Fartuszek medyczny - Grapil.pl \u2013 Profesjonalna Odzie\u017c S\u0142u\u017cbowa dla Bran\u017cy Kelnerskiej, HoReCa i Medycyny","robots":{"index":"index","follow":"follow","max-snippet":"max-snippet:-1","max-image-preview":"max-image-preview:large","max-video-preview":"max-video-preview:-1"},"canonical":"https:\/\/grapil.pl\/en\/product\/medical-apron-4\/","og_locale":"en_GB","og_type":"article","og_title":"Fartuszek medyczny - Grapil.pl \u2013 Profesjonalna Odzie\u017c S\u0142u\u017cbowa dla Bran\u017cy Kelnerskiej, HoReCa i Medycyny","og_description":"Fartuszek medyczny z dekoltem posiadaj\u0105cym st\u00f3jk\u0119 oraz delikatne wyci\u0119cie w liter\u0119 V. Z przodu na wysoko\u015bci bioder znajduj\u0105 si\u0119 dwie","og_url":"https:\/\/grapil.pl\/en\/product\/medical-apron-4\/","og_site_name":"Grapil.pl \u2013 Profesjonalna Odzie\u017c S\u0142u\u017cbowa dla Bran\u017cy Kelnerskiej, HoReCa i Medycyny","article_modified_time":"2026-02-17T12:59:26+00:00","og_image":[{"width":649,"height":742,"url":"https:\/\/grapil.pl\/wp-content\/uploads\/2025\/05\/4-1.jpg","type":"image\/jpeg"}],"twitter_card":"summary_large_image","twitter_misc":{"Estimated reading time":"1 minute"},"schema":{"@context":"https:\/\/schema.org","@graph":[{"@type":"WebPage","@id":"https:\/\/grapil.pl\/produkt\/fartuszek-medyczny-4\/","url":"https:\/\/grapil.pl\/produkt\/fartuszek-medyczny-4\/","name":"Fartuszek medyczny - Grapil.pl \u2013 Profesjonalna Odzie\u017c S\u0142u\u017cbowa dla Bran\u017cy Kelnerskiej, HoReCa i Medycyny","isPartOf":{"@id":"https:\/\/grapil.pl\/#website"},"primaryImageOfPage":{"@id":"https:\/\/grapil.pl\/produkt\/fartuszek-medyczny-4\/#primaryimage"},"image":{"@id":"https:\/\/grapil.pl\/produkt\/fartuszek-medyczny-4\/#primaryimage"},"thumbnailUrl":"https:\/\/grapil.pl\/wp-content\/uploads\/2025\/05\/4-1.jpg","datePublished":"2025-05-15T13:29:07+00:00","dateModified":"2026-02-17T12:59:26+00:00","breadcrumb":{"@id":"https:\/\/grapil.pl\/produkt\/fartuszek-medyczny-4\/#breadcrumb"},"inLanguage":"en-GB","potentialAction":[{"@type":"ReadAction","target":["https:\/\/grapil.pl\/produkt\/fartuszek-medyczny-4\/"]}]},{"@type":"ImageObject","inLanguage":"en-GB","@id":"https:\/\/grapil.pl\/produkt\/fartuszek-medyczny-4\/#primaryimage","url":"https:\/\/grapil.pl\/wp-content\/uploads\/2025\/05\/4-1.jpg","contentUrl":"https:\/\/grapil.pl\/wp-content\/uploads\/2025\/05\/4-1.jpg","width":649,"height":742},{"@type":"BreadcrumbList","@id":"https:\/\/grapil.pl\/produkt\/fartuszek-medyczny-4\/#breadcrumb","itemListElement":[{"@type":"ListItem","position":1,"name":"Strona g\u0142\u00f3wna","item":"https:\/\/grapil.pl\/"},{"@type":"ListItem","position":2,"name":"sklep","item":"https:\/\/grapil.pl\/sklep\/"},{"@type":"ListItem","position":3,"name":"Fartuszek medyczny"}]},{"@type":"WebSite","@id":"https:\/\/grapil.pl\/#website","url":"https:\/\/grapil.pl\/","name":"Grapil.pl \u2013 Profesjonalna Odzie\u017c S\u0142u\u017cbowa dla Bran\u017cy Kelnerskiej, HoReCa i Medycyny","description":"","potentialAction":[{"@type":"SearchAction","target":{"@type":"EntryPoint","urlTemplate":"https:\/\/grapil.pl\/?s={search_term_string}"},"query-input":{"@type":"PropertyValueSpecification","valueRequired":true,"valueName":"search_term_string"}}],"inLanguage":"en-GB"}]}},"_links":{"self":[{"href":"https:\/\/grapil.pl\/en\/wp-json\/wp\/v2\/product\/20811","targetHints":{"allow":["GET"]}}],"collection":[{"href":"https:\/\/grapil.pl\/en\/wp-json\/wp\/v2\/product"}],"about":[{"href":"https:\/\/grapil.pl\/en\/wp-json\/wp\/v2\/types\/product"}],"version-history":[{"count":2,"href":"https:\/\/grapil.pl\/en\/wp-json\/wp\/v2\/product\/20811\/revisions"}],"predecessor-version":[{"id":20813,"href":"https:\/\/grapil.pl\/en\/wp-json\/wp\/v2\/product\/20811\/revisions\/20813"}],"wp:featuredmedia":[{"embeddable":true,"href":"https:\/\/grapil.pl\/en\/wp-json\/wp\/v2\/media\/20889"}],"wp:attachment":[{"href":"https:\/\/grapil.pl\/en\/wp-json\/wp\/v2\/media?parent=20811"}],"wp:term":[{"taxonomy":"product_brand","embeddable":true,"href":"https:\/\/grapil.pl\/en\/wp-json\/wp\/v2\/product_brand?post=20811"},{"taxonomy":"product_cat","embeddable":true,"href":"https:\/\/grapil.pl\/en\/wp-json\/wp\/v2\/product_cat?post=20811"},{"taxonomy":"product_tag","embeddable":true,"href":"https:\/\/grapil.pl\/en\/wp-json\/wp\/v2\/product_tag?post=20811"}],"curies":[{"name":"wp","href":"https:\/\/api.w.org\/{rel}","templated":true}]}}