{"id":20837,"date":"2025-05-26T10:46:42","date_gmt":"2025-05-26T08:46:42","guid":{"rendered":"https:\/\/grapil.pl\/?post_type=product&#038;p=20837"},"modified":"2026-02-17T14:01:29","modified_gmt":"2026-02-17T13:01:29","slug":"medical-set-blouse-and-pants-v","status":"publish","type":"product","link":"https:\/\/grapil.pl\/en\/product\/medical-set-blouse-and-pants-v\/","title":{"rendered":"Medical set: blouse and trousers &quot;V&quot;"},"content":{"rendered":"<p><strong>Medical blouse<\/strong> with a loose cut. A classic model with a V-neck that fits every figure. It has many functional pockets that will easily hold all the necessary things. Additional comfort and freedom of movement are provided by a sewn-in belt with a drawstring.<\/p>\n<p>Thanks to the fabric used, which is easy to care for and resistant to creasing, the apron always looks very good.<\/p>\n<p>The model presented is functional and at the same time stylish.<\/p>\n<p>&nbsp;<\/p>\n<p><strong>Women&#039;s jogger pants<\/strong>. The waistband and bottom of the legs are finished with a drawstring, ensuring comfort and freedom of movement. The waistband has an elastic band and a string that ensures a perfect fit. The legs are slightly tapered towards the bottom. They have many practical pockets that will easily hold all the necessary things.<\/p>\n<p>Dzi\u0119ki zastosowanej tkaninie, kt\u00f3ra jest \u0142atwa w piel\u0119gnacji i odporna na zagniecenia odzie\u017c zawsze wygl\u0105da bardzo dobrze.<\/p>\n<p>&nbsp;<\/p>\n<p><strong>Fabric:<\/strong><\/p>\n<p>72% polyester<\/p>\n<p>23% rayon<\/p>\n<p>5% spandex<\/p>","protected":false},"excerpt":{"rendered":"<p>Medical blouse with a loose cut. Classic model with a V-neckline that fits every figure. It has many functional<\/p>","protected":false},"featured_media":20884,"template":"","meta":[],"product_brand":[],"product_cat":[110],"product_tag":[],"class_list":{"0":"post-20837","1":"product","2":"type-product","3":"status-publish","4":"has-post-thumbnail","6":"product_cat-bluzy-i-tuniki","8":"first","9":"instock","10":"taxable","11":"shipping-taxable","12":"product-type-simple"},"yoast_head":"<!-- This site is optimized with the Yoast SEO plugin v25.3 - https:\/\/yoast.com\/wordpress\/plugins\/seo\/ -->\n<title>Komplet medyczny bluza i spodnie &quot;V&quot; - Grapil.pl \u2013 Profesjonalna Odzie\u017c S\u0142u\u017cbowa dla Bran\u017cy Kelnerskiej, HoReCa i Medycyny<\/title>\n<meta name=\"robots\" content=\"index, follow, max-snippet:-1, max-image-preview:large, max-video-preview:-1\" \/>\n<link rel=\"canonical\" href=\"https:\/\/grapil.pl\/en\/product\/medical-set-blouse-and-pants-v\/\" \/>\n<meta property=\"og:locale\" content=\"en_GB\" \/>\n<meta property=\"og:type\" content=\"article\" \/>\n<meta property=\"og:title\" content=\"Komplet medyczny bluza i spodnie &quot;V&quot; - Grapil.pl \u2013 Profesjonalna Odzie\u017c S\u0142u\u017cbowa dla Bran\u017cy Kelnerskiej, HoReCa i Medycyny\" \/>\n<meta property=\"og:description\" content=\"Bluza medyczna o lu\u017anym kroju. Klasyczny model z dekoltem w kszta\u0142cie litery V pasuj\u0105cy do ka\u017cdej sylwetki. Posiada wiele funkcjonalnych\" \/>\n<meta property=\"og:url\" content=\"https:\/\/grapil.pl\/en\/product\/medical-set-blouse-and-pants-v\/\" \/>\n<meta property=\"og:site_name\" content=\"Grapil.pl \u2013 Profesjonalna Odzie\u017c S\u0142u\u017cbowa dla Bran\u017cy Kelnerskiej, HoReCa i Medycyny\" \/>\n<meta property=\"article:modified_time\" content=\"2026-02-17T13:01:29+00:00\" \/>\n<meta property=\"og:image\" content=\"https:\/\/grapil.pl\/wp-content\/uploads\/2025\/05\/12-1.jpg\" \/>\n\t<meta property=\"og:image:width\" content=\"700\" \/>\n\t<meta property=\"og:image:height\" content=\"800\" \/>\n\t<meta property=\"og:image:type\" content=\"image\/jpeg\" \/>\n<meta name=\"twitter:card\" content=\"summary_large_image\" \/>\n<meta name=\"twitter:label1\" content=\"Estimated reading time\" \/>\n\t<meta name=\"twitter:data1\" content=\"1 minute\" \/>\n<script type=\"application\/ld+json\" class=\"yoast-schema-graph\">{\"@context\":\"https:\/\/schema.org\",\"@graph\":[{\"@type\":\"WebPage\",\"@id\":\"https:\/\/grapil.pl\/produkt\/komplet-medyczny-bluza-i-spodnie-v\/\",\"url\":\"https:\/\/grapil.pl\/produkt\/komplet-medyczny-bluza-i-spodnie-v\/\",\"name\":\"Komplet medyczny bluza i spodnie \\\"V\\\" - Grapil.pl \u2013 Profesjonalna Odzie\u017c S\u0142u\u017cbowa dla Bran\u017cy Kelnerskiej, HoReCa i Medycyny\",\"isPartOf\":{\"@id\":\"https:\/\/grapil.pl\/#website\"},\"primaryImageOfPage\":{\"@id\":\"https:\/\/grapil.pl\/produkt\/komplet-medyczny-bluza-i-spodnie-v\/#primaryimage\"},\"image\":{\"@id\":\"https:\/\/grapil.pl\/produkt\/komplet-medyczny-bluza-i-spodnie-v\/#primaryimage\"},\"thumbnailUrl\":\"https:\/\/grapil.pl\/wp-content\/uploads\/2025\/05\/12-1.jpg\",\"datePublished\":\"2025-05-26T08:46:42+00:00\",\"dateModified\":\"2026-02-17T13:01:29+00:00\",\"breadcrumb\":{\"@id\":\"https:\/\/grapil.pl\/produkt\/komplet-medyczny-bluza-i-spodnie-v\/#breadcrumb\"},\"inLanguage\":\"en-GB\",\"potentialAction\":[{\"@type\":\"ReadAction\",\"target\":[\"https:\/\/grapil.pl\/produkt\/komplet-medyczny-bluza-i-spodnie-v\/\"]}]},{\"@type\":\"ImageObject\",\"inLanguage\":\"en-GB\",\"@id\":\"https:\/\/grapil.pl\/produkt\/komplet-medyczny-bluza-i-spodnie-v\/#primaryimage\",\"url\":\"https:\/\/grapil.pl\/wp-content\/uploads\/2025\/05\/12-1.jpg\",\"contentUrl\":\"https:\/\/grapil.pl\/wp-content\/uploads\/2025\/05\/12-1.jpg\",\"width\":700,\"height\":800},{\"@type\":\"BreadcrumbList\",\"@id\":\"https:\/\/grapil.pl\/produkt\/komplet-medyczny-bluza-i-spodnie-v\/#breadcrumb\",\"itemListElement\":[{\"@type\":\"ListItem\",\"position\":1,\"name\":\"Strona g\u0142\u00f3wna\",\"item\":\"https:\/\/grapil.pl\/\"},{\"@type\":\"ListItem\",\"position\":2,\"name\":\"sklep\",\"item\":\"https:\/\/grapil.pl\/sklep\/\"},{\"@type\":\"ListItem\",\"position\":3,\"name\":\"Komplet medyczny bluza i spodnie &#8220;V&#8221;\"}]},{\"@type\":\"WebSite\",\"@id\":\"https:\/\/grapil.pl\/#website\",\"url\":\"https:\/\/grapil.pl\/\",\"name\":\"Grapil.pl \u2013 Profesjonalna Odzie\u017c S\u0142u\u017cbowa dla Bran\u017cy Kelnerskiej, HoReCa i Medycyny\",\"description\":\"\",\"potentialAction\":[{\"@type\":\"SearchAction\",\"target\":{\"@type\":\"EntryPoint\",\"urlTemplate\":\"https:\/\/grapil.pl\/?s={search_term_string}\"},\"query-input\":{\"@type\":\"PropertyValueSpecification\",\"valueRequired\":true,\"valueName\":\"search_term_string\"}}],\"inLanguage\":\"en-GB\"}]}<\/script>\n<!-- \/ Yoast SEO plugin. -->","yoast_head_json":{"title":"Komplet medyczny bluza i spodnie \"V\" - Grapil.pl \u2013 Profesjonalna Odzie\u017c S\u0142u\u017cbowa dla Bran\u017cy Kelnerskiej, HoReCa i Medycyny","robots":{"index":"index","follow":"follow","max-snippet":"max-snippet:-1","max-image-preview":"max-image-preview:large","max-video-preview":"max-video-preview:-1"},"canonical":"https:\/\/grapil.pl\/en\/product\/medical-set-blouse-and-pants-v\/","og_locale":"en_GB","og_type":"article","og_title":"Komplet medyczny bluza i spodnie \"V\" - Grapil.pl \u2013 Profesjonalna Odzie\u017c S\u0142u\u017cbowa dla Bran\u017cy Kelnerskiej, HoReCa i Medycyny","og_description":"Bluza medyczna o lu\u017anym kroju. Klasyczny model z dekoltem w kszta\u0142cie litery V pasuj\u0105cy do ka\u017cdej sylwetki. Posiada wiele funkcjonalnych","og_url":"https:\/\/grapil.pl\/en\/product\/medical-set-blouse-and-pants-v\/","og_site_name":"Grapil.pl \u2013 Profesjonalna Odzie\u017c S\u0142u\u017cbowa dla Bran\u017cy Kelnerskiej, HoReCa i Medycyny","article_modified_time":"2026-02-17T13:01:29+00:00","og_image":[{"width":700,"height":800,"url":"https:\/\/grapil.pl\/wp-content\/uploads\/2025\/05\/12-1.jpg","type":"image\/jpeg"}],"twitter_card":"summary_large_image","twitter_misc":{"Estimated reading time":"1 minute"},"schema":{"@context":"https:\/\/schema.org","@graph":[{"@type":"WebPage","@id":"https:\/\/grapil.pl\/produkt\/komplet-medyczny-bluza-i-spodnie-v\/","url":"https:\/\/grapil.pl\/produkt\/komplet-medyczny-bluza-i-spodnie-v\/","name":"Komplet medyczny bluza i spodnie \"V\" - Grapil.pl \u2013 Profesjonalna Odzie\u017c S\u0142u\u017cbowa dla Bran\u017cy Kelnerskiej, HoReCa i Medycyny","isPartOf":{"@id":"https:\/\/grapil.pl\/#website"},"primaryImageOfPage":{"@id":"https:\/\/grapil.pl\/produkt\/komplet-medyczny-bluza-i-spodnie-v\/#primaryimage"},"image":{"@id":"https:\/\/grapil.pl\/produkt\/komplet-medyczny-bluza-i-spodnie-v\/#primaryimage"},"thumbnailUrl":"https:\/\/grapil.pl\/wp-content\/uploads\/2025\/05\/12-1.jpg","datePublished":"2025-05-26T08:46:42+00:00","dateModified":"2026-02-17T13:01:29+00:00","breadcrumb":{"@id":"https:\/\/grapil.pl\/produkt\/komplet-medyczny-bluza-i-spodnie-v\/#breadcrumb"},"inLanguage":"en-GB","potentialAction":[{"@type":"ReadAction","target":["https:\/\/grapil.pl\/produkt\/komplet-medyczny-bluza-i-spodnie-v\/"]}]},{"@type":"ImageObject","inLanguage":"en-GB","@id":"https:\/\/grapil.pl\/produkt\/komplet-medyczny-bluza-i-spodnie-v\/#primaryimage","url":"https:\/\/grapil.pl\/wp-content\/uploads\/2025\/05\/12-1.jpg","contentUrl":"https:\/\/grapil.pl\/wp-content\/uploads\/2025\/05\/12-1.jpg","width":700,"height":800},{"@type":"BreadcrumbList","@id":"https:\/\/grapil.pl\/produkt\/komplet-medyczny-bluza-i-spodnie-v\/#breadcrumb","itemListElement":[{"@type":"ListItem","position":1,"name":"Strona g\u0142\u00f3wna","item":"https:\/\/grapil.pl\/"},{"@type":"ListItem","position":2,"name":"sklep","item":"https:\/\/grapil.pl\/sklep\/"},{"@type":"ListItem","position":3,"name":"Komplet medyczny bluza i spodnie &#8220;V&#8221;"}]},{"@type":"WebSite","@id":"https:\/\/grapil.pl\/#website","url":"https:\/\/grapil.pl\/","name":"Grapil.pl \u2013 Profesjonalna Odzie\u017c S\u0142u\u017cbowa dla Bran\u017cy Kelnerskiej, HoReCa i Medycyny","description":"","potentialAction":[{"@type":"SearchAction","target":{"@type":"EntryPoint","urlTemplate":"https:\/\/grapil.pl\/?s={search_term_string}"},"query-input":{"@type":"PropertyValueSpecification","valueRequired":true,"valueName":"search_term_string"}}],"inLanguage":"en-GB"}]}},"_links":{"self":[{"href":"https:\/\/grapil.pl\/en\/wp-json\/wp\/v2\/product\/20837","targetHints":{"allow":["GET"]}}],"collection":[{"href":"https:\/\/grapil.pl\/en\/wp-json\/wp\/v2\/product"}],"about":[{"href":"https:\/\/grapil.pl\/en\/wp-json\/wp\/v2\/types\/product"}],"version-history":[{"count":2,"href":"https:\/\/grapil.pl\/en\/wp-json\/wp\/v2\/product\/20837\/revisions"}],"predecessor-version":[{"id":25879,"href":"https:\/\/grapil.pl\/en\/wp-json\/wp\/v2\/product\/20837\/revisions\/25879"}],"wp:featuredmedia":[{"embeddable":true,"href":"https:\/\/grapil.pl\/en\/wp-json\/wp\/v2\/media\/20884"}],"wp:attachment":[{"href":"https:\/\/grapil.pl\/en\/wp-json\/wp\/v2\/media?parent=20837"}],"wp:term":[{"taxonomy":"product_brand","embeddable":true,"href":"https:\/\/grapil.pl\/en\/wp-json\/wp\/v2\/product_brand?post=20837"},{"taxonomy":"product_cat","embeddable":true,"href":"https:\/\/grapil.pl\/en\/wp-json\/wp\/v2\/product_cat?post=20837"},{"taxonomy":"product_tag","embeddable":true,"href":"https:\/\/grapil.pl\/en\/wp-json\/wp\/v2\/product_tag?post=20837"}],"curies":[{"name":"wp","href":"https:\/\/api.w.org\/{rel}","templated":true}]}}