{"id":20869,"date":"2025-05-26T10:57:15","date_gmt":"2025-05-26T08:57:15","guid":{"rendered":"https:\/\/grapil.pl\/?post_type=product&#038;p=20869"},"modified":"2026-02-17T13:52:37","modified_gmt":"2026-02-17T12:52:37","slug":"single-breasted-chefs-blouse","status":"publish","type":"product","link":"https:\/\/grapil.pl\/en\/product\/single-breasted-chefs-blouse\/","title":{"rendered":"Single-breasted chef&#039;s blouse"},"content":{"rendered":"<p><strong>Single-breasted chef&#039;s blouse<\/strong>, fastened with covered springs. Decorative denim inserts. Pocket on the left chest and on the right sleeve. Apron loop on the neck. Additional comfort and freedom of movement are provided by slits on the hip line and the knit fabric used on the back.<\/p>\n<p>Fabric Applications<\/p>\n<p>- jeans - 100% cotton<\/p>\n<p>- basic fabric<\/p>\n<ul>\n<li>65%Polyester<\/li>\n<li>35 % cotton<\/li>\n<\/ul>","protected":false},"excerpt":{"rendered":"<p>Single-breasted chef&#039;s blouse, fastened with covered springs. Decorative denim inserts. Pocket on the left chest and on the right sleeve. Belt loop for<\/p>","protected":false},"featured_media":25193,"template":"","meta":[],"product_brand":[],"product_cat":[79,128],"product_tag":[],"class_list":{"0":"post-20869","1":"product","2":"type-product","3":"status-publish","4":"has-post-thumbnail","6":"product_cat-gastronomia","7":"product_cat-bluzy-i-kitle","9":"first","10":"instock","11":"taxable","12":"shipping-taxable","13":"product-type-simple"},"yoast_head":"<!-- This site is optimized with the Yoast SEO plugin v25.3 - https:\/\/yoast.com\/wordpress\/plugins\/seo\/ -->\n<title>Bluza kucharska jednorz\u0119dowa - Grapil.pl \u2013 Profesjonalna Odzie\u017c S\u0142u\u017cbowa dla Bran\u017cy Kelnerskiej, HoReCa i Medycyny<\/title>\n<meta name=\"robots\" content=\"index, follow, max-snippet:-1, max-image-preview:large, max-video-preview:-1\" \/>\n<link rel=\"canonical\" href=\"https:\/\/grapil.pl\/en\/product\/single-breasted-chefs-blouse\/\" \/>\n<meta property=\"og:locale\" content=\"en_GB\" \/>\n<meta property=\"og:type\" content=\"article\" \/>\n<meta property=\"og:title\" content=\"Bluza kucharska jednorz\u0119dowa - Grapil.pl \u2013 Profesjonalna Odzie\u017c S\u0142u\u017cbowa dla Bran\u017cy Kelnerskiej, HoReCa i Medycyny\" \/>\n<meta property=\"og:description\" content=\"Bluza kucharska jednorz\u0119dowa, zapinana na kryte springi. Ozdobne wstawki jeansowe. Kieszonka na lewej piersi oraz na prawym r\u0119kawie. Szlufka do\" \/>\n<meta property=\"og:url\" content=\"https:\/\/grapil.pl\/en\/product\/single-breasted-chefs-blouse\/\" \/>\n<meta property=\"og:site_name\" content=\"Grapil.pl \u2013 Profesjonalna Odzie\u017c S\u0142u\u017cbowa dla Bran\u017cy Kelnerskiej, HoReCa i Medycyny\" \/>\n<meta property=\"article:modified_time\" content=\"2026-02-17T12:52:37+00:00\" \/>\n<meta property=\"og:image\" content=\"https:\/\/grapil.pl\/wp-content\/uploads\/2025\/05\/bluza-kucharksa-2-kopia.jpg\" \/>\n\t<meta property=\"og:image:width\" content=\"600\" \/>\n\t<meta property=\"og:image:height\" content=\"800\" \/>\n\t<meta property=\"og:image:type\" content=\"image\/jpeg\" \/>\n<meta name=\"twitter:card\" content=\"summary_large_image\" \/>\n<meta name=\"twitter:label1\" content=\"Estimated reading time\" \/>\n\t<meta name=\"twitter:data1\" content=\"1 minute\" \/>\n<script type=\"application\/ld+json\" class=\"yoast-schema-graph\">{\"@context\":\"https:\/\/schema.org\",\"@graph\":[{\"@type\":\"WebPage\",\"@id\":\"https:\/\/grapil.pl\/produkt\/bluza-kucharska-jednorzedowa\/\",\"url\":\"https:\/\/grapil.pl\/produkt\/bluza-kucharska-jednorzedowa\/\",\"name\":\"Bluza kucharska jednorz\u0119dowa - Grapil.pl \u2013 Profesjonalna Odzie\u017c S\u0142u\u017cbowa dla Bran\u017cy Kelnerskiej, HoReCa i Medycyny\",\"isPartOf\":{\"@id\":\"https:\/\/grapil.pl\/#website\"},\"primaryImageOfPage\":{\"@id\":\"https:\/\/grapil.pl\/produkt\/bluza-kucharska-jednorzedowa\/#primaryimage\"},\"image\":{\"@id\":\"https:\/\/grapil.pl\/produkt\/bluza-kucharska-jednorzedowa\/#primaryimage\"},\"thumbnailUrl\":\"https:\/\/grapil.pl\/wp-content\/uploads\/2025\/05\/bluza-kucharksa-2-kopia.jpg\",\"datePublished\":\"2025-05-26T08:57:15+00:00\",\"dateModified\":\"2026-02-17T12:52:37+00:00\",\"breadcrumb\":{\"@id\":\"https:\/\/grapil.pl\/produkt\/bluza-kucharska-jednorzedowa\/#breadcrumb\"},\"inLanguage\":\"en-GB\",\"potentialAction\":[{\"@type\":\"ReadAction\",\"target\":[\"https:\/\/grapil.pl\/produkt\/bluza-kucharska-jednorzedowa\/\"]}]},{\"@type\":\"ImageObject\",\"inLanguage\":\"en-GB\",\"@id\":\"https:\/\/grapil.pl\/produkt\/bluza-kucharska-jednorzedowa\/#primaryimage\",\"url\":\"https:\/\/grapil.pl\/wp-content\/uploads\/2025\/05\/bluza-kucharksa-2-kopia.jpg\",\"contentUrl\":\"https:\/\/grapil.pl\/wp-content\/uploads\/2025\/05\/bluza-kucharksa-2-kopia.jpg\",\"width\":600,\"height\":800},{\"@type\":\"BreadcrumbList\",\"@id\":\"https:\/\/grapil.pl\/produkt\/bluza-kucharska-jednorzedowa\/#breadcrumb\",\"itemListElement\":[{\"@type\":\"ListItem\",\"position\":1,\"name\":\"Strona g\u0142\u00f3wna\",\"item\":\"https:\/\/grapil.pl\/\"},{\"@type\":\"ListItem\",\"position\":2,\"name\":\"sklep\",\"item\":\"https:\/\/grapil.pl\/sklep\/\"},{\"@type\":\"ListItem\",\"position\":3,\"name\":\"Bluza kucharska jednorz\u0119dowa\"}]},{\"@type\":\"WebSite\",\"@id\":\"https:\/\/grapil.pl\/#website\",\"url\":\"https:\/\/grapil.pl\/\",\"name\":\"Grapil.pl \u2013 Profesjonalna Odzie\u017c S\u0142u\u017cbowa dla Bran\u017cy Kelnerskiej, HoReCa i Medycyny\",\"description\":\"\",\"potentialAction\":[{\"@type\":\"SearchAction\",\"target\":{\"@type\":\"EntryPoint\",\"urlTemplate\":\"https:\/\/grapil.pl\/?s={search_term_string}\"},\"query-input\":{\"@type\":\"PropertyValueSpecification\",\"valueRequired\":true,\"valueName\":\"search_term_string\"}}],\"inLanguage\":\"en-GB\"}]}<\/script>\n<!-- \/ Yoast SEO plugin. -->","yoast_head_json":{"title":"Bluza kucharska jednorz\u0119dowa - Grapil.pl \u2013 Profesjonalna Odzie\u017c S\u0142u\u017cbowa dla Bran\u017cy Kelnerskiej, HoReCa i Medycyny","robots":{"index":"index","follow":"follow","max-snippet":"max-snippet:-1","max-image-preview":"max-image-preview:large","max-video-preview":"max-video-preview:-1"},"canonical":"https:\/\/grapil.pl\/en\/product\/single-breasted-chefs-blouse\/","og_locale":"en_GB","og_type":"article","og_title":"Bluza kucharska jednorz\u0119dowa - Grapil.pl \u2013 Profesjonalna Odzie\u017c S\u0142u\u017cbowa dla Bran\u017cy Kelnerskiej, HoReCa i Medycyny","og_description":"Bluza kucharska jednorz\u0119dowa, zapinana na kryte springi. Ozdobne wstawki jeansowe. Kieszonka na lewej piersi oraz na prawym r\u0119kawie. Szlufka do","og_url":"https:\/\/grapil.pl\/en\/product\/single-breasted-chefs-blouse\/","og_site_name":"Grapil.pl \u2013 Profesjonalna Odzie\u017c S\u0142u\u017cbowa dla Bran\u017cy Kelnerskiej, HoReCa i Medycyny","article_modified_time":"2026-02-17T12:52:37+00:00","og_image":[{"width":600,"height":800,"url":"https:\/\/grapil.pl\/wp-content\/uploads\/2025\/05\/bluza-kucharksa-2-kopia.jpg","type":"image\/jpeg"}],"twitter_card":"summary_large_image","twitter_misc":{"Estimated reading time":"1 minute"},"schema":{"@context":"https:\/\/schema.org","@graph":[{"@type":"WebPage","@id":"https:\/\/grapil.pl\/produkt\/bluza-kucharska-jednorzedowa\/","url":"https:\/\/grapil.pl\/produkt\/bluza-kucharska-jednorzedowa\/","name":"Bluza kucharska jednorz\u0119dowa - Grapil.pl \u2013 Profesjonalna Odzie\u017c S\u0142u\u017cbowa dla Bran\u017cy Kelnerskiej, HoReCa i Medycyny","isPartOf":{"@id":"https:\/\/grapil.pl\/#website"},"primaryImageOfPage":{"@id":"https:\/\/grapil.pl\/produkt\/bluza-kucharska-jednorzedowa\/#primaryimage"},"image":{"@id":"https:\/\/grapil.pl\/produkt\/bluza-kucharska-jednorzedowa\/#primaryimage"},"thumbnailUrl":"https:\/\/grapil.pl\/wp-content\/uploads\/2025\/05\/bluza-kucharksa-2-kopia.jpg","datePublished":"2025-05-26T08:57:15+00:00","dateModified":"2026-02-17T12:52:37+00:00","breadcrumb":{"@id":"https:\/\/grapil.pl\/produkt\/bluza-kucharska-jednorzedowa\/#breadcrumb"},"inLanguage":"en-GB","potentialAction":[{"@type":"ReadAction","target":["https:\/\/grapil.pl\/produkt\/bluza-kucharska-jednorzedowa\/"]}]},{"@type":"ImageObject","inLanguage":"en-GB","@id":"https:\/\/grapil.pl\/produkt\/bluza-kucharska-jednorzedowa\/#primaryimage","url":"https:\/\/grapil.pl\/wp-content\/uploads\/2025\/05\/bluza-kucharksa-2-kopia.jpg","contentUrl":"https:\/\/grapil.pl\/wp-content\/uploads\/2025\/05\/bluza-kucharksa-2-kopia.jpg","width":600,"height":800},{"@type":"BreadcrumbList","@id":"https:\/\/grapil.pl\/produkt\/bluza-kucharska-jednorzedowa\/#breadcrumb","itemListElement":[{"@type":"ListItem","position":1,"name":"Strona g\u0142\u00f3wna","item":"https:\/\/grapil.pl\/"},{"@type":"ListItem","position":2,"name":"sklep","item":"https:\/\/grapil.pl\/sklep\/"},{"@type":"ListItem","position":3,"name":"Bluza kucharska jednorz\u0119dowa"}]},{"@type":"WebSite","@id":"https:\/\/grapil.pl\/#website","url":"https:\/\/grapil.pl\/","name":"Grapil.pl \u2013 Profesjonalna Odzie\u017c S\u0142u\u017cbowa dla Bran\u017cy Kelnerskiej, HoReCa i Medycyny","description":"","potentialAction":[{"@type":"SearchAction","target":{"@type":"EntryPoint","urlTemplate":"https:\/\/grapil.pl\/?s={search_term_string}"},"query-input":{"@type":"PropertyValueSpecification","valueRequired":true,"valueName":"search_term_string"}}],"inLanguage":"en-GB"}]}},"_links":{"self":[{"href":"https:\/\/grapil.pl\/en\/wp-json\/wp\/v2\/product\/20869","targetHints":{"allow":["GET"]}}],"collection":[{"href":"https:\/\/grapil.pl\/en\/wp-json\/wp\/v2\/product"}],"about":[{"href":"https:\/\/grapil.pl\/en\/wp-json\/wp\/v2\/types\/product"}],"version-history":[{"count":1,"href":"https:\/\/grapil.pl\/en\/wp-json\/wp\/v2\/product\/20869\/revisions"}],"predecessor-version":[{"id":20870,"href":"https:\/\/grapil.pl\/en\/wp-json\/wp\/v2\/product\/20869\/revisions\/20870"}],"wp:featuredmedia":[{"embeddable":true,"href":"https:\/\/grapil.pl\/en\/wp-json\/wp\/v2\/media\/25193"}],"wp:attachment":[{"href":"https:\/\/grapil.pl\/en\/wp-json\/wp\/v2\/media?parent=20869"}],"wp:term":[{"taxonomy":"product_brand","embeddable":true,"href":"https:\/\/grapil.pl\/en\/wp-json\/wp\/v2\/product_brand?post=20869"},{"taxonomy":"product_cat","embeddable":true,"href":"https:\/\/grapil.pl\/en\/wp-json\/wp\/v2\/product_cat?post=20869"},{"taxonomy":"product_tag","embeddable":true,"href":"https:\/\/grapil.pl\/en\/wp-json\/wp\/v2\/product_tag?post=20869"}],"curies":[{"name":"wp","href":"https:\/\/api.w.org\/{rel}","templated":true}]}}